{"id":803,"date":"2025-07-31T14:22:52","date_gmt":"2025-07-31T14:22:52","guid":{"rendered":"https:\/\/cardiocases.com\/?page_id=803"},"modified":"2025-11-08T21:36:20","modified_gmt":"2025-11-08T21:36:20","slug":"reveal-dx-reveal-xt-medtronic","status":"publish","type":"page","link":"https:\/\/cardiocases.com\/fr\/pacing-defibrillation\/devices-per-company\/medtronic\/reveal-dx-reveal-xt-medtronic\/","title":{"rendered":"Reveal DX \/ Reveal XT Medtronic"},"content":{"rendered":"<div data-elementor-type=\"wp-page\" data-elementor-id=\"803\" class=\"elementor elementor-803\" data-elementor-post-type=\"page\">\n\t\t\t\t<div class=\"elementor-element elementor-element-231d953 e-con-full e-flex e-con e-parent\" data-id=\"231d953\" data-element_type=\"container\" data-settings=\"{&quot;background_background&quot;:&quot;classic&quot;}\">\n\t\t\t\t<div class=\"elementor-element elementor-element-0cdbe62 elementor-widget elementor-widget-heading\" data-id=\"0cdbe62\" data-element_type=\"widget\" data-widget_type=\"heading.default\">\n\t\t\t\t\t<h2 class=\"elementor-heading-title elementor-size-default\">Medtronic - Reveal DX \/ Reveal XT<\/h2>\t\t\t\t<\/div>\n\t\t\t\t<div class=\"elementor-element elementor-element-a7ffdf1 elementor-toc--minimized-on-tablet elementor-widget elementor-widget-table-of-contents\" data-id=\"a7ffdf1\" data-element_type=\"widget\" data-settings=\"{&quot;headings_by_tags&quot;:[&quot;h3&quot;,&quot;h4&quot;,&quot;h5&quot;],&quot;exclude_headings_by_selector&quot;:[],&quot;no_headings_message&quot;:&quot;No headings were found on this page.&quot;,&quot;marker_view&quot;:&quot;bullets&quot;,&quot;icon&quot;:{&quot;value&quot;:&quot;fas fa-circle&quot;,&quot;library&quot;:&quot;fa-solid&quot;,&quot;rendered_tag&quot;:&quot;&lt;svg class=\\&quot;e-font-icon-svg e-fas-circle\\&quot; viewBox=\\&quot;0 0 512 512\\&quot; xmlns=\\&quot;http:\\\/\\\/www.w3.org\\\/2000\\\/svg\\&quot;&gt;&lt;path d=\\&quot;M256 8C119 8 8 119 8 256s111 248 248 248 248-111 248-248S393 8 256 8z\\&quot;&gt;&lt;\\\/path&gt;&lt;\\\/svg&gt;&quot;},&quot;minimize_box&quot;:&quot;yes&quot;,&quot;minimized_on&quot;:&quot;tablet&quot;,&quot;hierarchical_view&quot;:&quot;yes&quot;,&quot;min_height&quot;:{&quot;unit&quot;:&quot;px&quot;,&quot;size&quot;:&quot;&quot;,&quot;sizes&quot;:[]},&quot;min_height_tablet&quot;:{&quot;unit&quot;:&quot;px&quot;,&quot;size&quot;:&quot;&quot;,&quot;sizes&quot;:[]},&quot;min_height_mobile&quot;:{&quot;unit&quot;:&quot;px&quot;,&quot;size&quot;:&quot;&quot;,&quot;sizes&quot;:[]}}\" data-widget_type=\"table-of-contents.default\">\n\t\t\t\t\t\t\t\t\t<div class=\"elementor-toc__header\">\n\t\t\t\t\t\t<h4 class=\"elementor-toc__header-title\">\n\t\t\t\tG\u00e9n\u00e9ralit\u00e9s\t\t\t<\/h4>\n\t\t\t\t\t\t\t\t\t\t<div class=\"elementor-toc__toggle-button elementor-toc__toggle-button--expand\" role=\"button\" tabindex=\"0\" aria-controls=\"elementor-toc__a7ffdf1\" aria-expanded=\"true\" aria-label=\"Ouvrir la table des mati\u00e8res\"><svg aria-hidden=\"true\" class=\"e-font-icon-svg e-fas-chevron-down\" viewbox=\"0 0 448 512\" xmlns=\"http:\/\/www.w3.org\/2000\/svg\"><path d=\"M207.029 381.476L12.686 187.132c-9.373-9.373-9.373-24.569 0-33.941l22.667-22.667c9.357-9.357 24.522-9.375 33.901-.04L224 284.505l154.745-154.021c9.379-9.335 24.544-9.317 33.901.04l22.667 22.667c9.373 9.373 9.373 24.569 0 33.941L240.971 381.476c-9.373 9.372-24.569 9.372-33.942 0z\"><\/path><\/svg><\/div>\n\t\t\t\t<div class=\"elementor-toc__toggle-button elementor-toc__toggle-button--collapse\" role=\"button\" tabindex=\"0\" aria-controls=\"elementor-toc__a7ffdf1\" aria-expanded=\"true\" aria-label=\"Fermer la table des mati\u00e8res\"><svg aria-hidden=\"true\" class=\"e-font-icon-svg e-fas-chevron-up\" viewbox=\"0 0 448 512\" xmlns=\"http:\/\/www.w3.org\/2000\/svg\"><path d=\"M240.971 130.524l194.343 194.343c9.373 9.373 9.373 24.569 0 33.941l-22.667 22.667c-9.357 9.357-24.522 9.375-33.901.04L224 227.495 69.255 381.516c-9.379 9.335-24.544 9.317-33.901-.04l-22.667-22.667c-9.373-9.373-9.373-24.569 0-33.941L207.03 130.525c9.372-9.373 24.568-9.373 33.941-.001z\"><\/path><\/svg><\/div>\n\t\t\t\t\t<\/div>\n\t\t\t\t<div id=\"elementor-toc__a7ffdf1\" class=\"elementor-toc__body\">\n\t\t\t<div class=\"elementor-toc__spinner-container\">\n\t\t\t\t<svg class=\"elementor-toc__spinner eicon-animation-spin e-font-icon-svg e-eicon-loading\" aria-hidden=\"true\" viewbox=\"0 0 1000 1000\" xmlns=\"http:\/\/www.w3.org\/2000\/svg\"><path d=\"M500 975V858C696 858 858 696 858 500S696 142 500 142 142 304 142 500H25C25 237 238 25 500 25S975 237 975 500 763 975 500 975Z\"><\/path><\/svg>\t\t\t<\/div>\n\t\t<\/div>\n\t\t\t\t\t\t<\/div>\n\t\t\t\t<div class=\"elementor-element elementor-element-66692f9 elementor-widget elementor-widget-heading\" data-id=\"66692f9\" data-element_type=\"widget\" data-widget_type=\"heading.default\">\n\t\t\t\t\t<h3 class=\"elementor-heading-title elementor-size-default\">Les bases de l'ILR<\/h3>\t\t\t\t<\/div>\n\t\t\t\t<div class=\"elementor-element elementor-element-6e201b5 elementor-widget elementor-widget-text-editor\" data-id=\"6e201b5\" data-element_type=\"widget\" data-widget_type=\"text-editor.default\">\n\t\t\t\t\t\t\t\t\t<p>Depuis son introduction il y a quinze ans, l'enregistreur implantable (ILR) est devenu l'un des outils diagnostiques de r\u00e9f\u00e9rence dans le cadre de la syncope inexpliqu\u00e9e. La syncope repr\u00e9sente un probl\u00e8me majeur de sant\u00e9 publique puisque 40 \u00e0 50% de la population g\u00e9n\u00e9rale a d\u00e9j\u00e0 v\u00e9cu un \u00e9pisode de perte de connaissance transitoire, et que ce sympt\u00f4me repr\u00e9sente 1 \u00e0 6% des admissions hospitali\u00e8res. Alors que les ant\u00e9c\u00e9dents m\u00e9dicaux, les anamn\u00e8ses et l'examen clinique permettent de trouver l'\u00e9tiologie correcte dans la grande majorit\u00e9 des cas de syncope d'origine nerveuse, les r\u00e9sultats de cette strat\u00e9gie conventionnelle sont d\u00e9cevants dans le cas des syncopes d'origine cardiaque. La corr\u00e9lation entre un \u00e9v\u00e9nement syncopal et toute alt\u00e9ration de l'ECG est l\u201c\u201d\u00e9talon-or\" pour le clinicien ; cependant, la syncope se produit rarement au cours d'une surveillance \u00e0 court terme.  L'appareil est dot\u00e9 d'une m\u00e9moire \u00e0 boucle qui enregistre et m\u00e9morise l'\u00e9lectrocardiogramme lorsqu'il est activ\u00e9 par le patient ou par un t\u00e9moin \u00e0 la suite d'un \u00e9pisode symptomatique, ainsi que de mani\u00e8re automatique sur la base de crit\u00e8res de d\u00e9tection pr\u00e9programm\u00e9s.<\/p><p>L'implantation d'un enregistreur \u00e0 boucle implantable est g\u00e9n\u00e9ralement r\u00e9alis\u00e9e sous anesth\u00e9sie locale dans la m\u00eame salle d'op\u00e9ration que celle utilis\u00e9e pour les stimulateurs cardiaques. Apr\u00e8s une large d\u00e9sinfection de la r\u00e9gion thoracique gauche, le dispositif est positionn\u00e9 entre le premier espace intercostal et la quatri\u00e8me c\u00f4te. La qualit\u00e9 des futurs trac\u00e9s enregistr\u00e9s, la capacit\u00e9 \u00e0 \u00e9viter les artefacts et \u00e0 distinguer les diff\u00e9rents types d'arythmies d\u00e9pendent essentiellement de l'optimisation de la proc\u00e9dure d'implantation. Deux \u00e9l\u00e9ments doivent \u00eatre pris en compte :\u00a0<\/p><p>1) l'optimisation de la collecte des ondes R : l'emballage du Reveal XT contient un outil de cartographie (le Reveal Vector Check -RVC- attach\u00e9 \u00e0 l'emballage blister), qui aide \u00e0 s\u00e9lectionner le site d'implantation optimal sans d\u00e9st\u00e9riliser le dispositif lui-m\u00eame. Le Vector Check comporte deux \u00e9lectrodes espac\u00e9es d'environ 4 cm et correspondant \u00e0 l'espacement des \u00e9lectrodes du dispositif. Ces \u00e9lectrodes sont en contact avec les \u00e9lectrodes du dispositif \u00e0 une extr\u00e9mit\u00e9 et avec la peau du patient \u00e0 l'autre. La qualit\u00e9 du signal d\u00e9tect\u00e9 peut \u00eatre v\u00e9rifi\u00e9e \u00e0 l'aide du programmateur. De petites variations dans l'orientation de l'appareil peuvent entra\u00eener des changements significatifs dans l'amplitude et la morphologie de l'onde R. Le positionnement optimal de l'appareil est associ\u00e9 \u00e0 une onde R de bonne qualit\u00e9. Le positionnement optimal du dispositif est associ\u00e9 \u00e0 des ondes R d'amplitude importante et stable (\u22650,3 mV sur le graphique du programmateur), \u00e0 une morphologie stable de l'onde R, \u00e0 une bonne visualisation de l'onde R et de l'onde P avec un rapport R\/T et R\/P suffisamment \u00e9lev\u00e9 pour \u00e9viter toute surdensit\u00e9 des ondes P et T.<\/p><p>2) r\u00e9duire le risque de surd\u00e9tection du myopotentiel : pour garantir une bonne fiabilit\u00e9 de la d\u00e9tection automatique, il est important de r\u00e9duire autant que possible les mouvements du dispositif \u00e0 l'int\u00e9rieur de sa poche sous-cutan\u00e9e. Par cons\u00e9quent, la poche ne doit pas \u00eatre trop grande. Elle ne doit pas non plus \u00eatre trop petite pour \u00e9viter l'ext\u00e9riorisation du dispositif. La t\u00eate du dispositif est \u00e9quip\u00e9e de deux trous de suture pour fixer le dispositif au tissu sous-cutan\u00e9 et minimiser les risques de rotation et de migration du dispositif apr\u00e8s l'implantation.<\/p>\t\t\t\t\t\t\t\t<\/div>\n\t\t\t\t<div class=\"elementor-element elementor-element-91da453 elementor-widget elementor-widget-heading\" data-id=\"91da453\" data-element_type=\"widget\" data-widget_type=\"heading.default\">\n\t\t\t\t\t<h3 class=\"elementor-heading-title elementor-size-default\">D\u00e9tection de la fibrillation auriculaire<\/h3>\t\t\t\t<\/div>\n\t\t\t\t<div class=\"elementor-element elementor-element-b4a3ba9 elementor-widget elementor-widget-text-editor\" data-id=\"b4a3ba9\" data-element_type=\"widget\" data-widget_type=\"text-editor.default\">\n\t\t\t\t\t\t\t\t\t<div id=\"\" class=\"specificity-data-para-container\"><div class=\"paragraph paragraph--type--para-specificity-data paragraph--view-mode--default\"><div><p>Le diagnostic de la FA est bas\u00e9 sur un algorithme qui suit la stabilit\u00e9 des \u00e9lectrogrammes ventriculaires. En mesurant la charge de la FA, l'appareil aide \u00e0 d\u00e9cider si un traitement est n\u00e9cessaire et \u00e0 en v\u00e9rifier l'efficacit\u00e9. Dans 25% des cas, les AVC isch\u00e9miques restent inexpliqu\u00e9s et sont consid\u00e9r\u00e9s comme cryptog\u00e9niques apr\u00e8s des investigations approfondies, y compris la surveillance par t\u00e9l\u00e9m\u00e9trie et l'enregistrement d'un ECG ambulatoire de 48 heures. La probabilit\u00e9 d'enregistrer une arythmie auriculaire symptomatique ou asymptomatique dans un contexte d'AVC cryptog\u00e9nique augmente parall\u00e8lement \u00e0 l'allongement de la dur\u00e9e de la surveillance ECG. L'absence de corr\u00e9lation entre les sympt\u00f4mes et les \u00e9pisodes arythmiques peut justifier l'utilisation d'un ILR, qui enregistre automatiquement les \u00e9pisodes asymptomatiques. Lorsque les \u00e9pisodes diagnostiqu\u00e9s par l'appareil durent plus de 24 heures, l'introduction d'un r\u00e9gime antithrombotique ainsi qu'un entretien sur la n\u00e9cessit\u00e9 d'introduire un m\u00e9dicament antiarythmique peuvent \u00eatre indiqu\u00e9s.<\/p><\/div><\/div><\/div>\t\t\t\t\t\t\t\t<\/div>\n\t\t\t\t<\/div>\n\t\t\t\t<\/div>","protected":false},"excerpt":{"rendered":"<p>Medtronic &#8211; Reveal DX \/ Reveal XT Content ILR basics Since its introduction fifteen years ago, the implantable recorder (ILR) has become one of the reference diagnostic tools in the context of unexplained syncope. Syncope represents a major public health problem since 40 to 50% of the general population has already experienced an episode of [&hellip;]<\/p>","protected":false},"author":1,"featured_media":0,"parent":49,"menu_order":0,"comment_status":"closed","ping_status":"closed","template":"","meta":{"_acf_changed":false,"footnotes":""},"class_list":["post-803","page","type-page","status-publish","hentry"],"acf":[],"yoast_head":"<!-- This site is optimized with the Yoast SEO plugin v26.8 - https:\/\/yoast.com\/product\/yoast-seo-wordpress\/ -->\n<title>Medtronic Reveal DX\/XT Loop Recorder | Cardiocases<\/title>\n<meta name=\"description\" content=\"Medtronic Reveal DX &amp; Reveal XT ILR \u2014 programming, detection, episode analysis &amp; ECG tracings. Clinical guide.\" \/>\n<meta name=\"robots\" content=\"index, follow, max-snippet:-1, max-image-preview:large, max-video-preview:-1\" \/>\n<link rel=\"canonical\" href=\"https:\/\/cardiocases.com\/fr\/pacing-defibrillation\/devices-per-company\/medtronic\/reveal-dx-reveal-xt-medtronic\/\" \/>\n<meta property=\"og:locale\" content=\"fr_FR\" \/>\n<meta property=\"og:type\" content=\"article\" \/>\n<meta property=\"og:title\" content=\"Medtronic Reveal DX\/XT Loop Recorder | Cardiocases\" \/>\n<meta property=\"og:description\" content=\"Medtronic Reveal DX &amp; Reveal XT ILR \u2014 programming, detection, episode analysis &amp; ECG tracings. Clinical guide.\" \/>\n<meta property=\"og:url\" content=\"https:\/\/cardiocases.com\/fr\/pacing-defibrillation\/devices-per-company\/medtronic\/reveal-dx-reveal-xt-medtronic\/\" \/>\n<meta property=\"og:site_name\" content=\"Cardiocases\" \/>\n<meta property=\"article:modified_time\" content=\"2025-11-08T21:36:20+00:00\" \/>\n<meta name=\"twitter:card\" content=\"summary_large_image\" \/>\n<meta name=\"twitter:label1\" content=\"Dur\u00e9e de lecture estim\u00e9e\" \/>\n\t<meta name=\"twitter:data1\" content=\"3 minutes\" \/>\n<script type=\"application\/ld+json\" class=\"yoast-schema-graph\">{\"@context\":\"https:\/\/schema.org\",\"@graph\":[{\"@type\":\"WebPage\",\"@id\":\"https:\/\/cardiocases.com\/pacing-defibrillation\/devices-per-company\/medtronic\/reveal-dx-reveal-xt-medtronic\/\",\"url\":\"https:\/\/cardiocases.com\/pacing-defibrillation\/devices-per-company\/medtronic\/reveal-dx-reveal-xt-medtronic\/\",\"name\":\"Medtronic Reveal DX\/XT Loop Recorder | Cardiocases\",\"isPartOf\":{\"@id\":\"https:\/\/cardiocases.com\/#website\"},\"datePublished\":\"2025-07-31T14:22:52+00:00\",\"dateModified\":\"2025-11-08T21:36:20+00:00\",\"description\":\"Medtronic Reveal DX & Reveal XT ILR \u2014 programming, detection, episode analysis & ECG tracings. Clinical guide.\",\"breadcrumb\":{\"@id\":\"https:\/\/cardiocases.com\/pacing-defibrillation\/devices-per-company\/medtronic\/reveal-dx-reveal-xt-medtronic\/#breadcrumb\"},\"inLanguage\":\"fr-FR\",\"potentialAction\":[{\"@type\":\"ReadAction\",\"target\":[\"https:\/\/cardiocases.com\/pacing-defibrillation\/devices-per-company\/medtronic\/reveal-dx-reveal-xt-medtronic\/\"]}]},{\"@type\":\"BreadcrumbList\",\"@id\":\"https:\/\/cardiocases.com\/pacing-defibrillation\/devices-per-company\/medtronic\/reveal-dx-reveal-xt-medtronic\/#breadcrumb\",\"itemListElement\":[{\"@type\":\"ListItem\",\"position\":1,\"name\":\"Home\",\"item\":\"https:\/\/cardiocases.com\/\"},{\"@type\":\"ListItem\",\"position\":2,\"name\":\"Pacing &amp; Defibrillation\",\"item\":\"https:\/\/cardiocases.com\/pacing-defibrillation\/\"},{\"@type\":\"ListItem\",\"position\":3,\"name\":\"Devices per company\",\"item\":\"https:\/\/cardiocases.com\/pacing-defibrillation\/devices-per-company\/\"},{\"@type\":\"ListItem\",\"position\":4,\"name\":\"Medtronic\",\"item\":\"https:\/\/cardiocases.com\/pacing-defibrillation\/devices-per-company\/medtronic\/\"},{\"@type\":\"ListItem\",\"position\":5,\"name\":\"Reveal DX \/ Reveal XT Medtronic\"}]},{\"@type\":\"WebSite\",\"@id\":\"https:\/\/cardiocases.com\/#website\",\"url\":\"https:\/\/cardiocases.com\/\",\"name\":\"Cardiocases\",\"description\":\"Real cardiac device traces, pacemaker &amp; ICD learning \u2014 built by electrophysiologists\",\"publisher\":{\"@id\":\"https:\/\/cardiocases.com\/#organization\"},\"potentialAction\":[{\"@type\":\"SearchAction\",\"target\":{\"@type\":\"EntryPoint\",\"urlTemplate\":\"https:\/\/cardiocases.com\/?s={search_term_string}\"},\"query-input\":{\"@type\":\"PropertyValueSpecification\",\"valueRequired\":true,\"valueName\":\"search_term_string\"}}],\"inLanguage\":\"fr-FR\"},{\"@type\":\"Organization\",\"@id\":\"https:\/\/cardiocases.com\/#organization\",\"name\":\"Cardiocases\",\"url\":\"https:\/\/cardiocases.com\/\",\"logo\":{\"@type\":\"ImageObject\",\"inLanguage\":\"fr-FR\",\"@id\":\"https:\/\/cardiocases.com\/#\/schema\/logo\/image\/\",\"url\":\"https:\/\/cardiocases.com\/wp-content\/uploads\/2025\/07\/cardiocases_logo.png\",\"contentUrl\":\"https:\/\/cardiocases.com\/wp-content\/uploads\/2025\/07\/cardiocases_logo.png\",\"width\":1755,\"height\":499,\"caption\":\"Cardiocases\"},\"image\":{\"@id\":\"https:\/\/cardiocases.com\/#\/schema\/logo\/image\/\"},\"sameAs\":[\"https:\/\/www.linkedin.com\/company\/cardiocases\/\"]}]}<\/script>\n<!-- \/ Yoast SEO plugin. -->","yoast_head_json":{"title":"Medtronic Reveal DX\/XT Loop Recorder | Cardiocases","description":"Medtronic Reveal DX & Reveal XT ILR \u2014 programming, detection, episode analysis & ECG tracings. Clinical guide.","robots":{"index":"index","follow":"follow","max-snippet":"max-snippet:-1","max-image-preview":"max-image-preview:large","max-video-preview":"max-video-preview:-1"},"canonical":"https:\/\/cardiocases.com\/fr\/pacing-defibrillation\/devices-per-company\/medtronic\/reveal-dx-reveal-xt-medtronic\/","og_locale":"fr_FR","og_type":"article","og_title":"Medtronic Reveal DX\/XT Loop Recorder | Cardiocases","og_description":"Medtronic Reveal DX & Reveal XT ILR \u2014 programming, detection, episode analysis & ECG tracings. Clinical guide.","og_url":"https:\/\/cardiocases.com\/fr\/pacing-defibrillation\/devices-per-company\/medtronic\/reveal-dx-reveal-xt-medtronic\/","og_site_name":"Cardiocases","article_modified_time":"2025-11-08T21:36:20+00:00","twitter_card":"summary_large_image","twitter_misc":{"Dur\u00e9e de lecture estim\u00e9e":"3 minutes"},"schema":{"@context":"https:\/\/schema.org","@graph":[{"@type":"WebPage","@id":"https:\/\/cardiocases.com\/pacing-defibrillation\/devices-per-company\/medtronic\/reveal-dx-reveal-xt-medtronic\/","url":"https:\/\/cardiocases.com\/pacing-defibrillation\/devices-per-company\/medtronic\/reveal-dx-reveal-xt-medtronic\/","name":"Medtronic Reveal DX\/XT Loop Recorder | Cardiocases","isPartOf":{"@id":"https:\/\/cardiocases.com\/#website"},"datePublished":"2025-07-31T14:22:52+00:00","dateModified":"2025-11-08T21:36:20+00:00","description":"Medtronic Reveal DX & Reveal XT ILR \u2014 programming, detection, episode analysis & ECG tracings. Clinical guide.","breadcrumb":{"@id":"https:\/\/cardiocases.com\/pacing-defibrillation\/devices-per-company\/medtronic\/reveal-dx-reveal-xt-medtronic\/#breadcrumb"},"inLanguage":"fr-FR","potentialAction":[{"@type":"ReadAction","target":["https:\/\/cardiocases.com\/pacing-defibrillation\/devices-per-company\/medtronic\/reveal-dx-reveal-xt-medtronic\/"]}]},{"@type":"BreadcrumbList","@id":"https:\/\/cardiocases.com\/pacing-defibrillation\/devices-per-company\/medtronic\/reveal-dx-reveal-xt-medtronic\/#breadcrumb","itemListElement":[{"@type":"ListItem","position":1,"name":"Home","item":"https:\/\/cardiocases.com\/"},{"@type":"ListItem","position":2,"name":"Pacing &amp; Defibrillation","item":"https:\/\/cardiocases.com\/pacing-defibrillation\/"},{"@type":"ListItem","position":3,"name":"Devices per company","item":"https:\/\/cardiocases.com\/pacing-defibrillation\/devices-per-company\/"},{"@type":"ListItem","position":4,"name":"Medtronic","item":"https:\/\/cardiocases.com\/pacing-defibrillation\/devices-per-company\/medtronic\/"},{"@type":"ListItem","position":5,"name":"Reveal DX \/ Reveal XT Medtronic"}]},{"@type":"WebSite","@id":"https:\/\/cardiocases.com\/#website","url":"https:\/\/cardiocases.com\/","name":"Cardiocases","description":"Real cardiac device traces, pacemaker &amp; ICD learning \u2014 built by electrophysiologists","publisher":{"@id":"https:\/\/cardiocases.com\/#organization"},"potentialAction":[{"@type":"SearchAction","target":{"@type":"EntryPoint","urlTemplate":"https:\/\/cardiocases.com\/?s={search_term_string}"},"query-input":{"@type":"PropertyValueSpecification","valueRequired":true,"valueName":"search_term_string"}}],"inLanguage":"fr-FR"},{"@type":"Organization","@id":"https:\/\/cardiocases.com\/#organization","name":"Cardiocases","url":"https:\/\/cardiocases.com\/","logo":{"@type":"ImageObject","inLanguage":"fr-FR","@id":"https:\/\/cardiocases.com\/#\/schema\/logo\/image\/","url":"https:\/\/cardiocases.com\/wp-content\/uploads\/2025\/07\/cardiocases_logo.png","contentUrl":"https:\/\/cardiocases.com\/wp-content\/uploads\/2025\/07\/cardiocases_logo.png","width":1755,"height":499,"caption":"Cardiocases"},"image":{"@id":"https:\/\/cardiocases.com\/#\/schema\/logo\/image\/"},"sameAs":["https:\/\/www.linkedin.com\/company\/cardiocases\/"]}]}},"_links":{"self":[{"href":"https:\/\/cardiocases.com\/fr\/wp-json\/wp\/v2\/pages\/803","targetHints":{"allow":["GET"]}}],"collection":[{"href":"https:\/\/cardiocases.com\/fr\/wp-json\/wp\/v2\/pages"}],"about":[{"href":"https:\/\/cardiocases.com\/fr\/wp-json\/wp\/v2\/types\/page"}],"author":[{"embeddable":true,"href":"https:\/\/cardiocases.com\/fr\/wp-json\/wp\/v2\/users\/1"}],"replies":[{"embeddable":true,"href":"https:\/\/cardiocases.com\/fr\/wp-json\/wp\/v2\/comments?post=803"}],"version-history":[{"count":0,"href":"https:\/\/cardiocases.com\/fr\/wp-json\/wp\/v2\/pages\/803\/revisions"}],"up":[{"embeddable":true,"href":"https:\/\/cardiocases.com\/fr\/wp-json\/wp\/v2\/pages\/49"}],"wp:attachment":[{"href":"https:\/\/cardiocases.com\/fr\/wp-json\/wp\/v2\/media?parent=803"}],"curies":[{"name":"wp","href":"https:\/\/api.w.org\/{rel}","templated":true}]}}