{"id":793,"date":"2025-07-31T14:21:23","date_gmt":"2025-07-31T14:21:23","guid":{"rendered":"https:\/\/cardiocases.com\/?page_id=793"},"modified":"2025-11-08T21:13:17","modified_gmt":"2025-11-08T21:13:17","slug":"av-vv-delay-optimization-medtronic","status":"publish","type":"page","link":"https:\/\/cardiocases.com\/fr\/pacing-defibrillation\/devices-per-company\/medtronic\/av-vv-delay-optimization-medtronic\/","title":{"rendered":"AV &amp; VV delay optimization Medtronic"},"content":{"rendered":"<div data-elementor-type=\"wp-page\" data-elementor-id=\"793\" class=\"elementor elementor-793\" data-elementor-post-type=\"page\">\n\t\t\t\t<div class=\"elementor-element elementor-element-42ae264 e-con-full e-flex e-con e-parent\" data-id=\"42ae264\" data-element_type=\"container\" data-settings=\"{&quot;background_background&quot;:&quot;classic&quot;}\">\n\t\t<div class=\"elementor-element elementor-element-4f9d9ec e-con-full e-flex e-con e-child\" data-id=\"4f9d9ec\" data-element_type=\"container\" data-settings=\"{&quot;background_background&quot;:&quot;classic&quot;}\">\n\t\t\t\t<div class=\"elementor-element elementor-element-316f567 elementor-widget elementor-widget-heading\" data-id=\"316f567\" data-element_type=\"widget\" data-widget_type=\"heading.default\">\n\t\t\t\t\t<h2 class=\"elementor-heading-title elementor-size-default\">Medtronic - Optimisation du d\u00e9lai AV &amp; VV<\/h2>\t\t\t\t<\/div>\n\t\t\t\t<div class=\"elementor-element elementor-element-5417ec5 elementor-toc--minimized-on-tablet elementor-widget elementor-widget-table-of-contents\" data-id=\"5417ec5\" data-element_type=\"widget\" data-settings=\"{&quot;headings_by_tags&quot;:[&quot;h3&quot;,&quot;h4&quot;],&quot;exclude_headings_by_selector&quot;:[],&quot;no_headings_message&quot;:&quot;No headings were found on this page.&quot;,&quot;marker_view&quot;:&quot;bullets&quot;,&quot;icon&quot;:{&quot;value&quot;:&quot;fas fa-circle&quot;,&quot;library&quot;:&quot;fa-solid&quot;,&quot;rendered_tag&quot;:&quot;&lt;svg class=\\&quot;e-font-icon-svg e-fas-circle\\&quot; viewBox=\\&quot;0 0 512 512\\&quot; xmlns=\\&quot;http:\\\/\\\/www.w3.org\\\/2000\\\/svg\\&quot;&gt;&lt;path d=\\&quot;M256 8C119 8 8 119 8 256s111 248 248 248 248-111 248-248S393 8 256 8z\\&quot;&gt;&lt;\\\/path&gt;&lt;\\\/svg&gt;&quot;},&quot;minimize_box&quot;:&quot;yes&quot;,&quot;minimized_on&quot;:&quot;tablet&quot;,&quot;hierarchical_view&quot;:&quot;yes&quot;,&quot;min_height&quot;:{&quot;unit&quot;:&quot;px&quot;,&quot;size&quot;:&quot;&quot;,&quot;sizes&quot;:[]},&quot;min_height_tablet&quot;:{&quot;unit&quot;:&quot;px&quot;,&quot;size&quot;:&quot;&quot;,&quot;sizes&quot;:[]},&quot;min_height_mobile&quot;:{&quot;unit&quot;:&quot;px&quot;,&quot;size&quot;:&quot;&quot;,&quot;sizes&quot;:[]}}\" data-widget_type=\"table-of-contents.default\">\n\t\t\t\t\t\t\t\t\t<div class=\"elementor-toc__header\">\n\t\t\t\t\t\t<h4 class=\"elementor-toc__header-title\">\n\t\t\t\tG\u00e9n\u00e9ralit\u00e9s\t\t\t<\/h4>\n\t\t\t\t\t\t\t\t\t\t<div class=\"elementor-toc__toggle-button elementor-toc__toggle-button--expand\" role=\"button\" tabindex=\"0\" aria-controls=\"elementor-toc__5417ec5\" aria-expanded=\"true\" aria-label=\"Ouvrir la table des mati\u00e8res\"><svg aria-hidden=\"true\" class=\"e-font-icon-svg e-fas-chevron-down\" viewbox=\"0 0 448 512\" xmlns=\"http:\/\/www.w3.org\/2000\/svg\"><path d=\"M207.029 381.476L12.686 187.132c-9.373-9.373-9.373-24.569 0-33.941l22.667-22.667c9.357-9.357 24.522-9.375 33.901-.04L224 284.505l154.745-154.021c9.379-9.335 24.544-9.317 33.901.04l22.667 22.667c9.373 9.373 9.373 24.569 0 33.941L240.971 381.476c-9.373 9.372-24.569 9.372-33.942 0z\"><\/path><\/svg><\/div>\n\t\t\t\t<div class=\"elementor-toc__toggle-button elementor-toc__toggle-button--collapse\" role=\"button\" tabindex=\"0\" aria-controls=\"elementor-toc__5417ec5\" aria-expanded=\"true\" aria-label=\"Fermer la table des mati\u00e8res\"><svg aria-hidden=\"true\" class=\"e-font-icon-svg e-fas-chevron-up\" viewbox=\"0 0 448 512\" xmlns=\"http:\/\/www.w3.org\/2000\/svg\"><path d=\"M240.971 130.524l194.343 194.343c9.373 9.373 9.373 24.569 0 33.941l-22.667 22.667c-9.357 9.357-24.522 9.375-33.901.04L224 227.495 69.255 381.516c-9.379 9.335-24.544 9.317-33.901-.04l-22.667-22.667c-9.373-9.373-9.373-24.569 0-33.941L207.03 130.525c9.372-9.373 24.568-9.373 33.941-.001z\"><\/path><\/svg><\/div>\n\t\t\t\t\t<\/div>\n\t\t\t\t<div id=\"elementor-toc__5417ec5\" class=\"elementor-toc__body\">\n\t\t\t<div class=\"elementor-toc__spinner-container\">\n\t\t\t\t<svg class=\"elementor-toc__spinner eicon-animation-spin e-font-icon-svg e-eicon-loading\" aria-hidden=\"true\" viewbox=\"0 0 1000 1000\" xmlns=\"http:\/\/www.w3.org\/2000\/svg\"><path d=\"M500 975V858C696 858 858 696 858 500S696 142 500 142 142 304 142 500H25C25 237 238 25 500 25S975 237 975 500 763 975 500 975Z\"><\/path><\/svg>\t\t\t<\/div>\n\t\t<\/div>\n\t\t\t\t\t\t<\/div>\n\t\t\t\t<div class=\"elementor-element elementor-element-908867e elementor-widget elementor-widget-heading\" data-id=\"908867e\" data-element_type=\"widget\" data-widget_type=\"heading.default\">\n\t\t\t\t\t<h3 class=\"elementor-heading-title elementor-size-default\">Algorithme CRT adaptatif<\/h3>\t\t\t\t<\/div>\n\t\t\t\t<div class=\"elementor-element elementor-element-953ae4a elementor-widget elementor-widget-text-editor\" data-id=\"953ae4a\" data-element_type=\"widget\" data-widget_type=\"text-editor.default\">\n\t\t\t\t\t\t\t\t\t<p>Les diff\u00e9rents fabricants proposent dans leurs plateformes de d\u00e9fibrillateurs ou de stimulateurs cardiaques CRT, un algorithme sp\u00e9cifique d\u00e9di\u00e9 \u00e0 l'optimisation automatique des d\u00e9lais AV et VV. L'algorithme AdaptivCRT propos\u00e9 par MedtronicTM est disponible avec 3 modes de programmation diff\u00e9rents :<\/p><p>1) Adaptive Bi-V : optimisation automatique du d\u00e9lai AV et du d\u00e9lai VV avec la stimulation biventriculaire ;<\/p><p>2) Bi-V et LV adaptatifs : le dispositif dichotomise d'abord les patients entre ceux dont la conduction auriculo-ventriculaire est pr\u00e9serv\u00e9e et ceux dont la conduction est alt\u00e9r\u00e9e (PR long ou bloc auriculo-ventriculaire complet) ; dans le premier cas, le patient est stimul\u00e9 uniquement dans le ventricule gauche avec la recherche d'une fusion optimale entre la stimulation LV et l'activation spontan\u00e9e ; dans le second cas, optimisation du d\u00e9lai AV et du d\u00e9lai VV avec une stimulation biventriculaire ;<\/p><p>3) CRT non adaptatif : pas de r\u00e9glage automatique par l'appareil.<\/p><p>L'algorithme CRT adaptatif est bas\u00e9 sur des mesures r\u00e9guli\u00e8res 1) du temps de conduction auriculo-ventriculaire mesur\u00e9 par les d\u00e9rivations correspondant au d\u00e9lai entre l'EGM d\u00e9tect\u00e9 par la d\u00e9rivation auriculaire droite et l'EGM d\u00e9tect\u00e9 par la d\u00e9rivation ventriculaire droite, .<\/p><p>Cet algorithme ne conduit jamais \u00e0 la programmation de valeurs extr\u00eames (d\u00e9lai AV tr\u00e8s court ou d\u00e9lai AV tr\u00e8s long). Le d\u00e9lai AV d\u00e9tect\u00e9 pour la fonction AdaptivCRT est compris entre 80 ms et 140 ms (jamais inf\u00e9rieur \u00e0 80 ms ou sup\u00e9rieur \u00e0 140 ms). La plage de retard AV stimul\u00e9 pour la fonction AdaptivCRT est comprise entre 100 ms et 180 ms. Le d\u00e9lai de stimulation V-V correspondant pour la fonction AdaptivCRT est compris entre 0 ms et 40 ms (pr\u00e9excitation gauche ou droite).<\/p><p>La premi\u00e8re \u00e9tape de l'optimisation est l'\u00e9valuation de la conduction auriculo-ventriculaire. Chez ce patient, le d\u00e9lai entre l'EGM auriculaire spontan\u00e9e et l'EGM ventriculaire droite spontan\u00e9e est sup\u00e9rieur \u00e0 200 ms, ce qui correspond \u00e0 une conduction consid\u00e9r\u00e9e comme anormale par l'appareil. Le patient est donc stimul\u00e9 de mani\u00e8re biventriculaire, que la programmation soit r\u00e9gl\u00e9e sur AdaptivCRT Auto Bi-V et LV ou AdaptivCRT Auto Bi-V. Ce choix se justifie par le fait qu'une stimulation ventriculaire gauche isol\u00e9e est probablement plus pr\u00e9caire chez un patient pr\u00e9sentant un trouble de la conduction auriculo-ventriculaire. Il est pr\u00e9f\u00e9rable de choisir une stimulation biventriculaire dans ce contexte, la stimulation ventriculaire droite permettant une stimulation efficace si la sonde gauche est d\u00e9log\u00e9e ou pr\u00e9sente une augmentation du seuil. La d\u00e9tection p\u00e9riodique requise pour les diff\u00e9rentes mesures peut diminuer le pourcentage total de stimulation biventriculaire de 1 \u00e0 2%.<\/p><p>Le fonctionnement et la philosophie de l'algorithme diff\u00e8rent ensuite compl\u00e8tement en fonction de cette \u00e9valuation. Si la conduction est consid\u00e9r\u00e9e comme \u201cnormale\u201d, l'objectif de l'algorithme est de rechercher une fusion entre l'activation ventriculaire droite spontan\u00e9e et la stimulation ventriculaire gauche. Cet algorithme est donc sp\u00e9cifiquement adapt\u00e9 aux patients pr\u00e9sentant un bloc de branche gauche qui ont une activation ventriculaire droite normale qui devrait th\u00e9oriquement \u00eatre pr\u00e9serv\u00e9e, et une activation ventriculaire gauche asynchrone et retard\u00e9e qui devrait \u00e0 l'inverse \u00eatre modifi\u00e9e et invers\u00e9e. Chez ces patients, le b\u00e9n\u00e9fice potentiel de cet algorithme est double : 1) r\u00e9duction de la consommation d'\u00e9nergie et prolongation de la dur\u00e9e de vie du dispositif ; en effet, le ventricule droit n'est pas rythm\u00e9, ce qui permet de r\u00e9duire l'usure de la batterie ; 2) b\u00e9n\u00e9fice h\u00e9modynamique et\/ou clinique \u00e0 long terme ; une \u00e9tude en cours sur un nombre significatif de patients pr\u00e9sentant un bloc de branche gauche permettra d'\u00e9valuer l'impact clinique de ce type d'algorithme et son effet putatif sur le pourcentage de non-r\u00e9ponse \u00e0 la resynchronisation.<\/p><p>Pour qu'un patient puisse \u00eatre stimul\u00e9 en mode LV pur, les \u00e9l\u00e9ments suivants doivent \u00eatre r\u00e9unis : 1) la fr\u00e9quence cardiaque du patient doit \u00eatre inf\u00e9rieure ou \u00e9gale \u00e0 100 battements par minute ; 2) le d\u00e9lai de conduction entre l'EGM auriculaire spontan\u00e9 et l'EGM ventriculaire droit spontan\u00e9 doit \u00eatre inf\u00e9rieur ou \u00e9gal \u00e0 200 ms ; 3) le d\u00e9lai de conduction entre l'EGM auriculaire stimul\u00e9 et l'EGM ventriculaire droit spontan\u00e9 doit \u00eatre inf\u00e9rieur ou \u00e9gal \u00e0 250 ms. Si l'un de ces crit\u00e8res n'est pas rempli, le patient est stimul\u00e9 de mani\u00e8re biventriculaire.<\/p>\t\t\t\t\t\t\t\t<\/div>\n\t\t\t\t<\/div>\n\t\t\t\t<\/div>\n\t\t\t\t<\/div>","protected":false},"excerpt":{"rendered":"<p>Medtronic &#8211; AV &amp; VV delay optimization Content Adaptive CRT algorithm The various manufacturers offer in their defibrillator or CRT pacemaker platforms, a specific algorithm dedicated to the automatic optimization of the AV and VV delays. The AdaptivCRT algorithm proposed by MedtronicTM is available with 3 different programming modes: 1) Adaptive Bi-V: automatic optimization of [&hellip;]<\/p>","protected":false},"author":1,"featured_media":0,"parent":49,"menu_order":0,"comment_status":"closed","ping_status":"closed","template":"","meta":{"_acf_changed":false,"footnotes":""},"class_list":["post-793","page","type-page","status-publish","hentry"],"acf":[],"yoast_head":"<!-- This site is optimized with the Yoast SEO plugin v26.8 - https:\/\/yoast.com\/product\/yoast-seo-wordpress\/ -->\n<title>Medtronic CRT AV &amp; VV Delay Optimization | Cardiocases<\/title>\n<meta name=\"description\" content=\"Optimize Medtronic CRT AV and VV delays \u2014 AdaptivCRT, programming methods &amp; ECG tracings.\" \/>\n<meta name=\"robots\" content=\"index, follow, max-snippet:-1, max-image-preview:large, max-video-preview:-1\" \/>\n<link rel=\"canonical\" href=\"https:\/\/cardiocases.com\/fr\/pacing-defibrillation\/devices-per-company\/medtronic\/av-vv-delay-optimization-medtronic\/\" \/>\n<meta property=\"og:locale\" content=\"fr_FR\" \/>\n<meta property=\"og:type\" content=\"article\" \/>\n<meta property=\"og:title\" content=\"Medtronic CRT AV &amp; VV Delay Optimization | Cardiocases\" \/>\n<meta property=\"og:description\" content=\"Optimize Medtronic CRT AV and VV delays \u2014 AdaptivCRT, programming methods &amp; ECG tracings.\" \/>\n<meta property=\"og:url\" content=\"https:\/\/cardiocases.com\/fr\/pacing-defibrillation\/devices-per-company\/medtronic\/av-vv-delay-optimization-medtronic\/\" \/>\n<meta property=\"og:site_name\" content=\"Cardiocases\" \/>\n<meta property=\"article:modified_time\" content=\"2025-11-08T21:13:17+00:00\" \/>\n<meta name=\"twitter:card\" content=\"summary_large_image\" \/>\n<meta name=\"twitter:label1\" content=\"Dur\u00e9e de lecture estim\u00e9e\" \/>\n\t<meta name=\"twitter:data1\" content=\"3 minutes\" \/>\n<script type=\"application\/ld+json\" class=\"yoast-schema-graph\">{\"@context\":\"https:\/\/schema.org\",\"@graph\":[{\"@type\":\"WebPage\",\"@id\":\"https:\/\/cardiocases.com\/pacing-defibrillation\/devices-per-company\/medtronic\/av-vv-delay-optimization-medtronic\/\",\"url\":\"https:\/\/cardiocases.com\/pacing-defibrillation\/devices-per-company\/medtronic\/av-vv-delay-optimization-medtronic\/\",\"name\":\"Medtronic CRT AV & VV Delay Optimization | Cardiocases\",\"isPartOf\":{\"@id\":\"https:\/\/cardiocases.com\/#website\"},\"datePublished\":\"2025-07-31T14:21:23+00:00\",\"dateModified\":\"2025-11-08T21:13:17+00:00\",\"description\":\"Optimize Medtronic CRT AV and VV delays \u2014 AdaptivCRT, programming methods & ECG tracings.\",\"breadcrumb\":{\"@id\":\"https:\/\/cardiocases.com\/pacing-defibrillation\/devices-per-company\/medtronic\/av-vv-delay-optimization-medtronic\/#breadcrumb\"},\"inLanguage\":\"fr-FR\",\"potentialAction\":[{\"@type\":\"ReadAction\",\"target\":[\"https:\/\/cardiocases.com\/pacing-defibrillation\/devices-per-company\/medtronic\/av-vv-delay-optimization-medtronic\/\"]}]},{\"@type\":\"BreadcrumbList\",\"@id\":\"https:\/\/cardiocases.com\/pacing-defibrillation\/devices-per-company\/medtronic\/av-vv-delay-optimization-medtronic\/#breadcrumb\",\"itemListElement\":[{\"@type\":\"ListItem\",\"position\":1,\"name\":\"Home\",\"item\":\"https:\/\/cardiocases.com\/\"},{\"@type\":\"ListItem\",\"position\":2,\"name\":\"Pacing &amp; Defibrillation\",\"item\":\"https:\/\/cardiocases.com\/pacing-defibrillation\/\"},{\"@type\":\"ListItem\",\"position\":3,\"name\":\"Devices per company\",\"item\":\"https:\/\/cardiocases.com\/pacing-defibrillation\/devices-per-company\/\"},{\"@type\":\"ListItem\",\"position\":4,\"name\":\"Medtronic\",\"item\":\"https:\/\/cardiocases.com\/pacing-defibrillation\/devices-per-company\/medtronic\/\"},{\"@type\":\"ListItem\",\"position\":5,\"name\":\"AV &amp; VV delay optimization Medtronic\"}]},{\"@type\":\"WebSite\",\"@id\":\"https:\/\/cardiocases.com\/#website\",\"url\":\"https:\/\/cardiocases.com\/\",\"name\":\"Cardiocases\",\"description\":\"Real cardiac device traces, pacemaker &amp; ICD learning \u2014 built by electrophysiologists\",\"publisher\":{\"@id\":\"https:\/\/cardiocases.com\/#organization\"},\"potentialAction\":[{\"@type\":\"SearchAction\",\"target\":{\"@type\":\"EntryPoint\",\"urlTemplate\":\"https:\/\/cardiocases.com\/?s={search_term_string}\"},\"query-input\":{\"@type\":\"PropertyValueSpecification\",\"valueRequired\":true,\"valueName\":\"search_term_string\"}}],\"inLanguage\":\"fr-FR\"},{\"@type\":\"Organization\",\"@id\":\"https:\/\/cardiocases.com\/#organization\",\"name\":\"Cardiocases\",\"url\":\"https:\/\/cardiocases.com\/\",\"logo\":{\"@type\":\"ImageObject\",\"inLanguage\":\"fr-FR\",\"@id\":\"https:\/\/cardiocases.com\/#\/schema\/logo\/image\/\",\"url\":\"https:\/\/cardiocases.com\/wp-content\/uploads\/2025\/07\/cardiocases_logo.png\",\"contentUrl\":\"https:\/\/cardiocases.com\/wp-content\/uploads\/2025\/07\/cardiocases_logo.png\",\"width\":1755,\"height\":499,\"caption\":\"Cardiocases\"},\"image\":{\"@id\":\"https:\/\/cardiocases.com\/#\/schema\/logo\/image\/\"},\"sameAs\":[\"https:\/\/www.linkedin.com\/company\/cardiocases\/\"]}]}<\/script>\n<!-- \/ Yoast SEO plugin. -->","yoast_head_json":{"title":"Medtronic CRT AV & VV Delay Optimization | Cardiocases","description":"Optimize Medtronic CRT AV and VV delays \u2014 AdaptivCRT, programming methods & ECG tracings.","robots":{"index":"index","follow":"follow","max-snippet":"max-snippet:-1","max-image-preview":"max-image-preview:large","max-video-preview":"max-video-preview:-1"},"canonical":"https:\/\/cardiocases.com\/fr\/pacing-defibrillation\/devices-per-company\/medtronic\/av-vv-delay-optimization-medtronic\/","og_locale":"fr_FR","og_type":"article","og_title":"Medtronic CRT AV & VV Delay Optimization | Cardiocases","og_description":"Optimize Medtronic CRT AV and VV delays \u2014 AdaptivCRT, programming methods & ECG tracings.","og_url":"https:\/\/cardiocases.com\/fr\/pacing-defibrillation\/devices-per-company\/medtronic\/av-vv-delay-optimization-medtronic\/","og_site_name":"Cardiocases","article_modified_time":"2025-11-08T21:13:17+00:00","twitter_card":"summary_large_image","twitter_misc":{"Dur\u00e9e de lecture estim\u00e9e":"3 minutes"},"schema":{"@context":"https:\/\/schema.org","@graph":[{"@type":"WebPage","@id":"https:\/\/cardiocases.com\/pacing-defibrillation\/devices-per-company\/medtronic\/av-vv-delay-optimization-medtronic\/","url":"https:\/\/cardiocases.com\/pacing-defibrillation\/devices-per-company\/medtronic\/av-vv-delay-optimization-medtronic\/","name":"Medtronic CRT AV & VV Delay Optimization | Cardiocases","isPartOf":{"@id":"https:\/\/cardiocases.com\/#website"},"datePublished":"2025-07-31T14:21:23+00:00","dateModified":"2025-11-08T21:13:17+00:00","description":"Optimize Medtronic CRT AV and VV delays \u2014 AdaptivCRT, programming methods & ECG tracings.","breadcrumb":{"@id":"https:\/\/cardiocases.com\/pacing-defibrillation\/devices-per-company\/medtronic\/av-vv-delay-optimization-medtronic\/#breadcrumb"},"inLanguage":"fr-FR","potentialAction":[{"@type":"ReadAction","target":["https:\/\/cardiocases.com\/pacing-defibrillation\/devices-per-company\/medtronic\/av-vv-delay-optimization-medtronic\/"]}]},{"@type":"BreadcrumbList","@id":"https:\/\/cardiocases.com\/pacing-defibrillation\/devices-per-company\/medtronic\/av-vv-delay-optimization-medtronic\/#breadcrumb","itemListElement":[{"@type":"ListItem","position":1,"name":"Home","item":"https:\/\/cardiocases.com\/"},{"@type":"ListItem","position":2,"name":"Pacing &amp; Defibrillation","item":"https:\/\/cardiocases.com\/pacing-defibrillation\/"},{"@type":"ListItem","position":3,"name":"Devices per company","item":"https:\/\/cardiocases.com\/pacing-defibrillation\/devices-per-company\/"},{"@type":"ListItem","position":4,"name":"Medtronic","item":"https:\/\/cardiocases.com\/pacing-defibrillation\/devices-per-company\/medtronic\/"},{"@type":"ListItem","position":5,"name":"AV &amp; VV delay optimization Medtronic"}]},{"@type":"WebSite","@id":"https:\/\/cardiocases.com\/#website","url":"https:\/\/cardiocases.com\/","name":"Cardiocases","description":"Real cardiac device traces, pacemaker &amp; ICD learning \u2014 built by electrophysiologists","publisher":{"@id":"https:\/\/cardiocases.com\/#organization"},"potentialAction":[{"@type":"SearchAction","target":{"@type":"EntryPoint","urlTemplate":"https:\/\/cardiocases.com\/?s={search_term_string}"},"query-input":{"@type":"PropertyValueSpecification","valueRequired":true,"valueName":"search_term_string"}}],"inLanguage":"fr-FR"},{"@type":"Organization","@id":"https:\/\/cardiocases.com\/#organization","name":"Cardiocases","url":"https:\/\/cardiocases.com\/","logo":{"@type":"ImageObject","inLanguage":"fr-FR","@id":"https:\/\/cardiocases.com\/#\/schema\/logo\/image\/","url":"https:\/\/cardiocases.com\/wp-content\/uploads\/2025\/07\/cardiocases_logo.png","contentUrl":"https:\/\/cardiocases.com\/wp-content\/uploads\/2025\/07\/cardiocases_logo.png","width":1755,"height":499,"caption":"Cardiocases"},"image":{"@id":"https:\/\/cardiocases.com\/#\/schema\/logo\/image\/"},"sameAs":["https:\/\/www.linkedin.com\/company\/cardiocases\/"]}]}},"_links":{"self":[{"href":"https:\/\/cardiocases.com\/fr\/wp-json\/wp\/v2\/pages\/793","targetHints":{"allow":["GET"]}}],"collection":[{"href":"https:\/\/cardiocases.com\/fr\/wp-json\/wp\/v2\/pages"}],"about":[{"href":"https:\/\/cardiocases.com\/fr\/wp-json\/wp\/v2\/types\/page"}],"author":[{"embeddable":true,"href":"https:\/\/cardiocases.com\/fr\/wp-json\/wp\/v2\/users\/1"}],"replies":[{"embeddable":true,"href":"https:\/\/cardiocases.com\/fr\/wp-json\/wp\/v2\/comments?post=793"}],"version-history":[{"count":0,"href":"https:\/\/cardiocases.com\/fr\/wp-json\/wp\/v2\/pages\/793\/revisions"}],"up":[{"embeddable":true,"href":"https:\/\/cardiocases.com\/fr\/wp-json\/wp\/v2\/pages\/49"}],"wp:attachment":[{"href":"https:\/\/cardiocases.com\/fr\/wp-json\/wp\/v2\/media?parent=793"}],"curies":[{"name":"wp","href":"https:\/\/api.w.org\/{rel}","templated":true}]}}