{"id":772,"date":"2025-07-31T14:18:31","date_gmt":"2025-07-31T14:18:31","guid":{"rendered":"https:\/\/cardiocases.com\/?page_id=772"},"modified":"2026-01-02T09:55:51","modified_gmt":"2026-01-02T09:55:51","slug":"programming-for-exercise-medtronic","status":"publish","type":"page","link":"https:\/\/cardiocases.com\/fr\/pacing-defibrillation\/devices-per-company\/medtronic\/programming-for-exercise-medtronic\/","title":{"rendered":"Programming for exercise Medtronic"},"content":{"rendered":"<div data-elementor-type=\"wp-page\" data-elementor-id=\"772\" class=\"elementor elementor-772\" data-elementor-post-type=\"page\">\n\t\t\t\t<div class=\"elementor-element elementor-element-bcddcce e-con-full e-flex e-con e-parent\" data-id=\"bcddcce\" data-element_type=\"container\" data-settings=\"{&quot;background_background&quot;:&quot;classic&quot;}\">\n\t\t<div class=\"elementor-element elementor-element-9f7391c e-con-full e-flex e-con e-child\" data-id=\"9f7391c\" data-element_type=\"container\" data-settings=\"{&quot;background_background&quot;:&quot;classic&quot;}\">\n\t\t\t\t<div class=\"elementor-element elementor-element-e2aad58 elementor-widget elementor-widget-heading\" data-id=\"e2aad58\" data-element_type=\"widget\" data-widget_type=\"heading.default\">\n\t\t\t\t\t<h2 class=\"elementor-heading-title elementor-size-default\">Medtronic - Programmation de l'exercice<\/h2>\t\t\t\t<\/div>\n\t\t\t\t<div class=\"elementor-element elementor-element-edf03f2 elementor-toc--minimized-on-tablet elementor-widget elementor-widget-table-of-contents\" data-id=\"edf03f2\" data-element_type=\"widget\" data-settings=\"{&quot;headings_by_tags&quot;:[&quot;h3&quot;,&quot;h4&quot;],&quot;exclude_headings_by_selector&quot;:[],&quot;no_headings_message&quot;:&quot;No headings were found on this page.&quot;,&quot;marker_view&quot;:&quot;bullets&quot;,&quot;icon&quot;:{&quot;value&quot;:&quot;fas fa-circle&quot;,&quot;library&quot;:&quot;fa-solid&quot;,&quot;rendered_tag&quot;:&quot;&lt;svg class=\\&quot;e-font-icon-svg e-fas-circle\\&quot; viewBox=\\&quot;0 0 512 512\\&quot; xmlns=\\&quot;http:\\\/\\\/www.w3.org\\\/2000\\\/svg\\&quot;&gt;&lt;path d=\\&quot;M256 8C119 8 8 119 8 256s111 248 248 248 248-111 248-248S393 8 256 8z\\&quot;&gt;&lt;\\\/path&gt;&lt;\\\/svg&gt;&quot;},&quot;minimize_box&quot;:&quot;yes&quot;,&quot;minimized_on&quot;:&quot;tablet&quot;,&quot;hierarchical_view&quot;:&quot;yes&quot;,&quot;min_height&quot;:{&quot;unit&quot;:&quot;px&quot;,&quot;size&quot;:&quot;&quot;,&quot;sizes&quot;:[]},&quot;min_height_tablet&quot;:{&quot;unit&quot;:&quot;px&quot;,&quot;size&quot;:&quot;&quot;,&quot;sizes&quot;:[]},&quot;min_height_mobile&quot;:{&quot;unit&quot;:&quot;px&quot;,&quot;size&quot;:&quot;&quot;,&quot;sizes&quot;:[]}}\" data-widget_type=\"table-of-contents.default\">\n\t\t\t\t\t\t\t\t\t<div class=\"elementor-toc__header\">\n\t\t\t\t\t\t<h4 class=\"elementor-toc__header-title\">\n\t\t\t\tG\u00e9n\u00e9ralit\u00e9s\t\t\t<\/h4>\n\t\t\t\t\t\t\t\t\t\t<div class=\"elementor-toc__toggle-button elementor-toc__toggle-button--expand\" role=\"button\" tabindex=\"0\" aria-controls=\"elementor-toc__edf03f2\" aria-expanded=\"true\" aria-label=\"Ouvrir la table des mati\u00e8res\"><svg aria-hidden=\"true\" class=\"e-font-icon-svg e-fas-chevron-down\" viewbox=\"0 0 448 512\" xmlns=\"http:\/\/www.w3.org\/2000\/svg\"><path d=\"M207.029 381.476L12.686 187.132c-9.373-9.373-9.373-24.569 0-33.941l22.667-22.667c9.357-9.357 24.522-9.375 33.901-.04L224 284.505l154.745-154.021c9.379-9.335 24.544-9.317 33.901.04l22.667 22.667c9.373 9.373 9.373 24.569 0 33.941L240.971 381.476c-9.373 9.372-24.569 9.372-33.942 0z\"><\/path><\/svg><\/div>\n\t\t\t\t<div class=\"elementor-toc__toggle-button elementor-toc__toggle-button--collapse\" role=\"button\" tabindex=\"0\" aria-controls=\"elementor-toc__edf03f2\" aria-expanded=\"true\" aria-label=\"Fermer la table des mati\u00e8res\"><svg aria-hidden=\"true\" class=\"e-font-icon-svg e-fas-chevron-up\" viewbox=\"0 0 448 512\" xmlns=\"http:\/\/www.w3.org\/2000\/svg\"><path d=\"M240.971 130.524l194.343 194.343c9.373 9.373 9.373 24.569 0 33.941l-22.667 22.667c-9.357 9.357-24.522 9.375-33.901.04L224 227.495 69.255 381.516c-9.379 9.335-24.544 9.317-33.901-.04l-22.667-22.667c-9.373-9.373-9.373-24.569 0-33.941L207.03 130.525c9.372-9.373 24.568-9.373 33.941-.001z\"><\/path><\/svg><\/div>\n\t\t\t\t\t<\/div>\n\t\t\t\t<div id=\"elementor-toc__edf03f2\" class=\"elementor-toc__body\">\n\t\t\t<div class=\"elementor-toc__spinner-container\">\n\t\t\t\t<svg class=\"elementor-toc__spinner eicon-animation-spin e-font-icon-svg e-eicon-loading\" aria-hidden=\"true\" viewbox=\"0 0 1000 1000\" xmlns=\"http:\/\/www.w3.org\/2000\/svg\"><path d=\"M500 975V858C696 858 858 696 858 500S696 142 500 142 142 304 142 500H25C25 237 238 25 500 25S975 237 975 500 763 975 500 975Z\"><\/path><\/svg>\t\t\t<\/div>\n\t\t<\/div>\n\t\t\t\t\t\t<\/div>\n\t\t\t\t<div class=\"elementor-element elementor-element-9b6cbb2 elementor-widget elementor-widget-heading\" data-id=\"9b6cbb2\" data-element_type=\"widget\" data-widget_type=\"heading.default\">\n\t\t\t\t\t<h3 class=\"elementor-heading-title elementor-size-default\">Stimulation adapt\u00e9e au rythme<\/h3>\t\t\t\t<\/div>\n\t\t\t\t<div class=\"elementor-element elementor-element-b5f7238 elementor-widget elementor-widget-text-editor\" data-id=\"b5f7238\" data-element_type=\"widget\" data-widget_type=\"text-editor.default\">\n\t\t\t\t\t\t\t\t\t<p>Le capteur d'activit\u00e9 est un acc\u00e9l\u00e9rom\u00e8tre int\u00e9gr\u00e9 \u00e0 l'appareil, qui d\u00e9tecte les mouvements du corps du patient.<\/p><p><strong>Seuil d'activit\u00e9<\/strong><\/p><p>Comme l'activit\u00e9 d\u00e9tect\u00e9e varie d'un patient \u00e0 l'autre, la sensibilit\u00e9 au mouvement peut \u00eatre ajust\u00e9e en reprogrammant le param\u00e8tre du seuil d'activit\u00e9.<\/p><ul><li>en abaissant le seuil, le rythme de stimulation est modul\u00e9 par un mouvement moins important<\/li><li>une augmentation du seuil n\u00e9cessite des mouvements corporels plus marqu\u00e9s pour moduler la fr\u00e9quence de stimulation<\/li><li>si le seuil est augment\u00e9, les mouvements du corps doivent \u00eatre plus importants pour avoir un effet sur la fr\u00e9quence de stimulation<\/li><li>le compteur d'activit\u00e9 utilis\u00e9 pour calculer le taux du capteur est r\u00e9gul\u00e9 par le taux et l'amplitude du signal de l'acc\u00e9l\u00e9rom\u00e8tre<\/li><\/ul><p>\u00a0<\/p><p><strong>Taux programmables<\/strong><\/p><ul><li>le taux d'activit\u00e9s de la vie quotidienne (taux ADL) est le taux approximatif que le patient doit atteindre au cours d'un exercice mod\u00e9r\u00e9 (marche ou t\u00e2ches m\u00e9nag\u00e8res)<\/li><li>le taux sup\u00e9rieur du capteur est la limite sup\u00e9rieure du taux pilot\u00e9 par le capteur, atteinte lors d'un exercice vigoureux<\/li><li>un contr\u00f4le ind\u00e9pendant de la r\u00e9ponse au taux est assur\u00e9 dans la gamme des taux d'AVQ et dans la gamme des taux d'effort maximal<\/li><li>le stimulateur cardiaque maintient une relation lin\u00e9aire entre le signal du capteur d'activit\u00e9 et le taux de r\u00e9ponse<\/li><li>le syst\u00e8me d'optimisation des taux a un effet sur la pente de la relation lin\u00e9aire dans les deux gammes de taux<\/li><\/ul><p>\u00a0<\/p><p><strong>Points de consigne de la r\u00e9ponse tarifaire<\/strong><\/p><p>Les points de consigne d\u00e9finissent les deux pentes caract\u00e9ristiques d'une r\u00e9ponse de taux \u00e0 double pente.<\/p><ul><li>un point de consigne bas indique que des activit\u00e9s d'intensit\u00e9 relativement faible sont n\u00e9cessaires pour atteindre le taux maximum<\/li><li>le point de consigne ADL d\u00e9termine la vitesse de stimulation en fonction de la vitesse ADL<\/li><li>le point de consigne du taux sup\u00e9rieur (UR) d\u00e9termine le taux de stimulation vers la r\u00e9ponse au taux maximal<\/li><\/ul><p>\u00a0<\/p><p><strong>R\u00e9ponse automatique au taux<\/strong><\/p><p>Avec la r\u00e9ponse automatique au taux, l'optimisation de l'histogramme des taux continue \u00e0 ajuster la courbe des taux en faisant varier automatiquement les points de consigne.<\/p><ul><li>le taux de r\u00e9ponse est ajust\u00e9 sur la base de la programmation des param\u00e8tres de r\u00e9ponse ADL et de r\u00e9ponse \u00e0 l'effort<\/li><li>la r\u00e9ponse ADL contr\u00f4le la premi\u00e8re pente, qui d\u00e9termine l'intensit\u00e9 de l'augmentation de la fr\u00e9quence de stimulation entre la fr\u00e9quence inf\u00e9rieure et la fr\u00e9quence ADL<\/li><li>la r\u00e9ponse \u00e0 l'effort contr\u00f4le la deuxi\u00e8me pente, qui d\u00e9termine l'intensit\u00e9 de l'augmentation de la fr\u00e9quence de stimulation \u00e0 mesure qu'elle s'approche de la r\u00e9ponse maximale<\/li><li>la fonction de r\u00e9action rapide n'est active que pendant 30 minutes apr\u00e8s l'implantation<\/li><\/ul>\t\t\t\t\t\t\t\t<\/div>\n\t\t\t\t<div class=\"elementor-element elementor-element-f06ef0e elementor-widget elementor-widget-image\" data-id=\"f06ef0e\" data-element_type=\"widget\" data-widget_type=\"image.default\">\n\t\t\t\t\t\t\t\t\t\t\t\t\t\t\t\t<a href=\"http:\/\/cardiocases.com\/wp-content\/uploads\/2026\/01\/medtronic.png\" data-elementor-open-lightbox=\"yes\" data-elementor-lightbox-title=\"medtronic_exercise\" data-e-action-hash=\"#elementor-action%3Aaction%3Dlightbox%26settings%3DeyJpZCI6NjQ5NywidXJsIjoiaHR0cHM6XC9cL2NhcmRpb2Nhc2VzLmNvbVwvd3AtY29udGVudFwvdXBsb2Fkc1wvMjAyNlwvMDFcL21lZHRyb25pYy5wbmcifQ%3D%3D\">\n\t\t\t\t\t\t\t<img fetchpriority=\"high\" decoding=\"async\" width=\"658\" height=\"496\" src=\"https:\/\/cardiocases.com\/wp-content\/uploads\/2026\/01\/medtronic.png\" class=\"attachment-large size-large wp-image-6497\" alt=\"\" srcset=\"https:\/\/cardiocases.com\/wp-content\/uploads\/2026\/01\/medtronic.png 658w, https:\/\/cardiocases.com\/wp-content\/uploads\/2026\/01\/medtronic-300x226.png 300w, https:\/\/cardiocases.com\/wp-content\/uploads\/2026\/01\/medtronic-16x12.png 16w\" sizes=\"(max-width: 658px) 100vw, 658px\" \/>\t\t\t\t\t\t\t\t<\/a>\n\t\t\t\t\t\t\t\t\t\t\t\t\t\t\t<\/div>\n\t\t\t\t<div class=\"elementor-element elementor-element-0dd491e elementor-widget elementor-widget-text-editor\" data-id=\"0dd491e\" data-element_type=\"widget\" data-widget_type=\"text-editor.default\">\n\t\t\t\t\t\t\t\t\t<p><strong>R\u00e9activit\u00e9 des taux manuels<\/strong><\/p><p>Avec l'utilisation de la r\u00e9ponse manuelle, un profil de d\u00e9bit est obtenu au cours d'une s\u00e9ance avec le patient, au cours de laquelle les d\u00e9bits et les points de consigne sont programm\u00e9s. Ce profil de d\u00e9bit reste constant jusqu'\u00e0 ce que les param\u00e8tres soient reprogramm\u00e9s.<\/p><p>\u00a0<\/p><p><strong>Optimisation de l'histogramme des taux<\/strong><\/p><p>L'optimisation de l'histogramme des taux ajuste automatiquement la r\u00e9ponse du taux du patient entre les visites au cabinet.<\/p><ul><li>l'appareil recueille et enregistre les moyennes quotidiennes et, \u00e0 long terme, le pourcentage de temps pendant lequel la fr\u00e9quence indiqu\u00e9e par le capteur est \u00e0 diff\u00e9rentes fr\u00e9quences de stimulation<\/li><li>Il utilise ensuite les param\u00e8tres de r\u00e9ponse \u00e0 l'ADL et \u00e0 l'effort pour analyser le pourcentage de temps pendant lequel la fr\u00e9quence de stimulation reste dans la plage ADL par rapport \u00e0 la plage d'effort.<\/li><li>sur la base de comparaisons journali\u00e8res, le dispositif ajuste les points de consigne ADL, UR ou les deux<\/li><\/ul><p>\u00a0<\/p><p><strong>Adaptation du seuil d'activit\u00e9<\/strong><\/p><ul><li>lorsqu'un patient pr\u00e9sente une r\u00e9ponse insuffisante au cours de l'exercice, le seuil d'activit\u00e9 peut \u00eatre reprogramm\u00e9 \u00e0 un niveau inf\u00e9rieur (plus sensible) ; le niveau le plus sensible est \u201cLow\u201d (faible)\u201d<\/li><li>si la fr\u00e9quence de stimulation est \u00e9lev\u00e9e au repos, il peut \u00eatre n\u00e9cessaire de reprogrammer le seuil d'activit\u00e9 \u00e0 un niveau plus \u00e9lev\u00e9 (moins sensible) ; le niveau le moins sensible est \u201c\u00e9lev\u00e9\u201d.\u201d<\/li><\/ul><p>\u00a0<\/p><p><strong>Optimisation du profil tarifaire<\/strong><\/p><p>Avant de programmer les autres param\u00e8tres de r\u00e9ponse au d\u00e9bit, il faut d'abord v\u00e9rifier que les r\u00e9glages du d\u00e9bit inf\u00e9rieur, de l'ADL et du d\u00e9bit sup\u00e9rieur du capteur sont appropri\u00e9s pour chaque patient.<\/p><ul><li>si la reprogrammation des taux n'a pas optimis\u00e9 le profil de taux, il peut \u00eatre n\u00e9cessaire de reprogrammer les param\u00e8tres ADL et Exertion Response ; la reprogrammation de ces param\u00e8tres permet de concevoir un profil de taux qui correspond au style de vie individuel ou aux niveaux d'activit\u00e9 \u00e0 l'int\u00e9rieur de chaque fourchette de taux<\/li><li>la r\u00e9ponse ADL est ajust\u00e9e afin de d\u00e9finir la vitesse \u00e0 laquelle le patient atteint le taux ADL et la r\u00e9ponse Exertion pour la vitesse \u00e0 laquelle le patient atteint le taux d'effort<\/li><li>dans les deux cas, une valeur inf\u00e9rieure diminue, tandis qu'une valeur sup\u00e9rieure augmente le taux de r\u00e9ponse<\/li><\/ul><p>\u00a0<\/p><p><strong>R\u00e9glage manuel des points de consigne<\/strong><\/p><p>L'optimisation du profil de d\u00e9bit peut \u00eatre d\u00e9sactiv\u00e9e, ce qui permet de programmer manuellement les points de consigne.<\/p><ul><li>les points ADL et UR d\u00e9terminent le profil de la fr\u00e9quence de stimulation<\/li><li>le calcul des taux de r\u00e9ponse se poursuit comme pr\u00e9vu<\/li><\/ul>\t\t\t\t\t\t\t\t<\/div>\n\t\t\t\t<\/div>\n\t\t\t\t<\/div>\n\t\t\t\t<\/div>","protected":false},"excerpt":{"rendered":"<p>Medtronic &#8211; Programming for exercise Content Rate-Adaptive pacing The activity sensor is an accelerometer embedded in the device, which detects the patient\u2019s body motion. Activity threshold Since the activity sensed varies among patients, the motion sensitivity can be adjusted by reprogramming the activity threshold parameter. by lowering the threshold, the pacing rate is modulated by [&hellip;]<\/p>","protected":false},"author":1,"featured_media":0,"parent":49,"menu_order":0,"comment_status":"closed","ping_status":"closed","template":"","meta":{"_acf_changed":false,"footnotes":""},"class_list":["post-772","page","type-page","status-publish","hentry"],"acf":[],"yoast_head":"<!-- This site is optimized with the Yoast SEO plugin v26.8 - https:\/\/yoast.com\/product\/yoast-seo-wordpress\/ -->\n<title>Medtronic Rate Response &amp; Exercise Programming | Cardiocases<\/title>\n<meta name=\"description\" content=\"Optimize Medtronic pacemaker for exercise \u2014 rate response, DDDR programming, accelerometer settings &amp; real ECG tracings. Clinical guide for electrophysiologists.\" \/>\n<meta name=\"robots\" content=\"index, follow, max-snippet:-1, max-image-preview:large, max-video-preview:-1\" \/>\n<link rel=\"canonical\" href=\"https:\/\/cardiocases.com\/fr\/pacing-defibrillation\/devices-per-company\/medtronic\/programming-for-exercise-medtronic\/\" \/>\n<meta property=\"og:locale\" content=\"fr_FR\" \/>\n<meta property=\"og:type\" content=\"article\" \/>\n<meta property=\"og:title\" content=\"Medtronic Rate Response &amp; Exercise Programming | Cardiocases\" \/>\n<meta property=\"og:description\" content=\"Optimize Medtronic pacemaker for exercise \u2014 rate response, DDDR programming, accelerometer settings &amp; real ECG tracings. Clinical guide for electrophysiologists.\" \/>\n<meta property=\"og:url\" content=\"https:\/\/cardiocases.com\/fr\/pacing-defibrillation\/devices-per-company\/medtronic\/programming-for-exercise-medtronic\/\" \/>\n<meta property=\"og:site_name\" content=\"Cardiocases\" \/>\n<meta property=\"article:modified_time\" content=\"2026-01-02T09:55:51+00:00\" \/>\n<meta property=\"og:image\" content=\"http:\/\/cardiocases.com\/wp-content\/uploads\/2026\/01\/medtronic.png\" \/>\n<meta name=\"twitter:card\" content=\"summary_large_image\" \/>\n<meta name=\"twitter:label1\" content=\"Dur\u00e9e de lecture estim\u00e9e\" \/>\n\t<meta name=\"twitter:data1\" content=\"4 minutes\" \/>\n<script type=\"application\/ld+json\" class=\"yoast-schema-graph\">{\"@context\":\"https:\/\/schema.org\",\"@graph\":[{\"@type\":\"WebPage\",\"@id\":\"https:\/\/cardiocases.com\/pacing-defibrillation\/devices-per-company\/medtronic\/programming-for-exercise-medtronic\/\",\"url\":\"https:\/\/cardiocases.com\/pacing-defibrillation\/devices-per-company\/medtronic\/programming-for-exercise-medtronic\/\",\"name\":\"Medtronic Rate Response & Exercise Programming | Cardiocases\",\"isPartOf\":{\"@id\":\"https:\/\/cardiocases.com\/#website\"},\"primaryImageOfPage\":{\"@id\":\"https:\/\/cardiocases.com\/pacing-defibrillation\/devices-per-company\/medtronic\/programming-for-exercise-medtronic\/#primaryimage\"},\"image\":{\"@id\":\"https:\/\/cardiocases.com\/pacing-defibrillation\/devices-per-company\/medtronic\/programming-for-exercise-medtronic\/#primaryimage\"},\"thumbnailUrl\":\"http:\/\/cardiocases.com\/wp-content\/uploads\/2026\/01\/medtronic.png\",\"datePublished\":\"2025-07-31T14:18:31+00:00\",\"dateModified\":\"2026-01-02T09:55:51+00:00\",\"description\":\"Optimize Medtronic pacemaker for exercise \u2014 rate response, DDDR programming, accelerometer settings & real ECG tracings. Clinical guide for electrophysiologists.\",\"breadcrumb\":{\"@id\":\"https:\/\/cardiocases.com\/pacing-defibrillation\/devices-per-company\/medtronic\/programming-for-exercise-medtronic\/#breadcrumb\"},\"inLanguage\":\"fr-FR\",\"potentialAction\":[{\"@type\":\"ReadAction\",\"target\":[\"https:\/\/cardiocases.com\/pacing-defibrillation\/devices-per-company\/medtronic\/programming-for-exercise-medtronic\/\"]}]},{\"@type\":\"ImageObject\",\"inLanguage\":\"fr-FR\",\"@id\":\"https:\/\/cardiocases.com\/pacing-defibrillation\/devices-per-company\/medtronic\/programming-for-exercise-medtronic\/#primaryimage\",\"url\":\"http:\/\/cardiocases.com\/wp-content\/uploads\/2026\/01\/medtronic.png\",\"contentUrl\":\"http:\/\/cardiocases.com\/wp-content\/uploads\/2026\/01\/medtronic.png\"},{\"@type\":\"BreadcrumbList\",\"@id\":\"https:\/\/cardiocases.com\/pacing-defibrillation\/devices-per-company\/medtronic\/programming-for-exercise-medtronic\/#breadcrumb\",\"itemListElement\":[{\"@type\":\"ListItem\",\"position\":1,\"name\":\"Home\",\"item\":\"https:\/\/cardiocases.com\/\"},{\"@type\":\"ListItem\",\"position\":2,\"name\":\"Pacing &amp; Defibrillation\",\"item\":\"https:\/\/cardiocases.com\/pacing-defibrillation\/\"},{\"@type\":\"ListItem\",\"position\":3,\"name\":\"Devices per company\",\"item\":\"https:\/\/cardiocases.com\/pacing-defibrillation\/devices-per-company\/\"},{\"@type\":\"ListItem\",\"position\":4,\"name\":\"Medtronic\",\"item\":\"https:\/\/cardiocases.com\/pacing-defibrillation\/devices-per-company\/medtronic\/\"},{\"@type\":\"ListItem\",\"position\":5,\"name\":\"Programming for exercise Medtronic\"}]},{\"@type\":\"WebSite\",\"@id\":\"https:\/\/cardiocases.com\/#website\",\"url\":\"https:\/\/cardiocases.com\/\",\"name\":\"Cardiocases\",\"description\":\"Real cardiac device traces, pacemaker &amp; ICD learning \u2014 built by electrophysiologists\",\"publisher\":{\"@id\":\"https:\/\/cardiocases.com\/#organization\"},\"potentialAction\":[{\"@type\":\"SearchAction\",\"target\":{\"@type\":\"EntryPoint\",\"urlTemplate\":\"https:\/\/cardiocases.com\/?s={search_term_string}\"},\"query-input\":{\"@type\":\"PropertyValueSpecification\",\"valueRequired\":true,\"valueName\":\"search_term_string\"}}],\"inLanguage\":\"fr-FR\"},{\"@type\":\"Organization\",\"@id\":\"https:\/\/cardiocases.com\/#organization\",\"name\":\"Cardiocases\",\"url\":\"https:\/\/cardiocases.com\/\",\"logo\":{\"@type\":\"ImageObject\",\"inLanguage\":\"fr-FR\",\"@id\":\"https:\/\/cardiocases.com\/#\/schema\/logo\/image\/\",\"url\":\"https:\/\/cardiocases.com\/wp-content\/uploads\/2025\/07\/cardiocases_logo.png\",\"contentUrl\":\"https:\/\/cardiocases.com\/wp-content\/uploads\/2025\/07\/cardiocases_logo.png\",\"width\":1755,\"height\":499,\"caption\":\"Cardiocases\"},\"image\":{\"@id\":\"https:\/\/cardiocases.com\/#\/schema\/logo\/image\/\"},\"sameAs\":[\"https:\/\/www.linkedin.com\/company\/cardiocases\/\"]}]}<\/script>\n<!-- \/ Yoast SEO plugin. -->","yoast_head_json":{"title":"Medtronic Rate Response & Exercise Programming | Cardiocases","description":"Optimize Medtronic pacemaker for exercise \u2014 rate response, DDDR programming, accelerometer settings & real ECG tracings. Clinical guide for electrophysiologists.","robots":{"index":"index","follow":"follow","max-snippet":"max-snippet:-1","max-image-preview":"max-image-preview:large","max-video-preview":"max-video-preview:-1"},"canonical":"https:\/\/cardiocases.com\/fr\/pacing-defibrillation\/devices-per-company\/medtronic\/programming-for-exercise-medtronic\/","og_locale":"fr_FR","og_type":"article","og_title":"Medtronic Rate Response & Exercise Programming | Cardiocases","og_description":"Optimize Medtronic pacemaker for exercise \u2014 rate response, DDDR programming, accelerometer settings & real ECG tracings. Clinical guide for electrophysiologists.","og_url":"https:\/\/cardiocases.com\/fr\/pacing-defibrillation\/devices-per-company\/medtronic\/programming-for-exercise-medtronic\/","og_site_name":"Cardiocases","article_modified_time":"2026-01-02T09:55:51+00:00","og_image":[{"url":"http:\/\/cardiocases.com\/wp-content\/uploads\/2026\/01\/medtronic.png","type":"","width":"","height":""}],"twitter_card":"summary_large_image","twitter_misc":{"Dur\u00e9e de lecture estim\u00e9e":"4 minutes"},"schema":{"@context":"https:\/\/schema.org","@graph":[{"@type":"WebPage","@id":"https:\/\/cardiocases.com\/pacing-defibrillation\/devices-per-company\/medtronic\/programming-for-exercise-medtronic\/","url":"https:\/\/cardiocases.com\/pacing-defibrillation\/devices-per-company\/medtronic\/programming-for-exercise-medtronic\/","name":"Medtronic Rate Response & Exercise Programming | Cardiocases","isPartOf":{"@id":"https:\/\/cardiocases.com\/#website"},"primaryImageOfPage":{"@id":"https:\/\/cardiocases.com\/pacing-defibrillation\/devices-per-company\/medtronic\/programming-for-exercise-medtronic\/#primaryimage"},"image":{"@id":"https:\/\/cardiocases.com\/pacing-defibrillation\/devices-per-company\/medtronic\/programming-for-exercise-medtronic\/#primaryimage"},"thumbnailUrl":"http:\/\/cardiocases.com\/wp-content\/uploads\/2026\/01\/medtronic.png","datePublished":"2025-07-31T14:18:31+00:00","dateModified":"2026-01-02T09:55:51+00:00","description":"Optimize Medtronic pacemaker for exercise \u2014 rate response, DDDR programming, accelerometer settings & real ECG tracings. Clinical guide for electrophysiologists.","breadcrumb":{"@id":"https:\/\/cardiocases.com\/pacing-defibrillation\/devices-per-company\/medtronic\/programming-for-exercise-medtronic\/#breadcrumb"},"inLanguage":"fr-FR","potentialAction":[{"@type":"ReadAction","target":["https:\/\/cardiocases.com\/pacing-defibrillation\/devices-per-company\/medtronic\/programming-for-exercise-medtronic\/"]}]},{"@type":"ImageObject","inLanguage":"fr-FR","@id":"https:\/\/cardiocases.com\/pacing-defibrillation\/devices-per-company\/medtronic\/programming-for-exercise-medtronic\/#primaryimage","url":"http:\/\/cardiocases.com\/wp-content\/uploads\/2026\/01\/medtronic.png","contentUrl":"http:\/\/cardiocases.com\/wp-content\/uploads\/2026\/01\/medtronic.png"},{"@type":"BreadcrumbList","@id":"https:\/\/cardiocases.com\/pacing-defibrillation\/devices-per-company\/medtronic\/programming-for-exercise-medtronic\/#breadcrumb","itemListElement":[{"@type":"ListItem","position":1,"name":"Home","item":"https:\/\/cardiocases.com\/"},{"@type":"ListItem","position":2,"name":"Pacing &amp; Defibrillation","item":"https:\/\/cardiocases.com\/pacing-defibrillation\/"},{"@type":"ListItem","position":3,"name":"Devices per company","item":"https:\/\/cardiocases.com\/pacing-defibrillation\/devices-per-company\/"},{"@type":"ListItem","position":4,"name":"Medtronic","item":"https:\/\/cardiocases.com\/pacing-defibrillation\/devices-per-company\/medtronic\/"},{"@type":"ListItem","position":5,"name":"Programming for exercise Medtronic"}]},{"@type":"WebSite","@id":"https:\/\/cardiocases.com\/#website","url":"https:\/\/cardiocases.com\/","name":"Cardiocases","description":"Real cardiac device traces, pacemaker &amp; ICD learning \u2014 built by electrophysiologists","publisher":{"@id":"https:\/\/cardiocases.com\/#organization"},"potentialAction":[{"@type":"SearchAction","target":{"@type":"EntryPoint","urlTemplate":"https:\/\/cardiocases.com\/?s={search_term_string}"},"query-input":{"@type":"PropertyValueSpecification","valueRequired":true,"valueName":"search_term_string"}}],"inLanguage":"fr-FR"},{"@type":"Organization","@id":"https:\/\/cardiocases.com\/#organization","name":"Cardiocases","url":"https:\/\/cardiocases.com\/","logo":{"@type":"ImageObject","inLanguage":"fr-FR","@id":"https:\/\/cardiocases.com\/#\/schema\/logo\/image\/","url":"https:\/\/cardiocases.com\/wp-content\/uploads\/2025\/07\/cardiocases_logo.png","contentUrl":"https:\/\/cardiocases.com\/wp-content\/uploads\/2025\/07\/cardiocases_logo.png","width":1755,"height":499,"caption":"Cardiocases"},"image":{"@id":"https:\/\/cardiocases.com\/#\/schema\/logo\/image\/"},"sameAs":["https:\/\/www.linkedin.com\/company\/cardiocases\/"]}]}},"_links":{"self":[{"href":"https:\/\/cardiocases.com\/fr\/wp-json\/wp\/v2\/pages\/772","targetHints":{"allow":["GET"]}}],"collection":[{"href":"https:\/\/cardiocases.com\/fr\/wp-json\/wp\/v2\/pages"}],"about":[{"href":"https:\/\/cardiocases.com\/fr\/wp-json\/wp\/v2\/types\/page"}],"author":[{"embeddable":true,"href":"https:\/\/cardiocases.com\/fr\/wp-json\/wp\/v2\/users\/1"}],"replies":[{"embeddable":true,"href":"https:\/\/cardiocases.com\/fr\/wp-json\/wp\/v2\/comments?post=772"}],"version-history":[{"count":0,"href":"https:\/\/cardiocases.com\/fr\/wp-json\/wp\/v2\/pages\/772\/revisions"}],"up":[{"embeddable":true,"href":"https:\/\/cardiocases.com\/fr\/wp-json\/wp\/v2\/pages\/49"}],"wp:attachment":[{"href":"https:\/\/cardiocases.com\/fr\/wp-json\/wp\/v2\/media?parent=772"}],"curies":[{"name":"wp","href":"https:\/\/api.w.org\/{rel}","templated":true}]}}