{"id":685,"date":"2025-07-31T14:08:02","date_gmt":"2025-07-31T14:08:02","guid":{"rendered":"https:\/\/cardiocases.com\/?page_id=685"},"modified":"2026-01-02T10:19:15","modified_gmt":"2026-01-02T10:19:15","slug":"programming-for-exercise-biotronik","status":"publish","type":"page","link":"https:\/\/cardiocases.com\/fr\/pacing-defibrillation\/devices-per-company\/biotronik\/programming-for-exercise-biotronik\/","title":{"rendered":"Programming for Exercise Biotronik"},"content":{"rendered":"<div data-elementor-type=\"wp-page\" data-elementor-id=\"685\" class=\"elementor elementor-685\" data-elementor-post-type=\"page\">\n\t\t\t\t<div class=\"elementor-element elementor-element-1084799 e-con-full e-flex e-con e-parent\" data-id=\"1084799\" data-element_type=\"container\" data-settings=\"{&quot;background_background&quot;:&quot;classic&quot;}\">\n\t\t\t\t<div class=\"elementor-element elementor-element-9c1fe7d elementor-widget elementor-widget-heading\" data-id=\"9c1fe7d\" data-element_type=\"widget\" data-widget_type=\"heading.default\">\n\t\t\t\t\t<h2 class=\"elementor-heading-title elementor-size-default\">Biotronik - Programmation de l'exercice<\/h2>\t\t\t\t<\/div>\n\t\t\t\t<div class=\"elementor-element elementor-element-26e9275 elementor-toc--minimized-on-tablet elementor-widget elementor-widget-table-of-contents\" data-id=\"26e9275\" data-element_type=\"widget\" data-settings=\"{&quot;headings_by_tags&quot;:[&quot;h3&quot;,&quot;h4&quot;,&quot;h5&quot;],&quot;exclude_headings_by_selector&quot;:[],&quot;no_headings_message&quot;:&quot;No headings were found on this page.&quot;,&quot;marker_view&quot;:&quot;bullets&quot;,&quot;icon&quot;:{&quot;value&quot;:&quot;fas fa-circle&quot;,&quot;library&quot;:&quot;fa-solid&quot;,&quot;rendered_tag&quot;:&quot;&lt;svg class=\\&quot;e-font-icon-svg e-fas-circle\\&quot; viewBox=\\&quot;0 0 512 512\\&quot; xmlns=\\&quot;http:\\\/\\\/www.w3.org\\\/2000\\\/svg\\&quot;&gt;&lt;path d=\\&quot;M256 8C119 8 8 119 8 256s111 248 248 248 248-111 248-248S393 8 256 8z\\&quot;&gt;&lt;\\\/path&gt;&lt;\\\/svg&gt;&quot;},&quot;minimize_box&quot;:&quot;yes&quot;,&quot;minimized_on&quot;:&quot;tablet&quot;,&quot;hierarchical_view&quot;:&quot;yes&quot;,&quot;min_height&quot;:{&quot;unit&quot;:&quot;px&quot;,&quot;size&quot;:&quot;&quot;,&quot;sizes&quot;:[]},&quot;min_height_tablet&quot;:{&quot;unit&quot;:&quot;px&quot;,&quot;size&quot;:&quot;&quot;,&quot;sizes&quot;:[]},&quot;min_height_mobile&quot;:{&quot;unit&quot;:&quot;px&quot;,&quot;size&quot;:&quot;&quot;,&quot;sizes&quot;:[]}}\" data-widget_type=\"table-of-contents.default\">\n\t\t\t\t\t\t\t\t\t<div class=\"elementor-toc__header\">\n\t\t\t\t\t\t<h4 class=\"elementor-toc__header-title\">\n\t\t\t\tG\u00e9n\u00e9ralit\u00e9s\t\t\t<\/h4>\n\t\t\t\t\t\t\t\t\t\t<div class=\"elementor-toc__toggle-button elementor-toc__toggle-button--expand\" role=\"button\" tabindex=\"0\" aria-controls=\"elementor-toc__26e9275\" aria-expanded=\"true\" aria-label=\"Ouvrir la table des mati\u00e8res\"><svg aria-hidden=\"true\" class=\"e-font-icon-svg e-fas-chevron-down\" viewbox=\"0 0 448 512\" xmlns=\"http:\/\/www.w3.org\/2000\/svg\"><path d=\"M207.029 381.476L12.686 187.132c-9.373-9.373-9.373-24.569 0-33.941l22.667-22.667c9.357-9.357 24.522-9.375 33.901-.04L224 284.505l154.745-154.021c9.379-9.335 24.544-9.317 33.901.04l22.667 22.667c9.373 9.373 9.373 24.569 0 33.941L240.971 381.476c-9.373 9.372-24.569 9.372-33.942 0z\"><\/path><\/svg><\/div>\n\t\t\t\t<div class=\"elementor-toc__toggle-button elementor-toc__toggle-button--collapse\" role=\"button\" tabindex=\"0\" aria-controls=\"elementor-toc__26e9275\" aria-expanded=\"true\" aria-label=\"Fermer la table des mati\u00e8res\"><svg aria-hidden=\"true\" class=\"e-font-icon-svg e-fas-chevron-up\" viewbox=\"0 0 448 512\" xmlns=\"http:\/\/www.w3.org\/2000\/svg\"><path d=\"M240.971 130.524l194.343 194.343c9.373 9.373 9.373 24.569 0 33.941l-22.667 22.667c-9.357 9.357-24.522 9.375-33.901.04L224 227.495 69.255 381.516c-9.379 9.335-24.544 9.317-33.901-.04l-22.667-22.667c-9.373-9.373-9.373-24.569 0-33.941L207.03 130.525c9.372-9.373 24.568-9.373 33.941-.001z\"><\/path><\/svg><\/div>\n\t\t\t\t\t<\/div>\n\t\t\t\t<div id=\"elementor-toc__26e9275\" class=\"elementor-toc__body\">\n\t\t\t<div class=\"elementor-toc__spinner-container\">\n\t\t\t\t<svg class=\"elementor-toc__spinner eicon-animation-spin e-font-icon-svg e-eicon-loading\" aria-hidden=\"true\" viewbox=\"0 0 1000 1000\" xmlns=\"http:\/\/www.w3.org\/2000\/svg\"><path d=\"M500 975V858C696 858 858 696 858 500S696 142 500 142 142 304 142 500H25C25 237 238 25 500 25S975 237 975 500 763 975 500 975Z\"><\/path><\/svg>\t\t\t<\/div>\n\t\t<\/div>\n\t\t\t\t\t\t<\/div>\n\t\t\t\t<div class=\"elementor-element elementor-element-b43bcc1 elementor-widget elementor-widget-heading\" data-id=\"b43bcc1\" data-element_type=\"widget\" data-widget_type=\"heading.default\">\n\t\t\t\t\t<h3 class=\"elementor-heading-title elementor-size-default\">Stimulation adaptative \u00e0 la fr\u00e9quence<\/h3>\t\t\t\t<\/div>\n\t\t\t\t<div class=\"elementor-element elementor-element-b918365 elementor-widget elementor-widget-text-editor\" data-id=\"b918365\" data-element_type=\"widget\" data-widget_type=\"text-editor.default\">\n\t\t\t\t\t\t\t\t\t<p>L'appareil r\u00e9alise l'adaptation de la fr\u00e9quence par la programmation d'une stimulation bas\u00e9e sur le mouvement standard via un acc\u00e9l\u00e9rom\u00e8tre capacitif ou par le principe de la stimulation en boucle ferm\u00e9e (CLS) qui implique la traduction de la contractilit\u00e9 myocardique en fr\u00e9quences de stimulation sp\u00e9cifiques au patient.<\/p><ul><li>pour l'adaptation standard de la fr\u00e9quence bas\u00e9e sur le mouvement, le stimulateur cardiaque est \u00e9quip\u00e9 d'un acc\u00e9l\u00e9rom\u00e8tre situ\u00e9 sur le circuit hybride du stimulateur cardiaque ; ce capteur produit un signal \u00e9lectrique pendant l'activit\u00e9 physique du patient<\/li><li>en mode CLS, le stimulateur cardiaque surveille et traite le signal d'imp\u00e9dance intracardiaque associ\u00e9 \u00e0 la dynamique de contraction du myocarde ; les modifications de la forme d'onde de ce signal d'imp\u00e9dance sont associ\u00e9es aux modifications de la dynamique de contraction du c\u0153ur du patient dues \u00e0 la r\u00e9ponse inotrope du c\u0153ur \u00e0 l'effort<\/li><\/ul>\t\t\t\t\t\t\t\t<\/div>\n\t\t\t\t<div class=\"elementor-element elementor-element-7d490d5 elementor-widget elementor-widget-image\" data-id=\"7d490d5\" data-element_type=\"widget\" data-widget_type=\"image.default\">\n\t\t\t\t\t\t\t\t\t\t\t\t\t\t\t<img fetchpriority=\"high\" decoding=\"async\" width=\"800\" height=\"248\" src=\"https:\/\/cardiocases.com\/wp-content\/uploads\/2026\/01\/BIOTRONIC.jpg\" class=\"attachment-large size-large wp-image-6517\" alt=\"\" srcset=\"https:\/\/cardiocases.com\/wp-content\/uploads\/2026\/01\/BIOTRONIC.jpg 801w, https:\/\/cardiocases.com\/wp-content\/uploads\/2026\/01\/BIOTRONIC-300x93.jpg 300w, https:\/\/cardiocases.com\/wp-content\/uploads\/2026\/01\/BIOTRONIC-768x238.jpg 768w, https:\/\/cardiocases.com\/wp-content\/uploads\/2026\/01\/BIOTRONIC-18x6.jpg 18w\" sizes=\"(max-width: 800px) 100vw, 800px\" \/>\t\t\t\t\t\t\t\t\t\t\t\t\t\t\t<\/div>\n\t\t\t\t<div class=\"elementor-element elementor-element-345489e elementor-widget elementor-widget-text-editor\" data-id=\"345489e\" data-element_type=\"widget\" data-widget_type=\"text-editor.default\">\n\t\t\t\t\t\t\t\t\t<p><strong>Gain du capteur<\/strong><\/p><p>Le gain du capteur d\u00e9finit la pente de la fonction lin\u00e9aire entre l'effort et la fr\u00e9quence de stimulation.<\/p><ul><li>le r\u00e9glage optimal est atteint lorsque la fr\u00e9quence d'entra\u00eenement maximale souhait\u00e9e pendant l'effort est atteinte pendant les niveaux d'exercice maximaux<\/li><li>si le taux d'utilisation du capteur n'est pas suffisant \u00e0 des niveaux d'effort \u00e9lev\u00e9s, il convient d'augmenter le r\u00e9glage du gain du capteur.<\/li><li>le gain du capteur doit \u00eatre r\u00e9duit si des taux de stimulation \u00e9lev\u00e9s sont obtenus \u00e0 des niveaux d'effort faibles<\/li><\/ul><p>Lorsque le r\u00e9glage automatique du gain du capteur est programm\u00e9, le param\u00e8tre du gain du capteur est ajust\u00e9 automatiquement.<\/p><ul><li>l'appareil \u00e9chantillonne le taux indiqu\u00e9 par le capteur<\/li><li>le gain du capteur est augment\u00e9 de 10%, si le taux d'activit\u00e9 n'atteint pas ou ne d\u00e9passe pas le taux d'activit\u00e9 programm\u00e9 (fix\u00e9 \u00e0 90% du taux maximal du capteur) pendant 30 minutes chaque jour pendant 7 jours cons\u00e9cutifs ; une augmentation du gain ne peut avoir lieu plus souvent que tous les 7 jours<\/li><li>si, au cours de la p\u00e9riode de 24 heures commen\u00e7ant \u00e0 minuit, le taux d'activit\u00e9 atteint ou d\u00e9passe le taux d'activit\u00e9 programm\u00e9 (90% du taux maximal du capteur) pendant une heure, le r\u00e9glage du gain du capteur est r\u00e9duit de 10%<\/li><li>un changement dans le gain du capteur ne se produit qu'\u00e0 minuit<\/li><\/ul><p>La fonction de gain automatique du capteur est principalement influenc\u00e9e par le r\u00e9glage de la vitesse maximale du capteur. Par cons\u00e9quent, la vitesse maximale du capteur doit \u00eatre s\u00e9lectionn\u00e9e de mani\u00e8re appropri\u00e9e.<\/p><p><strong>Seuil du capteur<\/strong><\/p><p>Les effets de l'adaptation du taux sont limit\u00e9s aux signaux du capteur d\u00e9passant le seuil programmable du capteur. Les signaux de capteurs inf\u00e9rieurs \u00e0 ce seuil n'affectent pas la r\u00e9ponse au taux.<\/p><ul><li>le seuil programmable du capteur permet d'obtenir une cadence stable au repos en ignorant les signaux du capteur de faible amplitude qui ne sont pas li\u00e9s \u00e0 l'effort<\/li><li>si la fr\u00e9quence de stimulation au repos est instable ou a tendance \u00e0 rester au-dessus de la fr\u00e9quence la plus basse sans activit\u00e9, le seuil du capteur doit \u00eatre augment\u00e9<\/li><li>le seuil du capteur doit \u00eatre r\u00e9duit si une augmentation suffisante de la vitesse n'est pas observ\u00e9e \u00e0 un niveau d'effort donn\u00e9<\/li><\/ul><p><strong>Augmentation des taux<\/strong><\/p><p>Le param\u00e8tre d'augmentation de la fr\u00e9quence d\u00e9termine la vitesse maximale de changement de la fr\u00e9quence de stimulation si le signal du capteur indique une augmentation de l'effort.<\/p><p><strong>Diminution du taux<\/strong><\/p><p>Le param\u00e8tre de diminution de la fr\u00e9quence d\u00e9termine la vitesse maximale de changement de la fr\u00e9quence de stimulation, si le signal du capteur indique une diminution de l'effort.<\/p><p><strong>Taux d'activit\u00e9 maximal (capteur)<\/strong><\/p><p>Quelle que soit l'intensit\u00e9 du signal du capteur, la fr\u00e9quence de stimulation pendant le fonctionnement par capteur ne peut pas d\u00e9passer la fr\u00e9quence maximale programm\u00e9e du capteur.<\/p><p><strong>Taux de la boucle ferm\u00e9e<\/strong><\/p><p>L'appareil peut \u00eatre programm\u00e9 pour utiliser un principe unique d'adaptation de la fr\u00e9quence appel\u00e9 Stimulation en boucle ferm\u00e9e (CLS) afin d'adapter la fr\u00e9quence de stimulation du patient. Les modes DDD-CLS et VVI-CLS utilisent le concept CLS pour d\u00e9terminer les variations de la fr\u00e9quence de stimulation.<\/p><ul><li>le dispositif mesure l'imp\u00e9dance \u00e9lectrique en injectant un petit courant alternatif entre le bo\u00eetier du stimulateur cardiaque et la pointe de l'\u00e9lectrode ventriculaire<\/li><li>la tension induite (qui est proportionnelle \u00e0 l'imp\u00e9dance intracardiaque) est mesur\u00e9e entre le bo\u00eetier du stimulateur cardiaque et la pointe de l'\u00e9lectrode ventriculaire<\/li><\/ul><p>Lorsque le stimulateur est programm\u00e9 pour l'adaptation de la fr\u00e9quence CLS, la fr\u00e9quence de stimulation pendant le fonctionnement pilot\u00e9 par CLS ne d\u00e9passera jamais la fr\u00e9quence maximale programm\u00e9e en boucle ferm\u00e9e.<\/p>\t\t\t\t\t\t\t\t<\/div>\n\t\t\t\t<\/div>\n\t\t\t\t<\/div>","protected":false},"excerpt":{"rendered":"<p>Biotronik &#8211; Programming for exercise Content Rate adaptive pacing The device achieves rate adaptation through programming of either standard motion-based pacing via a capacitive accelerometer or by the means of the principle of closed loop stimulation (CLS) which involves the translation of myocardial contractility into patient-specific pacing rates. for standard motion-based rate adaptation, the pacemaker [&hellip;]<\/p>","protected":false},"author":1,"featured_media":0,"parent":55,"menu_order":0,"comment_status":"closed","ping_status":"closed","template":"","meta":{"_acf_changed":false,"footnotes":""},"class_list":["post-685","page","type-page","status-publish","hentry"],"acf":[],"yoast_head":"<!-- This site is optimized with the Yoast SEO plugin v26.8 - https:\/\/yoast.com\/product\/yoast-seo-wordpress\/ -->\n<title>Biotronik Pacemaker Exercise Programming | Cardiocases<\/title>\n<meta name=\"description\" content=\"Program Biotronik pacemakers for exercise \u2014 CLOSED LOOP Stimulation, rate response &amp; ECG tracings.\" \/>\n<meta name=\"robots\" content=\"index, follow, max-snippet:-1, max-image-preview:large, max-video-preview:-1\" \/>\n<link rel=\"canonical\" href=\"https:\/\/cardiocases.com\/fr\/pacing-defibrillation\/devices-per-company\/biotronik\/programming-for-exercise-biotronik\/\" \/>\n<meta property=\"og:locale\" content=\"fr_FR\" \/>\n<meta property=\"og:type\" content=\"article\" \/>\n<meta property=\"og:title\" content=\"Biotronik Pacemaker Exercise Programming | Cardiocases\" \/>\n<meta property=\"og:description\" content=\"Program Biotronik pacemakers for exercise \u2014 CLOSED LOOP Stimulation, rate response &amp; ECG tracings.\" \/>\n<meta property=\"og:url\" content=\"https:\/\/cardiocases.com\/fr\/pacing-defibrillation\/devices-per-company\/biotronik\/programming-for-exercise-biotronik\/\" \/>\n<meta property=\"og:site_name\" content=\"Cardiocases\" \/>\n<meta property=\"article:modified_time\" content=\"2026-01-02T10:19:15+00:00\" \/>\n<meta property=\"og:image\" content=\"http:\/\/cardiocases.com\/wp-content\/uploads\/2026\/01\/BIOTRONIC.jpg\" \/>\n<meta name=\"twitter:card\" content=\"summary_large_image\" \/>\n<meta name=\"twitter:label1\" content=\"Dur\u00e9e de lecture estim\u00e9e\" \/>\n\t<meta name=\"twitter:data1\" content=\"3 minutes\" \/>\n<script type=\"application\/ld+json\" class=\"yoast-schema-graph\">{\"@context\":\"https:\/\/schema.org\",\"@graph\":[{\"@type\":\"WebPage\",\"@id\":\"https:\/\/cardiocases.com\/pacing-defibrillation\/devices-per-company\/biotronik\/programming-for-exercise-biotronik\/\",\"url\":\"https:\/\/cardiocases.com\/pacing-defibrillation\/devices-per-company\/biotronik\/programming-for-exercise-biotronik\/\",\"name\":\"Biotronik Pacemaker Exercise Programming | Cardiocases\",\"isPartOf\":{\"@id\":\"https:\/\/cardiocases.com\/#website\"},\"primaryImageOfPage\":{\"@id\":\"https:\/\/cardiocases.com\/pacing-defibrillation\/devices-per-company\/biotronik\/programming-for-exercise-biotronik\/#primaryimage\"},\"image\":{\"@id\":\"https:\/\/cardiocases.com\/pacing-defibrillation\/devices-per-company\/biotronik\/programming-for-exercise-biotronik\/#primaryimage\"},\"thumbnailUrl\":\"http:\/\/cardiocases.com\/wp-content\/uploads\/2026\/01\/BIOTRONIC.jpg\",\"datePublished\":\"2025-07-31T14:08:02+00:00\",\"dateModified\":\"2026-01-02T10:19:15+00:00\",\"description\":\"Program Biotronik pacemakers for exercise \u2014 CLOSED LOOP Stimulation, rate response & ECG tracings.\",\"breadcrumb\":{\"@id\":\"https:\/\/cardiocases.com\/pacing-defibrillation\/devices-per-company\/biotronik\/programming-for-exercise-biotronik\/#breadcrumb\"},\"inLanguage\":\"fr-FR\",\"potentialAction\":[{\"@type\":\"ReadAction\",\"target\":[\"https:\/\/cardiocases.com\/pacing-defibrillation\/devices-per-company\/biotronik\/programming-for-exercise-biotronik\/\"]}]},{\"@type\":\"ImageObject\",\"inLanguage\":\"fr-FR\",\"@id\":\"https:\/\/cardiocases.com\/pacing-defibrillation\/devices-per-company\/biotronik\/programming-for-exercise-biotronik\/#primaryimage\",\"url\":\"http:\/\/cardiocases.com\/wp-content\/uploads\/2026\/01\/BIOTRONIC.jpg\",\"contentUrl\":\"http:\/\/cardiocases.com\/wp-content\/uploads\/2026\/01\/BIOTRONIC.jpg\"},{\"@type\":\"BreadcrumbList\",\"@id\":\"https:\/\/cardiocases.com\/pacing-defibrillation\/devices-per-company\/biotronik\/programming-for-exercise-biotronik\/#breadcrumb\",\"itemListElement\":[{\"@type\":\"ListItem\",\"position\":1,\"name\":\"Home\",\"item\":\"https:\/\/cardiocases.com\/\"},{\"@type\":\"ListItem\",\"position\":2,\"name\":\"Pacing &amp; Defibrillation\",\"item\":\"https:\/\/cardiocases.com\/pacing-defibrillation\/\"},{\"@type\":\"ListItem\",\"position\":3,\"name\":\"Devices per company\",\"item\":\"https:\/\/cardiocases.com\/pacing-defibrillation\/devices-per-company\/\"},{\"@type\":\"ListItem\",\"position\":4,\"name\":\"Biotronik\",\"item\":\"https:\/\/cardiocases.com\/pacing-defibrillation\/devices-per-company\/biotronik\/\"},{\"@type\":\"ListItem\",\"position\":5,\"name\":\"Programming for Exercise Biotronik\"}]},{\"@type\":\"WebSite\",\"@id\":\"https:\/\/cardiocases.com\/#website\",\"url\":\"https:\/\/cardiocases.com\/\",\"name\":\"Cardiocases\",\"description\":\"Real cardiac device traces, pacemaker &amp; ICD learning \u2014 built by electrophysiologists\",\"publisher\":{\"@id\":\"https:\/\/cardiocases.com\/#organization\"},\"potentialAction\":[{\"@type\":\"SearchAction\",\"target\":{\"@type\":\"EntryPoint\",\"urlTemplate\":\"https:\/\/cardiocases.com\/?s={search_term_string}\"},\"query-input\":{\"@type\":\"PropertyValueSpecification\",\"valueRequired\":true,\"valueName\":\"search_term_string\"}}],\"inLanguage\":\"fr-FR\"},{\"@type\":\"Organization\",\"@id\":\"https:\/\/cardiocases.com\/#organization\",\"name\":\"Cardiocases\",\"url\":\"https:\/\/cardiocases.com\/\",\"logo\":{\"@type\":\"ImageObject\",\"inLanguage\":\"fr-FR\",\"@id\":\"https:\/\/cardiocases.com\/#\/schema\/logo\/image\/\",\"url\":\"https:\/\/cardiocases.com\/wp-content\/uploads\/2025\/07\/cardiocases_logo.png\",\"contentUrl\":\"https:\/\/cardiocases.com\/wp-content\/uploads\/2025\/07\/cardiocases_logo.png\",\"width\":1755,\"height\":499,\"caption\":\"Cardiocases\"},\"image\":{\"@id\":\"https:\/\/cardiocases.com\/#\/schema\/logo\/image\/\"},\"sameAs\":[\"https:\/\/www.linkedin.com\/company\/cardiocases\/\"]}]}<\/script>\n<!-- \/ Yoast SEO plugin. -->","yoast_head_json":{"title":"Biotronik Pacemaker Exercise Programming | Cardiocases","description":"Program Biotronik pacemakers for exercise \u2014 CLOSED LOOP Stimulation, rate response & ECG tracings.","robots":{"index":"index","follow":"follow","max-snippet":"max-snippet:-1","max-image-preview":"max-image-preview:large","max-video-preview":"max-video-preview:-1"},"canonical":"https:\/\/cardiocases.com\/fr\/pacing-defibrillation\/devices-per-company\/biotronik\/programming-for-exercise-biotronik\/","og_locale":"fr_FR","og_type":"article","og_title":"Biotronik Pacemaker Exercise Programming | Cardiocases","og_description":"Program Biotronik pacemakers for exercise \u2014 CLOSED LOOP Stimulation, rate response & ECG tracings.","og_url":"https:\/\/cardiocases.com\/fr\/pacing-defibrillation\/devices-per-company\/biotronik\/programming-for-exercise-biotronik\/","og_site_name":"Cardiocases","article_modified_time":"2026-01-02T10:19:15+00:00","og_image":[{"url":"http:\/\/cardiocases.com\/wp-content\/uploads\/2026\/01\/BIOTRONIC.jpg","type":"","width":"","height":""}],"twitter_card":"summary_large_image","twitter_misc":{"Dur\u00e9e de lecture estim\u00e9e":"3 minutes"},"schema":{"@context":"https:\/\/schema.org","@graph":[{"@type":"WebPage","@id":"https:\/\/cardiocases.com\/pacing-defibrillation\/devices-per-company\/biotronik\/programming-for-exercise-biotronik\/","url":"https:\/\/cardiocases.com\/pacing-defibrillation\/devices-per-company\/biotronik\/programming-for-exercise-biotronik\/","name":"Biotronik Pacemaker Exercise Programming | Cardiocases","isPartOf":{"@id":"https:\/\/cardiocases.com\/#website"},"primaryImageOfPage":{"@id":"https:\/\/cardiocases.com\/pacing-defibrillation\/devices-per-company\/biotronik\/programming-for-exercise-biotronik\/#primaryimage"},"image":{"@id":"https:\/\/cardiocases.com\/pacing-defibrillation\/devices-per-company\/biotronik\/programming-for-exercise-biotronik\/#primaryimage"},"thumbnailUrl":"http:\/\/cardiocases.com\/wp-content\/uploads\/2026\/01\/BIOTRONIC.jpg","datePublished":"2025-07-31T14:08:02+00:00","dateModified":"2026-01-02T10:19:15+00:00","description":"Program Biotronik pacemakers for exercise \u2014 CLOSED LOOP Stimulation, rate response & ECG tracings.","breadcrumb":{"@id":"https:\/\/cardiocases.com\/pacing-defibrillation\/devices-per-company\/biotronik\/programming-for-exercise-biotronik\/#breadcrumb"},"inLanguage":"fr-FR","potentialAction":[{"@type":"ReadAction","target":["https:\/\/cardiocases.com\/pacing-defibrillation\/devices-per-company\/biotronik\/programming-for-exercise-biotronik\/"]}]},{"@type":"ImageObject","inLanguage":"fr-FR","@id":"https:\/\/cardiocases.com\/pacing-defibrillation\/devices-per-company\/biotronik\/programming-for-exercise-biotronik\/#primaryimage","url":"http:\/\/cardiocases.com\/wp-content\/uploads\/2026\/01\/BIOTRONIC.jpg","contentUrl":"http:\/\/cardiocases.com\/wp-content\/uploads\/2026\/01\/BIOTRONIC.jpg"},{"@type":"BreadcrumbList","@id":"https:\/\/cardiocases.com\/pacing-defibrillation\/devices-per-company\/biotronik\/programming-for-exercise-biotronik\/#breadcrumb","itemListElement":[{"@type":"ListItem","position":1,"name":"Home","item":"https:\/\/cardiocases.com\/"},{"@type":"ListItem","position":2,"name":"Pacing &amp; Defibrillation","item":"https:\/\/cardiocases.com\/pacing-defibrillation\/"},{"@type":"ListItem","position":3,"name":"Devices per company","item":"https:\/\/cardiocases.com\/pacing-defibrillation\/devices-per-company\/"},{"@type":"ListItem","position":4,"name":"Biotronik","item":"https:\/\/cardiocases.com\/pacing-defibrillation\/devices-per-company\/biotronik\/"},{"@type":"ListItem","position":5,"name":"Programming for Exercise Biotronik"}]},{"@type":"WebSite","@id":"https:\/\/cardiocases.com\/#website","url":"https:\/\/cardiocases.com\/","name":"Cardiocases","description":"Real cardiac device traces, pacemaker &amp; ICD learning \u2014 built by electrophysiologists","publisher":{"@id":"https:\/\/cardiocases.com\/#organization"},"potentialAction":[{"@type":"SearchAction","target":{"@type":"EntryPoint","urlTemplate":"https:\/\/cardiocases.com\/?s={search_term_string}"},"query-input":{"@type":"PropertyValueSpecification","valueRequired":true,"valueName":"search_term_string"}}],"inLanguage":"fr-FR"},{"@type":"Organization","@id":"https:\/\/cardiocases.com\/#organization","name":"Cardiocases","url":"https:\/\/cardiocases.com\/","logo":{"@type":"ImageObject","inLanguage":"fr-FR","@id":"https:\/\/cardiocases.com\/#\/schema\/logo\/image\/","url":"https:\/\/cardiocases.com\/wp-content\/uploads\/2025\/07\/cardiocases_logo.png","contentUrl":"https:\/\/cardiocases.com\/wp-content\/uploads\/2025\/07\/cardiocases_logo.png","width":1755,"height":499,"caption":"Cardiocases"},"image":{"@id":"https:\/\/cardiocases.com\/#\/schema\/logo\/image\/"},"sameAs":["https:\/\/www.linkedin.com\/company\/cardiocases\/"]}]}},"_links":{"self":[{"href":"https:\/\/cardiocases.com\/fr\/wp-json\/wp\/v2\/pages\/685","targetHints":{"allow":["GET"]}}],"collection":[{"href":"https:\/\/cardiocases.com\/fr\/wp-json\/wp\/v2\/pages"}],"about":[{"href":"https:\/\/cardiocases.com\/fr\/wp-json\/wp\/v2\/types\/page"}],"author":[{"embeddable":true,"href":"https:\/\/cardiocases.com\/fr\/wp-json\/wp\/v2\/users\/1"}],"replies":[{"embeddable":true,"href":"https:\/\/cardiocases.com\/fr\/wp-json\/wp\/v2\/comments?post=685"}],"version-history":[{"count":0,"href":"https:\/\/cardiocases.com\/fr\/wp-json\/wp\/v2\/pages\/685\/revisions"}],"up":[{"embeddable":true,"href":"https:\/\/cardiocases.com\/fr\/wp-json\/wp\/v2\/pages\/55"}],"wp:attachment":[{"href":"https:\/\/cardiocases.com\/fr\/wp-json\/wp\/v2\/media?parent=685"}],"curies":[{"name":"wp","href":"https:\/\/api.w.org\/{rel}","templated":true}]}}