{"id":655,"date":"2025-07-31T14:05:05","date_gmt":"2025-07-31T14:05:05","guid":{"rendered":"https:\/\/cardiocases.com\/?page_id=655"},"modified":"2025-11-15T20:48:40","modified_gmt":"2025-11-15T20:48:40","slug":"left-ventricular-pacing-abbott","status":"publish","type":"page","link":"https:\/\/cardiocases.com\/fr\/pacing-defibrillation\/devices-per-company\/abbott\/left-ventricular-pacing-abbott\/","title":{"rendered":"Left ventricular pacing Abbott"},"content":{"rendered":"<div data-elementor-type=\"wp-page\" data-elementor-id=\"655\" class=\"elementor elementor-655\" data-elementor-post-type=\"page\">\n\t\t\t\t<div class=\"elementor-element elementor-element-e8e4dac e-con-full e-flex e-con e-parent\" data-id=\"e8e4dac\" data-element_type=\"container\" data-settings=\"{&quot;background_background&quot;:&quot;classic&quot;}\">\n\t\t\t\t<div class=\"elementor-element elementor-element-fceb123 elementor-widget elementor-widget-heading\" data-id=\"fceb123\" data-element_type=\"widget\" data-widget_type=\"heading.default\">\n\t\t\t\t\t<h2 class=\"elementor-heading-title elementor-size-default\">Abbott - Stimulation ventriculaire gauche<\/h2>\t\t\t\t<\/div>\n\t\t\t\t<div class=\"elementor-element elementor-element-acb9957 elementor-toc--minimized-on-tablet elementor-widget elementor-widget-table-of-contents\" data-id=\"acb9957\" data-element_type=\"widget\" data-settings=\"{&quot;headings_by_tags&quot;:[&quot;h3&quot;,&quot;h4&quot;,&quot;h5&quot;],&quot;exclude_headings_by_selector&quot;:[],&quot;no_headings_message&quot;:&quot;No headings were found on this page.&quot;,&quot;marker_view&quot;:&quot;bullets&quot;,&quot;icon&quot;:{&quot;value&quot;:&quot;fas fa-circle&quot;,&quot;library&quot;:&quot;fa-solid&quot;,&quot;rendered_tag&quot;:&quot;&lt;svg class=\\&quot;e-font-icon-svg e-fas-circle\\&quot; viewBox=\\&quot;0 0 512 512\\&quot; xmlns=\\&quot;http:\\\/\\\/www.w3.org\\\/2000\\\/svg\\&quot;&gt;&lt;path d=\\&quot;M256 8C119 8 8 119 8 256s111 248 248 248 248-111 248-248S393 8 256 8z\\&quot;&gt;&lt;\\\/path&gt;&lt;\\\/svg&gt;&quot;},&quot;minimize_box&quot;:&quot;yes&quot;,&quot;minimized_on&quot;:&quot;tablet&quot;,&quot;hierarchical_view&quot;:&quot;yes&quot;,&quot;min_height&quot;:{&quot;unit&quot;:&quot;px&quot;,&quot;size&quot;:&quot;&quot;,&quot;sizes&quot;:[]},&quot;min_height_tablet&quot;:{&quot;unit&quot;:&quot;px&quot;,&quot;size&quot;:&quot;&quot;,&quot;sizes&quot;:[]},&quot;min_height_mobile&quot;:{&quot;unit&quot;:&quot;px&quot;,&quot;size&quot;:&quot;&quot;,&quot;sizes&quot;:[]}}\" data-widget_type=\"table-of-contents.default\">\n\t\t\t\t\t\t\t\t\t<div class=\"elementor-toc__header\">\n\t\t\t\t\t\t<h4 class=\"elementor-toc__header-title\">\n\t\t\t\tG\u00e9n\u00e9ralit\u00e9s\t\t\t<\/h4>\n\t\t\t\t\t\t\t\t\t\t<div class=\"elementor-toc__toggle-button elementor-toc__toggle-button--expand\" role=\"button\" tabindex=\"0\" aria-controls=\"elementor-toc__acb9957\" aria-expanded=\"true\" aria-label=\"Ouvrir la table des mati\u00e8res\"><svg aria-hidden=\"true\" class=\"e-font-icon-svg e-fas-chevron-down\" viewbox=\"0 0 448 512\" xmlns=\"http:\/\/www.w3.org\/2000\/svg\"><path d=\"M207.029 381.476L12.686 187.132c-9.373-9.373-9.373-24.569 0-33.941l22.667-22.667c9.357-9.357 24.522-9.375 33.901-.04L224 284.505l154.745-154.021c9.379-9.335 24.544-9.317 33.901.04l22.667 22.667c9.373 9.373 9.373 24.569 0 33.941L240.971 381.476c-9.373 9.372-24.569 9.372-33.942 0z\"><\/path><\/svg><\/div>\n\t\t\t\t<div class=\"elementor-toc__toggle-button elementor-toc__toggle-button--collapse\" role=\"button\" tabindex=\"0\" aria-controls=\"elementor-toc__acb9957\" aria-expanded=\"true\" aria-label=\"Fermer la table des mati\u00e8res\"><svg aria-hidden=\"true\" class=\"e-font-icon-svg e-fas-chevron-up\" viewbox=\"0 0 448 512\" xmlns=\"http:\/\/www.w3.org\/2000\/svg\"><path d=\"M240.971 130.524l194.343 194.343c9.373 9.373 9.373 24.569 0 33.941l-22.667 22.667c-9.357 9.357-24.522 9.375-33.901.04L224 227.495 69.255 381.516c-9.379 9.335-24.544 9.317-33.901-.04l-22.667-22.667c-9.373-9.373-9.373-24.569 0-33.941L207.03 130.525c9.372-9.373 24.568-9.373 33.941-.001z\"><\/path><\/svg><\/div>\n\t\t\t\t\t<\/div>\n\t\t\t\t<div id=\"elementor-toc__acb9957\" class=\"elementor-toc__body\">\n\t\t\t<div class=\"elementor-toc__spinner-container\">\n\t\t\t\t<svg class=\"elementor-toc__spinner eicon-animation-spin e-font-icon-svg e-eicon-loading\" aria-hidden=\"true\" viewbox=\"0 0 1000 1000\" xmlns=\"http:\/\/www.w3.org\/2000\/svg\"><path d=\"M500 975V858C696 858 858 696 858 500S696 142 500 142 142 304 142 500H25C25 237 238 25 500 25S975 237 975 500 763 975 500 975Z\"><\/path><\/svg>\t\t\t<\/div>\n\t\t<\/div>\n\t\t\t\t\t\t<\/div>\n\t\t\t\t<div class=\"elementor-element elementor-element-a28d7be elementor-widget elementor-widget-heading\" data-id=\"a28d7be\" data-element_type=\"widget\" data-widget_type=\"heading.default\">\n\t\t\t\t\t<h3 class=\"elementor-heading-title elementor-size-default\">Conducteur unipolaire<\/h3>\t\t\t\t<\/div>\n\t\t\t\t<div class=\"elementor-element elementor-element-cb9c880 elementor-widget elementor-widget-text-editor\" data-id=\"cb9c880\" data-element_type=\"widget\" data-widget_type=\"text-editor.default\">\n\t\t\t\t\t\t\t\t\t<p>Un CRT-P connect\u00e9 \u00e0 une d\u00e9rivation LV unipolaire permet 2 configurations unipolaires, y compris a) LV distal \u00e0 can, et b) LV distal \u00e0 anneau RV. Cependant, le CRT-D ne permet qu'une seule configuration, \u00e0 savoir la bobine distale LV \u00e0 RV.<\/p>\t\t\t\t\t\t\t\t<\/div>\n\t\t\t\t<div class=\"elementor-element elementor-element-6b475de elementor-widget elementor-widget-image\" data-id=\"6b475de\" data-element_type=\"widget\" data-widget_type=\"image.default\">\n\t\t\t\t\t\t\t\t\t\t\t\t\t\t\t<img decoding=\"async\" src=\"https:\/\/cardiocases.com\/wp-content\/plugins\/elementor\/assets\/images\/placeholder.png\" title=\"\" alt=\"\" loading=\"lazy\" \/>\t\t\t\t\t\t\t\t\t\t\t\t\t\t\t<\/div>\n\t\t\t\t<div class=\"elementor-element elementor-element-2c6aec4 elementor-widget elementor-widget-heading\" data-id=\"2c6aec4\" data-element_type=\"widget\" data-widget_type=\"heading.default\">\n\t\t\t\t\t<h3 class=\"elementor-heading-title elementor-size-default\">Bipolar lead<\/h3>\t\t\t\t<\/div>\n\t\t\t\t<div class=\"elementor-element elementor-element-bcb32a6 elementor-widget elementor-widget-text-editor\" data-id=\"bcb32a6\" data-element_type=\"widget\" data-widget_type=\"text-editor.default\">\n\t\t\t\t\t\t\t\t\t<p>A CRT-P connected to a bipolar lead enables 1 bipolar (distal \u00e0 proximal LV) and 3 unipolar configurations, including a) distal LV \u00e0 can, b) distal LV \u00e0 RV ring, and c) proximal LV \u00e0 RV ring.<\/p>\t\t\t\t\t\t\t\t<\/div>\n\t\t\t\t<div class=\"elementor-element elementor-element-b21348a elementor-widget elementor-widget-image\" data-id=\"b21348a\" data-element_type=\"widget\" data-widget_type=\"image.default\">\n\t\t\t\t\t\t\t\t\t\t\t\t\t\t\t<img decoding=\"async\" src=\"https:\/\/cardiocases.com\/wp-content\/plugins\/elementor\/assets\/images\/placeholder.png\" title=\"\" alt=\"\" loading=\"lazy\" \/>\t\t\t\t\t\t\t\t\t\t\t\t\t\t\t<\/div>\n\t\t\t\t<div class=\"elementor-element elementor-element-779f7d5 elementor-widget elementor-widget-heading\" data-id=\"779f7d5\" data-element_type=\"widget\" data-widget_type=\"heading.default\">\n\t\t\t\t\t<h3 class=\"elementor-heading-title elementor-size-default\">Laisse quadripolaire<\/h3>\t\t\t\t<\/div>\n\t\t\t\t<div class=\"elementor-element elementor-element-b1a14a6 elementor-widget elementor-widget-text-editor\" data-id=\"b1a14a6\" data-element_type=\"widget\" data-widget_type=\"text-editor.default\">\n\t\t\t\t\t\t\t\t\t<p>Un CRT-P connect\u00e9 \u00e0 une sonde quadripolaire permet 14 configurations diff\u00e9rentes. De la plus distale \u00e0 la plus proximale, les 4 \u00e9lectrodes sont Distale 1, M\u00e9diane 2, M\u00e9diane 3 et Proximale 4.<\/p>\t\t\t\t\t\t\t\t<\/div>\n\t\t\t\t<div class=\"elementor-element elementor-element-cafc4fe elementor-widget elementor-widget-image\" data-id=\"cafc4fe\" data-element_type=\"widget\" data-widget_type=\"image.default\">\n\t\t\t\t\t\t\t\t\t\t\t\t\t\t\t<img decoding=\"async\" src=\"https:\/\/cardiocases.com\/wp-content\/plugins\/elementor\/assets\/images\/placeholder.png\" title=\"\" alt=\"\" loading=\"lazy\" \/>\t\t\t\t\t\t\t\t\t\t\t\t\t\t\t<\/div>\n\t\t\t\t<div class=\"elementor-element elementor-element-1226aca elementor-widget elementor-widget-text-editor\" data-id=\"1226aca\" data-element_type=\"widget\" data-widget_type=\"text-editor.default\">\n\t\t\t\t\t\t\t\t\t<p>La stimulation LV \u00e0 double site peut \u00eatre r\u00e9alis\u00e9e en s\u00e9lectionnant simultan\u00e9ment deux vecteurs de stimulation LV.<\/p>\t\t\t\t\t\t\t\t<\/div>\n\t\t\t\t<div class=\"elementor-element elementor-element-ade41e2 elementor-widget elementor-widget-heading\" data-id=\"ade41e2\" data-element_type=\"widget\" data-widget_type=\"heading.default\">\n\t\t\t\t\t<h3 class=\"elementor-heading-title elementor-size-default\">Seuil LV automatis\u00e9<\/h3>\t\t\t\t<\/div>\n\t\t\t\t<div class=\"elementor-element elementor-element-c4511ad elementor-widget elementor-widget-text-editor\" data-id=\"c4511ad\" data-element_type=\"widget\" data-widget_type=\"text-editor.default\">\n\t\t\t\t\t\t\t\t\t<p>La mesure automatis\u00e9e du seuil ventriculaire gauche en milieu ambulatoire est programmable toutes les 8 \u00e0 24 heures. La mesure est bas\u00e9e sur la d\u00e9tection de la 1<sup>st<\/sup>\u00a0L'adaptation automatique est une d\u00e9riv\u00e9e du signal de la r\u00e9ponse \u00e9voqu\u00e9e, qui doit \u00eatre test\u00e9e afin d'ajuster sa sensibilit\u00e9. Lorsque l'adaptation automatis\u00e9e a \u00e9t\u00e9 activ\u00e9e, apr\u00e8s toutes les mesures de 8 \u00e0 24 heures, l'amplitude de l'impulsion d\u00e9livr\u00e9e est adapt\u00e9e avec une marge de s\u00e9curit\u00e9 programmable entre 0,25 et 2,5 V (nominal = 1,0 V) sans v\u00e9rification cycle par cycle de la capture.\u00a0<\/p>\t\t\t\t\t\t\t\t<\/div>\n\t\t\t\t<\/div>\n\t\t\t\t<\/div>","protected":false},"excerpt":{"rendered":"<p>Abbott &#8211; Left ventricular pacing Content Unipolar lead A CRT-P connected to a unipolar LV lead enable 2 unipolar configurations, including a) distal LV \u00e0 can, and b) distal LV \u00e0 RV ring. However, CRT-D enable only 1 configuration, i.e. distal LV \u00e0 RV coil. Bipolar lead A CRT-P connected to a bipolar lead enables [&hellip;]<\/p>","protected":false},"author":1,"featured_media":0,"parent":47,"menu_order":0,"comment_status":"closed","ping_status":"closed","template":"","meta":{"_acf_changed":false,"footnotes":""},"class_list":["post-655","page","type-page","status-publish","hentry"],"acf":[],"yoast_head":"<!-- This site is optimized with the Yoast SEO plugin v26.8 - https:\/\/yoast.com\/product\/yoast-seo-wordpress\/ -->\n<title>Abbott CRT Left Ventricular Pacing | Cardiocases<\/title>\n<meta name=\"description\" content=\"Abbott CRT left ventricular pacing \u2014 LV lead programming, output optimization &amp; real ECG tracings.\" \/>\n<meta name=\"robots\" content=\"index, follow, max-snippet:-1, max-image-preview:large, max-video-preview:-1\" \/>\n<link rel=\"canonical\" href=\"https:\/\/cardiocases.com\/fr\/pacing-defibrillation\/devices-per-company\/abbott\/left-ventricular-pacing-abbott\/\" \/>\n<meta property=\"og:locale\" content=\"fr_FR\" \/>\n<meta property=\"og:type\" content=\"article\" \/>\n<meta property=\"og:title\" content=\"Abbott CRT Left Ventricular Pacing | Cardiocases\" \/>\n<meta property=\"og:description\" content=\"Abbott CRT left ventricular pacing \u2014 LV lead programming, output optimization &amp; real ECG tracings.\" \/>\n<meta property=\"og:url\" content=\"https:\/\/cardiocases.com\/fr\/pacing-defibrillation\/devices-per-company\/abbott\/left-ventricular-pacing-abbott\/\" \/>\n<meta property=\"og:site_name\" content=\"Cardiocases\" \/>\n<meta property=\"article:modified_time\" content=\"2025-11-15T20:48:40+00:00\" \/>\n<meta property=\"og:image\" content=\"https:\/\/cardiocases.com\/wp-content\/plugins\/elementor\/assets\/images\/placeholder.png\" \/>\n<meta name=\"twitter:card\" content=\"summary_large_image\" \/>\n<meta name=\"twitter:label1\" content=\"Dur\u00e9e de lecture estim\u00e9e\" \/>\n\t<meta name=\"twitter:data1\" content=\"1 minute\" \/>\n<script type=\"application\/ld+json\" class=\"yoast-schema-graph\">{\"@context\":\"https:\/\/schema.org\",\"@graph\":[{\"@type\":\"WebPage\",\"@id\":\"https:\/\/cardiocases.com\/pacing-defibrillation\/devices-per-company\/abbott\/left-ventricular-pacing-abbott\/\",\"url\":\"https:\/\/cardiocases.com\/pacing-defibrillation\/devices-per-company\/abbott\/left-ventricular-pacing-abbott\/\",\"name\":\"Abbott CRT Left Ventricular Pacing | Cardiocases\",\"isPartOf\":{\"@id\":\"https:\/\/cardiocases.com\/#website\"},\"primaryImageOfPage\":{\"@id\":\"https:\/\/cardiocases.com\/pacing-defibrillation\/devices-per-company\/abbott\/left-ventricular-pacing-abbott\/#primaryimage\"},\"image\":{\"@id\":\"https:\/\/cardiocases.com\/pacing-defibrillation\/devices-per-company\/abbott\/left-ventricular-pacing-abbott\/#primaryimage\"},\"thumbnailUrl\":\"https:\/\/cardiocases.com\/wp-content\/plugins\/elementor\/assets\/images\/placeholder.png\",\"datePublished\":\"2025-07-31T14:05:05+00:00\",\"dateModified\":\"2025-11-15T20:48:40+00:00\",\"description\":\"Abbott CRT left ventricular pacing \u2014 LV lead programming, output optimization & real ECG tracings.\",\"breadcrumb\":{\"@id\":\"https:\/\/cardiocases.com\/pacing-defibrillation\/devices-per-company\/abbott\/left-ventricular-pacing-abbott\/#breadcrumb\"},\"inLanguage\":\"fr-FR\",\"potentialAction\":[{\"@type\":\"ReadAction\",\"target\":[\"https:\/\/cardiocases.com\/pacing-defibrillation\/devices-per-company\/abbott\/left-ventricular-pacing-abbott\/\"]}]},{\"@type\":\"ImageObject\",\"inLanguage\":\"fr-FR\",\"@id\":\"https:\/\/cardiocases.com\/pacing-defibrillation\/devices-per-company\/abbott\/left-ventricular-pacing-abbott\/#primaryimage\",\"url\":\"https:\/\/cardiocases.com\/wp-content\/plugins\/elementor\/assets\/images\/placeholder.png\",\"contentUrl\":\"https:\/\/cardiocases.com\/wp-content\/plugins\/elementor\/assets\/images\/placeholder.png\"},{\"@type\":\"BreadcrumbList\",\"@id\":\"https:\/\/cardiocases.com\/pacing-defibrillation\/devices-per-company\/abbott\/left-ventricular-pacing-abbott\/#breadcrumb\",\"itemListElement\":[{\"@type\":\"ListItem\",\"position\":1,\"name\":\"Home\",\"item\":\"https:\/\/cardiocases.com\/\"},{\"@type\":\"ListItem\",\"position\":2,\"name\":\"Pacing &amp; Defibrillation\",\"item\":\"https:\/\/cardiocases.com\/pacing-defibrillation\/\"},{\"@type\":\"ListItem\",\"position\":3,\"name\":\"Devices per company\",\"item\":\"https:\/\/cardiocases.com\/pacing-defibrillation\/devices-per-company\/\"},{\"@type\":\"ListItem\",\"position\":4,\"name\":\"Abbott\",\"item\":\"https:\/\/cardiocases.com\/pacing-defibrillation\/devices-per-company\/abbott\/\"},{\"@type\":\"ListItem\",\"position\":5,\"name\":\"Left ventricular pacing Abbott\"}]},{\"@type\":\"WebSite\",\"@id\":\"https:\/\/cardiocases.com\/#website\",\"url\":\"https:\/\/cardiocases.com\/\",\"name\":\"Cardiocases\",\"description\":\"Real cardiac device traces, pacemaker &amp; ICD learning \u2014 built by electrophysiologists\",\"publisher\":{\"@id\":\"https:\/\/cardiocases.com\/#organization\"},\"potentialAction\":[{\"@type\":\"SearchAction\",\"target\":{\"@type\":\"EntryPoint\",\"urlTemplate\":\"https:\/\/cardiocases.com\/?s={search_term_string}\"},\"query-input\":{\"@type\":\"PropertyValueSpecification\",\"valueRequired\":true,\"valueName\":\"search_term_string\"}}],\"inLanguage\":\"fr-FR\"},{\"@type\":\"Organization\",\"@id\":\"https:\/\/cardiocases.com\/#organization\",\"name\":\"Cardiocases\",\"url\":\"https:\/\/cardiocases.com\/\",\"logo\":{\"@type\":\"ImageObject\",\"inLanguage\":\"fr-FR\",\"@id\":\"https:\/\/cardiocases.com\/#\/schema\/logo\/image\/\",\"url\":\"https:\/\/cardiocases.com\/wp-content\/uploads\/2025\/07\/cardiocases_logo.png\",\"contentUrl\":\"https:\/\/cardiocases.com\/wp-content\/uploads\/2025\/07\/cardiocases_logo.png\",\"width\":1755,\"height\":499,\"caption\":\"Cardiocases\"},\"image\":{\"@id\":\"https:\/\/cardiocases.com\/#\/schema\/logo\/image\/\"},\"sameAs\":[\"https:\/\/www.linkedin.com\/company\/cardiocases\/\"]}]}<\/script>\n<!-- \/ Yoast SEO plugin. -->","yoast_head_json":{"title":"Abbott CRT Left Ventricular Pacing | Cardiocases","description":"Abbott CRT left ventricular pacing \u2014 LV lead programming, output optimization & real ECG tracings.","robots":{"index":"index","follow":"follow","max-snippet":"max-snippet:-1","max-image-preview":"max-image-preview:large","max-video-preview":"max-video-preview:-1"},"canonical":"https:\/\/cardiocases.com\/fr\/pacing-defibrillation\/devices-per-company\/abbott\/left-ventricular-pacing-abbott\/","og_locale":"fr_FR","og_type":"article","og_title":"Abbott CRT Left Ventricular Pacing | Cardiocases","og_description":"Abbott CRT left ventricular pacing \u2014 LV lead programming, output optimization & real ECG tracings.","og_url":"https:\/\/cardiocases.com\/fr\/pacing-defibrillation\/devices-per-company\/abbott\/left-ventricular-pacing-abbott\/","og_site_name":"Cardiocases","article_modified_time":"2025-11-15T20:48:40+00:00","og_image":[{"url":"https:\/\/cardiocases.com\/wp-content\/plugins\/elementor\/assets\/images\/placeholder.png","type":"","width":"","height":""}],"twitter_card":"summary_large_image","twitter_misc":{"Dur\u00e9e de lecture estim\u00e9e":"1 minute"},"schema":{"@context":"https:\/\/schema.org","@graph":[{"@type":"WebPage","@id":"https:\/\/cardiocases.com\/pacing-defibrillation\/devices-per-company\/abbott\/left-ventricular-pacing-abbott\/","url":"https:\/\/cardiocases.com\/pacing-defibrillation\/devices-per-company\/abbott\/left-ventricular-pacing-abbott\/","name":"Abbott CRT Left Ventricular Pacing | Cardiocases","isPartOf":{"@id":"https:\/\/cardiocases.com\/#website"},"primaryImageOfPage":{"@id":"https:\/\/cardiocases.com\/pacing-defibrillation\/devices-per-company\/abbott\/left-ventricular-pacing-abbott\/#primaryimage"},"image":{"@id":"https:\/\/cardiocases.com\/pacing-defibrillation\/devices-per-company\/abbott\/left-ventricular-pacing-abbott\/#primaryimage"},"thumbnailUrl":"https:\/\/cardiocases.com\/wp-content\/plugins\/elementor\/assets\/images\/placeholder.png","datePublished":"2025-07-31T14:05:05+00:00","dateModified":"2025-11-15T20:48:40+00:00","description":"Abbott CRT left ventricular pacing \u2014 LV lead programming, output optimization & real ECG tracings.","breadcrumb":{"@id":"https:\/\/cardiocases.com\/pacing-defibrillation\/devices-per-company\/abbott\/left-ventricular-pacing-abbott\/#breadcrumb"},"inLanguage":"fr-FR","potentialAction":[{"@type":"ReadAction","target":["https:\/\/cardiocases.com\/pacing-defibrillation\/devices-per-company\/abbott\/left-ventricular-pacing-abbott\/"]}]},{"@type":"ImageObject","inLanguage":"fr-FR","@id":"https:\/\/cardiocases.com\/pacing-defibrillation\/devices-per-company\/abbott\/left-ventricular-pacing-abbott\/#primaryimage","url":"https:\/\/cardiocases.com\/wp-content\/plugins\/elementor\/assets\/images\/placeholder.png","contentUrl":"https:\/\/cardiocases.com\/wp-content\/plugins\/elementor\/assets\/images\/placeholder.png"},{"@type":"BreadcrumbList","@id":"https:\/\/cardiocases.com\/pacing-defibrillation\/devices-per-company\/abbott\/left-ventricular-pacing-abbott\/#breadcrumb","itemListElement":[{"@type":"ListItem","position":1,"name":"Home","item":"https:\/\/cardiocases.com\/"},{"@type":"ListItem","position":2,"name":"Pacing &amp; Defibrillation","item":"https:\/\/cardiocases.com\/pacing-defibrillation\/"},{"@type":"ListItem","position":3,"name":"Devices per company","item":"https:\/\/cardiocases.com\/pacing-defibrillation\/devices-per-company\/"},{"@type":"ListItem","position":4,"name":"Abbott","item":"https:\/\/cardiocases.com\/pacing-defibrillation\/devices-per-company\/abbott\/"},{"@type":"ListItem","position":5,"name":"Left ventricular pacing Abbott"}]},{"@type":"WebSite","@id":"https:\/\/cardiocases.com\/#website","url":"https:\/\/cardiocases.com\/","name":"Cardiocases","description":"Real cardiac device traces, pacemaker &amp; ICD learning \u2014 built by electrophysiologists","publisher":{"@id":"https:\/\/cardiocases.com\/#organization"},"potentialAction":[{"@type":"SearchAction","target":{"@type":"EntryPoint","urlTemplate":"https:\/\/cardiocases.com\/?s={search_term_string}"},"query-input":{"@type":"PropertyValueSpecification","valueRequired":true,"valueName":"search_term_string"}}],"inLanguage":"fr-FR"},{"@type":"Organization","@id":"https:\/\/cardiocases.com\/#organization","name":"Cardiocases","url":"https:\/\/cardiocases.com\/","logo":{"@type":"ImageObject","inLanguage":"fr-FR","@id":"https:\/\/cardiocases.com\/#\/schema\/logo\/image\/","url":"https:\/\/cardiocases.com\/wp-content\/uploads\/2025\/07\/cardiocases_logo.png","contentUrl":"https:\/\/cardiocases.com\/wp-content\/uploads\/2025\/07\/cardiocases_logo.png","width":1755,"height":499,"caption":"Cardiocases"},"image":{"@id":"https:\/\/cardiocases.com\/#\/schema\/logo\/image\/"},"sameAs":["https:\/\/www.linkedin.com\/company\/cardiocases\/"]}]}},"_links":{"self":[{"href":"https:\/\/cardiocases.com\/fr\/wp-json\/wp\/v2\/pages\/655","targetHints":{"allow":["GET"]}}],"collection":[{"href":"https:\/\/cardiocases.com\/fr\/wp-json\/wp\/v2\/pages"}],"about":[{"href":"https:\/\/cardiocases.com\/fr\/wp-json\/wp\/v2\/types\/page"}],"author":[{"embeddable":true,"href":"https:\/\/cardiocases.com\/fr\/wp-json\/wp\/v2\/users\/1"}],"replies":[{"embeddable":true,"href":"https:\/\/cardiocases.com\/fr\/wp-json\/wp\/v2\/comments?post=655"}],"version-history":[{"count":0,"href":"https:\/\/cardiocases.com\/fr\/wp-json\/wp\/v2\/pages\/655\/revisions"}],"up":[{"embeddable":true,"href":"https:\/\/cardiocases.com\/fr\/wp-json\/wp\/v2\/pages\/47"}],"wp:attachment":[{"href":"https:\/\/cardiocases.com\/fr\/wp-json\/wp\/v2\/media?parent=655"}],"curies":[{"name":"wp","href":"https:\/\/api.w.org\/{rel}","templated":true}]}}