{"id":58,"date":"2025-07-07T12:13:59","date_gmt":"2025-07-07T12:13:59","guid":{"rendered":"https:\/\/cardiocases.com\/?page_id=58"},"modified":"2025-08-21T08:46:16","modified_gmt":"2025-08-21T08:46:16","slug":"ilr","status":"publish","type":"page","link":"https:\/\/cardiocases.com\/fr\/pacing-defibrillation\/basic-concepts\/ilr\/","title":{"rendered":"ILR"},"content":{"rendered":"<div data-elementor-type=\"wp-page\" data-elementor-id=\"58\" class=\"elementor elementor-58\" data-elementor-post-type=\"page\">\n\t\t\t\t<div class=\"elementor-element elementor-element-10fab32 e-flex e-con-boxed e-con e-parent\" data-id=\"10fab32\" data-element_type=\"container\">\n\t\t\t\t\t<div class=\"e-con-inner\">\n\t\t\t\t<div class=\"elementor-element elementor-element-d2bb6a5 elementor-widget elementor-widget-heading\" data-id=\"d2bb6a5\" data-element_type=\"widget\" data-widget_type=\"heading.default\">\n\t\t\t\t\t<h2 class=\"elementor-heading-title elementor-size-default\">Enregistreur \u00e0 boucle implantable<\/h2>\t\t\t\t<\/div>\n\t\t\t\t\t<\/div>\n\t\t\t\t<\/div>\n\t\t<div class=\"elementor-element elementor-element-cae4a7e e-flex e-con-boxed e-con e-parent\" data-id=\"cae4a7e\" data-element_type=\"container\">\n\t\t\t\t\t<div class=\"e-con-inner\">\n\t\t\t\t<div class=\"elementor-element elementor-element-da4b00f elementor-toc--minimized-on-tablet elementor-widget elementor-widget-table-of-contents\" data-id=\"da4b00f\" data-element_type=\"widget\" data-settings=\"{&quot;headings_by_tags&quot;:[&quot;h3&quot;,&quot;h4&quot;,&quot;h5&quot;,&quot;h6&quot;],&quot;exclude_headings_by_selector&quot;:[],&quot;no_headings_message&quot;:&quot;No headings were found on this page.&quot;,&quot;marker_view&quot;:&quot;bullets&quot;,&quot;icon&quot;:{&quot;value&quot;:&quot;fas fa-circle&quot;,&quot;library&quot;:&quot;fa-solid&quot;,&quot;rendered_tag&quot;:&quot;&lt;svg class=\\&quot;e-font-icon-svg e-fas-circle\\&quot; viewBox=\\&quot;0 0 512 512\\&quot; xmlns=\\&quot;http:\\\/\\\/www.w3.org\\\/2000\\\/svg\\&quot;&gt;&lt;path d=\\&quot;M256 8C119 8 8 119 8 256s111 248 248 248 248-111 248-248S393 8 256 8z\\&quot;&gt;&lt;\\\/path&gt;&lt;\\\/svg&gt;&quot;},&quot;minimize_box&quot;:&quot;yes&quot;,&quot;minimized_on&quot;:&quot;tablet&quot;,&quot;hierarchical_view&quot;:&quot;yes&quot;,&quot;min_height&quot;:{&quot;unit&quot;:&quot;px&quot;,&quot;size&quot;:&quot;&quot;,&quot;sizes&quot;:[]},&quot;min_height_tablet&quot;:{&quot;unit&quot;:&quot;px&quot;,&quot;size&quot;:&quot;&quot;,&quot;sizes&quot;:[]},&quot;min_height_mobile&quot;:{&quot;unit&quot;:&quot;px&quot;,&quot;size&quot;:&quot;&quot;,&quot;sizes&quot;:[]}}\" data-widget_type=\"table-of-contents.default\">\n\t\t\t\t\t\t\t\t\t<div class=\"elementor-toc__header\">\n\t\t\t\t\t\t<h4 class=\"elementor-toc__header-title\">\n\t\t\t\tG\u00e9n\u00e9ralit\u00e9s\t\t\t<\/h4>\n\t\t\t\t\t\t\t\t\t\t<div class=\"elementor-toc__toggle-button elementor-toc__toggle-button--expand\" role=\"button\" tabindex=\"0\" aria-controls=\"elementor-toc__da4b00f\" aria-expanded=\"true\" aria-label=\"Ouvrir la table des mati\u00e8res\"><svg aria-hidden=\"true\" class=\"e-font-icon-svg e-fas-chevron-down\" viewbox=\"0 0 448 512\" xmlns=\"http:\/\/www.w3.org\/2000\/svg\"><path d=\"M207.029 381.476L12.686 187.132c-9.373-9.373-9.373-24.569 0-33.941l22.667-22.667c9.357-9.357 24.522-9.375 33.901-.04L224 284.505l154.745-154.021c9.379-9.335 24.544-9.317 33.901.04l22.667 22.667c9.373 9.373 9.373 24.569 0 33.941L240.971 381.476c-9.373 9.372-24.569 9.372-33.942 0z\"><\/path><\/svg><\/div>\n\t\t\t\t<div class=\"elementor-toc__toggle-button elementor-toc__toggle-button--collapse\" role=\"button\" tabindex=\"0\" aria-controls=\"elementor-toc__da4b00f\" aria-expanded=\"true\" aria-label=\"Fermer la table des mati\u00e8res\"><svg aria-hidden=\"true\" class=\"e-font-icon-svg e-fas-chevron-up\" viewbox=\"0 0 448 512\" xmlns=\"http:\/\/www.w3.org\/2000\/svg\"><path d=\"M240.971 130.524l194.343 194.343c9.373 9.373 9.373 24.569 0 33.941l-22.667 22.667c-9.357 9.357-24.522 9.375-33.901.04L224 227.495 69.255 381.516c-9.379 9.335-24.544 9.317-33.901-.04l-22.667-22.667c-9.373-9.373-9.373-24.569 0-33.941L207.03 130.525c9.372-9.373 24.568-9.373 33.941-.001z\"><\/path><\/svg><\/div>\n\t\t\t\t\t<\/div>\n\t\t\t\t<div id=\"elementor-toc__da4b00f\" class=\"elementor-toc__body\">\n\t\t\t<div class=\"elementor-toc__spinner-container\">\n\t\t\t\t<svg class=\"elementor-toc__spinner eicon-animation-spin e-font-icon-svg e-eicon-loading\" aria-hidden=\"true\" viewbox=\"0 0 1000 1000\" xmlns=\"http:\/\/www.w3.org\/2000\/svg\"><path d=\"M500 975V858C696 858 858 696 858 500S696 142 500 142 142 304 142 500H25C25 237 238 25 500 25S975 237 975 500 763 975 500 975Z\"><\/path><\/svg>\t\t\t<\/div>\n\t\t<\/div>\n\t\t\t\t\t\t<\/div>\n\t\t\t\t\t<\/div>\n\t\t\t\t<\/div>\n\t\t<div class=\"elementor-element elementor-element-5e47719 e-flex e-con-boxed e-con e-parent\" data-id=\"5e47719\" data-element_type=\"container\">\n\t\t\t\t\t<div class=\"e-con-inner\">\n\t\t\t\t<div class=\"elementor-element elementor-element-5f12f4b elementor-widget elementor-widget-heading\" data-id=\"5f12f4b\" data-element_type=\"widget\" data-widget_type=\"heading.default\">\n\t\t\t\t\t<h3 class=\"elementor-heading-title elementor-size-default\">Informations g\u00e9n\u00e9rales<\/h3>\t\t\t\t<\/div>\n\t\t<div class=\"elementor-element elementor-element-03174e6 e-grid e-con-full e-con e-child\" data-id=\"03174e6\" data-element_type=\"container\">\n\t\t\t\t<\/div>\n\t\t\t\t\t<\/div>\n\t\t\t\t<\/div>\n\t\t<div class=\"elementor-element elementor-element-52a6a6a e-flex e-con-boxed e-con e-parent\" data-id=\"52a6a6a\" data-element_type=\"container\">\n\t\t\t\t\t<div class=\"e-con-inner\">\n\t\t\t\t<div class=\"elementor-element elementor-element-1a136ac elementor-widget elementor-widget-heading\" data-id=\"1a136ac\" data-element_type=\"widget\" data-widget_type=\"heading.default\">\n\t\t\t\t\t<h3 class=\"elementor-heading-title elementor-size-default\">Informations sp\u00e9cifiques \u00e0 la marque<\/h3>\t\t\t\t<\/div>\n\t\t<div class=\"elementor-element elementor-element-6137bc7 e-grid e-con-full e-con e-child\" data-id=\"6137bc7\" data-element_type=\"container\">\n\t\t\t\t<div class=\"elementor-element elementor-element-34ff4f9 elementor-widget elementor-widget-text-editor\" data-id=\"34ff4f9\" data-element_type=\"widget\" data-widget_type=\"text-editor.default\">\n\t\t\t\t\t\t\t\t\t<h6><strong>Medtronic<\/strong><\/h6><ul><li><a href=\"\/fr\/reveal-dx-reveal-xt-medtronic\/\">Reveal DX \/ Reveal XT<\/a><\/li><\/ul>\t\t\t\t\t\t\t\t<\/div>\n\t\t\t\t<\/div>\n\t\t\t\t\t<\/div>\n\t\t\t\t<\/div>\n\t\t\t\t<\/div>","protected":false},"excerpt":{"rendered":"<p>Implantable Loop Recorder Content General information Brand specific information Medtronic Reveal DX \/ Reveal XT<\/p>","protected":false},"author":1,"featured_media":0,"parent":2072,"menu_order":0,"comment_status":"closed","ping_status":"closed","template":"","meta":{"_acf_changed":false,"footnotes":""},"class_list":["post-58","page","type-page","status-publish","hentry"],"acf":[],"yoast_head":"<!-- This site is optimized with the Yoast SEO plugin v26.8 - https:\/\/yoast.com\/product\/yoast-seo-wordpress\/ -->\n<title>Implantable Loop Recorder (ILR) Guide | Cardiocases<\/title>\n<meta name=\"description\" content=\"ILR programming, detection &amp; ECG tracings \u2014 Medtronic Reveal, BioMonitor &amp; Linq. Clinical guide by electrophysiologists.\" \/>\n<meta name=\"robots\" content=\"index, follow, max-snippet:-1, max-image-preview:large, max-video-preview:-1\" \/>\n<link rel=\"canonical\" href=\"https:\/\/cardiocases.com\/fr\/pacing-defibrillation\/basic-concepts\/ilr\/\" \/>\n<meta property=\"og:locale\" content=\"fr_FR\" \/>\n<meta property=\"og:type\" content=\"article\" \/>\n<meta property=\"og:title\" content=\"Implantable Loop Recorder (ILR) Guide | Cardiocases\" \/>\n<meta property=\"og:description\" content=\"ILR programming, detection &amp; ECG tracings \u2014 Medtronic Reveal, BioMonitor &amp; Linq. Clinical guide by electrophysiologists.\" \/>\n<meta property=\"og:url\" content=\"https:\/\/cardiocases.com\/fr\/pacing-defibrillation\/basic-concepts\/ilr\/\" \/>\n<meta property=\"og:site_name\" content=\"Cardiocases\" \/>\n<meta property=\"article:modified_time\" content=\"2025-08-21T08:46:16+00:00\" \/>\n<meta name=\"twitter:card\" content=\"summary_large_image\" \/>\n<script type=\"application\/ld+json\" class=\"yoast-schema-graph\">{\"@context\":\"https:\/\/schema.org\",\"@graph\":[{\"@type\":\"WebPage\",\"@id\":\"https:\/\/cardiocases.com\/pacing-defibrillation\/basic-concepts\/ilr\/\",\"url\":\"https:\/\/cardiocases.com\/pacing-defibrillation\/basic-concepts\/ilr\/\",\"name\":\"Implantable Loop Recorder (ILR) Guide | Cardiocases\",\"isPartOf\":{\"@id\":\"https:\/\/cardiocases.com\/#website\"},\"datePublished\":\"2025-07-07T12:13:59+00:00\",\"dateModified\":\"2025-08-21T08:46:16+00:00\",\"description\":\"ILR programming, detection & ECG tracings \u2014 Medtronic Reveal, BioMonitor & Linq. Clinical guide by electrophysiologists.\",\"breadcrumb\":{\"@id\":\"https:\/\/cardiocases.com\/pacing-defibrillation\/basic-concepts\/ilr\/#breadcrumb\"},\"inLanguage\":\"fr-FR\",\"potentialAction\":[{\"@type\":\"ReadAction\",\"target\":[\"https:\/\/cardiocases.com\/pacing-defibrillation\/basic-concepts\/ilr\/\"]}]},{\"@type\":\"BreadcrumbList\",\"@id\":\"https:\/\/cardiocases.com\/pacing-defibrillation\/basic-concepts\/ilr\/#breadcrumb\",\"itemListElement\":[{\"@type\":\"ListItem\",\"position\":1,\"name\":\"Home\",\"item\":\"https:\/\/cardiocases.com\/\"},{\"@type\":\"ListItem\",\"position\":2,\"name\":\"Pacing &amp; Defibrillation\",\"item\":\"https:\/\/cardiocases.com\/pacing-defibrillation\/\"},{\"@type\":\"ListItem\",\"position\":3,\"name\":\"Basic concepts\",\"item\":\"https:\/\/cardiocases.com\/pacing-defibrillation\/basic-concepts\/\"},{\"@type\":\"ListItem\",\"position\":4,\"name\":\"ILR\"}]},{\"@type\":\"WebSite\",\"@id\":\"https:\/\/cardiocases.com\/#website\",\"url\":\"https:\/\/cardiocases.com\/\",\"name\":\"Cardiocases\",\"description\":\"Real cardiac device traces, pacemaker &amp; ICD learning \u2014 built by electrophysiologists\",\"publisher\":{\"@id\":\"https:\/\/cardiocases.com\/#organization\"},\"potentialAction\":[{\"@type\":\"SearchAction\",\"target\":{\"@type\":\"EntryPoint\",\"urlTemplate\":\"https:\/\/cardiocases.com\/?s={search_term_string}\"},\"query-input\":{\"@type\":\"PropertyValueSpecification\",\"valueRequired\":true,\"valueName\":\"search_term_string\"}}],\"inLanguage\":\"fr-FR\"},{\"@type\":\"Organization\",\"@id\":\"https:\/\/cardiocases.com\/#organization\",\"name\":\"Cardiocases\",\"url\":\"https:\/\/cardiocases.com\/\",\"logo\":{\"@type\":\"ImageObject\",\"inLanguage\":\"fr-FR\",\"@id\":\"https:\/\/cardiocases.com\/#\/schema\/logo\/image\/\",\"url\":\"https:\/\/cardiocases.com\/wp-content\/uploads\/2025\/07\/cardiocases_logo.png\",\"contentUrl\":\"https:\/\/cardiocases.com\/wp-content\/uploads\/2025\/07\/cardiocases_logo.png\",\"width\":1755,\"height\":499,\"caption\":\"Cardiocases\"},\"image\":{\"@id\":\"https:\/\/cardiocases.com\/#\/schema\/logo\/image\/\"},\"sameAs\":[\"https:\/\/www.linkedin.com\/company\/cardiocases\/\"]}]}<\/script>\n<!-- \/ Yoast SEO plugin. -->","yoast_head_json":{"title":"Implantable Loop Recorder (ILR) Guide | Cardiocases","description":"ILR programming, detection & ECG tracings \u2014 Medtronic Reveal, BioMonitor & Linq. Clinical guide by electrophysiologists.","robots":{"index":"index","follow":"follow","max-snippet":"max-snippet:-1","max-image-preview":"max-image-preview:large","max-video-preview":"max-video-preview:-1"},"canonical":"https:\/\/cardiocases.com\/fr\/pacing-defibrillation\/basic-concepts\/ilr\/","og_locale":"fr_FR","og_type":"article","og_title":"Implantable Loop Recorder (ILR) Guide | Cardiocases","og_description":"ILR programming, detection & ECG tracings \u2014 Medtronic Reveal, BioMonitor & Linq. Clinical guide by electrophysiologists.","og_url":"https:\/\/cardiocases.com\/fr\/pacing-defibrillation\/basic-concepts\/ilr\/","og_site_name":"Cardiocases","article_modified_time":"2025-08-21T08:46:16+00:00","twitter_card":"summary_large_image","schema":{"@context":"https:\/\/schema.org","@graph":[{"@type":"WebPage","@id":"https:\/\/cardiocases.com\/pacing-defibrillation\/basic-concepts\/ilr\/","url":"https:\/\/cardiocases.com\/pacing-defibrillation\/basic-concepts\/ilr\/","name":"Implantable Loop Recorder (ILR) Guide | Cardiocases","isPartOf":{"@id":"https:\/\/cardiocases.com\/#website"},"datePublished":"2025-07-07T12:13:59+00:00","dateModified":"2025-08-21T08:46:16+00:00","description":"ILR programming, detection & ECG tracings \u2014 Medtronic Reveal, BioMonitor & Linq. Clinical guide by electrophysiologists.","breadcrumb":{"@id":"https:\/\/cardiocases.com\/pacing-defibrillation\/basic-concepts\/ilr\/#breadcrumb"},"inLanguage":"fr-FR","potentialAction":[{"@type":"ReadAction","target":["https:\/\/cardiocases.com\/pacing-defibrillation\/basic-concepts\/ilr\/"]}]},{"@type":"BreadcrumbList","@id":"https:\/\/cardiocases.com\/pacing-defibrillation\/basic-concepts\/ilr\/#breadcrumb","itemListElement":[{"@type":"ListItem","position":1,"name":"Home","item":"https:\/\/cardiocases.com\/"},{"@type":"ListItem","position":2,"name":"Pacing &amp; Defibrillation","item":"https:\/\/cardiocases.com\/pacing-defibrillation\/"},{"@type":"ListItem","position":3,"name":"Basic concepts","item":"https:\/\/cardiocases.com\/pacing-defibrillation\/basic-concepts\/"},{"@type":"ListItem","position":4,"name":"ILR"}]},{"@type":"WebSite","@id":"https:\/\/cardiocases.com\/#website","url":"https:\/\/cardiocases.com\/","name":"Cardiocases","description":"Real cardiac device traces, pacemaker &amp; ICD learning \u2014 built by electrophysiologists","publisher":{"@id":"https:\/\/cardiocases.com\/#organization"},"potentialAction":[{"@type":"SearchAction","target":{"@type":"EntryPoint","urlTemplate":"https:\/\/cardiocases.com\/?s={search_term_string}"},"query-input":{"@type":"PropertyValueSpecification","valueRequired":true,"valueName":"search_term_string"}}],"inLanguage":"fr-FR"},{"@type":"Organization","@id":"https:\/\/cardiocases.com\/#organization","name":"Cardiocases","url":"https:\/\/cardiocases.com\/","logo":{"@type":"ImageObject","inLanguage":"fr-FR","@id":"https:\/\/cardiocases.com\/#\/schema\/logo\/image\/","url":"https:\/\/cardiocases.com\/wp-content\/uploads\/2025\/07\/cardiocases_logo.png","contentUrl":"https:\/\/cardiocases.com\/wp-content\/uploads\/2025\/07\/cardiocases_logo.png","width":1755,"height":499,"caption":"Cardiocases"},"image":{"@id":"https:\/\/cardiocases.com\/#\/schema\/logo\/image\/"},"sameAs":["https:\/\/www.linkedin.com\/company\/cardiocases\/"]}]}},"_links":{"self":[{"href":"https:\/\/cardiocases.com\/fr\/wp-json\/wp\/v2\/pages\/58","targetHints":{"allow":["GET"]}}],"collection":[{"href":"https:\/\/cardiocases.com\/fr\/wp-json\/wp\/v2\/pages"}],"about":[{"href":"https:\/\/cardiocases.com\/fr\/wp-json\/wp\/v2\/types\/page"}],"author":[{"embeddable":true,"href":"https:\/\/cardiocases.com\/fr\/wp-json\/wp\/v2\/users\/1"}],"replies":[{"embeddable":true,"href":"https:\/\/cardiocases.com\/fr\/wp-json\/wp\/v2\/comments?post=58"}],"version-history":[{"count":0,"href":"https:\/\/cardiocases.com\/fr\/wp-json\/wp\/v2\/pages\/58\/revisions"}],"up":[{"embeddable":true,"href":"https:\/\/cardiocases.com\/fr\/wp-json\/wp\/v2\/pages\/2072"}],"wp:attachment":[{"href":"https:\/\/cardiocases.com\/fr\/wp-json\/wp\/v2\/media?parent=58"}],"curies":[{"name":"wp","href":"https:\/\/api.w.org\/{rel}","templated":true}]}}