{"id":490,"date":"2025-07-31T09:11:45","date_gmt":"2025-07-31T09:11:45","guid":{"rendered":"https:\/\/cardiocases.com\/?page_id=490"},"modified":"2026-01-07T17:39:26","modified_gmt":"2026-01-07T17:39:26","slug":"privacy-policy-2","status":"publish","type":"page","link":"https:\/\/cardiocases.com\/fr\/privacy-policy-2\/","title":{"rendered":"Politique de Confidentialit\u00e9"},"content":{"rendered":"<div data-elementor-type=\"wp-page\" data-elementor-id=\"490\" class=\"elementor elementor-490\" data-elementor-post-type=\"page\">\n\t\t\t\t<div class=\"elementor-element elementor-element-34eb3c7 e-flex e-con-boxed e-con e-parent\" data-id=\"34eb3c7\" data-element_type=\"container\">\n\t\t\t\t\t<div class=\"e-con-inner\">\n\t\t\t\t<div class=\"elementor-element elementor-element-e794e15 elementor-widget elementor-widget-heading\" data-id=\"e794e15\" data-element_type=\"widget\" data-widget_type=\"heading.default\">\n\t\t\t\t\t<h2 class=\"elementor-heading-title elementor-size-default\">Politique de Confidentialit\u00e9<\/h2>\t\t\t\t<\/div>\n\t\t\t\t\t<\/div>\n\t\t\t\t<\/div>\n\t\t<div class=\"elementor-element elementor-element-f1f7ded e-flex e-con-boxed e-con e-parent\" data-id=\"f1f7ded\" data-element_type=\"container\">\n\t\t\t\t\t<div class=\"e-con-inner\">\n\t\t\t\t<div class=\"elementor-element elementor-element-fe3839a elementor-widget elementor-widget-text-editor\" data-id=\"fe3839a\" data-element_type=\"widget\" data-widget_type=\"text-editor.default\">\n\t\t\t\t\t\t\t\t\t<h4><strong>Respect des lois et r\u00e8glements<\/strong><\/h4><p><a href=\"https:\/\/www.cardiocases.com\/en\">www.cardiocases.com<\/a>\u00a0est produit \u00e0 Bordeaux, en France, et est compatible avec les lois fran\u00e7aises et internationales. Il est la propri\u00e9t\u00e9 des \u00e9ditions Stimuprat.<\/p><p>Lorsque vous utilisez www.cardiocases.com, vous \u00eates tenu de vous conformer \u00e0 toutes les dispositions l\u00e9gales et r\u00e9glementaires applicables, y compris :<\/p><p>Les r\u00e8gles applicables en mati\u00e8re de droits d'auteur et de propri\u00e9t\u00e9 industrielle pour les cr\u00e9ations multim\u00e9dias, les logiciels, les textes, les articles, les photos, les marques, les bases de donn\u00e9es et les images de toutes sortes.<\/p><p>Le nom et la marque \u201cstimuprat\u201d et \u201c.\u201c<a href=\"https:\/\/www.cardiocases.com\/en\">www.cardiocases.com<\/a>\u201dLes \u201c noms de domaine \" ont \u00e9t\u00e9 enregistr\u00e9s en vertu de la loi fran\u00e7aise et sont prot\u00e9g\u00e9s au niveau international. Si vous souhaitez utiliser notre nom de domaine \"<a href=\"https:\/\/www.cardiocases.com\/en\">www.cardiocases.com<\/a>\u201dou le nom commercial et la marque, vous devez d'abord obtenir notre autorisation pr\u00e9alable.<\/p><p>Tout lien vers notre site doit faire l'objet d'une autorisation pr\u00e9alable.<\/p><p>Les \u00e9ditions Stimuprat sont titulaires de tous les droits de propri\u00e9t\u00e9 intellectuelle ou industrielle relatifs au contenu du site \u201c<a href=\"https:\/\/www.cardiocases.com\/en\">www.cardiocases.com<\/a>\u201c.<\/p><p>En particulier, les illustrations sont originales et les vid\u00e9os ont \u00e9t\u00e9 sp\u00e9cialement enregistr\u00e9es pour \u00eatre utilis\u00e9es sur \u201c<a href=\"https:\/\/www.cardiocases.com\/en\">www.cardiocases.com<\/a>\u201c. Les droits sur les textes \u00e9crits par les auteurs ont \u00e9galement \u00e9t\u00e9 c\u00e9d\u00e9s \u00e0 Stimuprat Editions. Si vous utilisez des informations sur \u201c<a href=\"https:\/\/www.cardiocases.com\/en\">www.cardiocases.com<\/a>\u201cvous devez obtenir notre accord \u00e9crit pr\u00e9alable avant toute distribution de ce document.<\/p><p>A cette fin, rappelle que toute indication de l'existence de droits ne peut \u00eatre supprim\u00e9e, et que toute reproduction totale ou partielle sans autorisation constitue une violation.<\/p><p>En outre, il vous est interdit de proc\u00e9der \u00e0 une extraction qualitative ou quantitative significative de \u201c<a href=\"https:\/\/www.cardiocases.com\/en\">www.cardiocases.com<\/a>\u201dou d'utiliser les bases de donn\u00e9es dans un contexte anormal.<\/p><p>\u00a0<\/p><h4><strong>Utilisation du forum de tra\u00e7age<\/strong><\/h4><p>L'utilisation du Forum doit se faire dans le strict respect des r\u00e8gles suivantes :<\/p><ul><li>Les trac\u00e9s doivent \u00eatre rendus anonymes avant d'\u00eatre publi\u00e9s. Aucune information ne doit \u00eatre utilis\u00e9e pour identifier les patients<\/li><li>Les trac\u00e9s et les commentaires affich\u00e9s le sont \u00e0 des fins p\u00e9dagogiques uniquement et les informations qu'ils contiennent ne constituent pas une consultation m\u00e9dicale, directe ou indirecte.<\/li><li>L'utilisateur ne doit pas utiliser les informations disponibles sur\u00a0<a href=\"https:\/\/www.cardiocases.com\/en\">www.cardiocases.com<\/a>\u00a0pour formuler un diagnostic.<\/li><li>Les opinions et les commentaires sont de la seule responsabilit\u00e9 des auteurs et non de celle de la Commission.\u00a0<a href=\"https:\/\/www.cardiocases.com\/en\">www.cardiocases.com<\/a><\/li><li>L'utilisation du Forum par un membre du\u00a0<a href=\"https:\/\/www.cardiocases.com\/en\">www.cardiocases.com<\/a>\u00a0exige l'acceptation des pr\u00e9sentes conditions d'utilisation.<\/li><\/ul><p>\u00a0<\/p><h4><strong>R\u00e8glement sur le traitement automatis\u00e9 des donn\u00e9es \u00e0 caract\u00e8re personnel<\/strong><\/h4><ul><li>les r\u00e8gles d'ordre public, telles que celles relatives \u00e0 tout contenu pornographique, raciste ou ill\u00e9gal susceptible de porter pr\u00e9judice \u00e0 un autre utilisateur d'Internet ou de nuire \u00e0 la sant\u00e9 publique.\u00a0<a href=\"http:\/\/www.cardiocases.xn--coms-x96a\/\">www.cardiocases.com's<\/a>\u00a0l'image de marque, par le biais de messages, de textes ou d'images provocants.<\/li><li>R\u00e9glementation relative \u00e0 la vie priv\u00e9e des personnes, qu'il s'agisse d'utilisateurs d'Internet connect\u00e9s \u00e0 des r\u00e9seaux de t\u00e9l\u00e9phonie mobile ou \u00e0 d'autres r\u00e9seaux.\u201c<a href=\"https:\/\/www.cardiocases.com\/en\">www.cardiocases.com<\/a>\u201dou des tiers<\/li><\/ul><p>A ce titre, vous vous engagez \u00e0 ne pas envoyer, via les services interactifs qui vous sont propos\u00e9s, de messages insultants, offensants, d\u00e9nigrants ou d\u00e9gradants ou de messages qui ne sont pas en rapport avec les questions soulev\u00e9es.<\/p><p>\u00a0<\/p><h4><strong>R\u00e8glement sur les droits de la presse<\/strong><\/h4><p>Sur cette base, vous vous abstenez de toute diffamation ou insulte \u00e0 l'encontre d'internautes en ligne ou de tiers.<\/p><p>\u00a0<\/p><h4><strong>R\u00e8glement sur la fraude informatique<\/strong><\/h4><p>A ce titre, vous devez vous abstenir de tout acte de piratage d'un syst\u00e8me de traitement automatis\u00e9 de donn\u00e9es ou de toute modification partielle ou totale des \u00e9l\u00e9ments qu'il contient. Vous \u00eates inform\u00e9 que toute personne qui commettrait de tels actes s'exposerait \u00e0 des poursuites judiciaires.<\/p><p>Plus particuli\u00e8rement, dans le cadre des services interactifs, Stimuprat se r\u00e9serve le droit de supprimer, imm\u00e9diatement et sans mise en demeure pr\u00e9alable, tout contenu de quelque nature que ce soit, ainsi que tout message, photographie ou graphique qui contreviendrait aux lois et r\u00e8glements en vigueur et \u00e0 la r\u00e9glementation pr\u00e9cit\u00e9e.<\/p><p>\u00a0<\/p><h4><strong>Articles<\/strong><\/h4><p>Le r\u00e8glement de propri\u00e9t\u00e9 intellectuelle sous r\u00e9serve des dispositions de l'article l. 122-5. 2 et 3 a) n'autorisent que les copies ou reproductions strictement r\u00e9serv\u00e9es \u00e0 l'usage priv\u00e9 mais non destin\u00e9es \u00e0 une utilisation collective, les analyses et les courtes citations dans un but d'exemple et d'illustration et pr\u00e9cisent que toute reproduction totale ou partielle faite sans l'autorisation pr\u00e9alable de l'auteur et de ses ayants droit constitue une contrefa\u00e7on (art. l. 122-4). Cette repr\u00e9sentation ou reproduction, par quelque proc\u00e9d\u00e9 que ce soit, constituerait une contrefa\u00e7on au sens des articles l. 335-2 et suivants du Code de la propri\u00e9t\u00e9 intellectuelle.<\/p>\t\t\t\t\t\t\t\t<\/div>\n\t\t\t\t\t<\/div>\n\t\t\t\t<\/div>\n\t\t\t\t<\/div>","protected":false},"excerpt":{"rendered":"<p>Politique de confidentialit\u00e9 Respect des lois et r\u00e8glements www.cardiocases.com est produit \u00e0 Bordeaux, France et est compatible avec les lois fran\u00e7aises et internationales. Il est la propri\u00e9t\u00e9 des \u00e9ditions Stimuprat. En utilisant www.cardiocases.com, vous \u00eates tenu de respecter l'ensemble des dispositions l\u00e9gales et r\u00e9glementaires applicables, notamment : Les r\u00e8gles applicables en mati\u00e8re de droit d'auteur et de propri\u00e9t\u00e9 industrielle pour les cr\u00e9ations multim\u00e9dias, les logiciels, les textes, les articles, [...]<\/p>","protected":false},"author":1,"featured_media":0,"parent":0,"menu_order":0,"comment_status":"closed","ping_status":"closed","template":"","meta":{"_acf_changed":false,"footnotes":""},"class_list":["post-490","page","type-page","status-publish","hentry"],"acf":[],"yoast_head":"<!-- This site is optimized with the Yoast SEO plugin v26.8 - https:\/\/yoast.com\/product\/yoast-seo-wordpress\/ -->\n<title>Privacy policy - Cardiocases<\/title>\n<meta name=\"description\" content=\"Privacy policy\" \/>\n<meta name=\"robots\" content=\"index, follow, max-snippet:-1, max-image-preview:large, max-video-preview:-1\" \/>\n<link rel=\"canonical\" href=\"https:\/\/cardiocases.com\/fr\/privacy-policy-2\/\" \/>\n<meta property=\"og:locale\" content=\"fr_FR\" \/>\n<meta property=\"og:type\" content=\"article\" \/>\n<meta property=\"og:title\" content=\"Privacy policy - Cardiocases\" \/>\n<meta property=\"og:description\" content=\"Privacy policy\" \/>\n<meta property=\"og:url\" content=\"https:\/\/cardiocases.com\/fr\/privacy-policy-2\/\" \/>\n<meta property=\"og:site_name\" content=\"Cardiocases\" \/>\n<meta property=\"article:modified_time\" content=\"2026-01-07T17:39:26+00:00\" \/>\n<meta name=\"twitter:card\" content=\"summary_large_image\" \/>\n<meta name=\"twitter:label1\" content=\"Dur\u00e9e de lecture estim\u00e9e\" \/>\n\t<meta name=\"twitter:data1\" content=\"3 minutes\" \/>\n<script type=\"application\/ld+json\" class=\"yoast-schema-graph\">{\"@context\":\"https:\/\/schema.org\",\"@graph\":[{\"@type\":\"WebPage\",\"@id\":\"https:\/\/cardiocases.com\/privacy-policy-2\/\",\"url\":\"https:\/\/cardiocases.com\/privacy-policy-2\/\",\"name\":\"Privacy policy - Cardiocases\",\"isPartOf\":{\"@id\":\"https:\/\/cardiocases.com\/#website\"},\"datePublished\":\"2025-07-31T09:11:45+00:00\",\"dateModified\":\"2026-01-07T17:39:26+00:00\",\"description\":\"Privacy policy\",\"breadcrumb\":{\"@id\":\"https:\/\/cardiocases.com\/privacy-policy-2\/#breadcrumb\"},\"inLanguage\":\"fr-FR\",\"potentialAction\":[{\"@type\":\"ReadAction\",\"target\":[\"https:\/\/cardiocases.com\/privacy-policy-2\/\"]}]},{\"@type\":\"BreadcrumbList\",\"@id\":\"https:\/\/cardiocases.com\/privacy-policy-2\/#breadcrumb\",\"itemListElement\":[{\"@type\":\"ListItem\",\"position\":1,\"name\":\"Home\",\"item\":\"https:\/\/cardiocases.com\/\"},{\"@type\":\"ListItem\",\"position\":2,\"name\":\"Privacy policy\"}]},{\"@type\":\"WebSite\",\"@id\":\"https:\/\/cardiocases.com\/#website\",\"url\":\"https:\/\/cardiocases.com\/\",\"name\":\"Cardiocases\",\"description\":\"Real cardiac device traces, pacemaker &amp; ICD learning \u2014 built by electrophysiologists\",\"publisher\":{\"@id\":\"https:\/\/cardiocases.com\/#organization\"},\"potentialAction\":[{\"@type\":\"SearchAction\",\"target\":{\"@type\":\"EntryPoint\",\"urlTemplate\":\"https:\/\/cardiocases.com\/?s={search_term_string}\"},\"query-input\":{\"@type\":\"PropertyValueSpecification\",\"valueRequired\":true,\"valueName\":\"search_term_string\"}}],\"inLanguage\":\"fr-FR\"},{\"@type\":\"Organization\",\"@id\":\"https:\/\/cardiocases.com\/#organization\",\"name\":\"Cardiocases\",\"url\":\"https:\/\/cardiocases.com\/\",\"logo\":{\"@type\":\"ImageObject\",\"inLanguage\":\"fr-FR\",\"@id\":\"https:\/\/cardiocases.com\/#\/schema\/logo\/image\/\",\"url\":\"https:\/\/cardiocases.com\/wp-content\/uploads\/2025\/07\/cardiocases_logo.png\",\"contentUrl\":\"https:\/\/cardiocases.com\/wp-content\/uploads\/2025\/07\/cardiocases_logo.png\",\"width\":1755,\"height\":499,\"caption\":\"Cardiocases\"},\"image\":{\"@id\":\"https:\/\/cardiocases.com\/#\/schema\/logo\/image\/\"},\"sameAs\":[\"https:\/\/www.linkedin.com\/company\/cardiocases\/\"]}]}<\/script>\n<!-- \/ Yoast SEO plugin. -->","yoast_head_json":{"title":"Politique de confidentialit\u00e9 - Cardiocases","description":"Politique de Confidentialit\u00e9","robots":{"index":"index","follow":"follow","max-snippet":"max-snippet:-1","max-image-preview":"max-image-preview:large","max-video-preview":"max-video-preview:-1"},"canonical":"https:\/\/cardiocases.com\/fr\/privacy-policy-2\/","og_locale":"fr_FR","og_type":"article","og_title":"Privacy policy - Cardiocases","og_description":"Privacy policy","og_url":"https:\/\/cardiocases.com\/fr\/privacy-policy-2\/","og_site_name":"Cardiocases","article_modified_time":"2026-01-07T17:39:26+00:00","twitter_card":"summary_large_image","twitter_misc":{"Dur\u00e9e de lecture estim\u00e9e":"3 minutes"},"schema":{"@context":"https:\/\/schema.org","@graph":[{"@type":"WebPage","@id":"https:\/\/cardiocases.com\/privacy-policy-2\/","url":"https:\/\/cardiocases.com\/privacy-policy-2\/","name":"Politique de confidentialit\u00e9 - Cardiocases","isPartOf":{"@id":"https:\/\/cardiocases.com\/#website"},"datePublished":"2025-07-31T09:11:45+00:00","dateModified":"2026-01-07T17:39:26+00:00","description":"Politique de Confidentialit\u00e9","breadcrumb":{"@id":"https:\/\/cardiocases.com\/privacy-policy-2\/#breadcrumb"},"inLanguage":"fr-FR","potentialAction":[{"@type":"ReadAction","target":["https:\/\/cardiocases.com\/privacy-policy-2\/"]}]},{"@type":"BreadcrumbList","@id":"https:\/\/cardiocases.com\/privacy-policy-2\/#breadcrumb","itemListElement":[{"@type":"ListItem","position":1,"name":"Home","item":"https:\/\/cardiocases.com\/"},{"@type":"ListItem","position":2,"name":"Privacy policy"}]},{"@type":"WebSite","@id":"https:\/\/cardiocases.com\/#website","url":"https:\/\/cardiocases.com\/","name":"Cardiocases","description":"Real cardiac device traces, pacemaker &amp; ICD learning \u2014 built by electrophysiologists","publisher":{"@id":"https:\/\/cardiocases.com\/#organization"},"potentialAction":[{"@type":"SearchAction","target":{"@type":"EntryPoint","urlTemplate":"https:\/\/cardiocases.com\/?s={search_term_string}"},"query-input":{"@type":"PropertyValueSpecification","valueRequired":true,"valueName":"search_term_string"}}],"inLanguage":"fr-FR"},{"@type":"Organization","@id":"https:\/\/cardiocases.com\/#organization","name":"Cardiocases","url":"https:\/\/cardiocases.com\/","logo":{"@type":"ImageObject","inLanguage":"fr-FR","@id":"https:\/\/cardiocases.com\/#\/schema\/logo\/image\/","url":"https:\/\/cardiocases.com\/wp-content\/uploads\/2025\/07\/cardiocases_logo.png","contentUrl":"https:\/\/cardiocases.com\/wp-content\/uploads\/2025\/07\/cardiocases_logo.png","width":1755,"height":499,"caption":"Cardiocases"},"image":{"@id":"https:\/\/cardiocases.com\/#\/schema\/logo\/image\/"},"sameAs":["https:\/\/www.linkedin.com\/company\/cardiocases\/"]}]}},"_links":{"self":[{"href":"https:\/\/cardiocases.com\/fr\/wp-json\/wp\/v2\/pages\/490","targetHints":{"allow":["GET"]}}],"collection":[{"href":"https:\/\/cardiocases.com\/fr\/wp-json\/wp\/v2\/pages"}],"about":[{"href":"https:\/\/cardiocases.com\/fr\/wp-json\/wp\/v2\/types\/page"}],"author":[{"embeddable":true,"href":"https:\/\/cardiocases.com\/fr\/wp-json\/wp\/v2\/users\/1"}],"replies":[{"embeddable":true,"href":"https:\/\/cardiocases.com\/fr\/wp-json\/wp\/v2\/comments?post=490"}],"version-history":[{"count":0,"href":"https:\/\/cardiocases.com\/fr\/wp-json\/wp\/v2\/pages\/490\/revisions"}],"wp:attachment":[{"href":"https:\/\/cardiocases.com\/fr\/wp-json\/wp\/v2\/media?parent=490"}],"curies":[{"name":"wp","href":"https:\/\/api.w.org\/{rel}","templated":true}]}}