{"id":489,"date":"2025-07-31T09:13:39","date_gmt":"2025-07-31T09:13:39","guid":{"rendered":"https:\/\/cardiocases.com\/?page_id=489"},"modified":"2026-01-07T17:39:20","modified_gmt":"2026-01-07T17:39:20","slug":"general-conditions-of-use","status":"publish","type":"page","link":"https:\/\/cardiocases.com\/fr\/general-conditions-of-use\/","title":{"rendered":"CGU"},"content":{"rendered":"<div data-elementor-type=\"wp-page\" data-elementor-id=\"489\" class=\"elementor elementor-489\" data-elementor-post-type=\"page\">\n\t\t\t\t<div class=\"elementor-element elementor-element-ff051d1 e-flex e-con-boxed e-con e-parent\" data-id=\"ff051d1\" data-element_type=\"container\">\n\t\t\t\t\t<div class=\"e-con-inner\">\n\t\t\t\t<div class=\"elementor-element elementor-element-c282e8c elementor-widget elementor-widget-heading\" data-id=\"c282e8c\" data-element_type=\"widget\" data-widget_type=\"heading.default\">\n\t\t\t\t\t<h1 class=\"elementor-heading-title elementor-size-default\">CGU<\/h1>\t\t\t\t<\/div>\n\t\t\t\t<div class=\"elementor-element elementor-element-87b7a08 elementor-toc--minimized-on-tablet elementor-widget elementor-widget-table-of-contents\" data-id=\"87b7a08\" data-element_type=\"widget\" data-settings=\"{&quot;headings_by_tags&quot;:[&quot;h4&quot;],&quot;exclude_headings_by_selector&quot;:[],&quot;marker_view&quot;:&quot;bullets&quot;,&quot;no_headings_message&quot;:&quot;No headings were found on this page.&quot;,&quot;icon&quot;:{&quot;value&quot;:&quot;&quot;,&quot;library&quot;:&quot;&quot;},&quot;minimize_box&quot;:&quot;yes&quot;,&quot;minimized_on&quot;:&quot;tablet&quot;,&quot;hierarchical_view&quot;:&quot;yes&quot;,&quot;min_height&quot;:{&quot;unit&quot;:&quot;px&quot;,&quot;size&quot;:&quot;&quot;,&quot;sizes&quot;:[]},&quot;min_height_tablet&quot;:{&quot;unit&quot;:&quot;px&quot;,&quot;size&quot;:&quot;&quot;,&quot;sizes&quot;:[]},&quot;min_height_mobile&quot;:{&quot;unit&quot;:&quot;px&quot;,&quot;size&quot;:&quot;&quot;,&quot;sizes&quot;:[]}}\" data-widget_type=\"table-of-contents.default\">\n\t\t\t\t\t\t\t\t\t<div class=\"elementor-toc__header\">\n\t\t\t\t\t\t<h4 class=\"elementor-toc__header-title\">\n\t\t\t\tG\u00e9n\u00e9ralit\u00e9s\t\t\t<\/h4>\n\t\t\t\t\t\t\t\t\t\t<div class=\"elementor-toc__toggle-button elementor-toc__toggle-button--expand\" role=\"button\" tabindex=\"0\" aria-controls=\"elementor-toc__87b7a08\" aria-expanded=\"true\" aria-label=\"Ouvrir la table des mati\u00e8res\"><svg aria-hidden=\"true\" class=\"e-font-icon-svg e-fas-chevron-down\" viewbox=\"0 0 448 512\" xmlns=\"http:\/\/www.w3.org\/2000\/svg\"><path d=\"M207.029 381.476L12.686 187.132c-9.373-9.373-9.373-24.569 0-33.941l22.667-22.667c9.357-9.357 24.522-9.375 33.901-.04L224 284.505l154.745-154.021c9.379-9.335 24.544-9.317 33.901.04l22.667 22.667c9.373 9.373 9.373 24.569 0 33.941L240.971 381.476c-9.373 9.372-24.569 9.372-33.942 0z\"><\/path><\/svg><\/div>\n\t\t\t\t<div class=\"elementor-toc__toggle-button elementor-toc__toggle-button--collapse\" role=\"button\" tabindex=\"0\" aria-controls=\"elementor-toc__87b7a08\" aria-expanded=\"true\" aria-label=\"Fermer la table des mati\u00e8res\"><svg aria-hidden=\"true\" class=\"e-font-icon-svg e-fas-chevron-up\" viewbox=\"0 0 448 512\" xmlns=\"http:\/\/www.w3.org\/2000\/svg\"><path d=\"M240.971 130.524l194.343 194.343c9.373 9.373 9.373 24.569 0 33.941l-22.667 22.667c-9.357 9.357-24.522 9.375-33.901.04L224 227.495 69.255 381.516c-9.379 9.335-24.544 9.317-33.901-.04l-22.667-22.667c-9.373-9.373-9.373-24.569 0-33.941L207.03 130.525c9.372-9.373 24.568-9.373 33.941-.001z\"><\/path><\/svg><\/div>\n\t\t\t\t\t<\/div>\n\t\t\t\t<div id=\"elementor-toc__87b7a08\" class=\"elementor-toc__body\">\n\t\t\t<div class=\"elementor-toc__spinner-container\">\n\t\t\t\t<svg class=\"elementor-toc__spinner eicon-animation-spin e-font-icon-svg e-eicon-loading\" aria-hidden=\"true\" viewbox=\"0 0 1000 1000\" xmlns=\"http:\/\/www.w3.org\/2000\/svg\"><path d=\"M500 975V858C696 858 858 696 858 500S696 142 500 142 142 304 142 500H25C25 237 238 25 500 25S975 237 975 500 763 975 500 975Z\"><\/path><\/svg>\t\t\t<\/div>\n\t\t<\/div>\n\t\t\t\t\t\t<\/div>\n\t\t\t\t\t<\/div>\n\t\t\t\t<\/div>\n\t\t<div class=\"elementor-element elementor-element-9430fbd e-flex e-con-boxed e-con e-parent\" data-id=\"9430fbd\" data-element_type=\"container\">\n\t\t\t\t\t<div class=\"e-con-inner\">\n\t\t\t\t<div class=\"elementor-element elementor-element-8a7f007 elementor-widget elementor-widget-text-editor\" data-id=\"8a7f007\" data-element_type=\"widget\" data-widget_type=\"text-editor.default\">\n\t\t\t\t\t\t\t\t\t<h4><strong>1. Sujet - Champ d'application<\/strong><\/h4><h5><strong>1.1 Principes g\u00e9n\u00e9raux<\/strong><\/h5><p>Les pr\u00e9sentes conditions g\u00e9n\u00e9rales d'utilisation (ci-apr\u00e8s d\u00e9nomm\u00e9es \u201cCGU\u201c) ont pour objet de d\u00e9finir les termes et conditions selon lesquels :<\/p><ul><li>La soci\u00e9t\u00e9 STIMUPRAT EDITIONS (ci-apr\u00e8s d\u00e9nomm\u00e9e \u00ab\u00a0<strong>STIMUPRAT \u00bb<\/strong>) tel qu'identifi\u00e9 dans les mentions l\u00e9gales du site web met \u00e0 la disposition de ses utilisateurs le site web\u00a0<a href=\"https:\/\/cardiocases.com\/fr\/\">www.cardiocases.com<\/a>\u00a0(ci-apr\u00e8s d\u00e9nomm\u00e9 \u00ab\u00a0<strong>le site<\/strong>\u00a0\u00bb) et les services disponibles sur le site,<\/li><li>l'utilisateur acc\u00e8de au site et utilise ses services.<\/li><\/ul><p>L'utilisateur est entendu comme toute personne physique qui visite, consulte ou utilise les services disponibles sur le site \u00e0 des fins personnelles ou professionnelles.<\/p><h5><strong>1.2. Objectifs du site web<\/strong><\/h5><p>Le site est destin\u00e9 \u00e0 permettre aux utilisateurs :<\/p><ul><li>Consulter les trac\u00e9s ECG annot\u00e9s et comment\u00e9s par type de proth\u00e8se cardiaque et par fabricant,<\/li><li>Pr\u00e9parer les examens de rythmologie et effectuer des formations en ligne,<\/li><li>R\u00e9aliser des quiz en ligne sur l'analyse de l'ECG,<\/li><li>Obtenir des informations sur l'agenda des formations organis\u00e9es par STIMUPRAT,<\/li><li>Pour consulter les vid\u00e9os d'analyse de l'ECG,<\/li><li>Echanger dans le cadre du forum de discussion,<\/li><li>pour \u00eatre inform\u00e9 de l'actualit\u00e9 de STIMUPRAT,<\/li><li>demander le statut de formateur STIMUPRAT.<\/li><\/ul><h5><strong>1.3. Acceptation des conditions g\u00e9n\u00e9rales d'utilisation<\/strong><\/h5><p>La consultation du site implique l'acceptation enti\u00e8re et sans r\u00e9serve de l'utilisateur aux conditions g\u00e9n\u00e9rales d'utilisation.<\/p><p>Il appartient donc \u00e0 l'utilisateur qui souhaite consulter le Site et\/ou utiliser les services qu'il propose de prendre connaissance des Conditions G\u00e9n\u00e9rales d'Utilisation.<\/p><h5><strong>1.4. Tol\u00e9rance - Modifications<\/strong><\/h5><p>Le fait que la STIMUPRAT ne se pr\u00e9vale pas \u00e0 un moment donn\u00e9 de l'une quelconque des stipulations du GTCU ne peut \u00eatre interpr\u00e9t\u00e9 comme une renonciation de ce dernier \u00e0 se pr\u00e9valoir ult\u00e9rieurement de l'une quelconque desdites stipulations.<\/p><p>STIMUPRAT se r\u00e9serve le droit de modifier les CGU \u00e0 tout moment. Dans ce cas, elle en informera l'utilisateur par e-mail, lorsqu'il est disponible, ou par le biais d'un message d'information publi\u00e9 sur le Site.<\/p><h4><strong>2. Ouverture d'un compte utilisateur<\/strong><\/h4><h5><strong>2.1.<\/strong> Consultation du site<\/h5><p>L'utilisateur peut consulter le site gratuitement et sans obligation d'inscription.<\/p><p>Cependant, l'utilisateur doit d'abord cr\u00e9er un compte d'utilisateur et s'identifier afin de pouvoir :<\/p><ul><li>Demander le statut de formateur,<\/li><li>Participer au forum affich\u00e9 sur le site,<\/li><li>\u00catre inform\u00e9 de la publication d'un nouveau sujet de discussion sur le forum,<\/li><li>Soyez inform\u00e9 de la mise en ligne de nouvelles, de quiz et de formations.<\/li><\/ul><h5><strong>2.2.<\/strong> Compte d'utilisateur<\/h5><p>Pour cr\u00e9er un compte utilisateur, l'utilisateur doit remplir le formulaire d'inscription pr\u00e9vu \u00e0 cet effet sur le Site. L'ouverture d'un compte utilisateur comprend la saisie de quatre identifiants : le nom et le pr\u00e9nom de l'utilisateur, une adresse de courrier \u00e9lectronique et un mot de passe.<\/p><p>Les identifiants sont personnels et doivent rester confidentiels. L'utilisateur est responsable de l'utilisation de ses identifiants et s'interdit de les divulguer \u00e0 un tiers ou de les c\u00e9der. Toute utilisation du compte personnel de l'utilisateur est r\u00e9put\u00e9e \u00eatre effectu\u00e9e par l'utilisateur.<\/p><p>Il appartient \u00e0 l'utilisateur d'informer imm\u00e9diatement et par \u00e9crit STIMUPRAT de toute utilisation de ses identifiants faite \u00e0 son insu afin que STIMUPRAT d\u00e9sactive lesdits identifiants.<\/p><p>Il appartient \u00e0 l'utilisateur de fournir des informations exactes et compl\u00e8tes et de veiller \u00e0 leur mise \u00e0 jour en cas de modifications ult\u00e9rieures. A d\u00e9faut de mise \u00e0 jour des informations de l'utilisateur, STIMUPRAT ne pourra \u00eatre tenu pour responsable de l'absence de r\u00e9ception par l'utilisateur des informations.<\/p><p>A la fin du processus d'enregistrement, STIMUPRAT enverra \u00e0 l'utilisateur un e-mail confirmant son enregistrement et r\u00e9sumant les informations fournies par l'utilisateur \u00e0 des fins d'enregistrement.<\/p><p>STIMUPRAT se r\u00e9serve le droit de suspendre l'acc\u00e8s au Site en cas d'utilisation frauduleuse ou de tentative d'utilisation frauduleuse des identifiants de l'utilisateur. En cas de suspension de l'acc\u00e8s, STIMUPRAT en informera l'utilisateur.<\/p><h4><strong>3. Responsabilit\u00e9 du contenu publi\u00e9<\/strong><\/h4><h5><strong>3.1. Contenu publi\u00e9 par STIMUPRAT<\/strong><\/h5><p>Les informations pr\u00e9sent\u00e9es sur le Site sont fournies de bonne foi et en l'\u00e9tat actuel des connaissances. STIMUPRAT s'efforce d'assurer au mieux de ses possibilit\u00e9s, l'exactitude et la mise \u00e0 jour des informations diffus\u00e9es sur le Site, dont elle se r\u00e9serve le droit de corriger, \u00e0 tout moment et sans pr\u00e9avis, le contenu.<\/p><p>STIMUPRAT se r\u00e9serve le droit de supprimer les informations et donn\u00e9es si elle estime que leur contenu est illicite, non conforme \u00e0 la r\u00e9glementation en vigueur ou qui ne correspond pas \u00e0 l'esprit, \u00e0 la finalit\u00e9, \u00e0 l'image et aux valeurs attach\u00e9es au Site et\/ou qui est susceptible de porter pr\u00e9judice \u00e0 STIMUPRAT et\/ou \u00e0 des tiers.<\/p><p>Les trac\u00e9s et commentaires sont mis en ligne par STIMUPRAT sur le Site afin que les utilisateurs puissent les mettre \u00e0 disposition du public ou les reproduire \u00e0 des fins d'enseignement ou de recherche scientifique, chaque utilisateur devant se conformer strictement aux dispositions de l'article L.122-5 du Code de la propri\u00e9t\u00e9 intellectuelle lorsqu'elles sont applicables.<\/p><p>Les commentaires associ\u00e9s aux trac\u00e9s sont pr\u00e9sum\u00e9s \u00eatre prot\u00e9g\u00e9s par le droit d'auteur et ne peuvent faire l'objet d'une exploitation commerciale par l'utilisateur.<\/p><p>Ces commentaires ne constituent pas, directement ou indirectement, une consultation m\u00e9dicale et l'utilisateur ne pourra pas mettre en \u0153uvre les informations disponibles sur le Site \u00e0 l'appui de la formulation d'un diagnostic.<\/p><h5><strong>3.2. Contenu affich\u00e9 par l'utilisateur<\/strong><\/h5><p>Le Site permet \u00e0 l'utilisateur de consulter les informations publi\u00e9es par STIMUPRAT mais lui permet \u00e9galement de poser une question sur un trac\u00e9 ECG, de pr\u00e9senter un ECG ou une EGM dans le cadre du forum des trac\u00e9s.<\/p><p>L'utilisateur qui publie du contenu est responsable vis-\u00e0-vis de STIMUPRAT et des tiers des informations et donn\u00e9es qu'il met en ligne et plus g\u00e9n\u00e9ralement des \u00e9l\u00e9ments qu'il transmet \u00e0 STIMUPRAT.<\/p><p>Dans ce contexte, l'utilisateur doit se m\u00e9fier des informations qu'il diffuse et met en ligne et s'engage \u00e0 la plus grande sinc\u00e9rit\u00e9 et v\u00e9racit\u00e9 des informations qu'il met en ligne.<\/p><p>En outre, l'utilisateur doit imp\u00e9rativement anonymiser les lignes avant de les mettre en ligne dans le cadre du forum, aucune information ne devant permettre l'identification des patients.<\/p><p>Tout contenu mis en ligne sur le Site pourra \u00eatre imm\u00e9diatement retir\u00e9 par STIMUPRAT en cas de constatation d'absence d'anonymat ou d'anonymat imparfait, sans pr\u00e9judice des \u00e9ventuels dommages et int\u00e9r\u00eats support\u00e9s par l'utilisateur en raison du pr\u00e9judice caus\u00e9 par la mise en ligne d'un contenu non anonymis\u00e9.<\/p><p>L'utilisateur doit \u00e9galement respecter l'objectif et la finalit\u00e9 du site.<\/p><p>Il est interdit \u00e0 l'utilisateur, en tant que tel, de mettre en ligne des commentaires, des informations, des photographies ou des \u00e9l\u00e9ments qui incluent :<\/p><ul><li>enfreindre les droits de propri\u00e9t\u00e9 intellectuelle d\u00e9tenus par des tiers (tels que les droits d'auteur, les marques, les dessins et mod\u00e8les),<\/li><li>porter atteinte \u00e0 la vie priv\u00e9e, au droit \u00e0 l'image ou \u00e0 la r\u00e9putation d'un tiers,<\/li><li>serait contraire \u00e0 l'ordre public, aux bonnes m\u0153urs ou aux sentiments des mineurs,<\/li><li>serait d\u00e9sobligeant, diffamatoire ou insultant.<\/li><\/ul><p>Plus g\u00e9n\u00e9ralement, l'utilisateur garantit le caract\u00e8re licite des \u00e9l\u00e9ments et informations qu'il met en ligne et s'interdit d'utiliser le Site pour exercer une activit\u00e9 ill\u00e9gale, illicite, contraire \u00e0 l'ordre public et\/ou aux bonnes m\u0153urs.<\/p><p>Il est en outre strictement interdit \u00e0 l'utilisateur d'utiliser le site web \u00e0 des fins publicitaires ou promotionnelles.<\/p><p>Il est pr\u00e9cis\u00e9 que toute violation ou non-respect de cet article constitue une violation par l'utilisateur des CGU autorisant STIMUPRAT \u00e0 supprimer le contenu illicite, suspendre ou r\u00e9silier imm\u00e9diatement et de plein droit l'inscription de l'utilisateur, sans indemnit\u00e9 au profit de l'utilisateur et sans pr\u00e9judice des dommages et int\u00e9r\u00eats qui pourraient \u00eatre dus par l'utilisateur \u00e0 STIMUPRAT en tant que telle.<\/p><p>En tout \u00e9tat de cause, dans le cas o\u00f9 la responsabilit\u00e9 de STIMUPRAT serait mise en cause par un tiers en raison du contenu publi\u00e9 par un utilisateur, l'utilisateur concern\u00e9 devrait d\u00e9charger STIMUPRAT de toutes les condamnations et indemnit\u00e9s qui seraient mises \u00e0 sa charge, y compris les frais de proc\u00e9dure, de conseil et de d\u00e9bours engag\u00e9s par STIMUPRAT.<\/p><h5><strong>3.3. Reporter le contenu ill\u00e9gal<\/strong><\/h5><p>L'utilisateur qui constate sur le Site un contenu ill\u00e9gal et\/ou non conforme aux CGU (tel qu'un propos contraire aux bonnes m\u0153urs ou qui offenserait un tiers) peut en informer imm\u00e9diatement STIMUPRAT en envoyant un message \u00e0 l'adresse e-mail suivante :\u00a0<a href=\"mailto:contact@stimuprat.fr\">contact@stimuprat.fr<\/a>.<\/p><p>En cas de signalement de contenu illicite et\/ou de non-respect des CGU, STIMUPRAT aura la facult\u00e9 de suspendre ou d'annuler imm\u00e9diatement et sans pr\u00e9avis les informations concern\u00e9es, et pourra dans les m\u00eames conditions, le cas \u00e9ch\u00e9ant, r\u00e9silier l'inscription de l'utilisateur ayant publi\u00e9 le contenu illicite et ne respectant pas les CGU, sans pr\u00e9judice des dommages et int\u00e9r\u00eats qui pourraient \u00eatre dus par l'utilisateur \u00e0 STIMUPRAT \u00e0 ce titre.<\/p><h4><strong>4. Accessibilit\u00e9 du site web<\/strong><\/h4><p>Le Site est accessible 24 heures sur 24, 7 jours sur 7, sauf en cas de force majeure, de pannes \u00e9ventuelles ou d'interventions de maintenance n\u00e9cessaires au bon fonctionnement du Site.<\/p><p>STIMUPRAT s'engage \u00e0 faire ses meilleurs efforts pour assurer aux utilisateurs un acc\u00e8s au Site \u00e0 tout moment. Toutefois, elle ne fournit aucune garantie concernant tant la disponibilit\u00e9 ou l'accessibilit\u00e9 du Site, que l'absence de virus.<\/p><p>STIMUPRAT ne peut \u00eatre tenue responsable des difficult\u00e9s d'acc\u00e8s ou de l'impossibilit\u00e9 temporaire d'acc\u00e9der au Site du fait de perturbations du r\u00e9seau, l'utilisateur \u00e9tant inform\u00e9 de la complexit\u00e9 des r\u00e9seaux mondiaux et de l'afflux, \u00e0 certaines p\u00e9riodes, d'utilisateurs d'Internet. Il en est de m\u00eame pour tout piratage ou intrusion de virus qui pourrait survenir, STIMUPRAT ne pouvant garantir une protection absolue du Site.<\/p><p>En outre, STIMUPRAT n'est pas responsable des dommages, temporaires ou permanents, caus\u00e9s au syst\u00e8me informatique de l'utilisateur, ni des pertes ou dommages (y compris, mais sans s'y limiter, les pertes de donn\u00e9es ou de b\u00e9n\u00e9fices) qui seraient subis par l'utilisateur \u00e0 la suite de ces dommages :<\/p><ul><li>l'acc\u00e8s ou la navigation sur le site,<\/li><li>l'exploitation des informations contenues dans le site.<\/li><\/ul><h4><strong>6. Propri\u00e9t\u00e9 intellectuelle<\/strong><\/h4><p>L'acc\u00e8s au site est strictement r\u00e9serv\u00e9 \u00e0 un usage priv\u00e9 et ne conf\u00e8re \u00e0 l'utilisateur qu'un droit de consultation des informations contenues dans le site.<\/p><p>L'ensemble du Site ainsi que l'arborescence, les textes, les logos, les repr\u00e9sentations photographiques, les documents t\u00e9l\u00e9chargeables et tous les \u00e9l\u00e9ments composant le Site constituent une \u0153uvre prot\u00e9g\u00e9e par le droit de la propri\u00e9t\u00e9 intellectuelle.<\/p><p>A l'exception des commentaires relatifs aux trac\u00e9s ECG (voir article 3.1 des Conditions G\u00e9n\u00e9rales d'Utilisation), toute utilisation, reproduction ou t\u00e9l\u00e9chargement partiel ou total sur quelque support que ce soit de l'un quelconque des \u00e9l\u00e9ments du Site, textes, images, photographies, illustrations, logos, sans l'accord pr\u00e9alable et \u00e9crit de STIMUPRAT, est strictement interdite.<\/p><p>Toute infraction \u00e0 cet article est susceptible d'\u00eatre sanctionn\u00e9e p\u00e9nalement et civilement notamment au titre de la contrefa\u00e7on et peut donner lieu au versement de dommages et int\u00e9r\u00eats.<\/p><p>STIMUPRAT peut \u00e9galement, \u00e0 sa discr\u00e9tion, mettre fin imm\u00e9diatement \u00e0 l'enregistrement de l'utilisateur.<\/p><h4><strong>7. Liens hypertextes<\/strong><\/h4><p>Le fait de cliquer sur les liens hypertextes ins\u00e9r\u00e9s sur le Site peut diriger l'utilisateur vers d'autres sites Internet.<\/p><p>STIMUPRAT n'assume aucune responsabilit\u00e9 quant aux liens et au contenu du site web vers lequel l'utilisateur peut \u00eatre redirig\u00e9. Les utilisateurs qui choisissent d'acc\u00e9der aux sites web de tiers sont soumis aux conditions d'utilisation de ces sites.<\/p><h4><strong>8. Droit applicable<\/strong><\/h4><p>Les conditions g\u00e9n\u00e9rales d'utilisation sont soumises au droit fran\u00e7ais.<\/p><p>En cons\u00e9quence, sauf dispositions d'ordre public contraires, les relations entre l'utilisateur et le GTCU - du fait de l'utilisation du Site - seront r\u00e9gies par le droit fran\u00e7ais.<\/p>\t\t\t\t\t\t\t\t<\/div>\n\t\t\t\t\t<\/div>\n\t\t\t\t<\/div>\n\t\t\t\t<\/div>","protected":false},"excerpt":{"rendered":"<p>Conditions g\u00e9n\u00e9rales d'utilisation Contenu 1. Objet - Champ d'application 1.1 Principes g\u00e9n\u00e9raux Les pr\u00e9sentes conditions g\u00e9n\u00e9rales d'utilisation (ci-apr\u00e8s d\u00e9nomm\u00e9es \u201c les CGU \u201c) ont pour objet de d\u00e9finir les termes et conditions selon lesquels : La soci\u00e9t\u00e9 STIMUPRAT EDITIONS (ci-apr\u00e8s d\u00e9nomm\u00e9e \u00ab STIMUPRAT \u00bb) telle qu'identifi\u00e9e dans les mentions l\u00e9gales du site web met \u00e0 la disposition de [...]<\/p>","protected":false},"author":1,"featured_media":0,"parent":0,"menu_order":0,"comment_status":"closed","ping_status":"closed","template":"","meta":{"_acf_changed":false,"footnotes":""},"class_list":["post-489","page","type-page","status-publish","hentry"],"acf":[],"yoast_head":"<!-- This site is optimized with the Yoast SEO plugin v26.8 - https:\/\/yoast.com\/product\/yoast-seo-wordpress\/ -->\n<title>General conditions of use - Cardiocases<\/title>\n<meta name=\"description\" content=\"General conditions of use\" \/>\n<meta name=\"robots\" content=\"index, follow, max-snippet:-1, max-image-preview:large, max-video-preview:-1\" \/>\n<link rel=\"canonical\" href=\"https:\/\/cardiocases.com\/fr\/general-conditions-of-use\/\" \/>\n<meta property=\"og:locale\" content=\"fr_FR\" \/>\n<meta property=\"og:type\" content=\"article\" \/>\n<meta property=\"og:title\" content=\"General conditions of use - Cardiocases\" \/>\n<meta property=\"og:description\" content=\"General conditions of use\" \/>\n<meta property=\"og:url\" content=\"https:\/\/cardiocases.com\/fr\/general-conditions-of-use\/\" \/>\n<meta property=\"og:site_name\" content=\"Cardiocases\" \/>\n<meta property=\"article:modified_time\" content=\"2026-01-07T17:39:20+00:00\" \/>\n<meta name=\"twitter:card\" content=\"summary_large_image\" \/>\n<meta name=\"twitter:label1\" content=\"Dur\u00e9e de lecture estim\u00e9e\" \/>\n\t<meta name=\"twitter:data1\" content=\"9 minutes\" \/>\n<script type=\"application\/ld+json\" class=\"yoast-schema-graph\">{\"@context\":\"https:\/\/schema.org\",\"@graph\":[{\"@type\":\"WebPage\",\"@id\":\"https:\/\/cardiocases.com\/general-conditions-of-use\/\",\"url\":\"https:\/\/cardiocases.com\/general-conditions-of-use\/\",\"name\":\"General conditions of use - Cardiocases\",\"isPartOf\":{\"@id\":\"https:\/\/cardiocases.com\/#website\"},\"datePublished\":\"2025-07-31T09:13:39+00:00\",\"dateModified\":\"2026-01-07T17:39:20+00:00\",\"description\":\"General conditions of use\",\"breadcrumb\":{\"@id\":\"https:\/\/cardiocases.com\/general-conditions-of-use\/#breadcrumb\"},\"inLanguage\":\"fr-FR\",\"potentialAction\":[{\"@type\":\"ReadAction\",\"target\":[\"https:\/\/cardiocases.com\/general-conditions-of-use\/\"]}]},{\"@type\":\"BreadcrumbList\",\"@id\":\"https:\/\/cardiocases.com\/general-conditions-of-use\/#breadcrumb\",\"itemListElement\":[{\"@type\":\"ListItem\",\"position\":1,\"name\":\"Home\",\"item\":\"https:\/\/cardiocases.com\/\"},{\"@type\":\"ListItem\",\"position\":2,\"name\":\"General conditions of use\"}]},{\"@type\":\"WebSite\",\"@id\":\"https:\/\/cardiocases.com\/#website\",\"url\":\"https:\/\/cardiocases.com\/\",\"name\":\"Cardiocases\",\"description\":\"Real cardiac device traces, pacemaker &amp; ICD learning \u2014 built by electrophysiologists\",\"publisher\":{\"@id\":\"https:\/\/cardiocases.com\/#organization\"},\"potentialAction\":[{\"@type\":\"SearchAction\",\"target\":{\"@type\":\"EntryPoint\",\"urlTemplate\":\"https:\/\/cardiocases.com\/?s={search_term_string}\"},\"query-input\":{\"@type\":\"PropertyValueSpecification\",\"valueRequired\":true,\"valueName\":\"search_term_string\"}}],\"inLanguage\":\"fr-FR\"},{\"@type\":\"Organization\",\"@id\":\"https:\/\/cardiocases.com\/#organization\",\"name\":\"Cardiocases\",\"url\":\"https:\/\/cardiocases.com\/\",\"logo\":{\"@type\":\"ImageObject\",\"inLanguage\":\"fr-FR\",\"@id\":\"https:\/\/cardiocases.com\/#\/schema\/logo\/image\/\",\"url\":\"https:\/\/cardiocases.com\/wp-content\/uploads\/2025\/07\/cardiocases_logo.png\",\"contentUrl\":\"https:\/\/cardiocases.com\/wp-content\/uploads\/2025\/07\/cardiocases_logo.png\",\"width\":1755,\"height\":499,\"caption\":\"Cardiocases\"},\"image\":{\"@id\":\"https:\/\/cardiocases.com\/#\/schema\/logo\/image\/\"},\"sameAs\":[\"https:\/\/www.linkedin.com\/company\/cardiocases\/\"]}]}<\/script>\n<!-- \/ Yoast SEO plugin. -->","yoast_head_json":{"title":"Conditions g\u00e9n\u00e9rales d'utilisation - Cardiocases","description":"CGU","robots":{"index":"index","follow":"follow","max-snippet":"max-snippet:-1","max-image-preview":"max-image-preview:large","max-video-preview":"max-video-preview:-1"},"canonical":"https:\/\/cardiocases.com\/fr\/general-conditions-of-use\/","og_locale":"fr_FR","og_type":"article","og_title":"General conditions of use - Cardiocases","og_description":"General conditions of use","og_url":"https:\/\/cardiocases.com\/fr\/general-conditions-of-use\/","og_site_name":"Cardiocases","article_modified_time":"2026-01-07T17:39:20+00:00","twitter_card":"summary_large_image","twitter_misc":{"Dur\u00e9e de lecture estim\u00e9e":"9 minutes"},"schema":{"@context":"https:\/\/schema.org","@graph":[{"@type":"WebPage","@id":"https:\/\/cardiocases.com\/general-conditions-of-use\/","url":"https:\/\/cardiocases.com\/general-conditions-of-use\/","name":"Conditions g\u00e9n\u00e9rales d'utilisation - Cardiocases","isPartOf":{"@id":"https:\/\/cardiocases.com\/#website"},"datePublished":"2025-07-31T09:13:39+00:00","dateModified":"2026-01-07T17:39:20+00:00","description":"CGU","breadcrumb":{"@id":"https:\/\/cardiocases.com\/general-conditions-of-use\/#breadcrumb"},"inLanguage":"fr-FR","potentialAction":[{"@type":"ReadAction","target":["https:\/\/cardiocases.com\/general-conditions-of-use\/"]}]},{"@type":"BreadcrumbList","@id":"https:\/\/cardiocases.com\/general-conditions-of-use\/#breadcrumb","itemListElement":[{"@type":"ListItem","position":1,"name":"Home","item":"https:\/\/cardiocases.com\/"},{"@type":"ListItem","position":2,"name":"General conditions of use"}]},{"@type":"WebSite","@id":"https:\/\/cardiocases.com\/#website","url":"https:\/\/cardiocases.com\/","name":"Cardiocases","description":"Real cardiac device traces, pacemaker &amp; ICD learning \u2014 built by electrophysiologists","publisher":{"@id":"https:\/\/cardiocases.com\/#organization"},"potentialAction":[{"@type":"SearchAction","target":{"@type":"EntryPoint","urlTemplate":"https:\/\/cardiocases.com\/?s={search_term_string}"},"query-input":{"@type":"PropertyValueSpecification","valueRequired":true,"valueName":"search_term_string"}}],"inLanguage":"fr-FR"},{"@type":"Organization","@id":"https:\/\/cardiocases.com\/#organization","name":"Cardiocases","url":"https:\/\/cardiocases.com\/","logo":{"@type":"ImageObject","inLanguage":"fr-FR","@id":"https:\/\/cardiocases.com\/#\/schema\/logo\/image\/","url":"https:\/\/cardiocases.com\/wp-content\/uploads\/2025\/07\/cardiocases_logo.png","contentUrl":"https:\/\/cardiocases.com\/wp-content\/uploads\/2025\/07\/cardiocases_logo.png","width":1755,"height":499,"caption":"Cardiocases"},"image":{"@id":"https:\/\/cardiocases.com\/#\/schema\/logo\/image\/"},"sameAs":["https:\/\/www.linkedin.com\/company\/cardiocases\/"]}]}},"_links":{"self":[{"href":"https:\/\/cardiocases.com\/fr\/wp-json\/wp\/v2\/pages\/489","targetHints":{"allow":["GET"]}}],"collection":[{"href":"https:\/\/cardiocases.com\/fr\/wp-json\/wp\/v2\/pages"}],"about":[{"href":"https:\/\/cardiocases.com\/fr\/wp-json\/wp\/v2\/types\/page"}],"author":[{"embeddable":true,"href":"https:\/\/cardiocases.com\/fr\/wp-json\/wp\/v2\/users\/1"}],"replies":[{"embeddable":true,"href":"https:\/\/cardiocases.com\/fr\/wp-json\/wp\/v2\/comments?post=489"}],"version-history":[{"count":0,"href":"https:\/\/cardiocases.com\/fr\/wp-json\/wp\/v2\/pages\/489\/revisions"}],"wp:attachment":[{"href":"https:\/\/cardiocases.com\/fr\/wp-json\/wp\/v2\/media?parent=489"}],"curies":[{"name":"wp","href":"https:\/\/api.w.org\/{rel}","templated":true}]}}