{"id":484,"date":"2025-07-31T09:05:45","date_gmt":"2025-07-31T09:05:45","guid":{"rendered":"https:\/\/cardiocases.com\/?page_id=484"},"modified":"2026-01-07T17:39:12","modified_gmt":"2026-01-07T17:39:12","slug":"legal-notice","status":"publish","type":"page","link":"https:\/\/cardiocases.com\/fr\/legal-notice\/","title":{"rendered":"Mentions l\u00e9gales"},"content":{"rendered":"<div data-elementor-type=\"wp-page\" data-elementor-id=\"484\" class=\"elementor elementor-484\" data-elementor-post-type=\"page\">\n\t\t\t\t<div class=\"elementor-element elementor-element-3b5e598 e-flex e-con-boxed e-con e-parent\" data-id=\"3b5e598\" data-element_type=\"container\">\n\t\t\t\t\t<div class=\"e-con-inner\">\n\t\t\t\t<div class=\"elementor-element elementor-element-1f1d859 elementor-widget elementor-widget-heading\" data-id=\"1f1d859\" data-element_type=\"widget\" data-widget_type=\"heading.default\">\n\t\t\t\t\t<h2 class=\"elementor-heading-title elementor-size-default\">Mentions l\u00e9gales<\/h2>\t\t\t\t<\/div>\n\t\t\t\t\t<\/div>\n\t\t\t\t<\/div>\n\t\t<div class=\"elementor-element elementor-element-a43578a e-flex e-con-boxed e-con e-parent\" data-id=\"a43578a\" data-element_type=\"container\">\n\t\t\t\t\t<div class=\"e-con-inner\">\n\t\t\t\t<div class=\"elementor-element elementor-element-fbdb178 elementor-widget elementor-widget-text-editor\" data-id=\"fbdb178\" data-element_type=\"widget\" data-widget_type=\"text-editor.default\">\n\t\t\t\t\t\t\t\t\t<p>Le site web www.cardiocases.com (ci-apr\u00e8s d\u00e9nomm\u00e9 \u201c<strong>le site<\/strong>\u201c) est la propri\u00e9t\u00e9 de la soci\u00e9t\u00e9 STIMUPRAT EDITIONS (ci-apr\u00e8s d\u00e9sign\u00e9e par \u201c<strong>STIMUPRAT<\/strong>\u201c).<\/p><ul><li><strong>\u00c9diteur<\/strong><\/li><\/ul><p>STIMUPRAT EDITIONS, SARL de droit fran\u00e7ais au capital de 1 400 \u20ac Si\u00e8ge social : 4 avenue Neil Armstrong - B\u00e2timent Mermoz - MERIGNAC (33700) Immatriculation : R.C.S. BORDEAUX 789 198 124 T\u00e9l : +33 556516514<\/p><ul><li><strong>Directeur de publication<\/strong><\/li><\/ul><p>M. Philippe PLAS, Directeur<\/p><ul><li><strong>Responsable \u00e9ditorial<\/strong><\/li><\/ul><p>Mme Marine LAMOULIE \u00a0<\/p><ul><li><strong>H\u00e9bergement de sites web<\/strong><\/li><\/ul><p>Le site est h\u00e9berg\u00e9 par OVH Adresse : 2 rue Kellermann - 59100 ROUBAIX T\u00e9l : 09 72 10 10 07 \u00a0<\/p><ul><li><strong>Conception et d\u00e9veloppement de sites web<\/strong><\/li><\/ul><p>La conception et le d\u00e9veloppement du Site ont \u00e9t\u00e9 r\u00e9alis\u00e9s par la soci\u00e9t\u00e9 JMG CREATION MULTIMEDIA (SARL au capital de 1.000 \u20ac, si\u00e8ge social : 29 cours Palmarole, 66000 PERPIGNAN, 790 086 920 R.C.S. PERPIGNAN).<\/p>\t\t\t\t\t\t\t\t<\/div>\n\t\t\t\t\t<\/div>\n\t\t\t\t<\/div>\n\t\t\t\t<\/div>","protected":false},"excerpt":{"rendered":"<p>Mentions l\u00e9gales Le site www.cardiocases.com (ci-apr\u00e8s d\u00e9nomm\u00e9 \u201cle Site\u201c) est la propri\u00e9t\u00e9 de la soci\u00e9t\u00e9 STIMUPRAT EDITIONS (ci-apr\u00e8s d\u00e9nomm\u00e9e \u201cSTIMUPRAT\u201c). Editeur STIMUPRAT EDITIONS, SARL de droit fran\u00e7ais au capital de 1 400 \u20ac Si\u00e8ge social : 4 avenue Neil Armstrong - B\u00e2timent Mermoz - MERIGNAC (33700) Immatriculation : R.C.S. BORDEAUX 789 198 124 T\u00e9l : +33 556516514 [...]<\/p>","protected":false},"author":1,"featured_media":0,"parent":0,"menu_order":0,"comment_status":"closed","ping_status":"closed","template":"","meta":{"_acf_changed":false,"footnotes":""},"class_list":["post-484","page","type-page","status-publish","hentry"],"acf":[],"yoast_head":"<!-- This site is optimized with the Yoast SEO plugin v26.8 - https:\/\/yoast.com\/product\/yoast-seo-wordpress\/ -->\n<title>Legal notice - Cardiocases<\/title>\n<meta name=\"description\" content=\"Legal notice\" \/>\n<meta name=\"robots\" content=\"index, follow, max-snippet:-1, max-image-preview:large, max-video-preview:-1\" \/>\n<link rel=\"canonical\" href=\"https:\/\/cardiocases.com\/fr\/legal-notice\/\" \/>\n<meta property=\"og:locale\" content=\"fr_FR\" \/>\n<meta property=\"og:type\" content=\"article\" \/>\n<meta property=\"og:title\" content=\"Legal notice - Cardiocases\" \/>\n<meta property=\"og:description\" content=\"Legal notice\" \/>\n<meta property=\"og:url\" content=\"https:\/\/cardiocases.com\/fr\/legal-notice\/\" \/>\n<meta property=\"og:site_name\" content=\"Cardiocases\" \/>\n<meta property=\"article:modified_time\" content=\"2026-01-07T17:39:12+00:00\" \/>\n<meta name=\"twitter:card\" content=\"summary_large_image\" \/>\n<meta name=\"twitter:label1\" content=\"Dur\u00e9e de lecture estim\u00e9e\" \/>\n\t<meta name=\"twitter:data1\" content=\"1 minute\" \/>\n<script type=\"application\/ld+json\" class=\"yoast-schema-graph\">{\"@context\":\"https:\/\/schema.org\",\"@graph\":[{\"@type\":\"WebPage\",\"@id\":\"https:\/\/cardiocases.com\/legal-notice\/\",\"url\":\"https:\/\/cardiocases.com\/legal-notice\/\",\"name\":\"Legal notice - Cardiocases\",\"isPartOf\":{\"@id\":\"https:\/\/cardiocases.com\/#website\"},\"datePublished\":\"2025-07-31T09:05:45+00:00\",\"dateModified\":\"2026-01-07T17:39:12+00:00\",\"description\":\"Legal notice\",\"breadcrumb\":{\"@id\":\"https:\/\/cardiocases.com\/legal-notice\/#breadcrumb\"},\"inLanguage\":\"fr-FR\",\"potentialAction\":[{\"@type\":\"ReadAction\",\"target\":[\"https:\/\/cardiocases.com\/legal-notice\/\"]}]},{\"@type\":\"BreadcrumbList\",\"@id\":\"https:\/\/cardiocases.com\/legal-notice\/#breadcrumb\",\"itemListElement\":[{\"@type\":\"ListItem\",\"position\":1,\"name\":\"Home\",\"item\":\"https:\/\/cardiocases.com\/\"},{\"@type\":\"ListItem\",\"position\":2,\"name\":\"Legal notice\"}]},{\"@type\":\"WebSite\",\"@id\":\"https:\/\/cardiocases.com\/#website\",\"url\":\"https:\/\/cardiocases.com\/\",\"name\":\"Cardiocases\",\"description\":\"Real cardiac device traces, pacemaker &amp; ICD learning \u2014 built by electrophysiologists\",\"publisher\":{\"@id\":\"https:\/\/cardiocases.com\/#organization\"},\"potentialAction\":[{\"@type\":\"SearchAction\",\"target\":{\"@type\":\"EntryPoint\",\"urlTemplate\":\"https:\/\/cardiocases.com\/?s={search_term_string}\"},\"query-input\":{\"@type\":\"PropertyValueSpecification\",\"valueRequired\":true,\"valueName\":\"search_term_string\"}}],\"inLanguage\":\"fr-FR\"},{\"@type\":\"Organization\",\"@id\":\"https:\/\/cardiocases.com\/#organization\",\"name\":\"Cardiocases\",\"url\":\"https:\/\/cardiocases.com\/\",\"logo\":{\"@type\":\"ImageObject\",\"inLanguage\":\"fr-FR\",\"@id\":\"https:\/\/cardiocases.com\/#\/schema\/logo\/image\/\",\"url\":\"https:\/\/cardiocases.com\/wp-content\/uploads\/2025\/07\/cardiocases_logo.png\",\"contentUrl\":\"https:\/\/cardiocases.com\/wp-content\/uploads\/2025\/07\/cardiocases_logo.png\",\"width\":1755,\"height\":499,\"caption\":\"Cardiocases\"},\"image\":{\"@id\":\"https:\/\/cardiocases.com\/#\/schema\/logo\/image\/\"},\"sameAs\":[\"https:\/\/www.linkedin.com\/company\/cardiocases\/\"]}]}<\/script>\n<!-- \/ Yoast SEO plugin. -->","yoast_head_json":{"title":"Avis juridique - Cardiocases","description":"Mentions l\u00e9gales","robots":{"index":"index","follow":"follow","max-snippet":"max-snippet:-1","max-image-preview":"max-image-preview:large","max-video-preview":"max-video-preview:-1"},"canonical":"https:\/\/cardiocases.com\/fr\/legal-notice\/","og_locale":"fr_FR","og_type":"article","og_title":"Legal notice - Cardiocases","og_description":"Legal notice","og_url":"https:\/\/cardiocases.com\/fr\/legal-notice\/","og_site_name":"Cardiocases","article_modified_time":"2026-01-07T17:39:12+00:00","twitter_card":"summary_large_image","twitter_misc":{"Dur\u00e9e de lecture estim\u00e9e":"1 minute"},"schema":{"@context":"https:\/\/schema.org","@graph":[{"@type":"WebPage","@id":"https:\/\/cardiocases.com\/legal-notice\/","url":"https:\/\/cardiocases.com\/legal-notice\/","name":"Avis juridique - Cardiocases","isPartOf":{"@id":"https:\/\/cardiocases.com\/#website"},"datePublished":"2025-07-31T09:05:45+00:00","dateModified":"2026-01-07T17:39:12+00:00","description":"Mentions l\u00e9gales","breadcrumb":{"@id":"https:\/\/cardiocases.com\/legal-notice\/#breadcrumb"},"inLanguage":"fr-FR","potentialAction":[{"@type":"ReadAction","target":["https:\/\/cardiocases.com\/legal-notice\/"]}]},{"@type":"BreadcrumbList","@id":"https:\/\/cardiocases.com\/legal-notice\/#breadcrumb","itemListElement":[{"@type":"ListItem","position":1,"name":"Home","item":"https:\/\/cardiocases.com\/"},{"@type":"ListItem","position":2,"name":"Legal notice"}]},{"@type":"WebSite","@id":"https:\/\/cardiocases.com\/#website","url":"https:\/\/cardiocases.com\/","name":"Cardiocases","description":"Real cardiac device traces, pacemaker &amp; ICD learning \u2014 built by electrophysiologists","publisher":{"@id":"https:\/\/cardiocases.com\/#organization"},"potentialAction":[{"@type":"SearchAction","target":{"@type":"EntryPoint","urlTemplate":"https:\/\/cardiocases.com\/?s={search_term_string}"},"query-input":{"@type":"PropertyValueSpecification","valueRequired":true,"valueName":"search_term_string"}}],"inLanguage":"fr-FR"},{"@type":"Organization","@id":"https:\/\/cardiocases.com\/#organization","name":"Cardiocases","url":"https:\/\/cardiocases.com\/","logo":{"@type":"ImageObject","inLanguage":"fr-FR","@id":"https:\/\/cardiocases.com\/#\/schema\/logo\/image\/","url":"https:\/\/cardiocases.com\/wp-content\/uploads\/2025\/07\/cardiocases_logo.png","contentUrl":"https:\/\/cardiocases.com\/wp-content\/uploads\/2025\/07\/cardiocases_logo.png","width":1755,"height":499,"caption":"Cardiocases"},"image":{"@id":"https:\/\/cardiocases.com\/#\/schema\/logo\/image\/"},"sameAs":["https:\/\/www.linkedin.com\/company\/cardiocases\/"]}]}},"_links":{"self":[{"href":"https:\/\/cardiocases.com\/fr\/wp-json\/wp\/v2\/pages\/484","targetHints":{"allow":["GET"]}}],"collection":[{"href":"https:\/\/cardiocases.com\/fr\/wp-json\/wp\/v2\/pages"}],"about":[{"href":"https:\/\/cardiocases.com\/fr\/wp-json\/wp\/v2\/types\/page"}],"author":[{"embeddable":true,"href":"https:\/\/cardiocases.com\/fr\/wp-json\/wp\/v2\/users\/1"}],"replies":[{"embeddable":true,"href":"https:\/\/cardiocases.com\/fr\/wp-json\/wp\/v2\/comments?post=484"}],"version-history":[{"count":0,"href":"https:\/\/cardiocases.com\/fr\/wp-json\/wp\/v2\/pages\/484\/revisions"}],"wp:attachment":[{"href":"https:\/\/cardiocases.com\/fr\/wp-json\/wp\/v2\/media?parent=484"}],"curies":[{"name":"wp","href":"https:\/\/api.w.org\/{rel}","templated":true}]}}