{"id":3654,"date":"2025-10-08T19:01:30","date_gmt":"2025-10-08T19:01:30","guid":{"rendered":"https:\/\/cardiocases.com\/?page_id=3654"},"modified":"2026-01-02T12:40:42","modified_gmt":"2026-01-02T12:40:42","slug":"pacing-modes-boston-scientific","status":"publish","type":"page","link":"https:\/\/cardiocases.com\/fr\/pacing-defibrillation\/devices-per-company\/boston-scientific\/pacing-modes-boston-scientific\/","title":{"rendered":"Pacing modes Boston Scientific"},"content":{"rendered":"<div data-elementor-type=\"wp-page\" data-elementor-id=\"3654\" class=\"elementor elementor-3654\" data-elementor-post-type=\"page\">\n\t\t\t\t<div class=\"elementor-element elementor-element-8a71cd9 e-con-full e-flex e-con e-parent\" data-id=\"8a71cd9\" data-element_type=\"container\" data-settings=\"{&quot;background_background&quot;:&quot;classic&quot;}\">\n\t\t\t\t<div class=\"elementor-element elementor-element-3ceb1e7 elementor-widget elementor-widget-heading\" data-id=\"3ceb1e7\" data-element_type=\"widget\" data-widget_type=\"heading.default\">\n\t\t\t\t\t<h2 class=\"elementor-heading-title elementor-size-default\"><span style=\"font-size: 2rem\">Boston Scientific - <\/span>Modes de Stimulation<\/h2>\t\t\t\t<\/div>\n\t\t\t\t<div class=\"elementor-element elementor-element-aa2d083 elementor-toc--minimized-on-tablet elementor-widget elementor-widget-table-of-contents\" data-id=\"aa2d083\" data-element_type=\"widget\" data-settings=\"{&quot;headings_by_tags&quot;:[&quot;h3&quot;,&quot;h4&quot;,&quot;h5&quot;],&quot;exclude_headings_by_selector&quot;:[],&quot;no_headings_message&quot;:&quot;No headings were found on this page.&quot;,&quot;marker_view&quot;:&quot;bullets&quot;,&quot;icon&quot;:{&quot;value&quot;:&quot;fas fa-circle&quot;,&quot;library&quot;:&quot;fa-solid&quot;,&quot;rendered_tag&quot;:&quot;&lt;svg class=\\&quot;e-font-icon-svg e-fas-circle\\&quot; viewBox=\\&quot;0 0 512 512\\&quot; xmlns=\\&quot;http:\\\/\\\/www.w3.org\\\/2000\\\/svg\\&quot;&gt;&lt;path d=\\&quot;M256 8C119 8 8 119 8 256s111 248 248 248 248-111 248-248S393 8 256 8z\\&quot;&gt;&lt;\\\/path&gt;&lt;\\\/svg&gt;&quot;},&quot;minimize_box&quot;:&quot;yes&quot;,&quot;minimized_on&quot;:&quot;tablet&quot;,&quot;hierarchical_view&quot;:&quot;yes&quot;,&quot;min_height&quot;:{&quot;unit&quot;:&quot;px&quot;,&quot;size&quot;:&quot;&quot;,&quot;sizes&quot;:[]},&quot;min_height_tablet&quot;:{&quot;unit&quot;:&quot;px&quot;,&quot;size&quot;:&quot;&quot;,&quot;sizes&quot;:[]},&quot;min_height_mobile&quot;:{&quot;unit&quot;:&quot;px&quot;,&quot;size&quot;:&quot;&quot;,&quot;sizes&quot;:[]}}\" data-widget_type=\"table-of-contents.default\">\n\t\t\t\t\t\t\t\t\t<div class=\"elementor-toc__header\">\n\t\t\t\t\t\t<h4 class=\"elementor-toc__header-title\">\n\t\t\t\tG\u00e9n\u00e9ralit\u00e9s\t\t\t<\/h4>\n\t\t\t\t\t\t\t\t\t\t<div class=\"elementor-toc__toggle-button elementor-toc__toggle-button--expand\" role=\"button\" tabindex=\"0\" aria-controls=\"elementor-toc__aa2d083\" aria-expanded=\"true\" aria-label=\"Ouvrir la table des mati\u00e8res\"><svg aria-hidden=\"true\" class=\"e-font-icon-svg e-fas-chevron-down\" viewbox=\"0 0 448 512\" xmlns=\"http:\/\/www.w3.org\/2000\/svg\"><path d=\"M207.029 381.476L12.686 187.132c-9.373-9.373-9.373-24.569 0-33.941l22.667-22.667c9.357-9.357 24.522-9.375 33.901-.04L224 284.505l154.745-154.021c9.379-9.335 24.544-9.317 33.901.04l22.667 22.667c9.373 9.373 9.373 24.569 0 33.941L240.971 381.476c-9.373 9.372-24.569 9.372-33.942 0z\"><\/path><\/svg><\/div>\n\t\t\t\t<div class=\"elementor-toc__toggle-button elementor-toc__toggle-button--collapse\" role=\"button\" tabindex=\"0\" aria-controls=\"elementor-toc__aa2d083\" aria-expanded=\"true\" aria-label=\"Fermer la table des mati\u00e8res\"><svg aria-hidden=\"true\" class=\"e-font-icon-svg e-fas-chevron-up\" viewbox=\"0 0 448 512\" xmlns=\"http:\/\/www.w3.org\/2000\/svg\"><path d=\"M240.971 130.524l194.343 194.343c9.373 9.373 9.373 24.569 0 33.941l-22.667 22.667c-9.357 9.357-24.522 9.375-33.901.04L224 227.495 69.255 381.516c-9.379 9.335-24.544 9.317-33.901-.04l-22.667-22.667c-9.373-9.373-9.373-24.569 0-33.941L207.03 130.525c9.372-9.373 24.568-9.373 33.941-.001z\"><\/path><\/svg><\/div>\n\t\t\t\t\t<\/div>\n\t\t\t\t<div id=\"elementor-toc__aa2d083\" class=\"elementor-toc__body\">\n\t\t\t<div class=\"elementor-toc__spinner-container\">\n\t\t\t\t<svg class=\"elementor-toc__spinner eicon-animation-spin e-font-icon-svg e-eicon-loading\" aria-hidden=\"true\" viewbox=\"0 0 1000 1000\" xmlns=\"http:\/\/www.w3.org\/2000\/svg\"><path d=\"M500 975V858C696 858 858 696 858 500S696 142 500 142 142 304 142 500H25C25 237 238 25 500 25S975 237 975 500 763 975 500 975Z\"><\/path><\/svg>\t\t\t<\/div>\n\t\t<\/div>\n\t\t\t\t\t\t<\/div>\n\t\t\t\t<div class=\"elementor-element elementor-element-a8bb507 elementor-widget elementor-widget-heading\" data-id=\"a8bb507\" data-element_type=\"widget\" data-widget_type=\"heading.default\">\n\t\t\t\t\t<h3 class=\"elementor-heading-title elementor-size-default\">RhythmIQ<\/h3>\t\t\t\t<\/div>\n\t\t\t\t<div class=\"elementor-element elementor-element-d24bb11 elementor-widget elementor-widget-text-editor\" data-id=\"d24bb11\" data-element_type=\"widget\" data-widget_type=\"text-editor.default\">\n\t\t\t\t\t\t\t\t\t<p>L'algorithme RythmIQ a \u00e9t\u00e9 con\u00e7u pour favoriser la conduction intrins\u00e8que dans les dispositifs Boston Scientific.<\/p><ul><li>le dispositif fournit un AAI(R) \u00e0 la limite inf\u00e9rieure du taux et\/ou au taux indiqu\u00e9 par le capteur<\/li><li>l'appareil fournit une stimulation VVI de secours \u00e0 une fr\u00e9quence inf\u00e9rieure de 15 bpm \u00e0 la limite inf\u00e9rieure de fr\u00e9quence programm\u00e9e<\/li><li>la fr\u00e9quence de stimulation VVI de secours est limit\u00e9e \u00e0 30 bpm au minimum et \u00e0 60 bpm au maximum<\/li><li>pour une limite de fr\u00e9quence inf\u00e9rieure  75 bpm, la sauvegarde VVI est de 60 bpm<\/li><li>si 3 battements ventriculaires lents sont d\u00e9tect\u00e9s dans une fen\u00eatre de 11 battements, l'appareil passe automatiquement en mode DDD(R)<\/li><li>nominalement, l'algorithme Rythmiq est OFF<\/li><\/ul><p>L'algorithme AV Search+ est utilis\u00e9 pour v\u00e9rifier p\u00e9riodiquement le retour de la conduction intrins\u00e8que et pour repasser \u00e0 la stimulation AAI(R)\/VVI de secours.<\/p>\t\t\t\t\t\t\t\t<\/div>\n\t\t\t\t<div class=\"elementor-element elementor-element-ee523ec elementor-widget elementor-widget-image\" data-id=\"ee523ec\" data-element_type=\"widget\" data-widget_type=\"image.default\">\n\t\t\t\t\t\t\t\t\t\t\t\t\t\t\t\t<a href=\"http:\/\/cardiocases.com\/wp-content\/uploads\/2026\/01\/pm19_situation15.png\" data-elementor-open-lightbox=\"yes\" data-elementor-lightbox-title=\"pm19_situation15\" data-e-action-hash=\"#elementor-action%3Aaction%3Dlightbox%26settings%3DeyJpZCI6NjYzMiwidXJsIjoiaHR0cHM6XC9cL2NhcmRpb2Nhc2VzLmNvbVwvd3AtY29udGVudFwvdXBsb2Fkc1wvMjAyNlwvMDFcL3BtMTlfc2l0dWF0aW9uMTUucG5nIn0%3D\">\n\t\t\t\t\t\t\t<img fetchpriority=\"high\" decoding=\"async\" width=\"711\" height=\"420\" src=\"https:\/\/cardiocases.com\/wp-content\/uploads\/2026\/01\/pm19_situation15.png\" class=\"attachment-large size-large wp-image-6632\" alt=\"\" srcset=\"https:\/\/cardiocases.com\/wp-content\/uploads\/2026\/01\/pm19_situation15.png 711w, https:\/\/cardiocases.com\/wp-content\/uploads\/2026\/01\/pm19_situation15-300x177.png 300w, https:\/\/cardiocases.com\/wp-content\/uploads\/2026\/01\/pm19_situation15-18x12.png 18w\" sizes=\"(max-width: 711px) 100vw, 711px\" \/>\t\t\t\t\t\t\t\t<\/a>\n\t\t\t\t\t\t\t\t\t\t\t\t\t\t\t<\/div>\n\t\t\t\t<div class=\"elementor-element elementor-element-5e21f8f elementor-widget elementor-widget-text-editor\" data-id=\"5e21f8f\" data-element_type=\"widget\" data-widget_type=\"text-editor.default\">\n\t\t\t\t\t\t\t\t\t<p><strong>Passage de la sauvegarde AAI\/VVI \u00e0 la DDD<\/strong><\/p><p>Pendant la stimulation AAI(R)\/VVI de secours, l'appareil passe automatiquement en DDD(R) si trois battements ventriculaires lents sont d\u00e9tect\u00e9s dans une fen\u00eatre de 11 battements.<\/p><p>Un battement lent est d\u00e9fini comme un \u00e9v\u00e9nement de stimulation ventriculaire ou de d\u00e9tection ventriculaire qui est au moins 150 ms plus lent que la fr\u00e9quence de stimulation AAI(R). La valeur de 150 ms est utilis\u00e9e pour tenir compte des variations normales entre les cycles cardiaques.<\/p><p>Les battements ventriculaires lents sont les suivants :<\/p><ul><li>\u00c9v\u00e9nement rythm\u00e9 en V<\/li><li>\u00c9v\u00e9nement d\u00e9tect\u00e9 &gt; limite inf\u00e9rieure de taux de l'AAI + 150 ms<\/li><li>\u00c9v\u00e9nement d\u00e9tect\u00e9 V &gt; taux indiqu\u00e9 par le capteur AAI(R) + 150 ms<\/li><\/ul>\t\t\t\t\t\t\t\t<\/div>\n\t\t\t\t<div class=\"elementor-element elementor-element-5c774b2 elementor-widget elementor-widget-text-editor\" data-id=\"5c774b2\" data-element_type=\"widget\" data-widget_type=\"text-editor.default\">\n\t\t\t\t\t\t\t\t\t<p>L'appareil recherche les cycles lents. Tout \u00e9v\u00e9nement ventriculaire d\u00e9tect\u00e9 ou stimul\u00e9 qui est au moins 150 ms plus lent que la vitesse de stimulation AAI(R) est consid\u00e9r\u00e9 comme un cycle lent. Si 3 cycles ventriculaires lents sont d\u00e9tect\u00e9s dans une fen\u00eatre de 11 battements, l'appareil passe automatiquement en mode DDD(R).<\/p>\t\t\t\t\t\t\t\t<\/div>\n\t\t\t\t<div class=\"elementor-element elementor-element-6697a16 elementor-widget elementor-widget-image\" data-id=\"6697a16\" data-element_type=\"widget\" data-widget_type=\"image.default\">\n\t\t\t\t\t\t\t\t\t\t\t\t\t\t\t\t<a href=\"http:\/\/cardiocases.com\/wp-content\/uploads\/2026\/01\/pm19_situation16.png\" data-elementor-open-lightbox=\"yes\" data-elementor-lightbox-title=\"pm19_situation16\" data-e-action-hash=\"#elementor-action%3Aaction%3Dlightbox%26settings%3DeyJpZCI6NjYzMSwidXJsIjoiaHR0cHM6XC9cL2NhcmRpb2Nhc2VzLmNvbVwvd3AtY29udGVudFwvdXBsb2Fkc1wvMjAyNlwvMDFcL3BtMTlfc2l0dWF0aW9uMTYucG5nIn0%3D\">\n\t\t\t\t\t\t\t<img decoding=\"async\" width=\"732\" height=\"390\" src=\"https:\/\/cardiocases.com\/wp-content\/uploads\/2026\/01\/pm19_situation16.png\" class=\"attachment-large size-large wp-image-6631\" alt=\"\" srcset=\"https:\/\/cardiocases.com\/wp-content\/uploads\/2026\/01\/pm19_situation16.png 732w, https:\/\/cardiocases.com\/wp-content\/uploads\/2026\/01\/pm19_situation16-300x160.png 300w, https:\/\/cardiocases.com\/wp-content\/uploads\/2026\/01\/pm19_situation16-18x10.png 18w\" sizes=\"(max-width: 732px) 100vw, 732px\" \/>\t\t\t\t\t\t\t\t<\/a>\n\t\t\t\t\t\t\t\t\t\t\t\t\t\t\t<\/div>\n\t\t\t\t<div class=\"elementor-element elementor-element-2c1b16e elementor-widget elementor-widget-text-editor\" data-id=\"2c1b16e\" data-element_type=\"widget\" data-widget_type=\"text-editor.default\">\n\t\t\t\t\t\t\t\t\t<p><strong>AV Search +<\/strong><\/p><p>Si Rythmiq est programm\u00e9 sur ON et AV Search + sur OFF, lorsque trois battements ventriculaires lents sont d\u00e9tect\u00e9s dans une fen\u00eatre de 11 battements, l'appareil passe en permanence en mode DDD(R) sans possibilit\u00e9 de repasser en mode AAI(R).<\/p><p>L'algorithme AV Search + favorise l'activation ventriculaire intrins\u00e8que en allongeant p\u00e9riodiquement le d\u00e9lai AV.<\/p><ul><li>la recherche commence tous les 32-1024 cycles ventriculaires (intervalle de recherche programm\u00e9)<\/li><li>lorsque l'intervalle de recherche AV est atteint, le d\u00e9lai AV est prolong\u00e9 jusqu'\u00e0 la valeur de recherche AV + programm\u00e9e<\/li><li>\u00e9chec de la recherche : si l'une des situations suivantes se produit, le dispositif maintient la stimulation DDD(R) et l'intervalle AV Search + est relanc\u00e9 : aucune conduction intrins\u00e8que n'est d\u00e9tect\u00e9e au cours de la p\u00e9riode de recherche initiale (8 cycles) ou 2 des 10 derniers \u00e9v\u00e9nements ventriculaires sont stimul\u00e9s (fen\u00eatre roulante).<\/li><li>Recherche r\u00e9ussie : si au moins une d\u00e9tection V est d\u00e9tect\u00e9e pendant la p\u00e9riode de recherche initiale (8 cycles), l'hyst\u00e9r\u00e9sis continue : chaque \u00e9v\u00e9nement ventriculaire d\u00e9tect\u00e9 est marqu\u00e9 comme VS-Hy (hyst\u00e9r\u00e9sis), le compteur de conduction AV est incr\u00e9ment\u00e9 \u00e0 chaque battement VS-Hy ; lorsque le compteur de conduction AV est \u2265 25, une conduction soutenue est d\u00e9tect\u00e9e et l'appareil repasse en mode AAI(R) avec VVI de secours.<\/li><\/ul><p><strong>Param\u00e8tres programmables<\/strong><\/p><ul><li>Recherche AV + : OFF\/ON<\/li><li>Intervalle de recherche : 32-1024 cycles<\/li><li>D\u00e9lai de recherche AV : 30-400 ms<\/li><li>Le d\u00e9lai AV Search est appliqu\u00e9 aux d\u00e9lais AV Sensed et AV Paced programm\u00e9s.<\/li><\/ul><p><strong>Journal de bord de l'arythmie<\/strong><\/p><p>Un \u00e9v\u00e9nement est enregistr\u00e9 dans le journal d'arythmie lorsque l'appareil passe en mode DDD(R). Il est possible d'enregistrer jusqu'\u00e0 trois \u00e9v\u00e9nements (un minimum) avec les d\u00e9tails de l'EGM (20 secondes d'EGM).<\/p>\t\t\t\t\t\t\t\t<\/div>\n\t\t\t\t<\/div>\n\t\t\t\t<\/div>","protected":false},"excerpt":{"rendered":"<p>Boston Scientific &#8211; Pacing modes Content RhythmIQ The RythmIQ algorithm has been designed to promote intrinsic conduction in Boston Scientific devices. the device provides AAI(R) at the lower rate limit and\/or sensor indicated rate the device provides backup VVI pacing at a rate 15 bpm slower than the programmed lower rate limit the backup VVI [&hellip;]<\/p>","protected":false},"author":1,"featured_media":0,"parent":51,"menu_order":0,"comment_status":"closed","ping_status":"closed","template":"","meta":{"_acf_changed":false,"footnotes":""},"class_list":["post-3654","page","type-page","status-publish","hentry"],"acf":[],"yoast_head":"<!-- This site is optimized with the Yoast SEO plugin v26.8 - https:\/\/yoast.com\/product\/yoast-seo-wordpress\/ -->\n<title>Boston Scientific Pacemaker Pacing Modes | Cardiocases<\/title>\n<meta name=\"description\" content=\"Boston Scientific pacemaker pacing modes \u2014 DDD, VVI, AAI, DDDR &amp; device-specific algorithms with ECG tracings.\" \/>\n<meta name=\"robots\" content=\"index, follow, max-snippet:-1, max-image-preview:large, max-video-preview:-1\" \/>\n<link rel=\"canonical\" href=\"https:\/\/cardiocases.com\/fr\/pacing-defibrillation\/devices-per-company\/boston-scientific\/pacing-modes-boston-scientific\/\" \/>\n<meta property=\"og:locale\" content=\"fr_FR\" \/>\n<meta property=\"og:type\" content=\"article\" \/>\n<meta property=\"og:title\" content=\"Boston Scientific Pacemaker Pacing Modes | Cardiocases\" \/>\n<meta property=\"og:description\" content=\"Boston Scientific pacemaker pacing modes \u2014 DDD, VVI, AAI, DDDR &amp; device-specific algorithms with ECG tracings.\" \/>\n<meta property=\"og:url\" content=\"https:\/\/cardiocases.com\/fr\/pacing-defibrillation\/devices-per-company\/boston-scientific\/pacing-modes-boston-scientific\/\" \/>\n<meta property=\"og:site_name\" content=\"Cardiocases\" \/>\n<meta property=\"article:modified_time\" content=\"2026-01-02T12:40:42+00:00\" \/>\n<meta property=\"og:image\" content=\"http:\/\/cardiocases.com\/wp-content\/uploads\/2026\/01\/pm19_situation15.png\" \/>\n<meta name=\"twitter:card\" content=\"summary_large_image\" \/>\n<meta name=\"twitter:label1\" content=\"Dur\u00e9e de lecture estim\u00e9e\" \/>\n\t<meta name=\"twitter:data1\" content=\"3 minutes\" \/>\n<script type=\"application\/ld+json\" class=\"yoast-schema-graph\">{\"@context\":\"https:\/\/schema.org\",\"@graph\":[{\"@type\":\"WebPage\",\"@id\":\"https:\/\/cardiocases.com\/pacing-defibrillation\/devices-per-company\/boston-scientific\/pacing-modes-boston-scientific\/\",\"url\":\"https:\/\/cardiocases.com\/pacing-defibrillation\/devices-per-company\/boston-scientific\/pacing-modes-boston-scientific\/\",\"name\":\"Boston Scientific Pacemaker Pacing Modes | Cardiocases\",\"isPartOf\":{\"@id\":\"https:\/\/cardiocases.com\/#website\"},\"primaryImageOfPage\":{\"@id\":\"https:\/\/cardiocases.com\/pacing-defibrillation\/devices-per-company\/boston-scientific\/pacing-modes-boston-scientific\/#primaryimage\"},\"image\":{\"@id\":\"https:\/\/cardiocases.com\/pacing-defibrillation\/devices-per-company\/boston-scientific\/pacing-modes-boston-scientific\/#primaryimage\"},\"thumbnailUrl\":\"http:\/\/cardiocases.com\/wp-content\/uploads\/2026\/01\/pm19_situation15.png\",\"datePublished\":\"2025-10-08T19:01:30+00:00\",\"dateModified\":\"2026-01-02T12:40:42+00:00\",\"description\":\"Boston Scientific pacemaker pacing modes \u2014 DDD, VVI, AAI, DDDR & device-specific algorithms with ECG tracings.\",\"breadcrumb\":{\"@id\":\"https:\/\/cardiocases.com\/pacing-defibrillation\/devices-per-company\/boston-scientific\/pacing-modes-boston-scientific\/#breadcrumb\"},\"inLanguage\":\"fr-FR\",\"potentialAction\":[{\"@type\":\"ReadAction\",\"target\":[\"https:\/\/cardiocases.com\/pacing-defibrillation\/devices-per-company\/boston-scientific\/pacing-modes-boston-scientific\/\"]}]},{\"@type\":\"ImageObject\",\"inLanguage\":\"fr-FR\",\"@id\":\"https:\/\/cardiocases.com\/pacing-defibrillation\/devices-per-company\/boston-scientific\/pacing-modes-boston-scientific\/#primaryimage\",\"url\":\"http:\/\/cardiocases.com\/wp-content\/uploads\/2026\/01\/pm19_situation15.png\",\"contentUrl\":\"http:\/\/cardiocases.com\/wp-content\/uploads\/2026\/01\/pm19_situation15.png\"},{\"@type\":\"BreadcrumbList\",\"@id\":\"https:\/\/cardiocases.com\/pacing-defibrillation\/devices-per-company\/boston-scientific\/pacing-modes-boston-scientific\/#breadcrumb\",\"itemListElement\":[{\"@type\":\"ListItem\",\"position\":1,\"name\":\"Home\",\"item\":\"https:\/\/cardiocases.com\/\"},{\"@type\":\"ListItem\",\"position\":2,\"name\":\"Pacing &amp; Defibrillation\",\"item\":\"https:\/\/cardiocases.com\/pacing-defibrillation\/\"},{\"@type\":\"ListItem\",\"position\":3,\"name\":\"Devices per company\",\"item\":\"https:\/\/cardiocases.com\/pacing-defibrillation\/devices-per-company\/\"},{\"@type\":\"ListItem\",\"position\":4,\"name\":\"Boston Scientific\",\"item\":\"https:\/\/cardiocases.com\/pacing-defibrillation\/devices-per-company\/boston-scientific\/\"},{\"@type\":\"ListItem\",\"position\":5,\"name\":\"Pacing modes Boston Scientific\"}]},{\"@type\":\"WebSite\",\"@id\":\"https:\/\/cardiocases.com\/#website\",\"url\":\"https:\/\/cardiocases.com\/\",\"name\":\"Cardiocases\",\"description\":\"Real cardiac device traces, pacemaker &amp; ICD learning \u2014 built by electrophysiologists\",\"publisher\":{\"@id\":\"https:\/\/cardiocases.com\/#organization\"},\"potentialAction\":[{\"@type\":\"SearchAction\",\"target\":{\"@type\":\"EntryPoint\",\"urlTemplate\":\"https:\/\/cardiocases.com\/?s={search_term_string}\"},\"query-input\":{\"@type\":\"PropertyValueSpecification\",\"valueRequired\":true,\"valueName\":\"search_term_string\"}}],\"inLanguage\":\"fr-FR\"},{\"@type\":\"Organization\",\"@id\":\"https:\/\/cardiocases.com\/#organization\",\"name\":\"Cardiocases\",\"url\":\"https:\/\/cardiocases.com\/\",\"logo\":{\"@type\":\"ImageObject\",\"inLanguage\":\"fr-FR\",\"@id\":\"https:\/\/cardiocases.com\/#\/schema\/logo\/image\/\",\"url\":\"https:\/\/cardiocases.com\/wp-content\/uploads\/2025\/07\/cardiocases_logo.png\",\"contentUrl\":\"https:\/\/cardiocases.com\/wp-content\/uploads\/2025\/07\/cardiocases_logo.png\",\"width\":1755,\"height\":499,\"caption\":\"Cardiocases\"},\"image\":{\"@id\":\"https:\/\/cardiocases.com\/#\/schema\/logo\/image\/\"},\"sameAs\":[\"https:\/\/www.linkedin.com\/company\/cardiocases\/\"]}]}<\/script>\n<!-- \/ Yoast SEO plugin. -->","yoast_head_json":{"title":"Boston Scientific Pacemaker Pacing Modes | Cardiocases","description":"Boston Scientific pacemaker pacing modes \u2014 DDD, VVI, AAI, DDDR & device-specific algorithms with ECG tracings.","robots":{"index":"index","follow":"follow","max-snippet":"max-snippet:-1","max-image-preview":"max-image-preview:large","max-video-preview":"max-video-preview:-1"},"canonical":"https:\/\/cardiocases.com\/fr\/pacing-defibrillation\/devices-per-company\/boston-scientific\/pacing-modes-boston-scientific\/","og_locale":"fr_FR","og_type":"article","og_title":"Boston Scientific Pacemaker Pacing Modes | Cardiocases","og_description":"Boston Scientific pacemaker pacing modes \u2014 DDD, VVI, AAI, DDDR & device-specific algorithms with ECG tracings.","og_url":"https:\/\/cardiocases.com\/fr\/pacing-defibrillation\/devices-per-company\/boston-scientific\/pacing-modes-boston-scientific\/","og_site_name":"Cardiocases","article_modified_time":"2026-01-02T12:40:42+00:00","og_image":[{"url":"http:\/\/cardiocases.com\/wp-content\/uploads\/2026\/01\/pm19_situation15.png","type":"","width":"","height":""}],"twitter_card":"summary_large_image","twitter_misc":{"Dur\u00e9e de lecture estim\u00e9e":"3 minutes"},"schema":{"@context":"https:\/\/schema.org","@graph":[{"@type":"WebPage","@id":"https:\/\/cardiocases.com\/pacing-defibrillation\/devices-per-company\/boston-scientific\/pacing-modes-boston-scientific\/","url":"https:\/\/cardiocases.com\/pacing-defibrillation\/devices-per-company\/boston-scientific\/pacing-modes-boston-scientific\/","name":"Boston Scientific Pacemaker Pacing Modes | Cardiocases","isPartOf":{"@id":"https:\/\/cardiocases.com\/#website"},"primaryImageOfPage":{"@id":"https:\/\/cardiocases.com\/pacing-defibrillation\/devices-per-company\/boston-scientific\/pacing-modes-boston-scientific\/#primaryimage"},"image":{"@id":"https:\/\/cardiocases.com\/pacing-defibrillation\/devices-per-company\/boston-scientific\/pacing-modes-boston-scientific\/#primaryimage"},"thumbnailUrl":"http:\/\/cardiocases.com\/wp-content\/uploads\/2026\/01\/pm19_situation15.png","datePublished":"2025-10-08T19:01:30+00:00","dateModified":"2026-01-02T12:40:42+00:00","description":"Boston Scientific pacemaker pacing modes \u2014 DDD, VVI, AAI, DDDR & device-specific algorithms with ECG tracings.","breadcrumb":{"@id":"https:\/\/cardiocases.com\/pacing-defibrillation\/devices-per-company\/boston-scientific\/pacing-modes-boston-scientific\/#breadcrumb"},"inLanguage":"fr-FR","potentialAction":[{"@type":"ReadAction","target":["https:\/\/cardiocases.com\/pacing-defibrillation\/devices-per-company\/boston-scientific\/pacing-modes-boston-scientific\/"]}]},{"@type":"ImageObject","inLanguage":"fr-FR","@id":"https:\/\/cardiocases.com\/pacing-defibrillation\/devices-per-company\/boston-scientific\/pacing-modes-boston-scientific\/#primaryimage","url":"http:\/\/cardiocases.com\/wp-content\/uploads\/2026\/01\/pm19_situation15.png","contentUrl":"http:\/\/cardiocases.com\/wp-content\/uploads\/2026\/01\/pm19_situation15.png"},{"@type":"BreadcrumbList","@id":"https:\/\/cardiocases.com\/pacing-defibrillation\/devices-per-company\/boston-scientific\/pacing-modes-boston-scientific\/#breadcrumb","itemListElement":[{"@type":"ListItem","position":1,"name":"Home","item":"https:\/\/cardiocases.com\/"},{"@type":"ListItem","position":2,"name":"Pacing &amp; Defibrillation","item":"https:\/\/cardiocases.com\/pacing-defibrillation\/"},{"@type":"ListItem","position":3,"name":"Devices per company","item":"https:\/\/cardiocases.com\/pacing-defibrillation\/devices-per-company\/"},{"@type":"ListItem","position":4,"name":"Boston Scientific","item":"https:\/\/cardiocases.com\/pacing-defibrillation\/devices-per-company\/boston-scientific\/"},{"@type":"ListItem","position":5,"name":"Pacing modes Boston Scientific"}]},{"@type":"WebSite","@id":"https:\/\/cardiocases.com\/#website","url":"https:\/\/cardiocases.com\/","name":"Cardiocases","description":"Real cardiac device traces, pacemaker &amp; ICD learning \u2014 built by electrophysiologists","publisher":{"@id":"https:\/\/cardiocases.com\/#organization"},"potentialAction":[{"@type":"SearchAction","target":{"@type":"EntryPoint","urlTemplate":"https:\/\/cardiocases.com\/?s={search_term_string}"},"query-input":{"@type":"PropertyValueSpecification","valueRequired":true,"valueName":"search_term_string"}}],"inLanguage":"fr-FR"},{"@type":"Organization","@id":"https:\/\/cardiocases.com\/#organization","name":"Cardiocases","url":"https:\/\/cardiocases.com\/","logo":{"@type":"ImageObject","inLanguage":"fr-FR","@id":"https:\/\/cardiocases.com\/#\/schema\/logo\/image\/","url":"https:\/\/cardiocases.com\/wp-content\/uploads\/2025\/07\/cardiocases_logo.png","contentUrl":"https:\/\/cardiocases.com\/wp-content\/uploads\/2025\/07\/cardiocases_logo.png","width":1755,"height":499,"caption":"Cardiocases"},"image":{"@id":"https:\/\/cardiocases.com\/#\/schema\/logo\/image\/"},"sameAs":["https:\/\/www.linkedin.com\/company\/cardiocases\/"]}]}},"_links":{"self":[{"href":"https:\/\/cardiocases.com\/fr\/wp-json\/wp\/v2\/pages\/3654","targetHints":{"allow":["GET"]}}],"collection":[{"href":"https:\/\/cardiocases.com\/fr\/wp-json\/wp\/v2\/pages"}],"about":[{"href":"https:\/\/cardiocases.com\/fr\/wp-json\/wp\/v2\/types\/page"}],"author":[{"embeddable":true,"href":"https:\/\/cardiocases.com\/fr\/wp-json\/wp\/v2\/users\/1"}],"replies":[{"embeddable":true,"href":"https:\/\/cardiocases.com\/fr\/wp-json\/wp\/v2\/comments?post=3654"}],"version-history":[{"count":0,"href":"https:\/\/cardiocases.com\/fr\/wp-json\/wp\/v2\/pages\/3654\/revisions"}],"up":[{"embeddable":true,"href":"https:\/\/cardiocases.com\/fr\/wp-json\/wp\/v2\/pages\/51"}],"wp:attachment":[{"href":"https:\/\/cardiocases.com\/fr\/wp-json\/wp\/v2\/media?parent=3654"}],"curies":[{"name":"wp","href":"https:\/\/api.w.org\/{rel}","templated":true}]}}