{"id":3653,"date":"2025-10-08T19:01:53","date_gmt":"2025-10-08T19:01:53","guid":{"rendered":"https:\/\/cardiocases.com\/?page_id=3653"},"modified":"2025-11-17T20:41:21","modified_gmt":"2025-11-17T20:41:21","slug":"programming-during-exercise-boston-scientific","status":"publish","type":"page","link":"https:\/\/cardiocases.com\/fr\/pacing-defibrillation\/devices-per-company\/boston-scientific\/programming-during-exercise-boston-scientific\/","title":{"rendered":"Programming during exercise Boston Scientific"},"content":{"rendered":"<div data-elementor-type=\"wp-page\" data-elementor-id=\"3653\" class=\"elementor elementor-3653\" data-elementor-post-type=\"page\">\n\t\t\t\t<div class=\"elementor-element elementor-element-75e24c5 e-con-full e-flex e-con e-parent\" data-id=\"75e24c5\" data-element_type=\"container\" data-settings=\"{&quot;background_background&quot;:&quot;classic&quot;}\">\n\t\t\t\t<div class=\"elementor-element elementor-element-34eb36d elementor-widget elementor-widget-heading\" data-id=\"34eb36d\" data-element_type=\"widget\" data-widget_type=\"heading.default\">\n\t\t\t\t\t<h2 class=\"elementor-heading-title elementor-size-default\"><span style=\"font-size: 2rem\">Boston Scientific - <\/span>Programmation pendant l'effort<\/h2>\t\t\t\t<\/div>\n\t\t\t\t<div class=\"elementor-element elementor-element-8831839 elementor-toc--minimized-on-tablet elementor-widget elementor-widget-table-of-contents\" data-id=\"8831839\" data-element_type=\"widget\" data-settings=\"{&quot;headings_by_tags&quot;:[&quot;h3&quot;,&quot;h4&quot;,&quot;h5&quot;],&quot;exclude_headings_by_selector&quot;:[],&quot;no_headings_message&quot;:&quot;No headings were found on this page.&quot;,&quot;marker_view&quot;:&quot;bullets&quot;,&quot;icon&quot;:{&quot;value&quot;:&quot;fas fa-circle&quot;,&quot;library&quot;:&quot;fa-solid&quot;,&quot;rendered_tag&quot;:&quot;&lt;svg class=\\&quot;e-font-icon-svg e-fas-circle\\&quot; viewBox=\\&quot;0 0 512 512\\&quot; xmlns=\\&quot;http:\\\/\\\/www.w3.org\\\/2000\\\/svg\\&quot;&gt;&lt;path d=\\&quot;M256 8C119 8 8 119 8 256s111 248 248 248 248-111 248-248S393 8 256 8z\\&quot;&gt;&lt;\\\/path&gt;&lt;\\\/svg&gt;&quot;},&quot;minimize_box&quot;:&quot;yes&quot;,&quot;minimized_on&quot;:&quot;tablet&quot;,&quot;hierarchical_view&quot;:&quot;yes&quot;,&quot;min_height&quot;:{&quot;unit&quot;:&quot;px&quot;,&quot;size&quot;:&quot;&quot;,&quot;sizes&quot;:[]},&quot;min_height_tablet&quot;:{&quot;unit&quot;:&quot;px&quot;,&quot;size&quot;:&quot;&quot;,&quot;sizes&quot;:[]},&quot;min_height_mobile&quot;:{&quot;unit&quot;:&quot;px&quot;,&quot;size&quot;:&quot;&quot;,&quot;sizes&quot;:[]}}\" data-widget_type=\"table-of-contents.default\">\n\t\t\t\t\t\t\t\t\t<div class=\"elementor-toc__header\">\n\t\t\t\t\t\t<h4 class=\"elementor-toc__header-title\">\n\t\t\t\tG\u00e9n\u00e9ralit\u00e9s\t\t\t<\/h4>\n\t\t\t\t\t\t\t\t\t\t<div class=\"elementor-toc__toggle-button elementor-toc__toggle-button--expand\" role=\"button\" tabindex=\"0\" aria-controls=\"elementor-toc__8831839\" aria-expanded=\"true\" aria-label=\"Ouvrir la table des mati\u00e8res\"><svg aria-hidden=\"true\" class=\"e-font-icon-svg e-fas-chevron-down\" viewbox=\"0 0 448 512\" xmlns=\"http:\/\/www.w3.org\/2000\/svg\"><path d=\"M207.029 381.476L12.686 187.132c-9.373-9.373-9.373-24.569 0-33.941l22.667-22.667c9.357-9.357 24.522-9.375 33.901-.04L224 284.505l154.745-154.021c9.379-9.335 24.544-9.317 33.901.04l22.667 22.667c9.373 9.373 9.373 24.569 0 33.941L240.971 381.476c-9.373 9.372-24.569 9.372-33.942 0z\"><\/path><\/svg><\/div>\n\t\t\t\t<div class=\"elementor-toc__toggle-button elementor-toc__toggle-button--collapse\" role=\"button\" tabindex=\"0\" aria-controls=\"elementor-toc__8831839\" aria-expanded=\"true\" aria-label=\"Fermer la table des mati\u00e8res\"><svg aria-hidden=\"true\" class=\"e-font-icon-svg e-fas-chevron-up\" viewbox=\"0 0 448 512\" xmlns=\"http:\/\/www.w3.org\/2000\/svg\"><path d=\"M240.971 130.524l194.343 194.343c9.373 9.373 9.373 24.569 0 33.941l-22.667 22.667c-9.357 9.357-24.522 9.375-33.901.04L224 227.495 69.255 381.516c-9.379 9.335-24.544 9.317-33.901-.04l-22.667-22.667c-9.373-9.373-9.373-24.569 0-33.941L207.03 130.525c9.372-9.373 24.568-9.373 33.941-.001z\"><\/path><\/svg><\/div>\n\t\t\t\t\t<\/div>\n\t\t\t\t<div id=\"elementor-toc__8831839\" class=\"elementor-toc__body\">\n\t\t\t<div class=\"elementor-toc__spinner-container\">\n\t\t\t\t<svg class=\"elementor-toc__spinner eicon-animation-spin e-font-icon-svg e-eicon-loading\" aria-hidden=\"true\" viewbox=\"0 0 1000 1000\" xmlns=\"http:\/\/www.w3.org\/2000\/svg\"><path d=\"M500 975V858C696 858 858 696 858 500S696 142 500 142 142 304 142 500H25C25 237 238 25 500 25S975 237 975 500 763 975 500 975Z\"><\/path><\/svg>\t\t\t<\/div>\n\t\t<\/div>\n\t\t\t\t\t\t<\/div>\n\t\t\t\t<div class=\"elementor-element elementor-element-571777d elementor-widget elementor-widget-heading\" data-id=\"571777d\" data-element_type=\"widget\" data-widget_type=\"heading.default\">\n\t\t\t\t\t<h3 class=\"elementor-heading-title elementor-size-default\">Stimulation adapt\u00e9e au rythme<\/h3>\t\t\t\t<\/div>\n\t\t\t\t<div class=\"elementor-element elementor-element-a5d8d3b elementor-widget elementor-widget-text-editor\" data-id=\"a5d8d3b\" data-element_type=\"widget\" data-widget_type=\"text-editor.default\">\n\t\t\t\t\t\t\t\t\t<p><strong>2 capteurs sont disponibles : accelerom<\/strong><strong>eter (G) et la ventilation minute (MV) :\u00a0<\/strong><\/p><p><strong>1. Acc\u00e9l\u00e9rom\u00e8tre<\/strong><\/p><p>La stimulation adaptative avec capteur acc\u00e9l\u00e9rom\u00e9trique permet d'augmenter la fr\u00e9quence cardiaque en d\u00e9tectant les mouvements du corps associ\u00e9s \u00e0 l'activit\u00e9 physique. L'acc\u00e9l\u00e9rom\u00e8tre est une masse suspendue au circuit int\u00e9gr\u00e9 dans un\u00a0<em>plongeoir\u00a0<\/em>le long de l'axe X.<\/p><ul><li>le capteur acc\u00e9l\u00e9rom\u00e8tre mesure l'amplitude (force du mouvement) et la fr\u00e9quence du mouvement du corps<\/li><li>le mouvement de l'acc\u00e9l\u00e9rom\u00e8tre dans le PG est alors converti en un signal \u00e9lectrique qui est utilis\u00e9 par le circuit du capteur pour d\u00e9terminer les changements de taux au-del\u00e0 de la limite inf\u00e9rieure de taux<\/li><li>le capteur r\u00e9agit \u00e0 l'activit\u00e9 dans la gamme de fr\u00e9quences de 1 \u00e0 10 Hz o\u00f9 se produisent principalement les signaux d'activit\u00e9 physiologique<\/li><\/ul><p><em>Seuil d'activit\u00e9<\/em><\/p><p>D\u00e9termine la quantit\u00e9 minimale d'activit\u00e9 n\u00e9cessaire pour provoquer une augmentation de la fr\u00e9quence de stimulation command\u00e9e par le capteur.<\/p><ul><li>un r\u00e9glage plus bas n\u00e9cessite moins de mouvements pour augmenter la fr\u00e9quence de stimulation<\/li><li>un r\u00e9glage plus \u00e9lev\u00e9 n\u00e9cessite plus de mouvements pour augmenter la fr\u00e9quence de stimulation<\/li><li>par exemple, la programmation d'un r\u00e9glage moyen \u00e0 un r\u00e9glage faible permettrait \u00e0 une activit\u00e9 moins intense de provoquer une augmentation de la cadence command\u00e9e par le capteur.<\/li><li>le seuil d'activit\u00e9 doit \u00eatre suffisamment bas pour permettre une augmentation de la fr\u00e9quence lors d'une activit\u00e9 mineure telle que la marche, mais suffisamment \u00e9lev\u00e9 pour \u00e9viter une augmentation de la fr\u00e9quence lors d'un mouvement de faible intensit\u00e9.<\/li><\/ul><p><em>Temps de r\u00e9action<\/em><\/p><p>D\u00e9termine la vitesse \u00e0 laquelle la fr\u00e9quence d'entra\u00eenement passe \u00e0 un nouveau niveau lorsqu'une augmentation de l'activit\u00e9 sup\u00e9rieure au seuil d'activit\u00e9 est d\u00e9tect\u00e9e.<\/p><ul><li>la valeur s\u00e9lectionn\u00e9e indique le temps n\u00e9cessaire pour augmenter la fr\u00e9quence de stimulation de la limite inf\u00e9rieure de la fr\u00e9quence jusqu'\u00e0 la fr\u00e9quence maximale du capteur \u00e0 un niveau d'activit\u00e9 maximal<\/li><li>la fr\u00e9quence augmente par paliers et l'appareil effectue plusieurs cycles \u00e0 chaque palier avant de passer \u00e0 la fr\u00e9quence sup\u00e9rieure suivante afin d'\u00e9viter les augmentations brusques de la fr\u00e9quence de stimulation.<\/li><li>des temps de r\u00e9action plus courts entra\u00eenent des augmentations plus rapides de la cadence<\/li><li>des temps de r\u00e9action plus longs entra\u00eenent des augmentations plus lentes de la fr\u00e9quence de stimulation<\/li><\/ul><p><strong>\u00a0<\/strong><\/p><p><em>Facteur de r\u00e9ponse<\/em><\/p><p>D\u00e9termine l'agressivit\u00e9 du capteur \u00e0 tous les niveaux d'activit\u00e9 et fonctionne ind\u00e9pendamment des param\u00e8tres de temps de r\u00e9action et de temps de r\u00e9cup\u00e9ration.<\/p><ul><li>un r\u00e9glage \u00e9lev\u00e9 du facteur de r\u00e9ponse n\u00e9cessitera moins d'activit\u00e9 pour atteindre le taux maximal du capteur et un r\u00e9glage faible du facteur de r\u00e9ponse n\u00e9cessitera plus d'activit\u00e9 pour atteindre le taux maximal du capteur<\/li><li>chaque augmentation du facteur de r\u00e9ponse entra\u00eene une augmentation de la fr\u00e9quence cardiaque de 10 \u00e0 15 battements par minute \u00e0 un niveau d'activit\u00e9 donn\u00e9.<\/li><li>s'il est programm\u00e9 \u00e0 un niveau trop bas, la fr\u00e9quence cardiaque n'augmentera pas suffisamment avec l'activit\u00e9.<\/li><li>s'il est programm\u00e9 \u00e0 un niveau trop \u00e9lev\u00e9, le patient peut atteindre la RMS \u00e0 des niveaux d'activit\u00e9 mod\u00e9r\u00e9s<\/li><li>la reprogrammation de la vitesse maximale du capteur ou de la limite inf\u00e9rieure de la vitesse ne modifie pas la pente (agressivit\u00e9 globale) du facteur de r\u00e9ponse<\/li><\/ul><p><em>D\u00e9lai de r\u00e9cup\u00e9ration<\/em><\/p><p>D\u00e9termine la vitesse \u00e0 laquelle le rythme d'entra\u00eenement diminuera jusqu'\u00e0 un nouveau niveau lorsqu'une diminution de l'activit\u00e9 est d\u00e9tect\u00e9e.<\/p><ul><li>la valeur s\u00e9lectionn\u00e9e indique le temps n\u00e9cessaire pour diminuer la fr\u00e9quence de stimulation de la fr\u00e9quence maximale du capteur \u00e0 la limite inf\u00e9rieure de la fr\u00e9quence en l'absence d'activit\u00e9<\/li><li>la fr\u00e9quence diminuera par paliers et le dispositif effectuera plusieurs cycles de stimulation \u00e0 chaque palier avant de passer \u00e0 la fr\u00e9quence inf\u00e9rieure suivante, afin d'\u00e9viter les diminutions brutales de la fr\u00e9quence de stimulation.<\/li><li>des temps de r\u00e9cup\u00e9ration plus courts entra\u00eenent des diminutions plus rapides de la fr\u00e9quence de stimulation et des temps de r\u00e9cup\u00e9ration plus longs entra\u00eenent des diminutions plus lentes de la fr\u00e9quence de stimulation<\/li><li>le temps de r\u00e9cup\u00e9ration est \u00e9galement appliqu\u00e9 lors du retour \u00e0 la limite inf\u00e9rieure de taux apr\u00e8s avoir temporairement rythm\u00e9 \u00e0 une limite inf\u00e9rieure de taux plus \u00e9lev\u00e9e.<\/li><\/ul><p><strong>2. Ventilation minute (MV)<\/strong><\/p><p>Le g\u00e9n\u00e9rateur de pouls utilise l'imp\u00e9dance transthoracique pour mesurer la ventilation minute (MV), qui est le produit de la fr\u00e9quence respiratoire et du volume courant. Sur la base de la mesure de la MV, le g\u00e9n\u00e9rateur d'impulsions calcule la fr\u00e9quence indiqu\u00e9e par le capteur.<\/p><ul><li>l'imp\u00e9dance transthoracique augmente \u00e0 l'inspiration lorsque les poumons se remplissent d'air (l'air ayant une imp\u00e9dance \u00e9lev\u00e9e) et diminue \u00e0 l'expiration.<\/li><li>pour mesurer les variations respiratoires de l'imp\u00e9dance, un courant (I) est appliqu\u00e9 entre l'anneau RA et Can et la tension (V) est mesur\u00e9e entre la pointe RA et Can.<\/li><li>R (imp\u00e9dance) = V (tension) \/ I (courant)<\/li><li>la relation entre l'augmentation d\u00e9tect\u00e9e de la MV et l'augmentation r\u00e9sultante du taux indiqu\u00e9 par le capteur est \u00e9tablie par le facteur de r\u00e9ponse de la MV<\/li><li>Le seuil ventilatoire est un terme physiologique d\u00e9crivant le moment de l'exercice o\u00f9 la fr\u00e9quence respiratoire augmente plus rapidement que la fr\u00e9quence cardiaque (parfois appel\u00e9 seuil ana\u00e9robie ou seuil de lactate).<\/li><li>le facteur de r\u00e9ponse contr\u00f4le la r\u00e9ponse du taux de MV pour les taux du capteur entre la limite inf\u00e9rieure du taux et le seuil ventilatoire<\/li><li>le facteur de r\u00e9ponse au seuil de ventilation contr\u00f4le la r\u00e9ponse du taux de MV lorsque le taux du capteur est sup\u00e9rieur au seuil de ventilation.<\/li><\/ul>\t\t\t\t\t\t\t\t<\/div>\n\t\t\t\t<\/div>\n\t\t\t\t<\/div>","protected":false},"excerpt":{"rendered":"<p>Boston Scientific &#8211; Programming during exercise Content Rate-adaptive pacing 2 sensors are available: accelerometer (G) and minute ventilation (MV):\u00a0 1. Accelerometer Adaptive Rate Pacing with Accelerometer Sensor provides an increase in heart rate by detecting body movement associated with physical activity. The accelerometer is a mass suspended from the integrated circuit in a\u00a0diving board\u00a0orientation along [&hellip;]<\/p>","protected":false},"author":1,"featured_media":0,"parent":51,"menu_order":0,"comment_status":"closed","ping_status":"closed","template":"","meta":{"_acf_changed":false,"footnotes":""},"class_list":["post-3653","page","type-page","status-publish","hentry"],"acf":[],"yoast_head":"<!-- This site is optimized with the Yoast SEO plugin v26.8 - https:\/\/yoast.com\/product\/yoast-seo-wordpress\/ -->\n<title>Boston Scientific Pacemaker Exercise Programming | Cardiocases<\/title>\n<meta name=\"description\" content=\"Programming during exercise Boston Scientific\" \/>\n<meta name=\"robots\" content=\"index, follow, max-snippet:-1, max-image-preview:large, max-video-preview:-1\" \/>\n<link rel=\"canonical\" href=\"https:\/\/cardiocases.com\/fr\/pacing-defibrillation\/devices-per-company\/boston-scientific\/programming-during-exercise-boston-scientific\/\" \/>\n<meta property=\"og:locale\" content=\"fr_FR\" \/>\n<meta property=\"og:type\" content=\"article\" \/>\n<meta property=\"og:title\" content=\"Boston Scientific Pacemaker Exercise Programming | Cardiocases\" \/>\n<meta property=\"og:description\" content=\"Programming during exercise Boston Scientific\" \/>\n<meta property=\"og:url\" content=\"https:\/\/cardiocases.com\/fr\/pacing-defibrillation\/devices-per-company\/boston-scientific\/programming-during-exercise-boston-scientific\/\" \/>\n<meta property=\"og:site_name\" content=\"Cardiocases\" \/>\n<meta property=\"article:modified_time\" content=\"2025-11-17T20:41:21+00:00\" \/>\n<meta name=\"twitter:card\" content=\"summary_large_image\" \/>\n<meta name=\"twitter:label1\" content=\"Dur\u00e9e de lecture estim\u00e9e\" \/>\n\t<meta name=\"twitter:data1\" content=\"4 minutes\" \/>\n<script type=\"application\/ld+json\" class=\"yoast-schema-graph\">{\"@context\":\"https:\/\/schema.org\",\"@graph\":[{\"@type\":\"WebPage\",\"@id\":\"https:\/\/cardiocases.com\/pacing-defibrillation\/devices-per-company\/boston-scientific\/programming-during-exercise-boston-scientific\/\",\"url\":\"https:\/\/cardiocases.com\/pacing-defibrillation\/devices-per-company\/boston-scientific\/programming-during-exercise-boston-scientific\/\",\"name\":\"Boston Scientific Pacemaker Exercise Programming | Cardiocases\",\"isPartOf\":{\"@id\":\"https:\/\/cardiocases.com\/#website\"},\"datePublished\":\"2025-10-08T19:01:53+00:00\",\"dateModified\":\"2025-11-17T20:41:21+00:00\",\"description\":\"Programming during exercise Boston Scientific\",\"breadcrumb\":{\"@id\":\"https:\/\/cardiocases.com\/pacing-defibrillation\/devices-per-company\/boston-scientific\/programming-during-exercise-boston-scientific\/#breadcrumb\"},\"inLanguage\":\"fr-FR\",\"potentialAction\":[{\"@type\":\"ReadAction\",\"target\":[\"https:\/\/cardiocases.com\/pacing-defibrillation\/devices-per-company\/boston-scientific\/programming-during-exercise-boston-scientific\/\"]}]},{\"@type\":\"BreadcrumbList\",\"@id\":\"https:\/\/cardiocases.com\/pacing-defibrillation\/devices-per-company\/boston-scientific\/programming-during-exercise-boston-scientific\/#breadcrumb\",\"itemListElement\":[{\"@type\":\"ListItem\",\"position\":1,\"name\":\"Home\",\"item\":\"https:\/\/cardiocases.com\/\"},{\"@type\":\"ListItem\",\"position\":2,\"name\":\"Pacing &amp; Defibrillation\",\"item\":\"https:\/\/cardiocases.com\/pacing-defibrillation\/\"},{\"@type\":\"ListItem\",\"position\":3,\"name\":\"Devices per company\",\"item\":\"https:\/\/cardiocases.com\/pacing-defibrillation\/devices-per-company\/\"},{\"@type\":\"ListItem\",\"position\":4,\"name\":\"Boston Scientific\",\"item\":\"https:\/\/cardiocases.com\/pacing-defibrillation\/devices-per-company\/boston-scientific\/\"},{\"@type\":\"ListItem\",\"position\":5,\"name\":\"Programming during exercise Boston Scientific\"}]},{\"@type\":\"WebSite\",\"@id\":\"https:\/\/cardiocases.com\/#website\",\"url\":\"https:\/\/cardiocases.com\/\",\"name\":\"Cardiocases\",\"description\":\"Real cardiac device traces, pacemaker &amp; ICD learning \u2014 built by electrophysiologists\",\"publisher\":{\"@id\":\"https:\/\/cardiocases.com\/#organization\"},\"potentialAction\":[{\"@type\":\"SearchAction\",\"target\":{\"@type\":\"EntryPoint\",\"urlTemplate\":\"https:\/\/cardiocases.com\/?s={search_term_string}\"},\"query-input\":{\"@type\":\"PropertyValueSpecification\",\"valueRequired\":true,\"valueName\":\"search_term_string\"}}],\"inLanguage\":\"fr-FR\"},{\"@type\":\"Organization\",\"@id\":\"https:\/\/cardiocases.com\/#organization\",\"name\":\"Cardiocases\",\"url\":\"https:\/\/cardiocases.com\/\",\"logo\":{\"@type\":\"ImageObject\",\"inLanguage\":\"fr-FR\",\"@id\":\"https:\/\/cardiocases.com\/#\/schema\/logo\/image\/\",\"url\":\"https:\/\/cardiocases.com\/wp-content\/uploads\/2025\/07\/cardiocases_logo.png\",\"contentUrl\":\"https:\/\/cardiocases.com\/wp-content\/uploads\/2025\/07\/cardiocases_logo.png\",\"width\":1755,\"height\":499,\"caption\":\"Cardiocases\"},\"image\":{\"@id\":\"https:\/\/cardiocases.com\/#\/schema\/logo\/image\/\"},\"sameAs\":[\"https:\/\/www.linkedin.com\/company\/cardiocases\/\"]}]}<\/script>\n<!-- \/ Yoast SEO plugin. -->","yoast_head_json":{"title":"Boston Scientific Pacemaker Exercise Programming | Cardiocases","description":"Programming during exercise Boston Scientific","robots":{"index":"index","follow":"follow","max-snippet":"max-snippet:-1","max-image-preview":"max-image-preview:large","max-video-preview":"max-video-preview:-1"},"canonical":"https:\/\/cardiocases.com\/fr\/pacing-defibrillation\/devices-per-company\/boston-scientific\/programming-during-exercise-boston-scientific\/","og_locale":"fr_FR","og_type":"article","og_title":"Boston Scientific Pacemaker Exercise Programming | Cardiocases","og_description":"Programming during exercise Boston Scientific","og_url":"https:\/\/cardiocases.com\/fr\/pacing-defibrillation\/devices-per-company\/boston-scientific\/programming-during-exercise-boston-scientific\/","og_site_name":"Cardiocases","article_modified_time":"2025-11-17T20:41:21+00:00","twitter_card":"summary_large_image","twitter_misc":{"Dur\u00e9e de lecture estim\u00e9e":"4 minutes"},"schema":{"@context":"https:\/\/schema.org","@graph":[{"@type":"WebPage","@id":"https:\/\/cardiocases.com\/pacing-defibrillation\/devices-per-company\/boston-scientific\/programming-during-exercise-boston-scientific\/","url":"https:\/\/cardiocases.com\/pacing-defibrillation\/devices-per-company\/boston-scientific\/programming-during-exercise-boston-scientific\/","name":"Boston Scientific Pacemaker Exercise Programming | Cardiocases","isPartOf":{"@id":"https:\/\/cardiocases.com\/#website"},"datePublished":"2025-10-08T19:01:53+00:00","dateModified":"2025-11-17T20:41:21+00:00","description":"Programming during exercise Boston Scientific","breadcrumb":{"@id":"https:\/\/cardiocases.com\/pacing-defibrillation\/devices-per-company\/boston-scientific\/programming-during-exercise-boston-scientific\/#breadcrumb"},"inLanguage":"fr-FR","potentialAction":[{"@type":"ReadAction","target":["https:\/\/cardiocases.com\/pacing-defibrillation\/devices-per-company\/boston-scientific\/programming-during-exercise-boston-scientific\/"]}]},{"@type":"BreadcrumbList","@id":"https:\/\/cardiocases.com\/pacing-defibrillation\/devices-per-company\/boston-scientific\/programming-during-exercise-boston-scientific\/#breadcrumb","itemListElement":[{"@type":"ListItem","position":1,"name":"Home","item":"https:\/\/cardiocases.com\/"},{"@type":"ListItem","position":2,"name":"Pacing &amp; Defibrillation","item":"https:\/\/cardiocases.com\/pacing-defibrillation\/"},{"@type":"ListItem","position":3,"name":"Devices per company","item":"https:\/\/cardiocases.com\/pacing-defibrillation\/devices-per-company\/"},{"@type":"ListItem","position":4,"name":"Boston Scientific","item":"https:\/\/cardiocases.com\/pacing-defibrillation\/devices-per-company\/boston-scientific\/"},{"@type":"ListItem","position":5,"name":"Programming during exercise Boston Scientific"}]},{"@type":"WebSite","@id":"https:\/\/cardiocases.com\/#website","url":"https:\/\/cardiocases.com\/","name":"Cardiocases","description":"Real cardiac device traces, pacemaker &amp; ICD learning \u2014 built by electrophysiologists","publisher":{"@id":"https:\/\/cardiocases.com\/#organization"},"potentialAction":[{"@type":"SearchAction","target":{"@type":"EntryPoint","urlTemplate":"https:\/\/cardiocases.com\/?s={search_term_string}"},"query-input":{"@type":"PropertyValueSpecification","valueRequired":true,"valueName":"search_term_string"}}],"inLanguage":"fr-FR"},{"@type":"Organization","@id":"https:\/\/cardiocases.com\/#organization","name":"Cardiocases","url":"https:\/\/cardiocases.com\/","logo":{"@type":"ImageObject","inLanguage":"fr-FR","@id":"https:\/\/cardiocases.com\/#\/schema\/logo\/image\/","url":"https:\/\/cardiocases.com\/wp-content\/uploads\/2025\/07\/cardiocases_logo.png","contentUrl":"https:\/\/cardiocases.com\/wp-content\/uploads\/2025\/07\/cardiocases_logo.png","width":1755,"height":499,"caption":"Cardiocases"},"image":{"@id":"https:\/\/cardiocases.com\/#\/schema\/logo\/image\/"},"sameAs":["https:\/\/www.linkedin.com\/company\/cardiocases\/"]}]}},"_links":{"self":[{"href":"https:\/\/cardiocases.com\/fr\/wp-json\/wp\/v2\/pages\/3653","targetHints":{"allow":["GET"]}}],"collection":[{"href":"https:\/\/cardiocases.com\/fr\/wp-json\/wp\/v2\/pages"}],"about":[{"href":"https:\/\/cardiocases.com\/fr\/wp-json\/wp\/v2\/types\/page"}],"author":[{"embeddable":true,"href":"https:\/\/cardiocases.com\/fr\/wp-json\/wp\/v2\/users\/1"}],"replies":[{"embeddable":true,"href":"https:\/\/cardiocases.com\/fr\/wp-json\/wp\/v2\/comments?post=3653"}],"version-history":[{"count":0,"href":"https:\/\/cardiocases.com\/fr\/wp-json\/wp\/v2\/pages\/3653\/revisions"}],"up":[{"embeddable":true,"href":"https:\/\/cardiocases.com\/fr\/wp-json\/wp\/v2\/pages\/51"}],"wp:attachment":[{"href":"https:\/\/cardiocases.com\/fr\/wp-json\/wp\/v2\/media?parent=3653"}],"curies":[{"name":"wp","href":"https:\/\/api.w.org\/{rel}","templated":true}]}}