{"id":3620,"date":"2025-10-08T18:51:25","date_gmt":"2025-10-08T18:51:25","guid":{"rendered":"https:\/\/cardiocases.com\/?page_id=3620"},"modified":"2026-01-02T11:27:00","modified_gmt":"2026-01-02T11:27:00","slug":"pacing-modes-abbott","status":"publish","type":"page","link":"https:\/\/cardiocases.com\/fr\/pacing-defibrillation\/devices-per-company\/abbott\/pacing-modes-abbott\/","title":{"rendered":"Pacing modes Abbott"},"content":{"rendered":"<div data-elementor-type=\"wp-page\" data-elementor-id=\"3620\" class=\"elementor elementor-3620\" data-elementor-post-type=\"page\">\n\t\t\t\t<div class=\"elementor-element elementor-element-cd526dd e-con-full e-flex e-con e-parent\" data-id=\"cd526dd\" data-element_type=\"container\" data-settings=\"{&quot;background_background&quot;:&quot;classic&quot;}\">\n\t\t\t\t<div class=\"elementor-element elementor-element-ac74509 elementor-widget elementor-widget-heading\" data-id=\"ac74509\" data-element_type=\"widget\" data-widget_type=\"heading.default\">\n\t\t\t\t\t<h2 class=\"elementor-heading-title elementor-size-default\">Abbott - Modes de stimulation<\/h2>\t\t\t\t<\/div>\n\t\t\t\t<div class=\"elementor-element elementor-element-d113416 elementor-toc--minimized-on-tablet elementor-widget elementor-widget-table-of-contents\" data-id=\"d113416\" data-element_type=\"widget\" data-settings=\"{&quot;headings_by_tags&quot;:[&quot;h3&quot;,&quot;h4&quot;,&quot;h5&quot;],&quot;exclude_headings_by_selector&quot;:[],&quot;no_headings_message&quot;:&quot;No headings were found on this page.&quot;,&quot;marker_view&quot;:&quot;bullets&quot;,&quot;icon&quot;:{&quot;value&quot;:&quot;fas fa-circle&quot;,&quot;library&quot;:&quot;fa-solid&quot;,&quot;rendered_tag&quot;:&quot;&lt;svg class=\\&quot;e-font-icon-svg e-fas-circle\\&quot; viewBox=\\&quot;0 0 512 512\\&quot; xmlns=\\&quot;http:\\\/\\\/www.w3.org\\\/2000\\\/svg\\&quot;&gt;&lt;path d=\\&quot;M256 8C119 8 8 119 8 256s111 248 248 248 248-111 248-248S393 8 256 8z\\&quot;&gt;&lt;\\\/path&gt;&lt;\\\/svg&gt;&quot;},&quot;minimize_box&quot;:&quot;yes&quot;,&quot;minimized_on&quot;:&quot;tablet&quot;,&quot;hierarchical_view&quot;:&quot;yes&quot;,&quot;min_height&quot;:{&quot;unit&quot;:&quot;px&quot;,&quot;size&quot;:&quot;&quot;,&quot;sizes&quot;:[]},&quot;min_height_tablet&quot;:{&quot;unit&quot;:&quot;px&quot;,&quot;size&quot;:&quot;&quot;,&quot;sizes&quot;:[]},&quot;min_height_mobile&quot;:{&quot;unit&quot;:&quot;px&quot;,&quot;size&quot;:&quot;&quot;,&quot;sizes&quot;:[]}}\" data-widget_type=\"table-of-contents.default\">\n\t\t\t\t\t\t\t\t\t<div class=\"elementor-toc__header\">\n\t\t\t\t\t\t<h4 class=\"elementor-toc__header-title\">\n\t\t\t\tG\u00e9n\u00e9ralit\u00e9s\t\t\t<\/h4>\n\t\t\t\t\t\t\t\t\t\t<div class=\"elementor-toc__toggle-button elementor-toc__toggle-button--expand\" role=\"button\" tabindex=\"0\" aria-controls=\"elementor-toc__d113416\" aria-expanded=\"true\" aria-label=\"Ouvrir la table des mati\u00e8res\"><svg aria-hidden=\"true\" class=\"e-font-icon-svg e-fas-chevron-down\" viewbox=\"0 0 448 512\" xmlns=\"http:\/\/www.w3.org\/2000\/svg\"><path d=\"M207.029 381.476L12.686 187.132c-9.373-9.373-9.373-24.569 0-33.941l22.667-22.667c9.357-9.357 24.522-9.375 33.901-.04L224 284.505l154.745-154.021c9.379-9.335 24.544-9.317 33.901.04l22.667 22.667c9.373 9.373 9.373 24.569 0 33.941L240.971 381.476c-9.373 9.372-24.569 9.372-33.942 0z\"><\/path><\/svg><\/div>\n\t\t\t\t<div class=\"elementor-toc__toggle-button elementor-toc__toggle-button--collapse\" role=\"button\" tabindex=\"0\" aria-controls=\"elementor-toc__d113416\" aria-expanded=\"true\" aria-label=\"Fermer la table des mati\u00e8res\"><svg aria-hidden=\"true\" class=\"e-font-icon-svg e-fas-chevron-up\" viewbox=\"0 0 448 512\" xmlns=\"http:\/\/www.w3.org\/2000\/svg\"><path d=\"M240.971 130.524l194.343 194.343c9.373 9.373 9.373 24.569 0 33.941l-22.667 22.667c-9.357 9.357-24.522 9.375-33.901.04L224 227.495 69.255 381.516c-9.379 9.335-24.544 9.317-33.901-.04l-22.667-22.667c-9.373-9.373-9.373-24.569 0-33.941L207.03 130.525c9.372-9.373 24.568-9.373 33.941-.001z\"><\/path><\/svg><\/div>\n\t\t\t\t\t<\/div>\n\t\t\t\t<div id=\"elementor-toc__d113416\" class=\"elementor-toc__body\">\n\t\t\t<div class=\"elementor-toc__spinner-container\">\n\t\t\t\t<svg class=\"elementor-toc__spinner eicon-animation-spin e-font-icon-svg e-eicon-loading\" aria-hidden=\"true\" viewbox=\"0 0 1000 1000\" xmlns=\"http:\/\/www.w3.org\/2000\/svg\"><path d=\"M500 975V858C696 858 858 696 858 500S696 142 500 142 142 304 142 500H25C25 237 238 25 500 25S975 237 975 500 763 975 500 975Z\"><\/path><\/svg>\t\t\t<\/div>\n\t\t<\/div>\n\t\t\t\t\t\t<\/div>\n\t\t\t\t<div class=\"elementor-element elementor-element-ba50458 elementor-widget elementor-widget-heading\" data-id=\"ba50458\" data-element_type=\"widget\" data-widget_type=\"heading.default\">\n\t\t\t\t\t<h3 class=\"elementor-heading-title elementor-size-default\">Algorithme VIP<\/h3>\t\t\t\t<\/div>\n\t\t\t\t<div class=\"elementor-element elementor-element-2b798c0 elementor-widget elementor-widget-text-editor\" data-id=\"2b798c0\" data-element_type=\"widget\" data-widget_type=\"text-editor.default\">\n\t\t\t\t\t\t\t\t\t<p>Il n'existe pas \u00e0 proprement parler de mode sp\u00e9cifique. L'algorithme VIP correspond \u00e0 un hyst\u00e9risis du d\u00e9lai AV. Pour favoriser le retour d'une conduction spontan\u00e9e, le dispositif allonge temporairement son d\u00e9lai AV (jusqu\u2019\u00e0 un maximum de 450 ms). La recherche de conduction spontan\u00e9e n'est r\u00e9alis\u00e9e que pour des fr\u00e9quences inf\u00e9rieures \u00e0 110 bpm.  Si \u00e0 la fin du d\u00e9lai AV prolong\u00e9 aucun \u00e9v\u00e8nement ventriculaire spontan\u00e9 n\u2019est d\u00e9tect\u00e9, une stimulation ventriculaire est d\u00e9livr\u00e9e. Il ne peut donc pas y avoir d\u2019onde P bloqu\u00e9e pendant cette recherche, une stimulation ventriculaire survenant toujours \u00e0 la fin du d\u00e9lai AV prolong\u00e9 en l\u2019absence de d\u00e9tection ventriculaire. En revanche, l'allongement temporaire du d\u00e9lai AV peut favoriser la survenue d'une TRE.<\/p>\t\t\t\t\t\t\t\t<\/div>\n\t\t\t\t<div class=\"elementor-element elementor-element-fc877e9 elementor-widget elementor-widget-heading\" data-id=\"fc877e9\" data-element_type=\"widget\" data-widget_type=\"heading.default\">\n\t\t\t\t\t<h3 class=\"elementor-heading-title elementor-size-default\">Activation du VIP<\/h3>\t\t\t\t<\/div>\n\t\t\t\t<div class=\"elementor-element elementor-element-1c782eb elementor-widget elementor-widget-text-editor\" data-id=\"1c782eb\" data-element_type=\"widget\" data-widget_type=\"text-editor.default\">\n\t\t\t\t\t\t\t\t\t<p>Recherche d\u2019une conduction spontan\u00e9e avec allongement temporaire du d\u00e9lai AV;<\/p>\t\t\t\t\t\t\t\t<\/div>\n\t\t\t\t<div class=\"elementor-element elementor-element-8284455 elementor-widget elementor-widget-image\" data-id=\"8284455\" data-element_type=\"widget\" data-widget_type=\"image.default\">\n\t\t\t\t\t\t\t\t\t\t\t\t\t\t\t\t<a href=\"http:\/\/cardiocases.com\/wp-content\/uploads\/2026\/01\/pm19_situation23.png\" data-elementor-open-lightbox=\"yes\" data-elementor-lightbox-title=\"pm19_situation23\" data-e-action-hash=\"#elementor-action%3Aaction%3Dlightbox%26settings%3DeyJpZCI6NjU4MCwidXJsIjoiaHR0cHM6XC9cL2NhcmRpb2Nhc2VzLmNvbVwvd3AtY29udGVudFwvdXBsb2Fkc1wvMjAyNlwvMDFcL3BtMTlfc2l0dWF0aW9uMjMucG5nIn0%3D\">\n\t\t\t\t\t\t\t<img fetchpriority=\"high\" decoding=\"async\" width=\"728\" height=\"320\" src=\"https:\/\/cardiocases.com\/wp-content\/uploads\/2026\/01\/pm19_situation23.png\" class=\"attachment-large size-large wp-image-6580\" alt=\"\" srcset=\"https:\/\/cardiocases.com\/wp-content\/uploads\/2026\/01\/pm19_situation23.png 728w, https:\/\/cardiocases.com\/wp-content\/uploads\/2026\/01\/pm19_situation23-300x132.png 300w, https:\/\/cardiocases.com\/wp-content\/uploads\/2026\/01\/pm19_situation23-18x8.png 18w\" sizes=\"(max-width: 728px) 100vw, 728px\" \/>\t\t\t\t\t\t\t\t<\/a>\n\t\t\t\t\t\t\t\t\t\t\t\t\t\t\t<\/div>\n\t\t\t\t<div class=\"elementor-element elementor-element-fbc05b5 elementor-widget elementor-widget-text-editor\" data-id=\"fbc05b5\" data-element_type=\"widget\" data-widget_type=\"text-editor.default\">\n\t\t\t\t\t\t\t\t\t<p>On voit dans cet exemple, la pr\u00e9sence d\u2019une onde R les 3 intervalles avec d\u00e9lai AV prolong\u00e9; le dispositif continue \u00e0 fonctionner avec un d\u00e9lai AV long;<\/p>\t\t\t\t\t\t\t\t<\/div>\n\t\t\t\t<div class=\"elementor-element elementor-element-a648008 elementor-widget elementor-widget-heading\" data-id=\"a648008\" data-element_type=\"widget\" data-widget_type=\"heading.default\">\n\t\t\t\t\t<h3 class=\"elementor-heading-title elementor-size-default\">D\u00e9sactivation du VIP<\/h3>\t\t\t\t<\/div>\n\t\t\t\t<div class=\"elementor-element elementor-element-0fe4ca1 elementor-widget elementor-widget-image\" data-id=\"0fe4ca1\" data-element_type=\"widget\" data-widget_type=\"image.default\">\n\t\t\t\t\t\t\t\t\t\t\t\t\t\t\t\t<a href=\"http:\/\/cardiocases.com\/wp-content\/uploads\/2026\/01\/pm19_situation24.png\" data-elementor-open-lightbox=\"yes\" data-elementor-lightbox-title=\"pm19_situation24\" data-e-action-hash=\"#elementor-action%3Aaction%3Dlightbox%26settings%3DeyJpZCI6NjU3OSwidXJsIjoiaHR0cHM6XC9cL2NhcmRpb2Nhc2VzLmNvbVwvd3AtY29udGVudFwvdXBsb2Fkc1wvMjAyNlwvMDFcL3BtMTlfc2l0dWF0aW9uMjQucG5nIn0%3D\">\n\t\t\t\t\t\t\t<img decoding=\"async\" width=\"690\" height=\"276\" src=\"https:\/\/cardiocases.com\/wp-content\/uploads\/2026\/01\/pm19_situation24.png\" class=\"attachment-large size-large wp-image-6579\" alt=\"\" srcset=\"https:\/\/cardiocases.com\/wp-content\/uploads\/2026\/01\/pm19_situation24.png 690w, https:\/\/cardiocases.com\/wp-content\/uploads\/2026\/01\/pm19_situation24-300x120.png 300w, https:\/\/cardiocases.com\/wp-content\/uploads\/2026\/01\/pm19_situation24-18x7.png 18w\" sizes=\"(max-width: 690px) 100vw, 690px\" \/>\t\t\t\t\t\t\t\t<\/a>\n\t\t\t\t\t\t\t\t\t\t\t\t\t\t\t<\/div>\n\t\t\t\t<div class=\"elementor-element elementor-element-c05454d elementor-widget elementor-widget-text-editor\" data-id=\"c05454d\" data-element_type=\"widget\" data-widget_type=\"text-editor.default\">\n\t\t\t\t\t\t\t\t\t<p>Dans cet exemple, la conduction atrio-ventriculaire s'alt\u00e8re avec pr\u00e9sence de 3 ventricules stimul\u00e9s malgr\u00e9 un d\u00e9lai AV long (350 ms) entrainant un retour \u00e0 la programmation avec un d\u00e9lai AV plus court (220 ms);<\/p>\t\t\t\t\t\t\t\t<\/div>\n\t\t\t\t<div class=\"elementor-element elementor-element-9414c7f elementor-widget elementor-widget-heading\" data-id=\"9414c7f\" data-element_type=\"widget\" data-widget_type=\"heading.default\">\n\t\t\t\t\t<h3 class=\"elementor-heading-title elementor-size-default\">Programmation VIP<\/h3>\t\t\t\t<\/div>\n\t\t\t\t<div class=\"elementor-element elementor-element-f329ac3 elementor-widget elementor-widget-text-editor\" data-id=\"f329ac3\" data-element_type=\"widget\" data-widget_type=\"text-editor.default\">\n\t\t\t\t\t\t\t\t\t<p>Trois param\u00e8tres peuvent \u00eatre programm\u00e9s :<\/p><ul><li>l\u2019Extension VIP\u2122 qui correspond \u00e0 l'extension du d\u00e9lai AV qui est appliqu\u00e9e au d\u00e9lai AV programm\u00e9 (stimul\u00e9 ou d\u00e9tect\u00e9) pour rechercher une conduction spontan\u00e9e<\/li><li>l\u2019Intervalle de recherche qui correspond \u00e0 l'intervalle de temps entre chaque recherche de conduction spontan\u00e9e (30 secondes, 1, 3, 5, 10 ou 30 minutes)<\/li><li>le nombre de cycles qui correspond au nombre de cycles cons\u00e9cutifs avec d\u00e9lai AV prolong\u00e9 durant lesquels la recherche d'une conduction spontan\u00e9 se produit (1, 2 ou 3 cycles)<\/li><\/ul>\t\t\t\t\t\t\t\t<\/div>\n\t\t\t\t<div class=\"elementor-element elementor-element-75c66e9 elementor-widget elementor-widget-image\" data-id=\"75c66e9\" data-element_type=\"widget\" data-widget_type=\"image.default\">\n\t\t\t\t\t\t\t\t\t\t\t\t\t\t\t\t<a href=\"http:\/\/cardiocases.com\/wp-content\/uploads\/2026\/01\/pm19_situation25.png\" data-elementor-open-lightbox=\"yes\" data-elementor-lightbox-title=\"pm19_situation25\" data-e-action-hash=\"#elementor-action%3Aaction%3Dlightbox%26settings%3DeyJpZCI6NjU3OCwidXJsIjoiaHR0cHM6XC9cL2NhcmRpb2Nhc2VzLmNvbVwvd3AtY29udGVudFwvdXBsb2Fkc1wvMjAyNlwvMDFcL3BtMTlfc2l0dWF0aW9uMjUucG5nIn0%3D\">\n\t\t\t\t\t\t\t<img decoding=\"async\" width=\"554\" height=\"858\" src=\"https:\/\/cardiocases.com\/wp-content\/uploads\/2026\/01\/pm19_situation25.png\" class=\"attachment-large size-large wp-image-6578\" alt=\"\" srcset=\"https:\/\/cardiocases.com\/wp-content\/uploads\/2026\/01\/pm19_situation25.png 554w, https:\/\/cardiocases.com\/wp-content\/uploads\/2026\/01\/pm19_situation25-194x300.png 194w, https:\/\/cardiocases.com\/wp-content\/uploads\/2026\/01\/pm19_situation25-8x12.png 8w\" sizes=\"(max-width: 554px) 100vw, 554px\" \/>\t\t\t\t\t\t\t\t<\/a>\n\t\t\t\t\t\t\t\t\t\t\t\t\t\t\t<\/div>\n\t\t\t\t<div class=\"elementor-element elementor-element-3b40834 elementor-widget elementor-widget-text-editor\" data-id=\"3b40834\" data-element_type=\"widget\" data-widget_type=\"text-editor.default\">\n\t\t\t\t\t\t\t\t\t<p>Il est possible de visualiser l'histogramme de la conduction auriculo-ventriculaire dans la m\u00e9moire du stimulateur cardiaque.<\/p>\t\t\t\t\t\t\t\t<\/div>\n\t\t\t\t<div class=\"elementor-element elementor-element-e2d8812 elementor-widget elementor-widget-image\" data-id=\"e2d8812\" data-element_type=\"widget\" data-widget_type=\"image.default\">\n\t\t\t\t\t\t\t\t\t\t\t\t\t\t\t\t<a href=\"http:\/\/cardiocases.com\/wp-content\/uploads\/2026\/01\/pm19_situation26.png\" data-elementor-open-lightbox=\"yes\" data-elementor-lightbox-title=\"pm19_situation26\" data-e-action-hash=\"#elementor-action%3Aaction%3Dlightbox%26settings%3DeyJpZCI6NjU3NiwidXJsIjoiaHR0cHM6XC9cL2NhcmRpb2Nhc2VzLmNvbVwvd3AtY29udGVudFwvdXBsb2Fkc1wvMjAyNlwvMDFcL3BtMTlfc2l0dWF0aW9uMjYucG5nIn0%3D\">\n\t\t\t\t\t\t\t<img loading=\"lazy\" decoding=\"async\" width=\"571\" height=\"322\" src=\"https:\/\/cardiocases.com\/wp-content\/uploads\/2026\/01\/pm19_situation26.png\" class=\"attachment-large size-large wp-image-6576\" alt=\"\" srcset=\"https:\/\/cardiocases.com\/wp-content\/uploads\/2026\/01\/pm19_situation26.png 571w, https:\/\/cardiocases.com\/wp-content\/uploads\/2026\/01\/pm19_situation26-300x169.png 300w, https:\/\/cardiocases.com\/wp-content\/uploads\/2026\/01\/pm19_situation26-18x10.png 18w\" sizes=\"(max-width: 571px) 100vw, 571px\" \/>\t\t\t\t\t\t\t\t<\/a>\n\t\t\t\t\t\t\t\t\t\t\t\t\t\t\t<\/div>\n\t\t\t\t<div class=\"elementor-element elementor-element-6cb8934 elementor-widget elementor-widget-text-editor\" data-id=\"6cb8934\" data-element_type=\"widget\" data-widget_type=\"text-editor.default\">\n\t\t\t\t\t\t\t\t\t<p>Il est possible de visualiser l'histogramme de conduction atrio-ventriculaire dans les m\u00e9moires du stimulateur.<\/p>\t\t\t\t\t\t\t\t<\/div>\n\t\t\t\t<div class=\"elementor-element elementor-element-fc920a9 elementor-widget elementor-widget-image\" data-id=\"fc920a9\" data-element_type=\"widget\" data-widget_type=\"image.default\">\n\t\t\t\t\t\t\t\t\t\t\t\t\t\t\t\t<a href=\"http:\/\/cardiocases.com\/wp-content\/uploads\/2026\/01\/pm19_situation27.png\" data-elementor-open-lightbox=\"yes\" data-elementor-lightbox-title=\"pm19_situation27\" data-e-action-hash=\"#elementor-action%3Aaction%3Dlightbox%26settings%3DeyJpZCI6NjU3NSwidXJsIjoiaHR0cHM6XC9cL2NhcmRpb2Nhc2VzLmNvbVwvd3AtY29udGVudFwvdXBsb2Fkc1wvMjAyNlwvMDFcL3BtMTlfc2l0dWF0aW9uMjcucG5nIn0%3D\">\n\t\t\t\t\t\t\t<img loading=\"lazy\" decoding=\"async\" width=\"589\" height=\"344\" src=\"https:\/\/cardiocases.com\/wp-content\/uploads\/2026\/01\/pm19_situation27.png\" class=\"attachment-large size-large wp-image-6575\" alt=\"\" srcset=\"https:\/\/cardiocases.com\/wp-content\/uploads\/2026\/01\/pm19_situation27.png 589w, https:\/\/cardiocases.com\/wp-content\/uploads\/2026\/01\/pm19_situation27-300x175.png 300w, https:\/\/cardiocases.com\/wp-content\/uploads\/2026\/01\/pm19_situation27-18x12.png 18w\" sizes=\"(max-width: 589px) 100vw, 589px\" \/>\t\t\t\t\t\t\t\t<\/a>\n\t\t\t\t\t\t\t\t\t\t\t\t\t\t\t<\/div>\n\t\t\t\t<\/div>\n\t\t\t\t<\/div>","protected":false},"excerpt":{"rendered":"<p>Abbott &#8211; Pacing modes Content VIP algorithm There is no specific mode as such. The VIP algorithm corresponds to AV delay hysteresis. To promote the return of spontaneous conduction, the device temporarily extends its AV delay (up to a maximum of 450 ms). Spontaneous conduction is only sought for frequencies below 110 bpm. If no [&hellip;]<\/p>","protected":false},"author":1,"featured_media":0,"parent":47,"menu_order":0,"comment_status":"closed","ping_status":"closed","template":"","meta":{"_acf_changed":false,"footnotes":""},"class_list":["post-3620","page","type-page","status-publish","hentry"],"acf":[],"yoast_head":"<!-- This site is optimized with the Yoast SEO plugin v26.8 - https:\/\/yoast.com\/product\/yoast-seo-wordpress\/ -->\n<title>Abbott Pacemaker Pacing Modes | DDD VVI | Cardiocases<\/title>\n<meta name=\"description\" content=\"Abbott pacemaker pacing modes \u2014 AAI, DDD, VVI, DDDR &amp; device-specific algorithms with ECG tracings.\" \/>\n<meta name=\"robots\" content=\"index, follow, max-snippet:-1, max-image-preview:large, max-video-preview:-1\" \/>\n<link rel=\"canonical\" href=\"https:\/\/cardiocases.com\/fr\/pacing-defibrillation\/devices-per-company\/abbott\/pacing-modes-abbott\/\" \/>\n<meta property=\"og:locale\" content=\"fr_FR\" \/>\n<meta property=\"og:type\" content=\"article\" \/>\n<meta property=\"og:title\" content=\"Abbott Pacemaker Pacing Modes | DDD VVI | Cardiocases\" \/>\n<meta property=\"og:description\" content=\"Abbott pacemaker pacing modes \u2014 AAI, DDD, VVI, DDDR &amp; device-specific algorithms with ECG tracings.\" \/>\n<meta property=\"og:url\" content=\"https:\/\/cardiocases.com\/fr\/pacing-defibrillation\/devices-per-company\/abbott\/pacing-modes-abbott\/\" \/>\n<meta property=\"og:site_name\" content=\"Cardiocases\" \/>\n<meta property=\"article:modified_time\" content=\"2026-01-02T11:27:00+00:00\" \/>\n<meta property=\"og:image\" content=\"http:\/\/cardiocases.com\/wp-content\/uploads\/2026\/01\/pm19_situation23.png\" \/>\n<meta name=\"twitter:card\" content=\"summary_large_image\" \/>\n<meta name=\"twitter:label1\" content=\"Dur\u00e9e de lecture estim\u00e9e\" \/>\n\t<meta name=\"twitter:data1\" content=\"1 minute\" \/>\n<script type=\"application\/ld+json\" class=\"yoast-schema-graph\">{\"@context\":\"https:\/\/schema.org\",\"@graph\":[{\"@type\":\"WebPage\",\"@id\":\"https:\/\/cardiocases.com\/pacing-defibrillation\/devices-per-company\/abbott\/pacing-modes-abbott\/\",\"url\":\"https:\/\/cardiocases.com\/pacing-defibrillation\/devices-per-company\/abbott\/pacing-modes-abbott\/\",\"name\":\"Abbott Pacemaker Pacing Modes | DDD VVI | Cardiocases\",\"isPartOf\":{\"@id\":\"https:\/\/cardiocases.com\/#website\"},\"primaryImageOfPage\":{\"@id\":\"https:\/\/cardiocases.com\/pacing-defibrillation\/devices-per-company\/abbott\/pacing-modes-abbott\/#primaryimage\"},\"image\":{\"@id\":\"https:\/\/cardiocases.com\/pacing-defibrillation\/devices-per-company\/abbott\/pacing-modes-abbott\/#primaryimage\"},\"thumbnailUrl\":\"http:\/\/cardiocases.com\/wp-content\/uploads\/2026\/01\/pm19_situation23.png\",\"datePublished\":\"2025-10-08T18:51:25+00:00\",\"dateModified\":\"2026-01-02T11:27:00+00:00\",\"description\":\"Abbott pacemaker pacing modes \u2014 AAI, DDD, VVI, DDDR & device-specific algorithms with ECG tracings.\",\"breadcrumb\":{\"@id\":\"https:\/\/cardiocases.com\/pacing-defibrillation\/devices-per-company\/abbott\/pacing-modes-abbott\/#breadcrumb\"},\"inLanguage\":\"fr-FR\",\"potentialAction\":[{\"@type\":\"ReadAction\",\"target\":[\"https:\/\/cardiocases.com\/pacing-defibrillation\/devices-per-company\/abbott\/pacing-modes-abbott\/\"]}]},{\"@type\":\"ImageObject\",\"inLanguage\":\"fr-FR\",\"@id\":\"https:\/\/cardiocases.com\/pacing-defibrillation\/devices-per-company\/abbott\/pacing-modes-abbott\/#primaryimage\",\"url\":\"http:\/\/cardiocases.com\/wp-content\/uploads\/2026\/01\/pm19_situation23.png\",\"contentUrl\":\"http:\/\/cardiocases.com\/wp-content\/uploads\/2026\/01\/pm19_situation23.png\"},{\"@type\":\"BreadcrumbList\",\"@id\":\"https:\/\/cardiocases.com\/pacing-defibrillation\/devices-per-company\/abbott\/pacing-modes-abbott\/#breadcrumb\",\"itemListElement\":[{\"@type\":\"ListItem\",\"position\":1,\"name\":\"Home\",\"item\":\"https:\/\/cardiocases.com\/\"},{\"@type\":\"ListItem\",\"position\":2,\"name\":\"Pacing &amp; Defibrillation\",\"item\":\"https:\/\/cardiocases.com\/pacing-defibrillation\/\"},{\"@type\":\"ListItem\",\"position\":3,\"name\":\"Devices per company\",\"item\":\"https:\/\/cardiocases.com\/pacing-defibrillation\/devices-per-company\/\"},{\"@type\":\"ListItem\",\"position\":4,\"name\":\"Abbott\",\"item\":\"https:\/\/cardiocases.com\/pacing-defibrillation\/devices-per-company\/abbott\/\"},{\"@type\":\"ListItem\",\"position\":5,\"name\":\"Pacing modes Abbott\"}]},{\"@type\":\"WebSite\",\"@id\":\"https:\/\/cardiocases.com\/#website\",\"url\":\"https:\/\/cardiocases.com\/\",\"name\":\"Cardiocases\",\"description\":\"Real cardiac device traces, pacemaker &amp; ICD learning \u2014 built by electrophysiologists\",\"publisher\":{\"@id\":\"https:\/\/cardiocases.com\/#organization\"},\"potentialAction\":[{\"@type\":\"SearchAction\",\"target\":{\"@type\":\"EntryPoint\",\"urlTemplate\":\"https:\/\/cardiocases.com\/?s={search_term_string}\"},\"query-input\":{\"@type\":\"PropertyValueSpecification\",\"valueRequired\":true,\"valueName\":\"search_term_string\"}}],\"inLanguage\":\"fr-FR\"},{\"@type\":\"Organization\",\"@id\":\"https:\/\/cardiocases.com\/#organization\",\"name\":\"Cardiocases\",\"url\":\"https:\/\/cardiocases.com\/\",\"logo\":{\"@type\":\"ImageObject\",\"inLanguage\":\"fr-FR\",\"@id\":\"https:\/\/cardiocases.com\/#\/schema\/logo\/image\/\",\"url\":\"https:\/\/cardiocases.com\/wp-content\/uploads\/2025\/07\/cardiocases_logo.png\",\"contentUrl\":\"https:\/\/cardiocases.com\/wp-content\/uploads\/2025\/07\/cardiocases_logo.png\",\"width\":1755,\"height\":499,\"caption\":\"Cardiocases\"},\"image\":{\"@id\":\"https:\/\/cardiocases.com\/#\/schema\/logo\/image\/\"},\"sameAs\":[\"https:\/\/www.linkedin.com\/company\/cardiocases\/\"]}]}<\/script>\n<!-- \/ Yoast SEO plugin. -->","yoast_head_json":{"title":"Abbott Pacemaker Pacing Modes | DDD VVI | Cardiocases","description":"Abbott pacemaker pacing modes \u2014 AAI, DDD, VVI, DDDR & device-specific algorithms with ECG tracings.","robots":{"index":"index","follow":"follow","max-snippet":"max-snippet:-1","max-image-preview":"max-image-preview:large","max-video-preview":"max-video-preview:-1"},"canonical":"https:\/\/cardiocases.com\/fr\/pacing-defibrillation\/devices-per-company\/abbott\/pacing-modes-abbott\/","og_locale":"fr_FR","og_type":"article","og_title":"Abbott Pacemaker Pacing Modes | DDD VVI | Cardiocases","og_description":"Abbott pacemaker pacing modes \u2014 AAI, DDD, VVI, DDDR & device-specific algorithms with ECG tracings.","og_url":"https:\/\/cardiocases.com\/fr\/pacing-defibrillation\/devices-per-company\/abbott\/pacing-modes-abbott\/","og_site_name":"Cardiocases","article_modified_time":"2026-01-02T11:27:00+00:00","og_image":[{"url":"http:\/\/cardiocases.com\/wp-content\/uploads\/2026\/01\/pm19_situation23.png","type":"","width":"","height":""}],"twitter_card":"summary_large_image","twitter_misc":{"Dur\u00e9e de lecture estim\u00e9e":"1 minute"},"schema":{"@context":"https:\/\/schema.org","@graph":[{"@type":"WebPage","@id":"https:\/\/cardiocases.com\/pacing-defibrillation\/devices-per-company\/abbott\/pacing-modes-abbott\/","url":"https:\/\/cardiocases.com\/pacing-defibrillation\/devices-per-company\/abbott\/pacing-modes-abbott\/","name":"Abbott Pacemaker Pacing Modes | DDD VVI | Cardiocases","isPartOf":{"@id":"https:\/\/cardiocases.com\/#website"},"primaryImageOfPage":{"@id":"https:\/\/cardiocases.com\/pacing-defibrillation\/devices-per-company\/abbott\/pacing-modes-abbott\/#primaryimage"},"image":{"@id":"https:\/\/cardiocases.com\/pacing-defibrillation\/devices-per-company\/abbott\/pacing-modes-abbott\/#primaryimage"},"thumbnailUrl":"http:\/\/cardiocases.com\/wp-content\/uploads\/2026\/01\/pm19_situation23.png","datePublished":"2025-10-08T18:51:25+00:00","dateModified":"2026-01-02T11:27:00+00:00","description":"Abbott pacemaker pacing modes \u2014 AAI, DDD, VVI, DDDR & device-specific algorithms with ECG tracings.","breadcrumb":{"@id":"https:\/\/cardiocases.com\/pacing-defibrillation\/devices-per-company\/abbott\/pacing-modes-abbott\/#breadcrumb"},"inLanguage":"fr-FR","potentialAction":[{"@type":"ReadAction","target":["https:\/\/cardiocases.com\/pacing-defibrillation\/devices-per-company\/abbott\/pacing-modes-abbott\/"]}]},{"@type":"ImageObject","inLanguage":"fr-FR","@id":"https:\/\/cardiocases.com\/pacing-defibrillation\/devices-per-company\/abbott\/pacing-modes-abbott\/#primaryimage","url":"http:\/\/cardiocases.com\/wp-content\/uploads\/2026\/01\/pm19_situation23.png","contentUrl":"http:\/\/cardiocases.com\/wp-content\/uploads\/2026\/01\/pm19_situation23.png"},{"@type":"BreadcrumbList","@id":"https:\/\/cardiocases.com\/pacing-defibrillation\/devices-per-company\/abbott\/pacing-modes-abbott\/#breadcrumb","itemListElement":[{"@type":"ListItem","position":1,"name":"Home","item":"https:\/\/cardiocases.com\/"},{"@type":"ListItem","position":2,"name":"Pacing &amp; Defibrillation","item":"https:\/\/cardiocases.com\/pacing-defibrillation\/"},{"@type":"ListItem","position":3,"name":"Devices per company","item":"https:\/\/cardiocases.com\/pacing-defibrillation\/devices-per-company\/"},{"@type":"ListItem","position":4,"name":"Abbott","item":"https:\/\/cardiocases.com\/pacing-defibrillation\/devices-per-company\/abbott\/"},{"@type":"ListItem","position":5,"name":"Pacing modes Abbott"}]},{"@type":"WebSite","@id":"https:\/\/cardiocases.com\/#website","url":"https:\/\/cardiocases.com\/","name":"Cardiocases","description":"Real cardiac device traces, pacemaker &amp; ICD learning \u2014 built by electrophysiologists","publisher":{"@id":"https:\/\/cardiocases.com\/#organization"},"potentialAction":[{"@type":"SearchAction","target":{"@type":"EntryPoint","urlTemplate":"https:\/\/cardiocases.com\/?s={search_term_string}"},"query-input":{"@type":"PropertyValueSpecification","valueRequired":true,"valueName":"search_term_string"}}],"inLanguage":"fr-FR"},{"@type":"Organization","@id":"https:\/\/cardiocases.com\/#organization","name":"Cardiocases","url":"https:\/\/cardiocases.com\/","logo":{"@type":"ImageObject","inLanguage":"fr-FR","@id":"https:\/\/cardiocases.com\/#\/schema\/logo\/image\/","url":"https:\/\/cardiocases.com\/wp-content\/uploads\/2025\/07\/cardiocases_logo.png","contentUrl":"https:\/\/cardiocases.com\/wp-content\/uploads\/2025\/07\/cardiocases_logo.png","width":1755,"height":499,"caption":"Cardiocases"},"image":{"@id":"https:\/\/cardiocases.com\/#\/schema\/logo\/image\/"},"sameAs":["https:\/\/www.linkedin.com\/company\/cardiocases\/"]}]}},"_links":{"self":[{"href":"https:\/\/cardiocases.com\/fr\/wp-json\/wp\/v2\/pages\/3620","targetHints":{"allow":["GET"]}}],"collection":[{"href":"https:\/\/cardiocases.com\/fr\/wp-json\/wp\/v2\/pages"}],"about":[{"href":"https:\/\/cardiocases.com\/fr\/wp-json\/wp\/v2\/types\/page"}],"author":[{"embeddable":true,"href":"https:\/\/cardiocases.com\/fr\/wp-json\/wp\/v2\/users\/1"}],"replies":[{"embeddable":true,"href":"https:\/\/cardiocases.com\/fr\/wp-json\/wp\/v2\/comments?post=3620"}],"version-history":[{"count":0,"href":"https:\/\/cardiocases.com\/fr\/wp-json\/wp\/v2\/pages\/3620\/revisions"}],"up":[{"embeddable":true,"href":"https:\/\/cardiocases.com\/fr\/wp-json\/wp\/v2\/pages\/47"}],"wp:attachment":[{"href":"https:\/\/cardiocases.com\/fr\/wp-json\/wp\/v2\/media?parent=3620"}],"curies":[{"name":"wp","href":"https:\/\/api.w.org\/{rel}","templated":true}]}}