{"id":3529,"date":"2025-10-08T18:16:53","date_gmt":"2025-10-08T18:16:53","guid":{"rendered":"https:\/\/cardiocases.com\/?page_id=3529"},"modified":"2025-11-09T12:15:12","modified_gmt":"2025-11-09T12:15:12","slug":"left-ventricular-pacing-biotronik","status":"publish","type":"page","link":"https:\/\/cardiocases.com\/fr\/pacing-defibrillation\/devices-per-company\/biotronik\/left-ventricular-pacing-biotronik\/","title":{"rendered":"Stimulation ventriculaire gauche"},"content":{"rendered":"<div data-elementor-type=\"wp-page\" data-elementor-id=\"3529\" class=\"elementor elementor-3529\" data-elementor-post-type=\"page\">\n\t\t\t\t<div class=\"elementor-element elementor-element-8214208 e-con-full e-flex e-con e-parent\" data-id=\"8214208\" data-element_type=\"container\" data-settings=\"{&quot;background_background&quot;:&quot;classic&quot;}\">\n\t\t\t\t<div class=\"elementor-element elementor-element-4c09a45 elementor-widget elementor-widget-heading\" data-id=\"4c09a45\" data-element_type=\"widget\" data-widget_type=\"heading.default\">\n\t\t\t\t\t<h2 class=\"elementor-heading-title elementor-size-default\">Biotronik - Stimulation ventriculaire gauche<\/h2>\t\t\t\t<\/div>\n\t\t\t\t<div class=\"elementor-element elementor-element-94b6b8b elementor-toc--minimized-on-tablet elementor-widget elementor-widget-table-of-contents\" data-id=\"94b6b8b\" data-element_type=\"widget\" data-settings=\"{&quot;headings_by_tags&quot;:[&quot;h3&quot;,&quot;h4&quot;,&quot;h5&quot;],&quot;exclude_headings_by_selector&quot;:[],&quot;no_headings_message&quot;:&quot;No headings were found on this page.&quot;,&quot;marker_view&quot;:&quot;bullets&quot;,&quot;icon&quot;:{&quot;value&quot;:&quot;fas fa-circle&quot;,&quot;library&quot;:&quot;fa-solid&quot;,&quot;rendered_tag&quot;:&quot;&lt;svg class=\\&quot;e-font-icon-svg e-fas-circle\\&quot; viewBox=\\&quot;0 0 512 512\\&quot; xmlns=\\&quot;http:\\\/\\\/www.w3.org\\\/2000\\\/svg\\&quot;&gt;&lt;path d=\\&quot;M256 8C119 8 8 119 8 256s111 248 248 248 248-111 248-248S393 8 256 8z\\&quot;&gt;&lt;\\\/path&gt;&lt;\\\/svg&gt;&quot;},&quot;minimize_box&quot;:&quot;yes&quot;,&quot;minimized_on&quot;:&quot;tablet&quot;,&quot;hierarchical_view&quot;:&quot;yes&quot;,&quot;min_height&quot;:{&quot;unit&quot;:&quot;px&quot;,&quot;size&quot;:&quot;&quot;,&quot;sizes&quot;:[]},&quot;min_height_tablet&quot;:{&quot;unit&quot;:&quot;px&quot;,&quot;size&quot;:&quot;&quot;,&quot;sizes&quot;:[]},&quot;min_height_mobile&quot;:{&quot;unit&quot;:&quot;px&quot;,&quot;size&quot;:&quot;&quot;,&quot;sizes&quot;:[]}}\" data-widget_type=\"table-of-contents.default\">\n\t\t\t\t\t\t\t\t\t<div class=\"elementor-toc__header\">\n\t\t\t\t\t\t<h4 class=\"elementor-toc__header-title\">\n\t\t\t\tG\u00e9n\u00e9ralit\u00e9s\t\t\t<\/h4>\n\t\t\t\t\t\t\t\t\t\t<div class=\"elementor-toc__toggle-button elementor-toc__toggle-button--expand\" role=\"button\" tabindex=\"0\" aria-controls=\"elementor-toc__94b6b8b\" aria-expanded=\"true\" aria-label=\"Ouvrir la table des mati\u00e8res\"><svg aria-hidden=\"true\" class=\"e-font-icon-svg e-fas-chevron-down\" viewbox=\"0 0 448 512\" xmlns=\"http:\/\/www.w3.org\/2000\/svg\"><path d=\"M207.029 381.476L12.686 187.132c-9.373-9.373-9.373-24.569 0-33.941l22.667-22.667c9.357-9.357 24.522-9.375 33.901-.04L224 284.505l154.745-154.021c9.379-9.335 24.544-9.317 33.901.04l22.667 22.667c9.373 9.373 9.373 24.569 0 33.941L240.971 381.476c-9.373 9.372-24.569 9.372-33.942 0z\"><\/path><\/svg><\/div>\n\t\t\t\t<div class=\"elementor-toc__toggle-button elementor-toc__toggle-button--collapse\" role=\"button\" tabindex=\"0\" aria-controls=\"elementor-toc__94b6b8b\" aria-expanded=\"true\" aria-label=\"Fermer la table des mati\u00e8res\"><svg aria-hidden=\"true\" class=\"e-font-icon-svg e-fas-chevron-up\" viewbox=\"0 0 448 512\" xmlns=\"http:\/\/www.w3.org\/2000\/svg\"><path d=\"M240.971 130.524l194.343 194.343c9.373 9.373 9.373 24.569 0 33.941l-22.667 22.667c-9.357 9.357-24.522 9.375-33.901.04L224 227.495 69.255 381.516c-9.379 9.335-24.544 9.317-33.901-.04l-22.667-22.667c-9.373-9.373-9.373-24.569 0-33.941L207.03 130.525c9.372-9.373 24.568-9.373 33.941-.001z\"><\/path><\/svg><\/div>\n\t\t\t\t\t<\/div>\n\t\t\t\t<div id=\"elementor-toc__94b6b8b\" class=\"elementor-toc__body\">\n\t\t\t<div class=\"elementor-toc__spinner-container\">\n\t\t\t\t<svg class=\"elementor-toc__spinner eicon-animation-spin e-font-icon-svg e-eicon-loading\" aria-hidden=\"true\" viewbox=\"0 0 1000 1000\" xmlns=\"http:\/\/www.w3.org\/2000\/svg\"><path d=\"M500 975V858C696 858 858 696 858 500S696 142 500 142 142 304 142 500H25C25 237 238 25 500 25S975 237 975 500 763 975 500 975Z\"><\/path><\/svg>\t\t\t<\/div>\n\t\t<\/div>\n\t\t\t\t\t\t<\/div>\n\t\t\t\t<div class=\"elementor-element elementor-element-851742b elementor-widget elementor-widget-heading\" data-id=\"851742b\" data-element_type=\"widget\" data-widget_type=\"heading.default\">\n\t\t\t\t\t<h3 class=\"elementor-heading-title elementor-size-default\">Conducteur unipolaire<\/h3>\t\t\t\t<\/div>\n\t\t\t\t<div class=\"elementor-element elementor-element-1ea24c1 elementor-widget elementor-widget-text-editor\" data-id=\"1ea24c1\" data-element_type=\"widget\" data-widget_type=\"text-editor.default\">\n\t\t\t\t\t\t\t\t\t<p>L'\u00e9lectrode unique d'une sonde unipolaire est appel\u00e9e pointe LV. Si une sonde ventriculaire gauche unipolaire est implant\u00e9e, deux configurations peuvent \u00eatre programm\u00e9es sur les stimulateurs ou les d\u00e9fibrillateurs : Extr\u00e9mit\u00e9 BT\/chemin et Extr\u00e9mit\u00e9 BT\/VR proximal. .<\/p>\t\t\t\t\t\t\t\t<\/div>\n\t\t\t\t<div class=\"elementor-element elementor-element-888dd82 elementor-widget elementor-widget-heading\" data-id=\"888dd82\" data-element_type=\"widget\" data-widget_type=\"heading.default\">\n\t\t\t\t\t<h3 class=\"elementor-heading-title elementor-size-default\">Bipolar lead<\/h3>\t\t\t\t<\/div>\n\t\t\t\t<div class=\"elementor-element elementor-element-fa0bc2d elementor-widget elementor-widget-text-editor\" data-id=\"fa0bc2d\" data-element_type=\"widget\" data-widget_type=\"text-editor.default\">\n\t\t\t\t\t\t\t\t\t<div id=\"\" class=\"specificity-data-para-container\"><div class=\"paragraph paragraph--type--para-specificity-data paragraph--view-mode--default\"><p>Les deux \u00e9lectrodes sont appel\u00e9es l'extr\u00e9mit\u00e9 et l'anneau du ventricule gauche. .<\/p><p>Il convient de noter que pour les stimulateurs cardiaques triple chambre, une configuration suppl\u00e9mentaire (six au total) peut \u00eatre ajout\u00e9e : anneau\/chemin LV.<\/p><\/div><\/div>\t\t\t\t\t\t\t\t<\/div>\n\t\t\t\t<div class=\"elementor-element elementor-element-9982272 elementor-widget elementor-widget-image\" data-id=\"9982272\" data-element_type=\"widget\" data-widget_type=\"image.default\">\n\t\t\t\t\t\t\t\t\t\t\t\t\t\t\t\t<a href=\"http:\/\/cardiocases.com\/wp-content\/uploads\/2025\/11\/specificites_image_1.png\" data-elementor-open-lightbox=\"yes\" data-elementor-lightbox-title=\"specificites_image_1\" data-e-action-hash=\"#elementor-action%3Aaction%3Dlightbox%26settings%3DeyJpZCI6NDQzMywidXJsIjoiaHR0cHM6XC9cL2NhcmRpb2Nhc2VzLmNvbVwvd3AtY29udGVudFwvdXBsb2Fkc1wvMjAyNVwvMTFcL3NwZWNpZmljaXRlc19pbWFnZV8xLnBuZyJ9\">\n\t\t\t\t\t\t\t<img fetchpriority=\"high\" decoding=\"async\" width=\"488\" height=\"365\" src=\"https:\/\/cardiocases.com\/wp-content\/uploads\/2025\/11\/specificites_image_1.png\" class=\"attachment-large size-large wp-image-4433\" alt=\"\" srcset=\"https:\/\/cardiocases.com\/wp-content\/uploads\/2025\/11\/specificites_image_1.png 488w, https:\/\/cardiocases.com\/wp-content\/uploads\/2025\/11\/specificites_image_1-300x224.png 300w, https:\/\/cardiocases.com\/wp-content\/uploads\/2025\/11\/specificites_image_1-16x12.png 16w\" sizes=\"(max-width: 488px) 100vw, 488px\" \/>\t\t\t\t\t\t\t\t<\/a>\n\t\t\t\t\t\t\t\t\t\t\t\t\t\t\t<\/div>\n\t\t\t\t<div class=\"elementor-element elementor-element-8204691 elementor-widget elementor-widget-text-editor\" data-id=\"8204691\" data-element_type=\"widget\" data-widget_type=\"text-editor.default\">\n\t\t\t\t\t\t\t\t\t<div id=\"\" class=\"specificity-data-para-container\"><div class=\"paragraph paragraph--type--para-specificity-data paragraph--view-mode--default\"><p>Configurations disponibles pour un d\u00e9fibrillateur \u00e0 triple chambre<\/p><p><strong>Sonde quadripolaire<\/strong><\/p><p>Douze configurations diff\u00e9rentes sont disponibles.<\/p><\/div><\/div>\t\t\t\t\t\t\t\t<\/div>\n\t\t\t\t<div class=\"elementor-element elementor-element-abfdece elementor-widget elementor-widget-image\" data-id=\"abfdece\" data-element_type=\"widget\" data-widget_type=\"image.default\">\n\t\t\t\t\t\t\t\t\t\t\t\t\t\t\t\t<a href=\"http:\/\/cardiocases.com\/wp-content\/uploads\/2025\/11\/specificites_image_2.png\" data-elementor-open-lightbox=\"yes\" data-elementor-lightbox-title=\"specificites_image_2\" data-e-action-hash=\"#elementor-action%3Aaction%3Dlightbox%26settings%3DeyJpZCI6NDQzNCwidXJsIjoiaHR0cHM6XC9cL2NhcmRpb2Nhc2VzLmNvbVwvd3AtY29udGVudFwvdXBsb2Fkc1wvMjAyNVwvMTFcL3NwZWNpZmljaXRlc19pbWFnZV8yLnBuZyJ9\">\n\t\t\t\t\t\t\t<img decoding=\"async\" width=\"605\" height=\"290\" src=\"https:\/\/cardiocases.com\/wp-content\/uploads\/2025\/11\/specificites_image_2.png\" class=\"attachment-large size-large wp-image-4434\" alt=\"\" srcset=\"https:\/\/cardiocases.com\/wp-content\/uploads\/2025\/11\/specificites_image_2.png 605w, https:\/\/cardiocases.com\/wp-content\/uploads\/2025\/11\/specificites_image_2-300x144.png 300w, https:\/\/cardiocases.com\/wp-content\/uploads\/2025\/11\/specificites_image_2-18x9.png 18w\" sizes=\"(max-width: 605px) 100vw, 605px\" \/>\t\t\t\t\t\t\t\t<\/a>\n\t\t\t\t\t\t\t\t\t\t\t\t\t\t\t<\/div>\n\t\t\t\t<div class=\"elementor-element elementor-element-5f6bc8b elementor-widget elementor-widget-heading\" data-id=\"5f6bc8b\" data-element_type=\"widget\" data-widget_type=\"heading.default\">\n\t\t\t\t\t<h3 class=\"elementor-heading-title elementor-size-default\">Seuil LV automatique<\/h3>\t\t\t\t<\/div>\n\t\t\t\t<div class=\"elementor-element elementor-element-de6009b elementor-widget elementor-widget-text-editor\" data-id=\"de6009b\" data-element_type=\"widget\" data-widget_type=\"text-editor.default\">\n\t\t\t\t\t\t\t\t\t<div id=\"\" class=\"specificity-data-para-container\"><div class=\"paragraph paragraph--type--para-specificity-data paragraph--view-mode--default\"><p>La mesure du seuil est bas\u00e9e sur l'analyse de la r\u00e9ponse \u00e9voqu\u00e9e, mais il n'y a pas de contr\u00f4le cycle par cycle de la capture. Le seuil est mesur\u00e9 une fois par jour, \u00e0 l'heure programm\u00e9e (par d\u00e9faut 2:00 AM). L'\u00e9valuation du seuil commence \u00e0 l'amplitude de d\u00e9part programm\u00e9e (par d\u00e9faut 3,0 V) avec une diminution de l'amplitude par pas de 0,6 V puis par pas de 0,1 V. Pendant la mesure du seuil, le d\u00e9lai VV est programm\u00e9 \u00e0 50 ms (pr\u00e9-excitation gauche). Lorsqu'une perte de capture ventriculaire gauche est diagnostiqu\u00e9e, la stimulation droite se produit \u00e0 la fin du d\u00e9lai VV (pour \u00e9viter l'absence de capture ventriculaire sur un cycle chez les patients d\u00e9pendants).<\/p><\/div><\/div>\t\t\t\t\t\t\t\t<\/div>\n\t\t\t\t<div class=\"elementor-element elementor-element-4b37c07 elementor-widget elementor-widget-image\" data-id=\"4b37c07\" data-element_type=\"widget\" data-widget_type=\"image.default\">\n\t\t\t\t\t\t\t\t\t\t\t\t\t\t\t\t<a href=\"http:\/\/cardiocases.com\/wp-content\/uploads\/2025\/11\/specificites_image_3.png\" data-elementor-open-lightbox=\"yes\" data-elementor-lightbox-title=\"specificites_image_3\" data-e-action-hash=\"#elementor-action%3Aaction%3Dlightbox%26settings%3DeyJpZCI6NDQzNSwidXJsIjoiaHR0cHM6XC9cL2NhcmRpb2Nhc2VzLmNvbVwvd3AtY29udGVudFwvdXBsb2Fkc1wvMjAyNVwvMTFcL3NwZWNpZmljaXRlc19pbWFnZV8zLnBuZyJ9\">\n\t\t\t\t\t\t\t<img decoding=\"async\" width=\"605\" height=\"301\" src=\"https:\/\/cardiocases.com\/wp-content\/uploads\/2025\/11\/specificites_image_3.png\" class=\"attachment-large size-large wp-image-4435\" alt=\"\" srcset=\"https:\/\/cardiocases.com\/wp-content\/uploads\/2025\/11\/specificites_image_3.png 605w, https:\/\/cardiocases.com\/wp-content\/uploads\/2025\/11\/specificites_image_3-300x149.png 300w, https:\/\/cardiocases.com\/wp-content\/uploads\/2025\/11\/specificites_image_3-18x9.png 18w\" sizes=\"(max-width: 605px) 100vw, 605px\" \/>\t\t\t\t\t\t\t\t<\/a>\n\t\t\t\t\t\t\t\t\t\t\t\t\t\t\t<\/div>\n\t\t\t\t<div class=\"elementor-element elementor-element-4daa498 elementor-widget elementor-widget-text-editor\" data-id=\"4daa498\" data-element_type=\"widget\" data-widget_type=\"text-editor.default\">\n\t\t\t\t\t\t\t\t\t<div id=\"\" class=\"specificity-data-para-container\"><div class=\"paragraph paragraph--type--para-specificity-data paragraph--view-mode--default\"><p>Une fois le seuil de stimulation VG d\u00e9termin\u00e9, une marge est programm\u00e9e pour les 24 heures suivantes.<\/p><\/div><\/div>\t\t\t\t\t\t\t\t<\/div>\n\t\t\t\t<div class=\"elementor-element elementor-element-0f0cc09 elementor-widget elementor-widget-image\" data-id=\"0f0cc09\" data-element_type=\"widget\" data-widget_type=\"image.default\">\n\t\t\t\t\t\t\t\t\t\t\t\t\t\t\t\t<a href=\"http:\/\/cardiocases.com\/wp-content\/uploads\/2025\/11\/specificites_image_4.png\" data-elementor-open-lightbox=\"yes\" data-elementor-lightbox-title=\"specificites_image_4\" data-e-action-hash=\"#elementor-action%3Aaction%3Dlightbox%26settings%3DeyJpZCI6NDQzNiwidXJsIjoiaHR0cHM6XC9cL2NhcmRpb2Nhc2VzLmNvbVwvd3AtY29udGVudFwvdXBsb2Fkc1wvMjAyNVwvMTFcL3NwZWNpZmljaXRlc19pbWFnZV80LnBuZyJ9\">\n\t\t\t\t\t\t\t<img loading=\"lazy\" decoding=\"async\" width=\"448\" height=\"301\" src=\"https:\/\/cardiocases.com\/wp-content\/uploads\/2025\/11\/specificites_image_4.png\" class=\"attachment-large size-large wp-image-4436\" alt=\"\" srcset=\"https:\/\/cardiocases.com\/wp-content\/uploads\/2025\/11\/specificites_image_4.png 448w, https:\/\/cardiocases.com\/wp-content\/uploads\/2025\/11\/specificites_image_4-300x202.png 300w, https:\/\/cardiocases.com\/wp-content\/uploads\/2025\/11\/specificites_image_4-18x12.png 18w\" sizes=\"(max-width: 448px) 100vw, 448px\" \/>\t\t\t\t\t\t\t\t<\/a>\n\t\t\t\t\t\t\t\t\t\t\t\t\t\t\t<\/div>\n\t\t\t\t<\/div>\n\t\t\t\t<\/div>","protected":false},"excerpt":{"rendered":"<p>Biotronik &#8211; Left ventricular pacing Content Unipolar lead The single electrode of a unipolar probe is called the LV tip. If a unipolar left ventricular probe is implanted, two configurations can be programmed on pacemakers or defibrillators: LV tip\/lead and LV tip\/proximal RV. It should be noted that for pacemakers or defibrillators in the Ilesto [&hellip;]<\/p>","protected":false},"author":1,"featured_media":0,"parent":55,"menu_order":0,"comment_status":"closed","ping_status":"closed","template":"","meta":{"_acf_changed":false,"footnotes":""},"class_list":["post-3529","page","type-page","status-publish","hentry"],"acf":[],"yoast_head":"<!-- This site is optimized with the Yoast SEO plugin v26.8 - https:\/\/yoast.com\/product\/yoast-seo-wordpress\/ -->\n<title>Biotronik CRT Left Ventricular Pacing | Cardiocases<\/title>\n<meta name=\"description\" content=\"Biotronik CRT left ventricular pacing \u2014 LV output, programming &amp; real ECG tracings. For electrophysiologists.\" \/>\n<meta name=\"robots\" content=\"index, follow, max-snippet:-1, max-image-preview:large, max-video-preview:-1\" \/>\n<link rel=\"canonical\" href=\"https:\/\/cardiocases.com\/fr\/pacing-defibrillation\/devices-per-company\/biotronik\/left-ventricular-pacing-biotronik\/\" \/>\n<meta property=\"og:locale\" content=\"fr_FR\" \/>\n<meta property=\"og:type\" content=\"article\" \/>\n<meta property=\"og:title\" content=\"Biotronik CRT Left Ventricular Pacing | Cardiocases\" \/>\n<meta property=\"og:description\" content=\"Biotronik CRT left ventricular pacing \u2014 LV output, programming &amp; real ECG tracings. For electrophysiologists.\" \/>\n<meta property=\"og:url\" content=\"https:\/\/cardiocases.com\/fr\/pacing-defibrillation\/devices-per-company\/biotronik\/left-ventricular-pacing-biotronik\/\" \/>\n<meta property=\"og:site_name\" content=\"Cardiocases\" \/>\n<meta property=\"article:modified_time\" content=\"2025-11-09T12:15:12+00:00\" \/>\n<meta property=\"og:image\" content=\"http:\/\/cardiocases.com\/wp-content\/uploads\/2025\/11\/specificites_image_1.png\" \/>\n<meta name=\"twitter:card\" content=\"summary_large_image\" \/>\n<meta name=\"twitter:label1\" content=\"Dur\u00e9e de lecture estim\u00e9e\" \/>\n\t<meta name=\"twitter:data1\" content=\"1 minute\" \/>\n<script type=\"application\/ld+json\" class=\"yoast-schema-graph\">{\"@context\":\"https:\/\/schema.org\",\"@graph\":[{\"@type\":\"WebPage\",\"@id\":\"https:\/\/cardiocases.com\/pacing-defibrillation\/devices-per-company\/biotronik\/left-ventricular-pacing-biotronik\/\",\"url\":\"https:\/\/cardiocases.com\/pacing-defibrillation\/devices-per-company\/biotronik\/left-ventricular-pacing-biotronik\/\",\"name\":\"Biotronik CRT Left Ventricular Pacing | Cardiocases\",\"isPartOf\":{\"@id\":\"https:\/\/cardiocases.com\/#website\"},\"primaryImageOfPage\":{\"@id\":\"https:\/\/cardiocases.com\/pacing-defibrillation\/devices-per-company\/biotronik\/left-ventricular-pacing-biotronik\/#primaryimage\"},\"image\":{\"@id\":\"https:\/\/cardiocases.com\/pacing-defibrillation\/devices-per-company\/biotronik\/left-ventricular-pacing-biotronik\/#primaryimage\"},\"thumbnailUrl\":\"http:\/\/cardiocases.com\/wp-content\/uploads\/2025\/11\/specificites_image_1.png\",\"datePublished\":\"2025-10-08T18:16:53+00:00\",\"dateModified\":\"2025-11-09T12:15:12+00:00\",\"description\":\"Biotronik CRT left ventricular pacing \u2014 LV output, programming & real ECG tracings. For electrophysiologists.\",\"breadcrumb\":{\"@id\":\"https:\/\/cardiocases.com\/pacing-defibrillation\/devices-per-company\/biotronik\/left-ventricular-pacing-biotronik\/#breadcrumb\"},\"inLanguage\":\"fr-FR\",\"potentialAction\":[{\"@type\":\"ReadAction\",\"target\":[\"https:\/\/cardiocases.com\/pacing-defibrillation\/devices-per-company\/biotronik\/left-ventricular-pacing-biotronik\/\"]}]},{\"@type\":\"ImageObject\",\"inLanguage\":\"fr-FR\",\"@id\":\"https:\/\/cardiocases.com\/pacing-defibrillation\/devices-per-company\/biotronik\/left-ventricular-pacing-biotronik\/#primaryimage\",\"url\":\"http:\/\/cardiocases.com\/wp-content\/uploads\/2025\/11\/specificites_image_1.png\",\"contentUrl\":\"http:\/\/cardiocases.com\/wp-content\/uploads\/2025\/11\/specificites_image_1.png\"},{\"@type\":\"BreadcrumbList\",\"@id\":\"https:\/\/cardiocases.com\/pacing-defibrillation\/devices-per-company\/biotronik\/left-ventricular-pacing-biotronik\/#breadcrumb\",\"itemListElement\":[{\"@type\":\"ListItem\",\"position\":1,\"name\":\"Home\",\"item\":\"https:\/\/cardiocases.com\/\"},{\"@type\":\"ListItem\",\"position\":2,\"name\":\"Pacing &amp; Defibrillation\",\"item\":\"https:\/\/cardiocases.com\/pacing-defibrillation\/\"},{\"@type\":\"ListItem\",\"position\":3,\"name\":\"Devices per company\",\"item\":\"https:\/\/cardiocases.com\/pacing-defibrillation\/devices-per-company\/\"},{\"@type\":\"ListItem\",\"position\":4,\"name\":\"Biotronik\",\"item\":\"https:\/\/cardiocases.com\/pacing-defibrillation\/devices-per-company\/biotronik\/\"},{\"@type\":\"ListItem\",\"position\":5,\"name\":\"Left ventricular pacing\"}]},{\"@type\":\"WebSite\",\"@id\":\"https:\/\/cardiocases.com\/#website\",\"url\":\"https:\/\/cardiocases.com\/\",\"name\":\"Cardiocases\",\"description\":\"Real cardiac device traces, pacemaker &amp; ICD learning \u2014 built by electrophysiologists\",\"publisher\":{\"@id\":\"https:\/\/cardiocases.com\/#organization\"},\"potentialAction\":[{\"@type\":\"SearchAction\",\"target\":{\"@type\":\"EntryPoint\",\"urlTemplate\":\"https:\/\/cardiocases.com\/?s={search_term_string}\"},\"query-input\":{\"@type\":\"PropertyValueSpecification\",\"valueRequired\":true,\"valueName\":\"search_term_string\"}}],\"inLanguage\":\"fr-FR\"},{\"@type\":\"Organization\",\"@id\":\"https:\/\/cardiocases.com\/#organization\",\"name\":\"Cardiocases\",\"url\":\"https:\/\/cardiocases.com\/\",\"logo\":{\"@type\":\"ImageObject\",\"inLanguage\":\"fr-FR\",\"@id\":\"https:\/\/cardiocases.com\/#\/schema\/logo\/image\/\",\"url\":\"https:\/\/cardiocases.com\/wp-content\/uploads\/2025\/07\/cardiocases_logo.png\",\"contentUrl\":\"https:\/\/cardiocases.com\/wp-content\/uploads\/2025\/07\/cardiocases_logo.png\",\"width\":1755,\"height\":499,\"caption\":\"Cardiocases\"},\"image\":{\"@id\":\"https:\/\/cardiocases.com\/#\/schema\/logo\/image\/\"},\"sameAs\":[\"https:\/\/www.linkedin.com\/company\/cardiocases\/\"]}]}<\/script>\n<!-- \/ Yoast SEO plugin. -->","yoast_head_json":{"title":"Biotronik CRT Left Ventricular Pacing | Cardiocases","description":"Biotronik CRT left ventricular pacing \u2014 LV output, programming & real ECG tracings. For electrophysiologists.","robots":{"index":"index","follow":"follow","max-snippet":"max-snippet:-1","max-image-preview":"max-image-preview:large","max-video-preview":"max-video-preview:-1"},"canonical":"https:\/\/cardiocases.com\/fr\/pacing-defibrillation\/devices-per-company\/biotronik\/left-ventricular-pacing-biotronik\/","og_locale":"fr_FR","og_type":"article","og_title":"Biotronik CRT Left Ventricular Pacing | Cardiocases","og_description":"Biotronik CRT left ventricular pacing \u2014 LV output, programming & real ECG tracings. For electrophysiologists.","og_url":"https:\/\/cardiocases.com\/fr\/pacing-defibrillation\/devices-per-company\/biotronik\/left-ventricular-pacing-biotronik\/","og_site_name":"Cardiocases","article_modified_time":"2025-11-09T12:15:12+00:00","og_image":[{"url":"http:\/\/cardiocases.com\/wp-content\/uploads\/2025\/11\/specificites_image_1.png","type":"","width":"","height":""}],"twitter_card":"summary_large_image","twitter_misc":{"Dur\u00e9e de lecture estim\u00e9e":"1 minute"},"schema":{"@context":"https:\/\/schema.org","@graph":[{"@type":"WebPage","@id":"https:\/\/cardiocases.com\/pacing-defibrillation\/devices-per-company\/biotronik\/left-ventricular-pacing-biotronik\/","url":"https:\/\/cardiocases.com\/pacing-defibrillation\/devices-per-company\/biotronik\/left-ventricular-pacing-biotronik\/","name":"Biotronik CRT Left Ventricular Pacing | Cardiocases","isPartOf":{"@id":"https:\/\/cardiocases.com\/#website"},"primaryImageOfPage":{"@id":"https:\/\/cardiocases.com\/pacing-defibrillation\/devices-per-company\/biotronik\/left-ventricular-pacing-biotronik\/#primaryimage"},"image":{"@id":"https:\/\/cardiocases.com\/pacing-defibrillation\/devices-per-company\/biotronik\/left-ventricular-pacing-biotronik\/#primaryimage"},"thumbnailUrl":"http:\/\/cardiocases.com\/wp-content\/uploads\/2025\/11\/specificites_image_1.png","datePublished":"2025-10-08T18:16:53+00:00","dateModified":"2025-11-09T12:15:12+00:00","description":"Biotronik CRT left ventricular pacing \u2014 LV output, programming & real ECG tracings. For electrophysiologists.","breadcrumb":{"@id":"https:\/\/cardiocases.com\/pacing-defibrillation\/devices-per-company\/biotronik\/left-ventricular-pacing-biotronik\/#breadcrumb"},"inLanguage":"fr-FR","potentialAction":[{"@type":"ReadAction","target":["https:\/\/cardiocases.com\/pacing-defibrillation\/devices-per-company\/biotronik\/left-ventricular-pacing-biotronik\/"]}]},{"@type":"ImageObject","inLanguage":"fr-FR","@id":"https:\/\/cardiocases.com\/pacing-defibrillation\/devices-per-company\/biotronik\/left-ventricular-pacing-biotronik\/#primaryimage","url":"http:\/\/cardiocases.com\/wp-content\/uploads\/2025\/11\/specificites_image_1.png","contentUrl":"http:\/\/cardiocases.com\/wp-content\/uploads\/2025\/11\/specificites_image_1.png"},{"@type":"BreadcrumbList","@id":"https:\/\/cardiocases.com\/pacing-defibrillation\/devices-per-company\/biotronik\/left-ventricular-pacing-biotronik\/#breadcrumb","itemListElement":[{"@type":"ListItem","position":1,"name":"Home","item":"https:\/\/cardiocases.com\/"},{"@type":"ListItem","position":2,"name":"Pacing &amp; Defibrillation","item":"https:\/\/cardiocases.com\/pacing-defibrillation\/"},{"@type":"ListItem","position":3,"name":"Devices per company","item":"https:\/\/cardiocases.com\/pacing-defibrillation\/devices-per-company\/"},{"@type":"ListItem","position":4,"name":"Biotronik","item":"https:\/\/cardiocases.com\/pacing-defibrillation\/devices-per-company\/biotronik\/"},{"@type":"ListItem","position":5,"name":"Left ventricular pacing"}]},{"@type":"WebSite","@id":"https:\/\/cardiocases.com\/#website","url":"https:\/\/cardiocases.com\/","name":"Cardiocases","description":"Real cardiac device traces, pacemaker &amp; ICD learning \u2014 built by electrophysiologists","publisher":{"@id":"https:\/\/cardiocases.com\/#organization"},"potentialAction":[{"@type":"SearchAction","target":{"@type":"EntryPoint","urlTemplate":"https:\/\/cardiocases.com\/?s={search_term_string}"},"query-input":{"@type":"PropertyValueSpecification","valueRequired":true,"valueName":"search_term_string"}}],"inLanguage":"fr-FR"},{"@type":"Organization","@id":"https:\/\/cardiocases.com\/#organization","name":"Cardiocases","url":"https:\/\/cardiocases.com\/","logo":{"@type":"ImageObject","inLanguage":"fr-FR","@id":"https:\/\/cardiocases.com\/#\/schema\/logo\/image\/","url":"https:\/\/cardiocases.com\/wp-content\/uploads\/2025\/07\/cardiocases_logo.png","contentUrl":"https:\/\/cardiocases.com\/wp-content\/uploads\/2025\/07\/cardiocases_logo.png","width":1755,"height":499,"caption":"Cardiocases"},"image":{"@id":"https:\/\/cardiocases.com\/#\/schema\/logo\/image\/"},"sameAs":["https:\/\/www.linkedin.com\/company\/cardiocases\/"]}]}},"_links":{"self":[{"href":"https:\/\/cardiocases.com\/fr\/wp-json\/wp\/v2\/pages\/3529","targetHints":{"allow":["GET"]}}],"collection":[{"href":"https:\/\/cardiocases.com\/fr\/wp-json\/wp\/v2\/pages"}],"about":[{"href":"https:\/\/cardiocases.com\/fr\/wp-json\/wp\/v2\/types\/page"}],"author":[{"embeddable":true,"href":"https:\/\/cardiocases.com\/fr\/wp-json\/wp\/v2\/users\/1"}],"replies":[{"embeddable":true,"href":"https:\/\/cardiocases.com\/fr\/wp-json\/wp\/v2\/comments?post=3529"}],"version-history":[{"count":0,"href":"https:\/\/cardiocases.com\/fr\/wp-json\/wp\/v2\/pages\/3529\/revisions"}],"up":[{"embeddable":true,"href":"https:\/\/cardiocases.com\/fr\/wp-json\/wp\/v2\/pages\/55"}],"wp:attachment":[{"href":"https:\/\/cardiocases.com\/fr\/wp-json\/wp\/v2\/media?parent=3529"}],"curies":[{"name":"wp","href":"https:\/\/api.w.org\/{rel}","templated":true}]}}