{"id":3194,"date":"2025-10-07T12:33:43","date_gmt":"2025-10-07T12:33:43","guid":{"rendered":"https:\/\/cardiocases.com\/?page_id=3194"},"modified":"2025-10-07T12:45:03","modified_gmt":"2025-10-07T12:45:03","slug":"double-counting-the-r-wave","status":"publish","type":"page","link":"https:\/\/cardiocases.com\/fr\/pacing-defibrillation\/basic-concepts\/icd\/double-counting-the-r-wave\/","title":{"rendered":"Double comptage de l'onde R"},"content":{"rendered":"<div data-elementor-type=\"wp-page\" data-elementor-id=\"3194\" class=\"elementor elementor-3194\" data-elementor-post-type=\"page\">\n\t\t\t\t<div class=\"elementor-element elementor-element-31abaa3 e-con-full e-flex e-con e-parent\" data-id=\"31abaa3\" data-element_type=\"container\" data-settings=\"{&quot;background_background&quot;:&quot;classic&quot;}\">\n\t\t\t\t<div class=\"elementor-element elementor-element-d3c7006 elementor-widget elementor-widget-heading\" data-id=\"d3c7006\" data-element_type=\"widget\" data-widget_type=\"heading.default\">\n\t\t\t\t\t<h2 class=\"elementor-heading-title elementor-size-default\">Double comptage de l'onde R<\/h2>\t\t\t\t<\/div>\n\t\t\t\t<div class=\"elementor-element elementor-element-045addc elementor-widget elementor-widget-text-editor\" data-id=\"045addc\" data-element_type=\"widget\" data-widget_type=\"text-editor.default\">\n\t\t\t\t\t\t\t\t\t<p>Le double comptage de l'onde R est exceptionnel sur les d\u00e9fibrillateurs de derni\u00e8re g\u00e9n\u00e9ration. Chez quelques rares patients avec trouble majeur de la conduction intra-ventriculaire et QRS large, l'EGM ventriculaire peut exc\u00e9der la dur\u00e9e du blanking ventriculaire (p\u00e9riode r\u00e9fractaire post-d\u00e9tection ventriculaire) et un m\u00eame signal peut \u00eatre d\u00e9tect\u00e9 2 fois. Certaines drogues (bloqueurs des canaux sodiques particuli\u00e8rement pour des fr\u00e9quences cardiaques \u00e9lev\u00e9es) ou certains troubles m\u00e9taboliques (hyperkali\u00e9mie) peuvent favoriser cette surd\u00e9tection en allongeant la dur\u00e9e du QRS. Le double comptage de l'onde R peut \u00e9galement survenir chez un patient avec un d\u00e9fibrillateur double chambre, espace PR allong\u00e9 et perte de capture ventriculaire droite. Le d\u00e9fibrillateur compte \u00e0 la fois l'\u00e9v\u00e8nement ventriculaire stimul\u00e9 et le ventricule spontan\u00e9 conduit depuis l'oreillette. De m\u00eame chez un patient avec d\u00e9fibrillateur triple chambre et perte de capture ventriculaire droite, le dispositif peut compter \u00e0 la fois l'\u00e9v\u00e8nement ventriculaire stimul\u00e9 et la d\u00e9polarisation ventriculaire droite provenant de la capture ventriculaire gauche.<\/p><p>L'aspect de l'EGM lors d'un double comptage de l'onde R est relativement caract\u00e9ristique avec une alternance entre 2 dur\u00e9es de cycle ventriculaire. Cette alternance est associ\u00e9e avec un aspect en rail sur le graphe (2 lignes distinctes correspondant aux 2 cycles R1R2 et R2R1). Le second signal (R2) est g\u00e9n\u00e9ralement d\u00e9tect\u00e9 en fin de la p\u00e9riode de blanking (l'intervalle R1R2 est exactement \u00e9gal au blanking programm\u00e9 ou dans une limite de + 20 ms) et correspond toujours \u00e0 la zone de FV. La classification du second cycle (R2R1) d\u00e9pend de la programmation des zones de tachycardie et de la fr\u00e9quence cardiaque (probabilit\u00e9 plus \u00e9lev\u00e9e d'\u00eatre en zone de tachycardie si la fr\u00e9quence est \u00e9lev\u00e9e et si les zones de tachycardie sont programm\u00e9es basses). Le double comptage peut survenir sur un rythme sinusal, sur une extrasystole ventriculaire ou uniquement sur une TV lente (souvent QRS large; risque d'une classification erron\u00e9e en zone de FV et th\u00e9rapies inutilement agressives).<\/p><p>L'allongement du blanking ventriculaire, quand ce param\u00e8tre est programmable, permet g\u00e9n\u00e9ralement de supprimer ce probl\u00e8me de surd\u00e9tection et doit \u00eatre propos\u00e9 en premi\u00e8re intention tout en gardant \u00e0 l'esprit qu'un allongement excessif peut conduire \u00e0 un risque accru de sous-d\u00e9tection d'une v\u00e9ritable FV.\u00a0<\/p><p>Une diminution de la sensibilit\u00e9 ventriculaire peut parfois permettre de r\u00e9gler le probl\u00e8me mais cette option peut \u00e9galement g\u00e9n\u00e9rer un risque de sous-d\u00e9tection de FV. De plus, cette option est souvent inefficace car le second signal ventriculaire peut \u00eatre d'amplitude au moins \u00e9gal au premier. R\u00e9gler une zone de FV tr\u00e8s \u00e9lev\u00e9e pour \u00e9viter les th\u00e9rapies inappropri\u00e9es dans ce cadre ne parait pas non plus adapt\u00e9. Dans les rares cas o\u00f9 la p\u00e9riode de blanking ne peut pas \u00eatre allong\u00e9 suffisamment, l'implantation d'une nouvelle sonde de stimulation\/d\u00e9fibrillation peut \u00eatre propos\u00e9e.<\/p><p>Chez les patients pr\u00e9sentant un QRS tr\u00e8s \u00e9largi, il est indispensable durant l'implantation d'analyser attentivement l'aspect et la largeur de la d\u00e9polarisation ventriculaire intra-cavitaire et de v\u00e9rifier l'absence de tout double comptage ventriculaire. Il est probablement \u00e9galement plus ad\u00e9quat d'implanter dans ce cadre un d\u00e9fibrillateur avec un blanking ventriculaire programmable connect\u00e9 avec une sonde bipolaire d\u00e9di\u00e9e (plut\u00f4t qu'une sonde bipolaire int\u00e9gr\u00e9e qui favorise le double comptage).<\/p>\t\t\t\t\t\t\t\t<\/div>\n\t\t\t\t<\/div>\n\t\t\t\t<\/div>","protected":false},"excerpt":{"rendered":"<p>Double counting the R-wave Double counting of the R wave is rare in the latest generation of defibrillators. In a few rare patients with major intraventricular conduction disorders and wide QRS complexes, the ventricular EGM may exceed the ventricular blanking period (post-detection refractory period) and the same signal may be detected twice. Certain drugs (sodium [&hellip;]<\/p>","protected":false},"author":1,"featured_media":0,"parent":19,"menu_order":0,"comment_status":"closed","ping_status":"closed","template":"","meta":{"_acf_changed":false,"footnotes":""},"class_list":["post-3194","page","type-page","status-publish","hentry"],"acf":[],"yoast_head":"<!-- This site is optimized with the Yoast SEO plugin v26.8 - https:\/\/yoast.com\/product\/yoast-seo-wordpress\/ -->\n<title>ICD R-Wave Double Counting | ECG | Cardiocases<\/title>\n<meta name=\"description\" content=\"ICD R-wave double counting \u2014 causes, ECG recognition, sensing adjustment &amp; real device tracings. Clinical guide.\" \/>\n<meta name=\"robots\" content=\"index, follow, max-snippet:-1, max-image-preview:large, max-video-preview:-1\" \/>\n<link rel=\"canonical\" href=\"https:\/\/cardiocases.com\/fr\/pacing-defibrillation\/basic-concepts\/icd\/double-counting-the-r-wave\/\" \/>\n<meta property=\"og:locale\" content=\"fr_FR\" \/>\n<meta property=\"og:type\" content=\"article\" \/>\n<meta property=\"og:title\" content=\"ICD R-Wave Double Counting | ECG | Cardiocases\" \/>\n<meta property=\"og:description\" content=\"ICD R-wave double counting \u2014 causes, ECG recognition, sensing adjustment &amp; real device tracings. Clinical guide.\" \/>\n<meta property=\"og:url\" content=\"https:\/\/cardiocases.com\/fr\/pacing-defibrillation\/basic-concepts\/icd\/double-counting-the-r-wave\/\" \/>\n<meta property=\"og:site_name\" content=\"Cardiocases\" \/>\n<meta property=\"article:modified_time\" content=\"2025-10-07T12:45:03+00:00\" \/>\n<meta name=\"twitter:card\" content=\"summary_large_image\" \/>\n<meta name=\"twitter:label1\" content=\"Dur\u00e9e de lecture estim\u00e9e\" \/>\n\t<meta name=\"twitter:data1\" content=\"2 minutes\" \/>\n<script type=\"application\/ld+json\" class=\"yoast-schema-graph\">{\"@context\":\"https:\/\/schema.org\",\"@graph\":[{\"@type\":\"WebPage\",\"@id\":\"https:\/\/cardiocases.com\/pacing-defibrillation\/basic-concepts\/icd\/double-counting-the-r-wave\/\",\"url\":\"https:\/\/cardiocases.com\/pacing-defibrillation\/basic-concepts\/icd\/double-counting-the-r-wave\/\",\"name\":\"ICD R-Wave Double Counting | ECG | Cardiocases\",\"isPartOf\":{\"@id\":\"https:\/\/cardiocases.com\/#website\"},\"datePublished\":\"2025-10-07T12:33:43+00:00\",\"dateModified\":\"2025-10-07T12:45:03+00:00\",\"description\":\"ICD R-wave double counting \u2014 causes, ECG recognition, sensing adjustment & real device tracings. Clinical guide.\",\"breadcrumb\":{\"@id\":\"https:\/\/cardiocases.com\/pacing-defibrillation\/basic-concepts\/icd\/double-counting-the-r-wave\/#breadcrumb\"},\"inLanguage\":\"fr-FR\",\"potentialAction\":[{\"@type\":\"ReadAction\",\"target\":[\"https:\/\/cardiocases.com\/pacing-defibrillation\/basic-concepts\/icd\/double-counting-the-r-wave\/\"]}]},{\"@type\":\"BreadcrumbList\",\"@id\":\"https:\/\/cardiocases.com\/pacing-defibrillation\/basic-concepts\/icd\/double-counting-the-r-wave\/#breadcrumb\",\"itemListElement\":[{\"@type\":\"ListItem\",\"position\":1,\"name\":\"Home\",\"item\":\"https:\/\/cardiocases.com\/\"},{\"@type\":\"ListItem\",\"position\":2,\"name\":\"Pacing &amp; Defibrillation\",\"item\":\"https:\/\/cardiocases.com\/pacing-defibrillation\/\"},{\"@type\":\"ListItem\",\"position\":3,\"name\":\"Basic concepts\",\"item\":\"https:\/\/cardiocases.com\/pacing-defibrillation\/basic-concepts\/\"},{\"@type\":\"ListItem\",\"position\":4,\"name\":\"ICD\",\"item\":\"https:\/\/cardiocases.com\/pacing-defibrillation\/basic-concepts\/icd\/\"},{\"@type\":\"ListItem\",\"position\":5,\"name\":\"Double counting the R-wave\"}]},{\"@type\":\"WebSite\",\"@id\":\"https:\/\/cardiocases.com\/#website\",\"url\":\"https:\/\/cardiocases.com\/\",\"name\":\"Cardiocases\",\"description\":\"Real cardiac device traces, pacemaker &amp; ICD learning \u2014 built by electrophysiologists\",\"publisher\":{\"@id\":\"https:\/\/cardiocases.com\/#organization\"},\"potentialAction\":[{\"@type\":\"SearchAction\",\"target\":{\"@type\":\"EntryPoint\",\"urlTemplate\":\"https:\/\/cardiocases.com\/?s={search_term_string}\"},\"query-input\":{\"@type\":\"PropertyValueSpecification\",\"valueRequired\":true,\"valueName\":\"search_term_string\"}}],\"inLanguage\":\"fr-FR\"},{\"@type\":\"Organization\",\"@id\":\"https:\/\/cardiocases.com\/#organization\",\"name\":\"Cardiocases\",\"url\":\"https:\/\/cardiocases.com\/\",\"logo\":{\"@type\":\"ImageObject\",\"inLanguage\":\"fr-FR\",\"@id\":\"https:\/\/cardiocases.com\/#\/schema\/logo\/image\/\",\"url\":\"https:\/\/cardiocases.com\/wp-content\/uploads\/2025\/07\/cardiocases_logo.png\",\"contentUrl\":\"https:\/\/cardiocases.com\/wp-content\/uploads\/2025\/07\/cardiocases_logo.png\",\"width\":1755,\"height\":499,\"caption\":\"Cardiocases\"},\"image\":{\"@id\":\"https:\/\/cardiocases.com\/#\/schema\/logo\/image\/\"},\"sameAs\":[\"https:\/\/www.linkedin.com\/company\/cardiocases\/\"]}]}<\/script>\n<!-- \/ Yoast SEO plugin. -->","yoast_head_json":{"title":"ICD R-Wave Double Counting | ECG | Cardiocases","description":"ICD R-wave double counting \u2014 causes, ECG recognition, sensing adjustment & real device tracings. Clinical guide.","robots":{"index":"index","follow":"follow","max-snippet":"max-snippet:-1","max-image-preview":"max-image-preview:large","max-video-preview":"max-video-preview:-1"},"canonical":"https:\/\/cardiocases.com\/fr\/pacing-defibrillation\/basic-concepts\/icd\/double-counting-the-r-wave\/","og_locale":"fr_FR","og_type":"article","og_title":"ICD R-Wave Double Counting | ECG | Cardiocases","og_description":"ICD R-wave double counting \u2014 causes, ECG recognition, sensing adjustment & real device tracings. Clinical guide.","og_url":"https:\/\/cardiocases.com\/fr\/pacing-defibrillation\/basic-concepts\/icd\/double-counting-the-r-wave\/","og_site_name":"Cardiocases","article_modified_time":"2025-10-07T12:45:03+00:00","twitter_card":"summary_large_image","twitter_misc":{"Dur\u00e9e de lecture estim\u00e9e":"2 minutes"},"schema":{"@context":"https:\/\/schema.org","@graph":[{"@type":"WebPage","@id":"https:\/\/cardiocases.com\/pacing-defibrillation\/basic-concepts\/icd\/double-counting-the-r-wave\/","url":"https:\/\/cardiocases.com\/pacing-defibrillation\/basic-concepts\/icd\/double-counting-the-r-wave\/","name":"ICD R-Wave Double Counting | ECG | Cardiocases","isPartOf":{"@id":"https:\/\/cardiocases.com\/#website"},"datePublished":"2025-10-07T12:33:43+00:00","dateModified":"2025-10-07T12:45:03+00:00","description":"ICD R-wave double counting \u2014 causes, ECG recognition, sensing adjustment & real device tracings. Clinical guide.","breadcrumb":{"@id":"https:\/\/cardiocases.com\/pacing-defibrillation\/basic-concepts\/icd\/double-counting-the-r-wave\/#breadcrumb"},"inLanguage":"fr-FR","potentialAction":[{"@type":"ReadAction","target":["https:\/\/cardiocases.com\/pacing-defibrillation\/basic-concepts\/icd\/double-counting-the-r-wave\/"]}]},{"@type":"BreadcrumbList","@id":"https:\/\/cardiocases.com\/pacing-defibrillation\/basic-concepts\/icd\/double-counting-the-r-wave\/#breadcrumb","itemListElement":[{"@type":"ListItem","position":1,"name":"Home","item":"https:\/\/cardiocases.com\/"},{"@type":"ListItem","position":2,"name":"Pacing &amp; Defibrillation","item":"https:\/\/cardiocases.com\/pacing-defibrillation\/"},{"@type":"ListItem","position":3,"name":"Basic concepts","item":"https:\/\/cardiocases.com\/pacing-defibrillation\/basic-concepts\/"},{"@type":"ListItem","position":4,"name":"ICD","item":"https:\/\/cardiocases.com\/pacing-defibrillation\/basic-concepts\/icd\/"},{"@type":"ListItem","position":5,"name":"Double counting the R-wave"}]},{"@type":"WebSite","@id":"https:\/\/cardiocases.com\/#website","url":"https:\/\/cardiocases.com\/","name":"Cardiocases","description":"Real cardiac device traces, pacemaker &amp; ICD learning \u2014 built by electrophysiologists","publisher":{"@id":"https:\/\/cardiocases.com\/#organization"},"potentialAction":[{"@type":"SearchAction","target":{"@type":"EntryPoint","urlTemplate":"https:\/\/cardiocases.com\/?s={search_term_string}"},"query-input":{"@type":"PropertyValueSpecification","valueRequired":true,"valueName":"search_term_string"}}],"inLanguage":"fr-FR"},{"@type":"Organization","@id":"https:\/\/cardiocases.com\/#organization","name":"Cardiocases","url":"https:\/\/cardiocases.com\/","logo":{"@type":"ImageObject","inLanguage":"fr-FR","@id":"https:\/\/cardiocases.com\/#\/schema\/logo\/image\/","url":"https:\/\/cardiocases.com\/wp-content\/uploads\/2025\/07\/cardiocases_logo.png","contentUrl":"https:\/\/cardiocases.com\/wp-content\/uploads\/2025\/07\/cardiocases_logo.png","width":1755,"height":499,"caption":"Cardiocases"},"image":{"@id":"https:\/\/cardiocases.com\/#\/schema\/logo\/image\/"},"sameAs":["https:\/\/www.linkedin.com\/company\/cardiocases\/"]}]}},"_links":{"self":[{"href":"https:\/\/cardiocases.com\/fr\/wp-json\/wp\/v2\/pages\/3194","targetHints":{"allow":["GET"]}}],"collection":[{"href":"https:\/\/cardiocases.com\/fr\/wp-json\/wp\/v2\/pages"}],"about":[{"href":"https:\/\/cardiocases.com\/fr\/wp-json\/wp\/v2\/types\/page"}],"author":[{"embeddable":true,"href":"https:\/\/cardiocases.com\/fr\/wp-json\/wp\/v2\/users\/1"}],"replies":[{"embeddable":true,"href":"https:\/\/cardiocases.com\/fr\/wp-json\/wp\/v2\/comments?post=3194"}],"version-history":[{"count":0,"href":"https:\/\/cardiocases.com\/fr\/wp-json\/wp\/v2\/pages\/3194\/revisions"}],"up":[{"embeddable":true,"href":"https:\/\/cardiocases.com\/fr\/wp-json\/wp\/v2\/pages\/19"}],"wp:attachment":[{"href":"https:\/\/cardiocases.com\/fr\/wp-json\/wp\/v2\/media?parent=3194"}],"curies":[{"name":"wp","href":"https:\/\/api.w.org\/{rel}","templated":true}]}}