{"id":252,"date":"2025-07-10T07:57:36","date_gmt":"2025-07-10T07:57:36","guid":{"rendered":"https:\/\/cardiocases.com\/?page_id=252"},"modified":"2026-01-11T10:26:41","modified_gmt":"2026-01-11T10:26:41","slug":"algorithms-favoring-av-conduction","status":"publish","type":"page","link":"https:\/\/cardiocases.com\/fr\/pacing-defibrillation\/basic-concepts\/pacemaker\/algorithms-favoring-av-conduction\/","title":{"rendered":"Modes sp\u00e9cifiques de stimulation"},"content":{"rendered":"<div data-elementor-type=\"wp-page\" data-elementor-id=\"252\" class=\"elementor elementor-252\" data-elementor-post-type=\"page\">\n\t\t\t\t<div class=\"elementor-element elementor-element-44e23e7 e-con-full e-flex e-con e-parent\" data-id=\"44e23e7\" data-element_type=\"container\" data-settings=\"{&quot;background_background&quot;:&quot;classic&quot;}\">\n\t\t\t\t<div class=\"elementor-element elementor-element-26b203b elementor-widget elementor-widget-heading\" data-id=\"26b203b\" data-element_type=\"widget\" data-widget_type=\"heading.default\">\n\t\t\t\t\t<h2 class=\"elementor-heading-title elementor-size-default\">Modes sp\u00e9cifiques de stimulation<\/h2>\t\t\t\t<\/div>\n\t\t\t\t<\/div>\n\t\t<div class=\"elementor-element elementor-element-22f48ef e-con-full e-flex e-con e-parent\" data-id=\"22f48ef\" data-element_type=\"container\" data-settings=\"{&quot;background_background&quot;:&quot;classic&quot;}\">\n\t\t\t\t<div class=\"elementor-element elementor-element-7bfc784 elementor-widget elementor-widget-text-editor\" data-id=\"7bfc784\" data-element_type=\"widget\" data-widget_type=\"text-editor.default\">\n\t\t\t\t\t\t\t\t\t<p>Il existe une litt\u00e9rature riche permettant de d\u00e9montrer l\u2019effet d\u00e9l\u00e9t\u00e8re d\u2019une stimulation ventriculaire droite prolong\u00e9e. De m\u00eame, toute r\u00e9duction de stimulation ventriculaire inutile permet d\u2019\u00e9conomiser les batteries et d\u2019optimiser la dur\u00e9e de vie du stimulateur. Diff\u00e9rents modes ont \u00e9t\u00e9 propos\u00e9s par les constructeurs pour r\u00e9duire le pourcentage de stimulation ventriculaire sans compromettre la s\u00e9curit\u00e9 du patient lors de la survenue d\u2019un trouble de conduction auriculo-ventriculaire. L\u2019indication privil\u00e9gi\u00e9e de ce type de mode est donc l\u2019existence d\u2019une dysfonction sinusale avec conduction auriculo-ventriculaire pr\u00e9serv\u00e9e ou alt\u00e9r\u00e9e de fa\u00e7on paroxystique. Nous verrons dans ce chapitre les sp\u00e9cificit\u00e9s de fonctionnement propres \u00e0 chaque constructeur.<\/p><p>Chaque fabricant a des caract\u00e9ristiques de fonctionnement sp\u00e9cifiques pour favoriser la conduction AV. Vous trouverez de plus amples informations sur la page de chaque fabricant :<\/p><ul><li><a href=\"\/fr\/pacing-modes-abbott\/\">Abbott<\/a><\/li><li><a href=\"\/fr\/pacing-modes-biotronik\/\">Biotronik<\/a><\/li><li><a href=\"\/fr\/pacing-modes-boston-scientific\/\">Boston Scientific<\/a><\/li><li><a href=\"\/fr\/mvp-medtronic\/\">Medtronic<\/a><\/li><li><a href=\"\/fr\/pacing-modes-microport\/\">Microport<\/a><\/li><\/ul>\t\t\t\t\t\t\t\t<\/div>\n\t\t\t\t<\/div>\n\t\t\t\t<\/div>","protected":false},"excerpt":{"rendered":"<p>Algorithms favoring AV conduction Extensive literature demonstrates the deleterious effect of prolonged right ventricular pacing. Similarly, any unnecessary reduction in ventricular pacing saves batteries and optimizes pacemaker life. Manufacturers have proposed various ways of reducing the percentage of ventricular pacing without compromising patient safety in the event of an atrioventricular conduction disorder. The preferred indication [&hellip;]<\/p>","protected":false},"author":1,"featured_media":0,"parent":21,"menu_order":0,"comment_status":"closed","ping_status":"closed","template":"","meta":{"_acf_changed":false,"footnotes":""},"class_list":["post-252","page","type-page","status-publish","hentry"],"acf":[],"yoast_head":"<!-- This site is optimized with the Yoast SEO plugin v26.8 - https:\/\/yoast.com\/product\/yoast-seo-wordpress\/ -->\n<title>Pacemaker Algorithms Favoring AV Conduction | Cardiocases<\/title>\n<meta name=\"description\" content=\"Pacemaker algorithms promoting intrinsic AV conduction \u2014 MVP, SafeR, AV Search+ &amp; ECG tracings.\" \/>\n<meta name=\"robots\" content=\"index, follow, max-snippet:-1, max-image-preview:large, max-video-preview:-1\" \/>\n<link rel=\"canonical\" href=\"https:\/\/cardiocases.com\/fr\/pacing-defibrillation\/basic-concepts\/pacemaker\/algorithms-favoring-av-conduction\/\" \/>\n<meta property=\"og:locale\" content=\"fr_FR\" \/>\n<meta property=\"og:type\" content=\"article\" \/>\n<meta property=\"og:title\" content=\"Pacemaker Algorithms Favoring AV Conduction | Cardiocases\" \/>\n<meta property=\"og:description\" content=\"Pacemaker algorithms promoting intrinsic AV conduction \u2014 MVP, SafeR, AV Search+ &amp; ECG tracings.\" \/>\n<meta property=\"og:url\" content=\"https:\/\/cardiocases.com\/fr\/pacing-defibrillation\/basic-concepts\/pacemaker\/algorithms-favoring-av-conduction\/\" \/>\n<meta property=\"og:site_name\" content=\"Cardiocases\" \/>\n<meta property=\"article:modified_time\" content=\"2026-01-11T10:26:41+00:00\" \/>\n<meta name=\"twitter:card\" content=\"summary_large_image\" \/>\n<script type=\"application\/ld+json\" class=\"yoast-schema-graph\">{\"@context\":\"https:\/\/schema.org\",\"@graph\":[{\"@type\":\"WebPage\",\"@id\":\"https:\/\/cardiocases.com\/pacing-defibrillation\/basic-concepts\/pacemaker\/algorithms-favoring-av-conduction\/\",\"url\":\"https:\/\/cardiocases.com\/pacing-defibrillation\/basic-concepts\/pacemaker\/algorithms-favoring-av-conduction\/\",\"name\":\"Pacemaker Algorithms Favoring AV Conduction | Cardiocases\",\"isPartOf\":{\"@id\":\"https:\/\/cardiocases.com\/#website\"},\"datePublished\":\"2025-07-10T07:57:36+00:00\",\"dateModified\":\"2026-01-11T10:26:41+00:00\",\"description\":\"Pacemaker algorithms promoting intrinsic AV conduction \u2014 MVP, SafeR, AV Search+ & ECG tracings.\",\"breadcrumb\":{\"@id\":\"https:\/\/cardiocases.com\/pacing-defibrillation\/basic-concepts\/pacemaker\/algorithms-favoring-av-conduction\/#breadcrumb\"},\"inLanguage\":\"fr-FR\",\"potentialAction\":[{\"@type\":\"ReadAction\",\"target\":[\"https:\/\/cardiocases.com\/pacing-defibrillation\/basic-concepts\/pacemaker\/algorithms-favoring-av-conduction\/\"]}]},{\"@type\":\"BreadcrumbList\",\"@id\":\"https:\/\/cardiocases.com\/pacing-defibrillation\/basic-concepts\/pacemaker\/algorithms-favoring-av-conduction\/#breadcrumb\",\"itemListElement\":[{\"@type\":\"ListItem\",\"position\":1,\"name\":\"Home\",\"item\":\"https:\/\/cardiocases.com\/\"},{\"@type\":\"ListItem\",\"position\":2,\"name\":\"Pacing &amp; Defibrillation\",\"item\":\"https:\/\/cardiocases.com\/pacing-defibrillation\/\"},{\"@type\":\"ListItem\",\"position\":3,\"name\":\"Basic concepts\",\"item\":\"https:\/\/cardiocases.com\/pacing-defibrillation\/basic-concepts\/\"},{\"@type\":\"ListItem\",\"position\":4,\"name\":\"Pacemaker\",\"item\":\"https:\/\/cardiocases.com\/pacing-defibrillation\/basic-concepts\/pacemaker\/\"},{\"@type\":\"ListItem\",\"position\":5,\"name\":\"Algorithms favoring AV conduction\"}]},{\"@type\":\"WebSite\",\"@id\":\"https:\/\/cardiocases.com\/#website\",\"url\":\"https:\/\/cardiocases.com\/\",\"name\":\"Cardiocases\",\"description\":\"Real cardiac device traces, pacemaker &amp; ICD learning \u2014 built by electrophysiologists\",\"publisher\":{\"@id\":\"https:\/\/cardiocases.com\/#organization\"},\"potentialAction\":[{\"@type\":\"SearchAction\",\"target\":{\"@type\":\"EntryPoint\",\"urlTemplate\":\"https:\/\/cardiocases.com\/?s={search_term_string}\"},\"query-input\":{\"@type\":\"PropertyValueSpecification\",\"valueRequired\":true,\"valueName\":\"search_term_string\"}}],\"inLanguage\":\"fr-FR\"},{\"@type\":\"Organization\",\"@id\":\"https:\/\/cardiocases.com\/#organization\",\"name\":\"Cardiocases\",\"url\":\"https:\/\/cardiocases.com\/\",\"logo\":{\"@type\":\"ImageObject\",\"inLanguage\":\"fr-FR\",\"@id\":\"https:\/\/cardiocases.com\/#\/schema\/logo\/image\/\",\"url\":\"https:\/\/cardiocases.com\/wp-content\/uploads\/2025\/07\/cardiocases_logo.png\",\"contentUrl\":\"https:\/\/cardiocases.com\/wp-content\/uploads\/2025\/07\/cardiocases_logo.png\",\"width\":1755,\"height\":499,\"caption\":\"Cardiocases\"},\"image\":{\"@id\":\"https:\/\/cardiocases.com\/#\/schema\/logo\/image\/\"},\"sameAs\":[\"https:\/\/www.linkedin.com\/company\/cardiocases\/\"]}]}<\/script>\n<!-- \/ Yoast SEO plugin. -->","yoast_head_json":{"title":"Pacemaker Algorithms Favoring AV Conduction | Cardiocases","description":"Pacemaker algorithms promoting intrinsic AV conduction \u2014 MVP, SafeR, AV Search+ & ECG tracings.","robots":{"index":"index","follow":"follow","max-snippet":"max-snippet:-1","max-image-preview":"max-image-preview:large","max-video-preview":"max-video-preview:-1"},"canonical":"https:\/\/cardiocases.com\/fr\/pacing-defibrillation\/basic-concepts\/pacemaker\/algorithms-favoring-av-conduction\/","og_locale":"fr_FR","og_type":"article","og_title":"Pacemaker Algorithms Favoring AV Conduction | Cardiocases","og_description":"Pacemaker algorithms promoting intrinsic AV conduction \u2014 MVP, SafeR, AV Search+ & ECG tracings.","og_url":"https:\/\/cardiocases.com\/fr\/pacing-defibrillation\/basic-concepts\/pacemaker\/algorithms-favoring-av-conduction\/","og_site_name":"Cardiocases","article_modified_time":"2026-01-11T10:26:41+00:00","twitter_card":"summary_large_image","schema":{"@context":"https:\/\/schema.org","@graph":[{"@type":"WebPage","@id":"https:\/\/cardiocases.com\/pacing-defibrillation\/basic-concepts\/pacemaker\/algorithms-favoring-av-conduction\/","url":"https:\/\/cardiocases.com\/pacing-defibrillation\/basic-concepts\/pacemaker\/algorithms-favoring-av-conduction\/","name":"Pacemaker Algorithms Favoring AV Conduction | Cardiocases","isPartOf":{"@id":"https:\/\/cardiocases.com\/#website"},"datePublished":"2025-07-10T07:57:36+00:00","dateModified":"2026-01-11T10:26:41+00:00","description":"Pacemaker algorithms promoting intrinsic AV conduction \u2014 MVP, SafeR, AV Search+ & ECG tracings.","breadcrumb":{"@id":"https:\/\/cardiocases.com\/pacing-defibrillation\/basic-concepts\/pacemaker\/algorithms-favoring-av-conduction\/#breadcrumb"},"inLanguage":"fr-FR","potentialAction":[{"@type":"ReadAction","target":["https:\/\/cardiocases.com\/pacing-defibrillation\/basic-concepts\/pacemaker\/algorithms-favoring-av-conduction\/"]}]},{"@type":"BreadcrumbList","@id":"https:\/\/cardiocases.com\/pacing-defibrillation\/basic-concepts\/pacemaker\/algorithms-favoring-av-conduction\/#breadcrumb","itemListElement":[{"@type":"ListItem","position":1,"name":"Home","item":"https:\/\/cardiocases.com\/"},{"@type":"ListItem","position":2,"name":"Pacing &amp; Defibrillation","item":"https:\/\/cardiocases.com\/pacing-defibrillation\/"},{"@type":"ListItem","position":3,"name":"Basic concepts","item":"https:\/\/cardiocases.com\/pacing-defibrillation\/basic-concepts\/"},{"@type":"ListItem","position":4,"name":"Pacemaker","item":"https:\/\/cardiocases.com\/pacing-defibrillation\/basic-concepts\/pacemaker\/"},{"@type":"ListItem","position":5,"name":"Algorithms favoring AV conduction"}]},{"@type":"WebSite","@id":"https:\/\/cardiocases.com\/#website","url":"https:\/\/cardiocases.com\/","name":"Cardiocases","description":"Real cardiac device traces, pacemaker &amp; ICD learning \u2014 built by electrophysiologists","publisher":{"@id":"https:\/\/cardiocases.com\/#organization"},"potentialAction":[{"@type":"SearchAction","target":{"@type":"EntryPoint","urlTemplate":"https:\/\/cardiocases.com\/?s={search_term_string}"},"query-input":{"@type":"PropertyValueSpecification","valueRequired":true,"valueName":"search_term_string"}}],"inLanguage":"fr-FR"},{"@type":"Organization","@id":"https:\/\/cardiocases.com\/#organization","name":"Cardiocases","url":"https:\/\/cardiocases.com\/","logo":{"@type":"ImageObject","inLanguage":"fr-FR","@id":"https:\/\/cardiocases.com\/#\/schema\/logo\/image\/","url":"https:\/\/cardiocases.com\/wp-content\/uploads\/2025\/07\/cardiocases_logo.png","contentUrl":"https:\/\/cardiocases.com\/wp-content\/uploads\/2025\/07\/cardiocases_logo.png","width":1755,"height":499,"caption":"Cardiocases"},"image":{"@id":"https:\/\/cardiocases.com\/#\/schema\/logo\/image\/"},"sameAs":["https:\/\/www.linkedin.com\/company\/cardiocases\/"]}]}},"_links":{"self":[{"href":"https:\/\/cardiocases.com\/fr\/wp-json\/wp\/v2\/pages\/252","targetHints":{"allow":["GET"]}}],"collection":[{"href":"https:\/\/cardiocases.com\/fr\/wp-json\/wp\/v2\/pages"}],"about":[{"href":"https:\/\/cardiocases.com\/fr\/wp-json\/wp\/v2\/types\/page"}],"author":[{"embeddable":true,"href":"https:\/\/cardiocases.com\/fr\/wp-json\/wp\/v2\/users\/1"}],"replies":[{"embeddable":true,"href":"https:\/\/cardiocases.com\/fr\/wp-json\/wp\/v2\/comments?post=252"}],"version-history":[{"count":0,"href":"https:\/\/cardiocases.com\/fr\/wp-json\/wp\/v2\/pages\/252\/revisions"}],"up":[{"embeddable":true,"href":"https:\/\/cardiocases.com\/fr\/wp-json\/wp\/v2\/pages\/21"}],"wp:attachment":[{"href":"https:\/\/cardiocases.com\/fr\/wp-json\/wp\/v2\/media?parent=252"}],"curies":[{"name":"wp","href":"https:\/\/api.w.org\/{rel}","templated":true}]}}