{"id":141,"date":"2025-07-09T09:43:37","date_gmt":"2025-07-09T09:43:37","guid":{"rendered":"https:\/\/cardiocases.com\/?page_id=141"},"modified":"2025-10-07T13:28:18","modified_gmt":"2025-10-07T13:28:18","slug":"spontaneous-t-wave-oversensing","status":"publish","type":"page","link":"https:\/\/cardiocases.com\/fr\/pacing-defibrillation\/basic-concepts\/icd\/spontaneous-t-wave-oversensing\/","title":{"rendered":"Double comptage de l'onde R"},"content":{"rendered":"<div data-elementor-type=\"wp-page\" data-elementor-id=\"141\" class=\"elementor elementor-141\" data-elementor-post-type=\"page\">\n\t\t\t\t<div class=\"elementor-element elementor-element-90e686c e-con-full e-flex e-con e-parent\" data-id=\"90e686c\" data-element_type=\"container\" data-settings=\"{&quot;background_background&quot;:&quot;classic&quot;}\">\n\t\t\t\t<div class=\"elementor-element elementor-element-8b2b516 elementor-widget elementor-widget-heading\" data-id=\"8b2b516\" data-element_type=\"widget\" data-widget_type=\"heading.default\">\n\t\t\t\t\t<h2 class=\"elementor-heading-title elementor-size-default\">Double comptage de l'onde R<\/h2>\t\t\t\t<\/div>\n\t\t\t\t<\/div>\n\t\t<div class=\"elementor-element elementor-element-7d4c6b9 e-con-full e-flex e-con e-parent\" data-id=\"7d4c6b9\" data-element_type=\"container\" data-settings=\"{&quot;background_background&quot;:&quot;classic&quot;}\">\n\t\t\t\t<div class=\"elementor-element elementor-element-6a50325 elementor-widget elementor-widget-text-editor\" data-id=\"6a50325\" data-element_type=\"widget\" data-widget_type=\"text-editor.default\">\n\t\t\t\t\t\t\t\t\t<p>La surd\u00e9tection de l'onde T reste un probl\u00e8me important dans les syst\u00e8mes de DAI modernes et a \u00e9t\u00e9 signal\u00e9e chez 8% des patients. Elle peut \u00eatre \u00e0 l'origine d'un choc inappropri\u00e9 en rythme sinusal normal, en particulier pendant l'exercice, lorsque les intervalles RT et TR satisfont au taux de d\u00e9tection de la FV. Le surdosage de l'onde T est g\u00e9n\u00e9ralement divis\u00e9 en surdosage des ondes T stimul\u00e9es, surdosage des ondes T spontan\u00e9es en pr\u00e9sence d'une onde R ad\u00e9quate et surdosage des ondes T spontan\u00e9es en pr\u00e9sence d'une onde R de petite taille.<\/p>\n<p>Les exigences du circuit de d\u00e9tection d'un DAI sont diff\u00e9rentes de celles d'un stimulateur cardiaque, car la n\u00e9cessit\u00e9 de d\u00e9tecter des rythmes rapides exclut la programmation de p\u00e9riodes de suppression ventriculaire longues et fixes, et la n\u00e9cessit\u00e9 de d\u00e9tecter des signaux rapides, polymorphes et de faible amplitude exclut la programmation d'une sensibilit\u00e9 faible et fixe, avec la n\u00e9cessit\u00e9 concomitante d'ignorer les ondes T.<\/p>\n<p>L'\u00e9tape cruciale pour minimiser la surdensit\u00e9 de l'onde T est le choix de la gamme de filtres passe-bande par les fabricants (diff\u00e9rence entre les filtres passe-haut et passe-bas). La vitesse de balayage de l'onde T (signaux lisses) est inf\u00e9rieure \u00e0 celle de l'onde R (signaux aigus), avec une fr\u00e9quence habituelle inf\u00e9rieure \u00e0 5 Hz, mais elle peut changer en cas d'utilisation de m\u00e9dicaments, d'isch\u00e9mie, de tonus sympathique ou d'anomalies m\u00e9taboliques. Dans certaines situations, les filtres et les amplificateurs de d\u00e9tection peuvent ne pas fournir une diff\u00e9rence absolue suffisante entre l'amplitude de l'onde R et l'amplitude de l'onde T. L'amplitude de l'onde T peut \u00eatre mesur\u00e9e \u00e0 l'aide d'une cam\u00e9ra de surveillance. L'amplitude de l'onde T peut d\u00e9passer le seuil d'auto-ajustement, ce qui entra\u00eene une surd\u00e9tection de l'onde T.<\/p>\n<p>La surd\u00e9tection de l'onde T est associ\u00e9e \u00e0 un aspect typique de l'alternance de signaux \u00e0 haute fr\u00e9quence (onde R) et \u00e0 basse fr\u00e9quence (onde T) sur l'\u00e9lectrogramme du champ proche. L'appareil compte l'onde T comme un \u00e9v\u00e9nement ventriculaire suppl\u00e9mentaire doublant la fr\u00e9quence ventriculaire mesur\u00e9e. L'amplitude de l'alternance des intervalles peut \u00e9galement \u00eatre importante \u00e0 faible fr\u00e9quence cardiaque avec un intervalle QT court (RT court et intervalle TR plus long) mais peut \u00eatre plus faible en particulier pendant la tachycardie et\/ou si le QT est prolong\u00e9 (RT et TR presque \u00e9quivalents).&nbsp;<\/p>\n<p>Trois sch\u00e9mas \u00e9lectriques peuvent conduire \u00e0 une surdensit\u00e9 de l'onde T apr\u00e8s des battements spontan\u00e9s :<\/p>\n<ol>\n<li>Onde T retard\u00e9e : elle est susceptible d'\u00eatre observ\u00e9e chez les patients atteints du syndrome du QT long chez qui la repolarisation est retard\u00e9e lorsque la sensibilit\u00e9 ventriculaire est \u00e0 son niveau maximal. De plus, dans ces channelopathies, l'intervalle QT, la morphologie et l'amplitude de l'onde T peuvent \u00eatre modifi\u00e9s de fa\u00e7on dynamique, augmentant les risques de th\u00e9rapies inappropri\u00e9es pendant l'exercice.&nbsp;<\/li>\n<li>Onde T de grande amplitude et tension R ad\u00e9quate : ce ph\u00e9nom\u00e8ne peut \u00eatre observ\u00e9 en cas de cardiomyopathie hypertrophique, de syndrome du QT court entra\u00eenant une onde Q haute, de certaines formes de syndrome du QT long, d'anomalies \u00e9lectrolytiques (hyperkali\u00e9mie, hyperglyc\u00e9mie) et de certaines causes peu courantes mais r\u00e9versibles de modifications de la repolarisation, telles que l'intoxication alcoolique.&nbsp;<\/li>\n<li>Petite onde R : lorsque l'onde R est de faible voltage, la surd\u00e9tection de l'onde T est plus probable car le seuil de d\u00e9tection est automatiquement adapt\u00e9 \u00e0 l'amplitude de l'onde R et diminue avec le temps. Par cons\u00e9quent, le dispositif atteint rapidement des niveaux \u00e9lev\u00e9s de sensibilit\u00e9 au d\u00e9but du cycle cardiaque. La d\u00e9t\u00e9rioration rapide de l'amplitude de l'onde R apr\u00e8s l'implantation peut \u00eatre une manifestation du microdislodage de la sonde. Une faible amplitude de l'onde R peut \u00e9galement \u00eatre observ\u00e9e chez les patients atteints de cardiomyopathie ventriculaire droite arythmog\u00e8ne, du syndrome de Brugada, de sarco\u00efdose cardiaque, de cardiomyopathie dilat\u00e9e impliquant la chambre ventriculaire droite et peut \u00eatre un signe de progression de la maladie.<\/li>\n<\/ol><div><br><\/div>\n<p>Dans une proportion limit\u00e9e de cas, le surdosage de l'onde T peut \u00eatre \u00e9vit\u00e9 en \u00e9liminant les causes r\u00e9versibles. Les ondes T larges et\/ou retard\u00e9es peuvent \u00eatre corrig\u00e9es par reprogrammation (possibilit\u00e9s variables selon les fabricants), alors que les options de reprogrammation sont limit\u00e9es en cas d'onde R de faible voltage et qu'une r\u00e9vision de la sonde est souvent n\u00e9cessaire.<\/p>\n<p>Pour g\u00e9rer de mani\u00e8re non invasive la surd\u00e9tection des ondes T, diff\u00e9rentes options peuvent \u00eatre propos\u00e9es : r\u00e9duire la sensibilit\u00e9 ventriculaire \u00e0 un niveau moins sensible (peut \u00eatre associ\u00e9 \u00e0 une sous-d\u00e9tection de la vraie FV, en particulier si l'onde R est petite), allonger la p\u00e9riode r\u00e9fractaire post-ventriculaire (la plupart du temps inefficace), augmenter le nombre de d\u00e9tections d'intervalles ou programmer le taux de d\u00e9tection des tachycardies au-dessus de deux fois la fr\u00e9quence cardiaque maximale pr\u00e9vue induite par l'exercice (pas d'impact sur l'occurrence de la surd\u00e9tection, mais diminution du risque de th\u00e9rapies inappropri\u00e9es). L'administration de m\u00e9dicaments tels que les b\u00eata-bloquants peut \u00eatre propos\u00e9e pour ralentir la fr\u00e9quence cardiaque.<\/p>\n<p>Certains fabricants (Biotronik et Abbott) proposent d'autres moyens sp\u00e9cifiques pour couvrir le signal de l'onde T : seuil de d\u00e9marrage programmable, d\u00e9lai de d\u00e9croissance de la d\u00e9tection et filtre passe-bande r\u00e9glable pour la d\u00e9tection ventriculaire.<\/p>\n<p>L'alternance de morphologies et\/ou d'intervalles peut \u00eatre exploit\u00e9e pour distinguer la surdensit\u00e9 de l'onde T d'une v\u00e9ritable TV \u00e0 l'aide de discriminateurs de morphologie et\/ou de stabilit\u00e9.<\/p>\n<p>Medtronic a \u00e9galement mis au point un algorithme sp\u00e9cifique qui suspend le traitement en cas de d\u00e9tection excessive d'ondes T. L'objectif n'est pas d'emp\u00eacher la d\u00e9tection excessive d'ondes T, mais de fournir un diagnostic appropri\u00e9 et de pr\u00e9venir les cons\u00e9quences. L'objectif n'est pas d'emp\u00eacher la surd\u00e9tection de l'onde T, mais de fournir le diagnostic appropri\u00e9 et d'en pr\u00e9venir les cons\u00e9quences.<\/p>\n<p>Certaines de ces caract\u00e9ristiques de programmation peuvent compromettre la fiabilit\u00e9 de la d\u00e9tection pendant la FV. Une r\u00e9vision du syst\u00e8me est n\u00e9cessaire si la marge de s\u00e9curit\u00e9 pour la d\u00e9tection de la FV est insuffisante (typiquement une surd\u00e9tection de l'onde T avec une onde R de faible voltage). Les diff\u00e9rences li\u00e9es au fabricant dans la conception de la sonde et le traitement du signal bas\u00e9 sur le dispositif, ainsi que la compatibilit\u00e9 possible entre la sonde et le g\u00e9n\u00e9rateur sp\u00e9cifique au fabricant, peuvent expliquer pourquoi, dans la pratique clinique, le taux de surd\u00e9tection de l'onde T semble \u00eatre diff\u00e9rent d'un fabricant \u00e0 l'autre, sans qu'il y ait eu de tests d\u00e9finitifs dans le cadre d'\u00e9tudes randomis\u00e9es de grande envergure. Dans certaines situations, un changement de fabricant d'appareil peut \u00eatre propos\u00e9 et, dans d'autres cas, le probl\u00e8me est r\u00e9solu.<\/p>\n<p>La surd\u00e9tection de l'onde T peut \u00eatre sp\u00e9cifique au site du VR et si une nouvelle sonde est implant\u00e9e, l'op\u00e9rateur essaiera de relocaliser l'\u00e9lectrode \u00e0 un endroit o\u00f9 l'onde R est de plus grande amplitude et o\u00f9 le rapport R\/T est plus \u00e9lev\u00e9. Dans des situations peu fr\u00e9quentes, aucun des sites VR ne fournit de signaux acceptables (cardiomyopathie ventriculaire droite arythmog\u00e8ne s\u00e9v\u00e8re) et le positionnement chirurgical de la sonde haute tension sur le ventricule gauche a \u00e9t\u00e9 effectu\u00e9.&nbsp;<\/p>\t\t\t\t\t\t\t\t<\/div>\n\t\t\t\t<\/div>\n\t\t\t\t<\/div>","protected":false},"excerpt":{"rendered":"<p>Spontaneous T-wave oversensing T-wave oversensing remains a significant problem in modern ICD systems and has been reported to occur in up to 8% of patients. It may cause inappropriate shock delivery during normal sinus rhythm particularly during exercise when both RT and TR intervals fulfill the VF detection rate. T-wave oversensing is usually divided into [&hellip;]<\/p>","protected":false},"author":1,"featured_media":0,"parent":19,"menu_order":0,"comment_status":"closed","ping_status":"closed","template":"","meta":{"_acf_changed":false,"footnotes":""},"class_list":["post-141","page","type-page","status-publish","hentry"],"acf":[],"yoast_head":"<!-- This site is optimized with the Yoast SEO plugin v26.8 - https:\/\/yoast.com\/product\/yoast-seo-wordpress\/ -->\n<title>ICD Spontaneous T-Wave Oversensing | Cardiocases<\/title>\n<meta name=\"description\" content=\"ICD spontaneous T-wave oversensing \u2014 causes, ECG patterns, sensitivity adjustment &amp; real device tracings.\" \/>\n<meta name=\"robots\" content=\"index, follow, max-snippet:-1, max-image-preview:large, max-video-preview:-1\" \/>\n<link rel=\"canonical\" href=\"https:\/\/cardiocases.com\/fr\/pacing-defibrillation\/basic-concepts\/icd\/spontaneous-t-wave-oversensing\/\" \/>\n<meta property=\"og:locale\" content=\"fr_FR\" \/>\n<meta property=\"og:type\" content=\"article\" \/>\n<meta property=\"og:title\" content=\"ICD Spontaneous T-Wave Oversensing | Cardiocases\" \/>\n<meta property=\"og:description\" content=\"ICD spontaneous T-wave oversensing \u2014 causes, ECG patterns, sensitivity adjustment &amp; real device tracings.\" \/>\n<meta property=\"og:url\" content=\"https:\/\/cardiocases.com\/fr\/pacing-defibrillation\/basic-concepts\/icd\/spontaneous-t-wave-oversensing\/\" \/>\n<meta property=\"og:site_name\" content=\"Cardiocases\" \/>\n<meta property=\"article:modified_time\" content=\"2025-10-07T13:28:18+00:00\" \/>\n<meta name=\"twitter:card\" content=\"summary_large_image\" \/>\n<meta name=\"twitter:label1\" content=\"Dur\u00e9e de lecture estim\u00e9e\" \/>\n\t<meta name=\"twitter:data1\" content=\"5 minutes\" \/>\n<script type=\"application\/ld+json\" class=\"yoast-schema-graph\">{\"@context\":\"https:\/\/schema.org\",\"@graph\":[{\"@type\":\"WebPage\",\"@id\":\"https:\/\/cardiocases.com\/pacing-defibrillation\/basic-concepts\/icd\/spontaneous-t-wave-oversensing\/\",\"url\":\"https:\/\/cardiocases.com\/pacing-defibrillation\/basic-concepts\/icd\/spontaneous-t-wave-oversensing\/\",\"name\":\"ICD Spontaneous T-Wave Oversensing | Cardiocases\",\"isPartOf\":{\"@id\":\"https:\/\/cardiocases.com\/#website\"},\"datePublished\":\"2025-07-09T09:43:37+00:00\",\"dateModified\":\"2025-10-07T13:28:18+00:00\",\"description\":\"ICD spontaneous T-wave oversensing \u2014 causes, ECG patterns, sensitivity adjustment & real device tracings.\",\"breadcrumb\":{\"@id\":\"https:\/\/cardiocases.com\/pacing-defibrillation\/basic-concepts\/icd\/spontaneous-t-wave-oversensing\/#breadcrumb\"},\"inLanguage\":\"fr-FR\",\"potentialAction\":[{\"@type\":\"ReadAction\",\"target\":[\"https:\/\/cardiocases.com\/pacing-defibrillation\/basic-concepts\/icd\/spontaneous-t-wave-oversensing\/\"]}]},{\"@type\":\"BreadcrumbList\",\"@id\":\"https:\/\/cardiocases.com\/pacing-defibrillation\/basic-concepts\/icd\/spontaneous-t-wave-oversensing\/#breadcrumb\",\"itemListElement\":[{\"@type\":\"ListItem\",\"position\":1,\"name\":\"Home\",\"item\":\"https:\/\/cardiocases.com\/\"},{\"@type\":\"ListItem\",\"position\":2,\"name\":\"Pacing &amp; Defibrillation\",\"item\":\"https:\/\/cardiocases.com\/pacing-defibrillation\/\"},{\"@type\":\"ListItem\",\"position\":3,\"name\":\"Basic concepts\",\"item\":\"https:\/\/cardiocases.com\/pacing-defibrillation\/basic-concepts\/\"},{\"@type\":\"ListItem\",\"position\":4,\"name\":\"ICD\",\"item\":\"https:\/\/cardiocases.com\/pacing-defibrillation\/basic-concepts\/icd\/\"},{\"@type\":\"ListItem\",\"position\":5,\"name\":\"Spontaneous T-wave oversensing\"}]},{\"@type\":\"WebSite\",\"@id\":\"https:\/\/cardiocases.com\/#website\",\"url\":\"https:\/\/cardiocases.com\/\",\"name\":\"Cardiocases\",\"description\":\"Real cardiac device traces, pacemaker &amp; ICD learning \u2014 built by electrophysiologists\",\"publisher\":{\"@id\":\"https:\/\/cardiocases.com\/#organization\"},\"potentialAction\":[{\"@type\":\"SearchAction\",\"target\":{\"@type\":\"EntryPoint\",\"urlTemplate\":\"https:\/\/cardiocases.com\/?s={search_term_string}\"},\"query-input\":{\"@type\":\"PropertyValueSpecification\",\"valueRequired\":true,\"valueName\":\"search_term_string\"}}],\"inLanguage\":\"fr-FR\"},{\"@type\":\"Organization\",\"@id\":\"https:\/\/cardiocases.com\/#organization\",\"name\":\"Cardiocases\",\"url\":\"https:\/\/cardiocases.com\/\",\"logo\":{\"@type\":\"ImageObject\",\"inLanguage\":\"fr-FR\",\"@id\":\"https:\/\/cardiocases.com\/#\/schema\/logo\/image\/\",\"url\":\"https:\/\/cardiocases.com\/wp-content\/uploads\/2025\/07\/cardiocases_logo.png\",\"contentUrl\":\"https:\/\/cardiocases.com\/wp-content\/uploads\/2025\/07\/cardiocases_logo.png\",\"width\":1755,\"height\":499,\"caption\":\"Cardiocases\"},\"image\":{\"@id\":\"https:\/\/cardiocases.com\/#\/schema\/logo\/image\/\"},\"sameAs\":[\"https:\/\/www.linkedin.com\/company\/cardiocases\/\"]}]}<\/script>\n<!-- \/ Yoast SEO plugin. -->","yoast_head_json":{"title":"ICD Spontaneous T-Wave Oversensing | Cardiocases","description":"ICD spontaneous T-wave oversensing \u2014 causes, ECG patterns, sensitivity adjustment & real device tracings.","robots":{"index":"index","follow":"follow","max-snippet":"max-snippet:-1","max-image-preview":"max-image-preview:large","max-video-preview":"max-video-preview:-1"},"canonical":"https:\/\/cardiocases.com\/fr\/pacing-defibrillation\/basic-concepts\/icd\/spontaneous-t-wave-oversensing\/","og_locale":"fr_FR","og_type":"article","og_title":"ICD Spontaneous T-Wave Oversensing | Cardiocases","og_description":"ICD spontaneous T-wave oversensing \u2014 causes, ECG patterns, sensitivity adjustment & real device tracings.","og_url":"https:\/\/cardiocases.com\/fr\/pacing-defibrillation\/basic-concepts\/icd\/spontaneous-t-wave-oversensing\/","og_site_name":"Cardiocases","article_modified_time":"2025-10-07T13:28:18+00:00","twitter_card":"summary_large_image","twitter_misc":{"Dur\u00e9e de lecture estim\u00e9e":"5 minutes"},"schema":{"@context":"https:\/\/schema.org","@graph":[{"@type":"WebPage","@id":"https:\/\/cardiocases.com\/pacing-defibrillation\/basic-concepts\/icd\/spontaneous-t-wave-oversensing\/","url":"https:\/\/cardiocases.com\/pacing-defibrillation\/basic-concepts\/icd\/spontaneous-t-wave-oversensing\/","name":"ICD Spontaneous T-Wave Oversensing | Cardiocases","isPartOf":{"@id":"https:\/\/cardiocases.com\/#website"},"datePublished":"2025-07-09T09:43:37+00:00","dateModified":"2025-10-07T13:28:18+00:00","description":"ICD spontaneous T-wave oversensing \u2014 causes, ECG patterns, sensitivity adjustment & real device tracings.","breadcrumb":{"@id":"https:\/\/cardiocases.com\/pacing-defibrillation\/basic-concepts\/icd\/spontaneous-t-wave-oversensing\/#breadcrumb"},"inLanguage":"fr-FR","potentialAction":[{"@type":"ReadAction","target":["https:\/\/cardiocases.com\/pacing-defibrillation\/basic-concepts\/icd\/spontaneous-t-wave-oversensing\/"]}]},{"@type":"BreadcrumbList","@id":"https:\/\/cardiocases.com\/pacing-defibrillation\/basic-concepts\/icd\/spontaneous-t-wave-oversensing\/#breadcrumb","itemListElement":[{"@type":"ListItem","position":1,"name":"Home","item":"https:\/\/cardiocases.com\/"},{"@type":"ListItem","position":2,"name":"Pacing &amp; Defibrillation","item":"https:\/\/cardiocases.com\/pacing-defibrillation\/"},{"@type":"ListItem","position":3,"name":"Basic concepts","item":"https:\/\/cardiocases.com\/pacing-defibrillation\/basic-concepts\/"},{"@type":"ListItem","position":4,"name":"ICD","item":"https:\/\/cardiocases.com\/pacing-defibrillation\/basic-concepts\/icd\/"},{"@type":"ListItem","position":5,"name":"Spontaneous T-wave oversensing"}]},{"@type":"WebSite","@id":"https:\/\/cardiocases.com\/#website","url":"https:\/\/cardiocases.com\/","name":"Cardiocases","description":"Real cardiac device traces, pacemaker &amp; ICD learning \u2014 built by electrophysiologists","publisher":{"@id":"https:\/\/cardiocases.com\/#organization"},"potentialAction":[{"@type":"SearchAction","target":{"@type":"EntryPoint","urlTemplate":"https:\/\/cardiocases.com\/?s={search_term_string}"},"query-input":{"@type":"PropertyValueSpecification","valueRequired":true,"valueName":"search_term_string"}}],"inLanguage":"fr-FR"},{"@type":"Organization","@id":"https:\/\/cardiocases.com\/#organization","name":"Cardiocases","url":"https:\/\/cardiocases.com\/","logo":{"@type":"ImageObject","inLanguage":"fr-FR","@id":"https:\/\/cardiocases.com\/#\/schema\/logo\/image\/","url":"https:\/\/cardiocases.com\/wp-content\/uploads\/2025\/07\/cardiocases_logo.png","contentUrl":"https:\/\/cardiocases.com\/wp-content\/uploads\/2025\/07\/cardiocases_logo.png","width":1755,"height":499,"caption":"Cardiocases"},"image":{"@id":"https:\/\/cardiocases.com\/#\/schema\/logo\/image\/"},"sameAs":["https:\/\/www.linkedin.com\/company\/cardiocases\/"]}]}},"_links":{"self":[{"href":"https:\/\/cardiocases.com\/fr\/wp-json\/wp\/v2\/pages\/141","targetHints":{"allow":["GET"]}}],"collection":[{"href":"https:\/\/cardiocases.com\/fr\/wp-json\/wp\/v2\/pages"}],"about":[{"href":"https:\/\/cardiocases.com\/fr\/wp-json\/wp\/v2\/types\/page"}],"author":[{"embeddable":true,"href":"https:\/\/cardiocases.com\/fr\/wp-json\/wp\/v2\/users\/1"}],"replies":[{"embeddable":true,"href":"https:\/\/cardiocases.com\/fr\/wp-json\/wp\/v2\/comments?post=141"}],"version-history":[{"count":0,"href":"https:\/\/cardiocases.com\/fr\/wp-json\/wp\/v2\/pages\/141\/revisions"}],"up":[{"embeddable":true,"href":"https:\/\/cardiocases.com\/fr\/wp-json\/wp\/v2\/pages\/19"}],"wp:attachment":[{"href":"https:\/\/cardiocases.com\/fr\/wp-json\/wp\/v2\/media?parent=141"}],"curies":[{"name":"wp","href":"https:\/\/api.w.org\/{rel}","templated":true}]}}